{"id":736,"date":"2024-04-09T09:57:56","date_gmt":"2024-04-09T07:57:56","guid":{"rendered":"https:\/\/ragwinn.com\/?post_type=product&#038;p=736"},"modified":"2026-05-09T01:46:31","modified_gmt":"2026-05-08T23:46:31","slug":"magwell-ar15","status":"publish","type":"product","link":"https:\/\/ragwinn.com\/pl\/produit\/magwell-ar15","title":{"rendered":"Lejek magazynka AR15"},"content":{"rendered":"<h1 style=\"text-align: center;\"><strong>Lejek magazynka AR15<\/strong><\/h1>\n<h2 style=\"text-align: center;\"><strong>\u00a0\"\u00a0<u>Zwi\u0119ksz pr\u0119dko\u015b\u0107 prze\u0142adowywania<\/u>\u00a0\"\u00a0<\/strong><\/h2>\n<p>Le magwell AR15 con\u00e7u pour votre AR15 Mil-Spec.<\/p>\n<p>Dzi\u0119ki specjalnie zaprojektowanemu k\u0105towi, magwell AR15 mo\u017cna prze\u0142adowa\u0107 szybko i sprawnie.<br \/>\nDzi\u0119ki du\u017cemu k\u0105towi wsuwania, magazynek jest prowadzony bezpo\u015brednio do komory nabojowej broni.<\/p>\n<h2 style=\"text-align: center;\"><strong>Pourquoi choisir notre magwell AR15 ?<\/strong><\/h2>\n<ul>\n<li><strong>Ulepszona pr\u0119dko\u015b\u0107 prze\u0142adowywania<\/strong>\u00a0Dzi\u0119ki k\u0105towi w\u0142o\u017cenia 250 %, kt\u00f3ry jest szerszy ni\u017c w przypadku magazynk\u00f3w MilSpec, oraz 90-stopniowemu k\u0105towi wej\u015bcia, magazynek ten sprawia, \u017ce prze\u0142adowanie jest szybsze i \u0142atwiejsze,<\/li>\n<li><strong>Zdecydowana oszcz\u0119dno\u015b\u0107 czasu<\/strong> Zachowaj sprawno\u015b\u0107 dzi\u0119ki szybkiemu \u0142adowaniu i wzn\u00f3w strzelanie tak szybko, jak to mo\u017cliwe,<\/li>\n<li><strong>W pe\u0142ni modu\u0142owy\u00a0<\/strong>Aby dopasowa\u0107 si\u0119 do AR15, magwell jest dostarczany z kilkoma p\u0142ytkami. Umo\u017cliwiaj\u0105 one dostosowanie d\u0142ugo\u015bci i wysoko\u015bci gniazda magazynka do otworu magazynka broni*. Instalacja jest szybka i nie wymaga modyfikacji broni.<strong>,<\/strong><\/li>\n<li><strong>Optymalna kompatybilno\u015b\u0107<\/strong>\u00a0Wsp\u00f3\u0142pracuje z \u0142adowarkami PMAG (Gen 1-2-3), STANAG, AMEND2 i innymi,<\/li>\n<li><strong>Dyskrecja<\/strong>\u00a0Zaprojektowany do u\u017cytku operacyjnego, wykonany z ciemnego materia\u0142u poch\u0142aniaj\u0105cego promienie IR, ten magwell gwarantuje wydajno\u015b\u0107 i dyskrecj\u0119 w dzie\u0144 iw nocy, dzi\u0119ki czemu idealnie nadaje si\u0119 do nocnych misji.<\/li>\n<\/ul>\n<p>&nbsp;<\/p>\n<h3 style=\"text-align: center;\"><strong>Un accessoire AR15 pratique et durable<\/strong><\/h3>\n<ul>\n<li><strong>Szybka i \u0142atwa instalacja<\/strong>\u00a0Wn\u0119ka na magazynek dla AR15 jest mocowana za pomoc\u0105 dw\u00f3ch do\u0142\u0105czonych \u015brub, nie pozostawiaj\u0105c \u015blad\u00f3w na broni,<\/li>\n<li><strong>Uproszczona konserwacja<\/strong>\u00a0\u0141atwy demonta\u017c w celu wyczyszczenia broni i jej komponent\u00f3w,<\/li>\n<li><strong>Wyj\u0105tkowa wytrzyma\u0142o\u015b\u0107<\/strong> Wykonany z nylonu wzmocnionego w\u0142\u00f3knem w\u0119glowym, jest odporny na ekstremalne temperatury (od -50\u00b0C do +160\u00b0C), gwa\u0142towne uderzenia, promienie UV i rozpuszczalniki,<\/li>\n<li><strong>Ergonomiczny i obur\u0119czny\u00a0<\/strong>Zaprojektowana dla u\u017cytkownik\u00f3w prawo- i lewor\u0119cznych, o kompaktowym, lekkim profilu.<\/li>\n<\/ul>\n<p>&nbsp;<\/p>\n<h3 style=\"text-align: center;\"><strong>Un magwell AR15 personnalisable<\/strong><\/h3>\n<ul>\n<li><strong>Mo\u017cliwo\u015b\u0107 kamufla\u017cu w razie potrzeby<\/strong>\u00a0Pomaluj magazynek wed\u0142ug w\u0142asnego uznania,<\/li>\n<li><strong>Spersonalizowana rejestracja<\/strong>\u00a0Tekst, logo lub inny napis na \u017cyczenie. Uczy\u0144 sw\u00f3j sprz\u0119t wyj\u0105tkowym.<\/li>\n<\/ul>\n<p>&nbsp;<\/p>\n<h3 style=\"text-align: center;\"><strong>Przetestowane i zatwierdzone przez profesjonalist\u00f3w<\/strong><\/h3>\n<p>Ten magazynek zosta\u0142 przetestowany i zatwierdzony przez instruktor\u00f3w strzelectwa taktycznego, zbrojmistrz\u00f3w i operator\u00f3w jednostek specjalistycznych. Jest cz\u0119\u015bci\u0105 serii Ragwinn Solutions, oferuj\u0105cej najwy\u017cszej klasy akcesoria dla najbardziej wymagaj\u0105cych profesjonalist\u00f3w.<\/p>\n<p>&nbsp;<\/p>\n<h3 style=\"text-align: center;\"><strong>Caract\u00e9ristiques techniques du mawgell AR15<\/strong><\/h3>\n<ul>\n<li><strong>Waga<\/strong> : <span class=\"NA6bn BxUVEf ILfuVd\" lang=\"en\"><span class=\"hgKElc pOOWX\">\u2264<\/span><\/span> 22g<\/li>\n<li><strong>Ekstremalne temperatury<\/strong> Odporno\u015b\u0107 od -50\u00b0C do +160\u00b0C<\/li>\n<li><strong>Odporno\u015b\u0107 na rozpuszczalniki, promieniowanie UV i IR<\/strong>\u00a0Maksymalna ochrona, niezale\u017cnie od \u015brodowiska.<\/li>\n<\/ul>\n<p>&nbsp;<\/p>\n<h4 style=\"text-align: center;\"><strong>Zoptymalizuj swoje do\u0142adowania, zamawiaj\u0105c magwell ju\u017c teraz.<\/strong><\/h4>\n<p>Dost\u0119pne r\u00f3wnie\u017c dla\u00a0<a href=\"https:\/\/ragwinn.com\/pl\/produit\/akcesorium-magwell-hk416-f-mr223-f\/\" target=\"_blank\" rel=\"noopener\">HK416 F<\/a>.<\/p>\n<p>Odkryj r\u00f3wnie\u017c nasze\u00a0<a href=\"https:\/\/ragwinn.com\/pl\/categorie-produit\/taktyka-ragwinn\/\">inne akcesoria do AR15 i HK416<\/a> jako <a href=\"https:\/\/ragwinn.com\/pl\/produit\/heel-5-pmag-ar15\/\" target=\"_blank\" rel=\"noopener\">pi\u0119ta +5 PMAG<\/a>.<\/p>\n<p>Wi\u0119cej informacji o tym, czym jest magwell <a href=\"https:\/\/crealib3d.com\/quest-ce-quun-magwell-et-pourquoi-en-utiliser\" target=\"_blank\" rel=\"noopener\">tutaj<\/a>\u00a0(w j\u0119zyku francuskim) i\u00a0<a href=\"https:\/\/www.anrkydexholsters.com\/what-is-a-magwell-why-do-they-matter\/\" target=\"_blank\" rel=\"noopener\">tutaj<\/a>\u00a0(w j\u0119zyku angielskim).<\/p>\n<p>* Kompatybilny z ponad 90% AR15 (Daniel D\u00e9fense, BCM, Alpen Arms, Aero Precision itp.). Bro\u0144 i akcesoria nie s\u0105 sprzedawane.<\/p>","protected":false},"excerpt":{"rendered":"<p>Lejek magazynka AR15 MIL-SPEC<br \/>\nUmieszczony wok\u00f3\u0142 oryginalnego otworu magazynka, aby znacznie zwi\u0119kszy\u0107 k\u0105t w\u0142o\u017cenia magazynka.<br \/>\nDostarczany z kilkoma wk\u0142adkami, aby idealnie dopasowa\u0107 lejek magazynka do AR15.<br \/>\nWyprodukowano we Francji.<\/p>","protected":false},"featured_media":4100,"comment_status":"open","ping_status":"closed","template":"","meta":{"ocean_post_layout":"","ocean_both_sidebars_style":"","ocean_both_sidebars_content_width":0,"ocean_both_sidebars_sidebars_width":0,"ocean_sidebar":"0","ocean_second_sidebar":"0","ocean_disable_margins":"enable","ocean_add_body_class":"","ocean_shortcode_before_top_bar":"","ocean_shortcode_after_top_bar":"","ocean_shortcode_before_header":"","ocean_shortcode_after_header":"","ocean_has_shortcode":"","ocean_shortcode_after_title":"","ocean_shortcode_before_footer_widgets":"","ocean_shortcode_after_footer_widgets":"","ocean_shortcode_before_footer_bottom":"","ocean_shortcode_after_footer_bottom":"","ocean_display_top_bar":"default","ocean_display_header":"default","ocean_header_style":"","ocean_center_header_left_menu":"0","ocean_custom_header_template":"0","ocean_custom_logo":0,"ocean_custom_retina_logo":0,"ocean_custom_logo_max_width":0,"ocean_custom_logo_tablet_max_width":0,"ocean_custom_logo_mobile_max_width":0,"ocean_custom_logo_max_height":0,"ocean_custom_logo_tablet_max_height":0,"ocean_custom_logo_mobile_max_height":0,"ocean_header_custom_menu":"0","ocean_menu_typo_font_family":"0","ocean_menu_typo_font_subset":"","ocean_menu_typo_font_size":0,"ocean_menu_typo_font_size_tablet":0,"ocean_menu_typo_font_size_mobile":0,"ocean_menu_typo_font_size_unit":"px","ocean_menu_typo_font_weight":"","ocean_menu_typo_font_weight_tablet":"","ocean_menu_typo_font_weight_mobile":"","ocean_menu_typo_transform":"","ocean_menu_typo_transform_tablet":"","ocean_menu_typo_transform_mobile":"","ocean_menu_typo_line_height":0,"ocean_menu_typo_line_height_tablet":0,"ocean_menu_typo_line_height_mobile":0,"ocean_menu_typo_line_height_unit":"","ocean_menu_typo_spacing":0,"ocean_menu_typo_spacing_tablet":0,"ocean_menu_typo_spacing_mobile":0,"ocean_menu_typo_spacing_unit":"","ocean_menu_link_color":"","ocean_menu_link_color_hover":"","ocean_menu_link_color_active":"","ocean_menu_link_background":"","ocean_menu_link_hover_background":"","ocean_menu_link_active_background":"","ocean_menu_social_links_bg":"","ocean_menu_social_hover_links_bg":"","ocean_menu_social_links_color":"","ocean_menu_social_hover_links_color":"","ocean_disable_title":"default","ocean_disable_heading":"default","ocean_post_title":"","ocean_post_subheading":"","ocean_post_title_style":"","ocean_post_title_background_color":"","ocean_post_title_background":0,"ocean_post_title_bg_image_position":"","ocean_post_title_bg_image_attachment":"","ocean_post_title_bg_image_repeat":"","ocean_post_title_bg_image_size":"","ocean_post_title_height":0,"ocean_post_title_bg_overlay":0.5,"ocean_post_title_bg_overlay_color":"","ocean_disable_breadcrumbs":"default","ocean_breadcrumbs_color":"","ocean_breadcrumbs_separator_color":"","ocean_breadcrumbs_links_color":"","ocean_breadcrumbs_links_hover_color":"","ocean_display_footer_widgets":"default","ocean_display_footer_bottom":"default","ocean_custom_footer_template":"0"},"product_brand":[],"product_cat":[43,85,17],"product_tag":[20,116,77,117],"class_list":{"0":"post-736","1":"product","2":"type-product","3":"status-publish","4":"has-post-thumbnail","6":"product_cat-ragwinn-tactics","7":"product_cat-magwell","8":"product_cat-ragwinn-hobby","9":"product_tag-ar15","10":"product_tag-custom","11":"product_tag-magwell","12":"product_tag-reloading","13":"product_shipping_class-produit-leger-500g","15":"entry","16":"has-media","18":"first","19":"instock","20":"sale","21":"featured","22":"taxable","23":"shipping-taxable","24":"purchasable","25":"product-type-simple","26":"has-rating","27":"col","28":"span_1_of_4","29":"owp-content-center","30":"item-entry","31":"owp-thumbs-layout-horizontal","32":"owp-btn-big","33":"owp-tabs-layout-horizontal"},"_links":{"self":[{"href":"https:\/\/ragwinn.com\/pl\/wp-json\/wp\/v2\/product\/736","targetHints":{"allow":["GET"]}}],"collection":[{"href":"https:\/\/ragwinn.com\/pl\/wp-json\/wp\/v2\/product"}],"about":[{"href":"https:\/\/ragwinn.com\/pl\/wp-json\/wp\/v2\/types\/product"}],"replies":[{"embeddable":true,"href":"https:\/\/ragwinn.com\/pl\/wp-json\/wp\/v2\/comments?post=736"}],"version-history":[{"count":11,"href":"https:\/\/ragwinn.com\/pl\/wp-json\/wp\/v2\/product\/736\/revisions"}],"predecessor-version":[{"id":4397,"href":"https:\/\/ragwinn.com\/pl\/wp-json\/wp\/v2\/product\/736\/revisions\/4397"}],"wp:featuredmedia":[{"embeddable":true,"href":"https:\/\/ragwinn.com\/pl\/wp-json\/wp\/v2\/media\/4100"}],"wp:attachment":[{"href":"https:\/\/ragwinn.com\/pl\/wp-json\/wp\/v2\/media?parent=736"}],"wp:term":[{"taxonomy":"product_brand","embeddable":true,"href":"https:\/\/ragwinn.com\/pl\/wp-json\/wp\/v2\/product_brand?post=736"},{"taxonomy":"product_cat","embeddable":true,"href":"https:\/\/ragwinn.com\/pl\/wp-json\/wp\/v2\/product_cat?post=736"},{"taxonomy":"product_tag","embeddable":true,"href":"https:\/\/ragwinn.com\/pl\/wp-json\/wp\/v2\/product_tag?post=736"}],"curies":[{"name":"wp","href":"https:\/\/api.w.org\/{rel}","templated":true}]}}