{"id":4254,"date":"2026-03-23T15:24:15","date_gmt":"2026-03-23T14:24:15","guid":{"rendered":"https:\/\/ragwinn.com\/?post_type=product&#038;p=4254"},"modified":"2026-05-04T18:46:01","modified_gmt":"2026-05-04T16:46:01","slug":"pochwa-na-amunicje-40-sztuk-amunicji","status":"publish","type":"product","link":"https:\/\/ragwinn.com\/pl\/produit\/cartouchiere-lbd-cougar-40-porte-munitions","title":{"rendered":"Pas na naboje LBD Cougar 40 \u2013 amunicja"},"content":{"rendered":"<h1 style=\"text-align: center;\" data-section-id=\"1r5k9t5\" data-start=\"215\" data-end=\"269\">Uchwyt na amunicj\u0119 LBD Cougar 40<\/h1>\n<p data-start=\"271\" data-end=\"573\">Zaprojektowany dla profesjonalist\u00f3w w terenie, ten uchwyt na amunicj\u0119 do LBD optymalizuje zarz\u0105dzanie amunicj\u0105 kalibru 40 mm podczas operacji.<br \/>\nLekki, niezawodny i zamontowany bezpo\u015brednio na chwycie, zapewnia bezpieczne przenoszenie, jednocze\u015bnie u\u0142atwiaj\u0105c natychmiastowy dost\u0119p podczas prze\u0142adowywania wyrzutni kulek.<\/p>\n<p data-start=\"575\" data-end=\"853\">Dostosowany do potrzeb si\u0142 bezpiecze\u0144stwa wewn\u0119trznego (policja, \u017candarmeria), sprz\u0119t ten poprawia szybko\u015b\u0107 reakcji bez uszczerbku dla ergonomii broni.<br \/>\nKonstrukcja tego akcesorium LBD pozwala na naturalne celowanie, jednocze\u015bnie umo\u017cliwiaj\u0105c z\u0142o\u017cenie kolby bez u\u017cycia narz\u0119dzi, co stanowi zalet\u0119 w zakresie transportu i przechowywania broni.<\/p>\n<p data-start=\"855\" data-end=\"1034\">Opracowany na pro\u015bb\u0119 personelu polowego, ten uchwyt na amunicj\u0119 jest produkowany we Francji, przy u\u017cyciu materia\u0142\u00f3w technicznych, kt\u00f3re gwarantuj\u0105 wytrzyma\u0142o\u015b\u0107 i trwa\u0142o\u015b\u0107.<\/p>\n<hr data-start=\"1036\" data-end=\"1039\" \/>\n<h2 style=\"text-align: center;\" data-section-id=\"u3csm9\" data-start=\"1041\" data-end=\"1072\">Specyfikacja techniczna uchwytu na amunicj\u0119 LBD<\/h2>\n<ul data-start=\"1074\" data-end=\"1432\">\n<li data-section-id=\"1qe20aq\" data-start=\"1074\" data-end=\"1117\">Pojemno\u015b\u0107: 3 sztuki amunicji kalibru 40 mm<\/li>\n<li data-section-id=\"1t68tbz\" data-start=\"1118\" data-end=\"1160\">Kompatybilno\u015b\u0107: wyrzutnia Alsetex Cougar 40<\/li>\n<li data-section-id=\"1bb9bw5\" data-start=\"1161\" data-end=\"1204\">Monta\u017c: mocowanie \u015brubowe (zestaw w zestawie)<\/li>\n<li data-section-id=\"ppby2p\" data-start=\"1205\" data-end=\"1228\">Retencja: pasywna<\/li>\n<li data-section-id=\"1kl8so8\" data-start=\"1229\" data-end=\"1320\">Materia\u0142: polimer techniczny o wysokiej wytrzyma\u0142o\u015bci (uderzenia, rozpuszczalniki, ekstremalne temperatury)<\/li>\n<li data-section-id=\"gkj2dh\" data-start=\"1321\" data-end=\"1368\">Zakres temperatur: od -40\u00b0C do +160\u00b0C<\/li>\n<li data-section-id=\"16h5uj3\" data-start=\"1369\" data-end=\"1393\">Produkcja : Francja<\/li>\n<li data-section-id=\"1w84oti\" data-start=\"1394\" data-end=\"1413\">Waga: \u2264 170 g<\/li>\n<li data-section-id=\"mv1nhr\" data-start=\"1414\" data-end=\"1432\">Kolor: czarny<\/li>\n<\/ul>\n<hr data-start=\"1434\" data-end=\"1437\" \/>\n<h3 style=\"text-align: center;\" data-section-id=\"5f4q95\" data-start=\"1439\" data-end=\"1481\">Kluczowe cechy tego akcesorium Cougar 40<\/h3>\n<p data-start=\"1483\" data-end=\"1797\">\u2705 Maintien fiable des munitions en mouvement,<br data-start=\"1529\" data-end=\"1532\" \/>\u2705 Acc\u00e8s rapide pour un rechargement fluide en situation d\u00e9grad\u00e9e,<br \/>\n\u2705 Acc\u00e8s au r\u00e9glage de crosse conserv\u00e9,<br \/>\n\u2705 Structure robuste adapt\u00e9e aux environnements op\u00e9rationnels exigeants,<br data-start=\"1669\" data-end=\"1672\" \/>\u2705 Ergonomie optimis\u00e9e (version gaucher \/ droitier disponible),<br data-start=\"1733\" data-end=\"1736\" \/>\u2705 Fabrication fran\u00e7aise.<\/p>\n<hr \/>\n<p style=\"text-align: center;\"><strong>Czy jeste\u015b wyposa\u017cony w LBD B&amp;T GL06?<\/strong><\/p>\n<p>Tw\u00f3j model to LDB GL06 od B&amp;T? <a href=\"https:\/\/ragwinn.com\/pl\/produit\/torba-na-amunicje-lbd-40\/\" target=\"_blank\" rel=\"noopener\">Kliknij tutaj, aby zobaczy\u0107 nasz uchwyt na amunicj\u0119 LBD GL06.<\/a> !<\/p>","protected":false},"excerpt":{"rendered":"<p>Porte cartouche 40 mm pour LBD Cougar 40.<br \/>\nDost\u0119pny w 3 wersjach:<br \/>\n- Po lewej stronie kolby (3 rundy + sk\u0142adana kolba).<br \/>\n- Po prawej stronie kolby (3 \u0142atwo dost\u0119pne naboje).<br \/>\n- Po obu stronach kolby (6 sztuk amunicji w zasi\u0119gu r\u0119ki dla wi\u0119kszej skuteczno\u015bci operacyjnej).<\/p>","protected":false},"featured_media":4274,"comment_status":"open","ping_status":"closed","template":"","meta":{"ocean_post_layout":"","ocean_both_sidebars_style":"","ocean_both_sidebars_content_width":0,"ocean_both_sidebars_sidebars_width":0,"ocean_sidebar":"0","ocean_second_sidebar":"0","ocean_disable_margins":"enable","ocean_add_body_class":"","ocean_shortcode_before_top_bar":"","ocean_shortcode_after_top_bar":"","ocean_shortcode_before_header":"","ocean_shortcode_after_header":"","ocean_has_shortcode":"","ocean_shortcode_after_title":"","ocean_shortcode_before_footer_widgets":"","ocean_shortcode_after_footer_widgets":"","ocean_shortcode_before_footer_bottom":"","ocean_shortcode_after_footer_bottom":"","ocean_display_top_bar":"default","ocean_display_header":"default","ocean_header_style":"","ocean_center_header_left_menu":"0","ocean_custom_header_template":"0","ocean_custom_logo":0,"ocean_custom_retina_logo":0,"ocean_custom_logo_max_width":0,"ocean_custom_logo_tablet_max_width":0,"ocean_custom_logo_mobile_max_width":0,"ocean_custom_logo_max_height":0,"ocean_custom_logo_tablet_max_height":0,"ocean_custom_logo_mobile_max_height":0,"ocean_header_custom_menu":"0","ocean_menu_typo_font_family":"0","ocean_menu_typo_font_subset":"","ocean_menu_typo_font_size":0,"ocean_menu_typo_font_size_tablet":0,"ocean_menu_typo_font_size_mobile":0,"ocean_menu_typo_font_size_unit":"px","ocean_menu_typo_font_weight":"","ocean_menu_typo_font_weight_tablet":"","ocean_menu_typo_font_weight_mobile":"","ocean_menu_typo_transform":"","ocean_menu_typo_transform_tablet":"","ocean_menu_typo_transform_mobile":"","ocean_menu_typo_line_height":0,"ocean_menu_typo_line_height_tablet":0,"ocean_menu_typo_line_height_mobile":0,"ocean_menu_typo_line_height_unit":"","ocean_menu_typo_spacing":0,"ocean_menu_typo_spacing_tablet":0,"ocean_menu_typo_spacing_mobile":0,"ocean_menu_typo_spacing_unit":"","ocean_menu_link_color":"","ocean_menu_link_color_hover":"","ocean_menu_link_color_active":"","ocean_menu_link_background":"","ocean_menu_link_hover_background":"","ocean_menu_link_active_background":"","ocean_menu_social_links_bg":"","ocean_menu_social_hover_links_bg":"","ocean_menu_social_links_color":"","ocean_menu_social_hover_links_color":"","ocean_disable_title":"default","ocean_disable_heading":"default","ocean_post_title":"","ocean_post_subheading":"","ocean_post_title_style":"","ocean_post_title_background_color":"","ocean_post_title_background":0,"ocean_post_title_bg_image_position":"","ocean_post_title_bg_image_attachment":"","ocean_post_title_bg_image_repeat":"","ocean_post_title_bg_image_size":"","ocean_post_title_height":0,"ocean_post_title_bg_overlay":0.5,"ocean_post_title_bg_overlay_color":"","ocean_disable_breadcrumbs":"default","ocean_breadcrumbs_color":"","ocean_breadcrumbs_separator_color":"","ocean_breadcrumbs_links_color":"","ocean_breadcrumbs_links_hover_color":"","ocean_display_footer_widgets":"default","ocean_display_footer_bottom":"default","ocean_custom_footer_template":"0"},"product_brand":[],"product_cat":[104,43],"product_tag":[95,125,123,86,124],"class_list":{"0":"post-4254","1":"product","2":"type-product","3":"status-publish","4":"has-post-thumbnail","6":"product_cat-extension-chargeur","7":"product_cat-ragwinn-tactics","8":"product_tag-gendarmerie","9":"product_tag-maintien-de-lordre","10":"product_tag-munitions","11":"product_tag-police","12":"product_tag-rechargement","13":"product_shipping_class-produit-leger-500g","15":"entry","16":"has-media","18":"first","19":"instock","20":"taxable","21":"shipping-taxable","22":"purchasable","23":"product-type-variable","24":"has-default-attributes","25":"col","26":"span_1_of_4","27":"owp-content-center","28":"item-entry","29":"owp-thumbs-layout-horizontal","30":"owp-btn-big","31":"owp-tabs-layout-horizontal"},"_links":{"self":[{"href":"https:\/\/ragwinn.com\/pl\/wp-json\/wp\/v2\/product\/4254","targetHints":{"allow":["GET"]}}],"collection":[{"href":"https:\/\/ragwinn.com\/pl\/wp-json\/wp\/v2\/product"}],"about":[{"href":"https:\/\/ragwinn.com\/pl\/wp-json\/wp\/v2\/types\/product"}],"replies":[{"embeddable":true,"href":"https:\/\/ragwinn.com\/pl\/wp-json\/wp\/v2\/comments?post=4254"}],"version-history":[{"count":6,"href":"https:\/\/ragwinn.com\/pl\/wp-json\/wp\/v2\/product\/4254\/revisions"}],"predecessor-version":[{"id":4281,"href":"https:\/\/ragwinn.com\/pl\/wp-json\/wp\/v2\/product\/4254\/revisions\/4281"}],"wp:featuredmedia":[{"embeddable":true,"href":"https:\/\/ragwinn.com\/pl\/wp-json\/wp\/v2\/media\/4274"}],"wp:attachment":[{"href":"https:\/\/ragwinn.com\/pl\/wp-json\/wp\/v2\/media?parent=4254"}],"wp:term":[{"taxonomy":"product_brand","embeddable":true,"href":"https:\/\/ragwinn.com\/pl\/wp-json\/wp\/v2\/product_brand?post=4254"},{"taxonomy":"product_cat","embeddable":true,"href":"https:\/\/ragwinn.com\/pl\/wp-json\/wp\/v2\/product_cat?post=4254"},{"taxonomy":"product_tag","embeddable":true,"href":"https:\/\/ragwinn.com\/pl\/wp-json\/wp\/v2\/product_tag?post=4254"}],"curies":[{"name":"wp","href":"https:\/\/api.w.org\/{rel}","templated":true}]}}