{"id":3757,"date":"2025-12-07T18:15:48","date_gmt":"2025-12-07T17:15:48","guid":{"rendered":"https:\/\/ragwinn.com\/?post_type=product&#038;p=3757"},"modified":"2026-05-04T18:46:21","modified_gmt":"2026-05-04T16:46:21","slug":"heel-5-hk-417","status":"publish","type":"product","link":"https:\/\/ragwinn.com\/pl\/produit\/talon-5-hk-417","title":{"rendered":"Przedluzka +5 HK 417"},"content":{"rendered":"<h1 style=\"text-align: center;\"><strong>Przedluzka +5 <\/strong>HK 417<\/h1>\n<p>Pasuje do oryginalnego magazynka HK 417 i zwi\u0119ksza pojemno\u015b\u0107 magazynka o 5 naboj\u00f3w.<\/p>\n<h2 style=\"text-align: center;\"><strong>Kluczowe cechy przedluzka +5 HK417:<\/strong><\/h2>\n<ul>\n<li><strong>Zaawansowana obs\u0142uga <\/strong>Kszta\u0142t przed\u0142u\u017cki poprawia chwyt \u0142adowarki, u\u0142atwiaj\u0105c jej wyjmowanie z kieszeni.<\/li>\n<li><strong>Numerowalny<\/strong> Numeracja \u0142adowarek: Na spodzie przed\u0142u\u017cacza znajduj\u0105 si\u0119 miejsca na ponumerowanie \u0142adowarek. Mo\u017cna to zrobi\u0107 za pomoc\u0105 flamastra Posca* lub o\u0142\u00f3wka automatycznego*. Ponumerowanie magazynk\u00f3w u\u0142atwia ich identyfikacj\u0119 w ka\u017cdej sytuacji.<\/li>\n<li><strong>Produkcja wysokiej jako\u015bci <\/strong>Wykonany we Francji z poliw\u0119glanu wzmocnionego w\u0142\u00f3knem w\u0119glowym, zapi\u0119tek +5 HK417 jest odporny na uderzenia i ekstremalne temperatury (-40\u00b0 +160\u00b0C).<\/li>\n<li><strong>Kolory<\/strong> Matowa czer\u0144.<\/li>\n<\/ul>\n<p>&nbsp;<\/p>\n<h3 style=\"text-align: center;\"><strong>Dost\u0119pne r\u00f3wnie\u017c:<\/strong><\/h3>\n<ul>\n<li><a href=\"https:\/\/ragwinn.com\/pl\/produit\/akcesorium-magwell-hk416-f-mr223-f\/\" target=\"_blank\" rel=\"noopener\"><strong>Magwell dla <\/strong><strong>HK416 F<\/strong><\/a>\u00a0Ulepszona obs\u0142uga i szybko\u015b\u0107 prze\u0142adowywania w AR15 dzi\u0119ki naszym <a href=\"https:\/\/crealib3d.com\/quest-ce-quun-magwell-et-pourquoi-en-utiliser\" target=\"_blank\" rel=\"noreferrer noopener\">magwell<\/a>.<\/li>\n<li><a href=\"https:\/\/ragwinn.com\/pl\/produit\/magwellar15\/\" target=\"_blank\" rel=\"noopener\"><strong>Magwell dla AR15<\/strong><\/a> P\u0142ynne prze\u0142adowanie dzi\u0119ki du\u017cej powierzchni wej\u015bcia do magazynka.<\/li>\n<li><a href=\"https:\/\/ragwinn.com\/pl\/produit\/pieta-2-magazynki-glock-9x19\/\" target=\"_blank\" rel=\"noopener\"><strong>Magazynek Glock przedluzka +2<\/strong><\/a> Odkryj nasz stub magazynka +2 do Glocka 9\u00d719 z podw\u00f3jn\u0105 kolumn\u0105.<\/li>\n<\/ul>\n<p>&nbsp;<\/p>\n<p><em>Uwaga: W zestawie znajduje si\u0119 tylko ko\u0144c\u00f3wka \u0142adowarki i \u015bruby.<br \/>\n<\/em><span style=\"text-decoration: underline;\">UWAGA<\/span> Nale\u017cy zwr\u00f3ci\u0107 uwag\u0119 na przepisy obowi\u0105zuj\u0105ce w danym kraju\/regionie w dniu zakupu.<br \/>\nWe Francji w listopadzie 2024 r. obowi\u0105zuj\u0105ce przepisy stanowi\u0105, \u017ce maksymalna pojemno\u015b\u0107 magazynka broni sklasyfikowanej w kategorii B-4 nie mo\u017ce przekracza\u0107 30 strza\u0142\u00f3w. <span data-olk-copy-source=\"MessageBody\"> Tylko strzelcy TSV mog\u0105 posiada\u0107 systemy zasilania o wi\u0119kszej pojemno\u015bci (<a href=\"https:\/\/www.legifrance.gouv.fr\/codes\/article_lc\/LEGIARTI000045148049\" target=\"_blank\" rel=\"noopener\">R312-45<\/a>).<\/span><\/p>","protected":false},"excerpt":{"rendered":"<p>Zwi\u0119ksz pojemno\u015b\u0107 magazynk\u00f3w HK 417 o 5 naboj\u00f3w dzi\u0119ki tej spr\u0119\u017cynie +5 HK 417, zachowuj\u0105c oryginaln\u0105 spr\u0119\u017cyn\u0119.<br \/>\nInstalacja w mniej ni\u017c 20 sekund, \u0142\u0105cznie z wkr\u0119tami i \u015brubami.<\/p>","protected":false},"featured_media":4099,"comment_status":"open","ping_status":"closed","template":"","meta":{"ocean_post_layout":"","ocean_both_sidebars_style":"","ocean_both_sidebars_content_width":0,"ocean_both_sidebars_sidebars_width":0,"ocean_sidebar":"0","ocean_second_sidebar":"0","ocean_disable_margins":"enable","ocean_add_body_class":"","ocean_shortcode_before_top_bar":"","ocean_shortcode_after_top_bar":"","ocean_shortcode_before_header":"","ocean_shortcode_after_header":"","ocean_has_shortcode":"","ocean_shortcode_after_title":"","ocean_shortcode_before_footer_widgets":"","ocean_shortcode_after_footer_widgets":"","ocean_shortcode_before_footer_bottom":"","ocean_shortcode_after_footer_bottom":"","ocean_display_top_bar":"default","ocean_display_header":"default","ocean_header_style":"","ocean_center_header_left_menu":"0","ocean_custom_header_template":"0","ocean_custom_logo":0,"ocean_custom_retina_logo":0,"ocean_custom_logo_max_width":0,"ocean_custom_logo_tablet_max_width":0,"ocean_custom_logo_mobile_max_width":0,"ocean_custom_logo_max_height":0,"ocean_custom_logo_tablet_max_height":0,"ocean_custom_logo_mobile_max_height":0,"ocean_header_custom_menu":"0","ocean_menu_typo_font_family":"0","ocean_menu_typo_font_subset":"","ocean_menu_typo_font_size":0,"ocean_menu_typo_font_size_tablet":0,"ocean_menu_typo_font_size_mobile":0,"ocean_menu_typo_font_size_unit":"px","ocean_menu_typo_font_weight":"","ocean_menu_typo_font_weight_tablet":"","ocean_menu_typo_font_weight_mobile":"","ocean_menu_typo_transform":"","ocean_menu_typo_transform_tablet":"","ocean_menu_typo_transform_mobile":"","ocean_menu_typo_line_height":0,"ocean_menu_typo_line_height_tablet":0,"ocean_menu_typo_line_height_mobile":0,"ocean_menu_typo_line_height_unit":"","ocean_menu_typo_spacing":0,"ocean_menu_typo_spacing_tablet":0,"ocean_menu_typo_spacing_mobile":0,"ocean_menu_typo_spacing_unit":"","ocean_menu_link_color":"","ocean_menu_link_color_hover":"","ocean_menu_link_color_active":"","ocean_menu_link_background":"","ocean_menu_link_hover_background":"","ocean_menu_link_active_background":"","ocean_menu_social_links_bg":"","ocean_menu_social_hover_links_bg":"","ocean_menu_social_links_color":"","ocean_menu_social_hover_links_color":"","ocean_disable_title":"default","ocean_disable_heading":"default","ocean_post_title":"","ocean_post_subheading":"","ocean_post_title_style":"","ocean_post_title_background_color":"","ocean_post_title_background":0,"ocean_post_title_bg_image_position":"","ocean_post_title_bg_image_attachment":"","ocean_post_title_bg_image_repeat":"","ocean_post_title_bg_image_size":"","ocean_post_title_height":0,"ocean_post_title_bg_overlay":0.5,"ocean_post_title_bg_overlay_color":"","ocean_disable_breadcrumbs":"default","ocean_breadcrumbs_color":"","ocean_breadcrumbs_separator_color":"","ocean_breadcrumbs_links_color":"","ocean_breadcrumbs_links_hover_color":"","ocean_display_footer_widgets":"default","ocean_display_footer_bottom":"default","ocean_custom_footer_template":"0"},"product_brand":[],"product_cat":[104,17,43],"product_tag":[24,23,119,120,121,118],"class_list":{"0":"post-3757","1":"product","2":"type-product","3":"status-publish","4":"has-post-thumbnail","6":"product_cat-extension-chargeur","7":"product_cat-ragwinn-hobby","8":"product_cat-ragwinn-tactics","9":"product_tag-chargeur","10":"product_tag-extension","11":"product_tag-hecklerkoch","12":"product_tag-thp","13":"product_tag-tireur-delite","14":"product_tag-upgrade","15":"product_shipping_class-produit-leger-500g","17":"entry","18":"has-media","20":"first","21":"instock","22":"taxable","23":"shipping-taxable","24":"purchasable","25":"product-type-simple","26":"col","27":"span_1_of_4","28":"owp-content-center","29":"item-entry","30":"owp-thumbs-layout-horizontal","31":"owp-btn-big","32":"owp-tabs-layout-horizontal"},"_links":{"self":[{"href":"https:\/\/ragwinn.com\/pl\/wp-json\/wp\/v2\/product\/3757","targetHints":{"allow":["GET"]}}],"collection":[{"href":"https:\/\/ragwinn.com\/pl\/wp-json\/wp\/v2\/product"}],"about":[{"href":"https:\/\/ragwinn.com\/pl\/wp-json\/wp\/v2\/types\/product"}],"replies":[{"embeddable":true,"href":"https:\/\/ragwinn.com\/pl\/wp-json\/wp\/v2\/comments?post=3757"}],"version-history":[{"count":7,"href":"https:\/\/ragwinn.com\/pl\/wp-json\/wp\/v2\/product\/3757\/revisions"}],"predecessor-version":[{"id":4352,"href":"https:\/\/ragwinn.com\/pl\/wp-json\/wp\/v2\/product\/3757\/revisions\/4352"}],"wp:featuredmedia":[{"embeddable":true,"href":"https:\/\/ragwinn.com\/pl\/wp-json\/wp\/v2\/media\/4099"}],"wp:attachment":[{"href":"https:\/\/ragwinn.com\/pl\/wp-json\/wp\/v2\/media?parent=3757"}],"wp:term":[{"taxonomy":"product_brand","embeddable":true,"href":"https:\/\/ragwinn.com\/pl\/wp-json\/wp\/v2\/product_brand?post=3757"},{"taxonomy":"product_cat","embeddable":true,"href":"https:\/\/ragwinn.com\/pl\/wp-json\/wp\/v2\/product_cat?post=3757"},{"taxonomy":"product_tag","embeddable":true,"href":"https:\/\/ragwinn.com\/pl\/wp-json\/wp\/v2\/product_tag?post=3757"}],"curies":[{"name":"wp","href":"https:\/\/api.w.org\/{rel}","templated":true}]}}