{"id":3742,"date":"2025-12-06T13:30:13","date_gmt":"2025-12-06T12:30:13","guid":{"rendered":"https:\/\/ragwinn.com\/?post_type=product&#038;p=3742"},"modified":"2026-05-04T18:45:53","modified_gmt":"2026-05-04T16:45:53","slug":"magwell-scar-h","status":"publish","type":"product","link":"https:\/\/ragwinn.com\/pl\/produit\/magwell-scar-h","title":{"rendered":"Lejek magazynka SCAR H"},"content":{"rendered":"<h1 style=\"text-align: center;\"><strong data-start=\"299\" data-end=\"322\">Lejek magazynka SCAR H<\/strong><\/h1>\n<h2 style=\"text-align: center;\"><strong>\" <\/strong><em data-start=\"329\" data-end=\"399\">Szybkie \u0142adowanie w ka\u017cdej sytuacji <\/em><strong>\"<\/strong><\/h2>\n<p data-start=\"401\" data-end=\"702\">Zaprojektowany specjalnie dla platformy Scar H, magazynek jest w pe\u0142ni kompatybilny z wariantami SCAR H, w tym SCAR H PR, kt\u00f3ry jest u\u017cywany przez snajper\u00f3w armii francuskiej.<br \/>\nPowierzchnia wej\u015bciowa i k\u0105t nachylenia magazynka zosta\u0142y zaprojektowane z my\u015bl\u0105 o :<br \/>\n- Optymalizacja prze\u0142adowania broni w pozycji le\u017c\u0105cej - gdzie k\u0105t w\u0142o\u017cenia mo\u017ce sta\u0107 si\u0119 krytyczny,<br \/>\n- Zoptymalizuj prze\u0142adowywanie broni w pozycji stoj\u0105cej, gdzie szybko\u015b\u0107 powrotu do porz\u0105dku bojowego mo\u017ce mie\u0107 ogromne znaczenie,<br \/>\n- Daj\u0105c strzelcom kluczow\u0105 przewag\u0119 nad ich celami, zapewniaj\u0105c spok\u00f3j ducha i wydajno\u015b\u0107 w terenie.<\/p>\n<p data-start=\"401\" data-end=\"702\">Dzi\u0119ki architekturze zaprojektowanej dla magazynk\u00f3w 7,62 mm SCAR H FN HERSTAL, ten magwell gwarantuje p\u0142ynne i natychmiastowe wk\u0142adanie, nawet w najbardziej wymagaj\u0105cych warunkach.<\/p>\n<h2 style=\"text-align: center;\" data-start=\"880\" data-end=\"931\"><strong data-start=\"883\" data-end=\"931\">Dlaczego warto u\u017cywa\u0107 magwell SCAR H?<\/strong><\/h2>\n<h3 data-start=\"933\" data-end=\"980\">\ud83d\udd39 <strong data-start=\"940\" data-end=\"978\">Naprawd\u0119 szybkie \u0142adowanie<\/strong><\/h3>\n<p data-start=\"981\" data-end=\"1229\">Dzi\u0119ki powierzchni wej\u015bcia wynosz\u0105cej ponad 90 stopni i szerszemu k\u0105towi wprowadzania, magazynek naturalnie prowadzi \u0142adowark\u0119 do komory, skracaj\u0105c czas prze\u0142adowania.<\/p>\n<h3 data-start=\"1231\" data-end=\"1270\">\ud83d\udd39 <strong data-start=\"1238\" data-end=\"1268\">Oszcz\u0119dno\u015b\u0107 czasu operacyjnego<\/strong><\/h3>\n<p data-start=\"1271\" data-end=\"1440\">Szybkie prze\u0142adowanie oznacza szybki powr\u00f3t do porz\u0105dku bojowego: to konieczno\u015b\u0107 w przypadku broni zaprojektowanej zar\u00f3wno do strzelania precyzyjnego, jak i walki w zwarciu.<\/p>\n<h3 data-start=\"1442\" data-end=\"1476\">\ud83d\udd39 <strong data-start=\"1449\" data-end=\"1474\">Rozszerzona kompatybilno\u015b\u0107<\/strong><\/h3>\n<p data-start=\"1477\" data-end=\"1606\">SCAR H, SCAR H PR, SCAR H TPR, MK17, SCAR 17S i SCAR 20S, ten magazynek b\u0119dzie naturalnie pasowa\u0142 do karabinu precyzyjnego.<\/p>\n<h3 data-start=\"1608\" data-end=\"1640\">\ud83d\udd39 <strong data-start=\"1615\" data-end=\"1638\">Maksymalna dyskrecja<\/strong><\/h3>\n<p data-start=\"1641\" data-end=\"1829\">Wykonany z ciemnego materia\u0142u, kt\u00f3ry poch\u0142ania promienie podczerwone (IR), jest dyskretny i lekki (26 g), dzi\u0119ki czemu idealnie nadaje si\u0119 do pracy w nocy i w \u015brodowiskach, w kt\u00f3rych sygnatura podczerwieni musi by\u0107 ukryta.<\/p>\n<h3 style=\"text-align: center;\" data-start=\"1836\" data-end=\"1882\"><strong data-start=\"1839\" data-end=\"1882\">Wytrzyma\u0142a konstrukcja zaprojektowana do pracy w terenie<\/strong><\/h3>\n<h3 data-start=\"1884\" data-end=\"1929\">\ud83d\udd39 <strong data-start=\"1891\" data-end=\"1927\">Szybka i bezpieczna instalacja<\/strong><\/h3>\n<p data-start=\"1930\" data-end=\"2049\">Niezawodny monta\u017c dzi\u0119ki dw\u00f3m \u015brubom (w zestawie), gwarantuj\u0105cym idealne dopasowanie bez ryzyka uszkodzenia wa\u0142u \u0142adowarki.<\/p>\n<h3 data-start=\"2051\" data-end=\"2082\">\ud83d\udd39 <strong data-start=\"2058\" data-end=\"2080\">Badana wytrzyma\u0142o\u015b\u0107<\/strong><\/h3>\n<p data-start=\"2083\" data-end=\"2140\">Wykonana we Francji z nylonu wzmocnionego w\u0142\u00f3knem w\u0119glowym, wytrzymuje :<br \/>\n- na gwa\u0142towne i powtarzaj\u0105ce si\u0119 uderzenia,<br \/>\n- ekstremalne temperatury od -40\u00b0C do +160\u00b0C,<br \/>\n- na rozpuszczalniki i promieniowanie UV.<\/p>\n<p data-start=\"2249\" data-end=\"2361\">Idealny do r\u00f3\u017cnych \u015brodowisk pracy.<\/p>\n<h3 data-start=\"2363\" data-end=\"2400\">\ud83d\udd39 <strong data-start=\"2370\" data-end=\"2398\">Ergonomiczny i obur\u0119czny<\/strong><\/h3>\n<p data-start=\"2401\" data-end=\"2566\">Kompaktowy profil, kontrolowana waga i \u0142atwo\u015b\u0107 u\u017cytkowania dla prawo- i lewor\u0119cznych strzelc\u00f3w. Idealny zar\u00f3wno dla strzelc\u00f3w podpartych, jak i strzelc\u00f3w bezpo\u015bredniego kontaktu.<\/p>\n<hr data-start=\"2568\" data-end=\"2571\" \/>\n<h3 data-start=\"2363\" data-end=\"2400\">\ud83d\udd39 <strong data-start=\"2370\" data-end=\"2398\">Mo\u017cliwo\u015b\u0107 dostosowania<\/strong><\/h3>\n<p data-start=\"2610\" data-end=\"2728\">Magazynek SCAR H mo\u017cna pomalowa\u0107 tak, aby pasowa\u0142 do kamufla\u017cu broni i operatora.<\/p>\n<hr data-start=\"2819\" data-end=\"2822\" \/>\n<h2 style=\"text-align: center;\" data-start=\"2824\" data-end=\"2871\"><strong data-start=\"2827\" data-end=\"2871\">Przetestowane i zatwierdzone przez profesjonalist\u00f3w<\/strong><\/h2>\n<p data-start=\"2873\" data-end=\"3117\">Zaprojektowany i przetestowany z aktywnymi wojskowymi, strzelcami precyzyjnymi i snajperami, przy u\u017cyciu platformy SCAR.<br \/>\nJest to cz\u0119\u015b\u0107 gamy Ragwinn Solutions, zaprojektowana, aby sprosta\u0107 wymaganiom nowoczesnego pola operacyjnego.<\/p>\n<hr data-start=\"3119\" data-end=\"3122\" \/>\n<h2 style=\"text-align: center;\" data-start=\"3124\" data-end=\"3158\"><strong data-start=\"3127\" data-end=\"3158\">Specyfikacja techniczna<\/strong><\/h2>\n<ul data-start=\"3160\" data-end=\"3343\">\n<li data-start=\"3160\" data-end=\"3182\">\n<p data-start=\"3162\" data-end=\"3182\"><strong data-start=\"3162\" data-end=\"3173\">Waga :<\/strong> 49 g<\/p>\n<\/li>\n<li data-start=\"3183\" data-end=\"3228\">\n<p data-start=\"3185\" data-end=\"3228\"><strong data-start=\"3185\" data-end=\"3211\">Odporno\u015b\u0107 termiczna :<\/strong> -40\u00b0C do +160\u00b0C<\/p>\n<\/li>\n<li data-start=\"3229\" data-end=\"3291\">\n<p data-start=\"3231\" data-end=\"3291\"><strong data-start=\"3231\" data-end=\"3289\">Odporno\u015b\u0107 na rozpuszczalniki, promieniowanie UV i IR<\/strong><\/p>\n<\/li>\n<li data-start=\"3292\" data-end=\"3343\">\n<p data-start=\"3294\" data-end=\"3343\"><strong data-start=\"3294\" data-end=\"3308\">Materia\u0142 :<\/strong> Polimer wzmocniony w\u0142\u00f3knem w\u0119glowym<\/p>\n<\/li>\n<\/ul>\n<p style=\"text-align: center;\"><strong data-start=\"3350\" data-end=\"3461\">Zr\u00f3b r\u00f3\u017cnic\u0119, zoptymalizuj sw\u00f3j SCAR: zam\u00f3w SCAR H PR z magwellem ju\u017c teraz.<\/strong><\/p>\n<p data-start=\"3463\" data-end=\"3492\">Dost\u0119pne r\u00f3wnie\u017c:<\/p>\n<ul data-start=\"3493\" data-end=\"3567\">\n<li data-start=\"3493\" data-end=\"3521\"><a href=\"https:\/\/ragwinn.com\/pl\/produit\/akcesorium-magwell-hk416-f-mr223-f\/\" target=\"_blank\" rel=\"noopener\">Magwell HK 416 F<\/a><\/li>\n<li data-start=\"3493\" data-end=\"3521\"><a href=\"https:\/\/: https:\/\/ragwinn.com\/produit\/magwell-hk417\" target=\"_blank\" rel=\"noopener\">Magwell HK 417<\/a><\/li>\n<li data-start=\"3493\" data-end=\"3521\"><a href=\"https:\/\/ragwinn.com\/pl\/produit\/magwellar15\/\" target=\"_blank\" rel=\"noopener\">Lejek magazynka AR15<\/a><\/li>\n<\/ul>\n<p>Dowiedz si\u0119 wi\u0119cej o magwells <a href=\"https:\/\/crealib3d.com\/quest-ce-quun-magwell-et-pourquoi-en-utiliser\" target=\"_blank\" rel=\"noopener\">tutaj<\/a> (w j\u0119zyku francuskim) i <a href=\"https:\/\/www.anrkydexholsters.com\/what-is-a-magwell-why-do-they-matter\/\" target=\"_blank\" rel=\"noopener\">tutaj<\/a> (w j\u0119zyku angielskim).<\/p>","protected":false},"excerpt":{"rendered":"<p>Magwell SCAR H : optimisez vos rechargements en appui ou au contact.<br \/>\nCompatible avec les diff\u00e9rentes variantes de SCAR H dont le SCAR H PR.<br \/>\nSzybki, solidny, dyskretny: zaprojektowany do pracy w terenie.<\/p>","protected":false},"featured_media":4246,"comment_status":"open","ping_status":"closed","template":"","meta":{"ocean_post_layout":"","ocean_both_sidebars_style":"","ocean_both_sidebars_content_width":0,"ocean_both_sidebars_sidebars_width":0,"ocean_sidebar":"0","ocean_second_sidebar":"0","ocean_disable_margins":"enable","ocean_add_body_class":"","ocean_shortcode_before_top_bar":"","ocean_shortcode_after_top_bar":"","ocean_shortcode_before_header":"","ocean_shortcode_after_header":"","ocean_has_shortcode":"","ocean_shortcode_after_title":"","ocean_shortcode_before_footer_widgets":"","ocean_shortcode_after_footer_widgets":"","ocean_shortcode_before_footer_bottom":"","ocean_shortcode_after_footer_bottom":"","ocean_display_top_bar":"default","ocean_display_header":"default","ocean_header_style":"","ocean_center_header_left_menu":"0","ocean_custom_header_template":"0","ocean_custom_logo":0,"ocean_custom_retina_logo":0,"ocean_custom_logo_max_width":0,"ocean_custom_logo_tablet_max_width":0,"ocean_custom_logo_mobile_max_width":0,"ocean_custom_logo_max_height":0,"ocean_custom_logo_tablet_max_height":0,"ocean_custom_logo_mobile_max_height":0,"ocean_header_custom_menu":"0","ocean_menu_typo_font_family":"0","ocean_menu_typo_font_subset":"","ocean_menu_typo_font_size":0,"ocean_menu_typo_font_size_tablet":0,"ocean_menu_typo_font_size_mobile":0,"ocean_menu_typo_font_size_unit":"px","ocean_menu_typo_font_weight":"","ocean_menu_typo_font_weight_tablet":"","ocean_menu_typo_font_weight_mobile":"","ocean_menu_typo_transform":"","ocean_menu_typo_transform_tablet":"","ocean_menu_typo_transform_mobile":"","ocean_menu_typo_line_height":0,"ocean_menu_typo_line_height_tablet":0,"ocean_menu_typo_line_height_mobile":0,"ocean_menu_typo_line_height_unit":"","ocean_menu_typo_spacing":0,"ocean_menu_typo_spacing_tablet":0,"ocean_menu_typo_spacing_mobile":0,"ocean_menu_typo_spacing_unit":"","ocean_menu_link_color":"","ocean_menu_link_color_hover":"","ocean_menu_link_color_active":"","ocean_menu_link_background":"","ocean_menu_link_hover_background":"","ocean_menu_link_active_background":"","ocean_menu_social_links_bg":"","ocean_menu_social_hover_links_bg":"","ocean_menu_social_links_color":"","ocean_menu_social_hover_links_color":"","ocean_disable_title":"default","ocean_disable_heading":"default","ocean_post_title":"","ocean_post_subheading":"","ocean_post_title_style":"","ocean_post_title_background_color":"","ocean_post_title_background":0,"ocean_post_title_bg_image_position":"","ocean_post_title_bg_image_attachment":"","ocean_post_title_bg_image_repeat":"","ocean_post_title_bg_image_size":"","ocean_post_title_height":0,"ocean_post_title_bg_overlay":0.5,"ocean_post_title_bg_overlay_color":"","ocean_disable_breadcrumbs":"default","ocean_breadcrumbs_color":"","ocean_breadcrumbs_separator_color":"","ocean_breadcrumbs_links_color":"","ocean_breadcrumbs_links_hover_color":"","ocean_display_footer_widgets":"default","ocean_display_footer_bottom":"default","ocean_custom_footer_template":"0"},"product_brand":[],"product_cat":[85,43],"product_tag":[],"class_list":{"0":"post-3742","1":"product","2":"type-product","3":"status-publish","4":"has-post-thumbnail","6":"product_cat-magwell","7":"product_cat-ragwinn-tactics","8":"product_shipping_class-produit-leger-500g","10":"entry","11":"has-media","13":"first","14":"instock","15":"taxable","16":"shipping-taxable","17":"purchasable","18":"product-type-simple","19":"col","20":"span_1_of_4","21":"owp-content-center","22":"item-entry","23":"owp-thumbs-layout-horizontal","24":"owp-btn-big","25":"owp-tabs-layout-horizontal"},"_links":{"self":[{"href":"https:\/\/ragwinn.com\/pl\/wp-json\/wp\/v2\/product\/3742","targetHints":{"allow":["GET"]}}],"collection":[{"href":"https:\/\/ragwinn.com\/pl\/wp-json\/wp\/v2\/product"}],"about":[{"href":"https:\/\/ragwinn.com\/pl\/wp-json\/wp\/v2\/types\/product"}],"replies":[{"embeddable":true,"href":"https:\/\/ragwinn.com\/pl\/wp-json\/wp\/v2\/comments?post=3742"}],"version-history":[{"count":9,"href":"https:\/\/ragwinn.com\/pl\/wp-json\/wp\/v2\/product\/3742\/revisions"}],"predecessor-version":[{"id":4249,"href":"https:\/\/ragwinn.com\/pl\/wp-json\/wp\/v2\/product\/3742\/revisions\/4249"}],"wp:featuredmedia":[{"embeddable":true,"href":"https:\/\/ragwinn.com\/pl\/wp-json\/wp\/v2\/media\/4246"}],"wp:attachment":[{"href":"https:\/\/ragwinn.com\/pl\/wp-json\/wp\/v2\/media?parent=3742"}],"wp:term":[{"taxonomy":"product_brand","embeddable":true,"href":"https:\/\/ragwinn.com\/pl\/wp-json\/wp\/v2\/product_brand?post=3742"},{"taxonomy":"product_cat","embeddable":true,"href":"https:\/\/ragwinn.com\/pl\/wp-json\/wp\/v2\/product_cat?post=3742"},{"taxonomy":"product_tag","embeddable":true,"href":"https:\/\/ragwinn.com\/pl\/wp-json\/wp\/v2\/product_tag?post=3742"}],"curies":[{"name":"wp","href":"https:\/\/api.w.org\/{rel}","templated":true}]}}