{"id":3651,"date":"2025-12-18T16:32:11","date_gmt":"2025-12-18T15:32:11","guid":{"rendered":"https:\/\/ragwinn.com\/?post_type=product&#038;p=3651"},"modified":"2026-05-07T15:40:18","modified_gmt":"2026-05-07T13:40:18","slug":"magwell-hk417","status":"publish","type":"product","link":"https:\/\/ragwinn.com\/pl\/produit\/magwell-hk417","title":{"rendered":"Lejek magazynka HK417"},"content":{"rendered":"<h1 style=\"text-align: center;\"><strong data-start=\"299\" data-end=\"322\">Lejek magazynka HK417<\/strong><\/h1>\n<h3 style=\"text-align: center;\"><strong>\" <\/strong><em data-start=\"329\" data-end=\"399\">Prze\u0142adowywanie z p\u0142ynno\u015bci\u0105, wsparciem i kontaktem <\/em><strong>\"<\/strong><\/h3>\n<p data-start=\"401\" data-end=\"702\">Zaprojektowany specjalnie dla platformy HK417, magazynek jest w pe\u0142ni kompatybilny z karabinami precyzyjnymi HK 417, HK G28 i MR308.<br \/>\nPowierzchnia wej\u015bciowa i k\u0105t nachylenia magazynka zosta\u0142y zaprojektowane z my\u015bl\u0105 o :<br \/>\n- Optymalizacja prze\u0142adowania broni w pozycji le\u017c\u0105cej - gdzie k\u0105t w\u0142o\u017cenia mo\u017ce by\u0107 krytyczny dla snajper\u00f3w,<br \/>\n- Zoptymalizuj prze\u0142adowywanie broni w pozycji stoj\u0105cej, gdzie szybko\u015b\u0107 powrotu do porz\u0105dku bojowego mo\u017ce mie\u0107 ogromne znaczenie,<br \/>\n- Daj\u0105c strzelcom kluczow\u0105 przewag\u0119 nad ich celami, zapewniaj\u0105c spok\u00f3j ducha i wydajno\u015b\u0107 w terenie.<\/p>\n<p data-start=\"401\" data-end=\"702\">Dzi\u0119ki architekturze zaprojektowanej dla magazynk\u00f3w HK417 7,62 mm, ten magwell gwarantuje p\u0142ynne, natychmiastowe wk\u0142adanie, nawet w najbardziej wymagaj\u0105cych warunkach.<\/p>\n<h2 style=\"text-align: center;\" data-start=\"880\" data-end=\"931\"><strong data-start=\"883\" data-end=\"931\">Dlaczego warto wybra\u0107 nasz lejek magazynka HK417 \/ G28?<\/strong><\/h2>\n<p data-start=\"933\" data-end=\"980\"><strong data-start=\"940\" data-end=\"978\">Naprawd\u0119 szybkie \u0142adowanie<\/strong> : Gr\u00e2ce \u00e0 une surface d&rsquo;entr\u00e9e de plus de 90 degr\u00e9s et un angle d\u2019insertion \u00e9largi (250% par rapport au puits de chargeur d&rsquo;origine), le magwell guide naturellement le chargeur dans le puits.<\/p>\n<p data-start=\"1231\" data-end=\"1270\"><strong data-start=\"1238\" data-end=\"1268\">Oszcz\u0119dno\u015b\u0107 czasu operacyjnego<\/strong> : Qui dit rechargement rapide dit retour en ordre de bataille rapide : un indispensable pour une arme destin\u00e9e autant \u00e0 la pr\u00e9cision qu\u2019au tir de combat rapproch\u00e9.<\/p>\n<p data-start=\"1442\" data-end=\"1476\"><strong data-start=\"1449\" data-end=\"1474\">Rozszerzona kompatybilno\u015b\u0107<\/strong> : HK 417, HK G28 ou HK MR308, ce magwell 417 prendra naturellement place sur votre fusil de pr\u00e9cision.<\/p>\n<p data-start=\"1608\" data-end=\"1640\"><strong data-start=\"1615\" data-end=\"1638\">Maksymalna dyskrecja<\/strong> : Fabriqu\u00e9 dans un mat\u00e9riau sombre absorbant les rayons infrarouges (IR), il est discret, l\u00e9ger, ce qui le rend id\u00e9al pour les op\u00e9rations de nuit et dans les environnements o\u00f9 votre signature infrarouge doit \u00eatre dissimul\u00e9e.<\/p>\n<h2 style=\"text-align: center;\" data-start=\"1836\" data-end=\"1882\"><strong data-start=\"1839\" data-end=\"1882\">Wytrzyma\u0142a konstrukcja zaprojektowana do pracy w terenie<\/strong><\/h2>\n<p data-start=\"1884\" data-end=\"1929\"><strong data-start=\"1891\" data-end=\"1927\">Szybka i bezpieczna instalacja<\/strong> : Montage fiable gr\u00e2ce \u00e0 deux vis (fournies), garantissant une parfaite tenue sans risque de perturbation du puits de chargeur.<\/p>\n<p data-start=\"2051\" data-end=\"2082\"><strong data-start=\"2058\" data-end=\"2080\">Badana wytrzyma\u0142o\u015b\u0107<\/strong> : Fabriqu\u00e9 en France dans un nylon renforc\u00e9 en fibres de carbone, le magwell HK417 r\u00e9siste aux chocs violents et r\u00e9p\u00eat\u00e9s, aux temp\u00e9ratures extr\u00eames de -40\u00b0C \u00e0 +160\u00b0C, aux solvants et UV. Il est parfaitement adapt\u00e9 aux environnements vari\u00e9s.<\/p>\n<p data-start=\"2363\" data-end=\"2400\"><strong data-start=\"2370\" data-end=\"2398\">Ergonomiczny i obur\u0119czny<\/strong> : Profil compact, poids ma\u00eetris\u00e9 et utilisation fluide pour droitiers comme gauchers. Id\u00e9al aussi bien pour un tireur en appui que pour un aller au contact direct. Augmentez \u00e9galement la capacit\u00e9 de votre chargeur gr\u00e2ce au <a href=\"https:\/\/ragwinn.com\/pl\/produit\/heel-5-hk-417\/\" target=\"_blank\" rel=\"noopener\">pi\u0119ta +5 HK417<\/a>.<\/p>\n<p data-start=\"2363\" data-end=\"2400\"><strong data-start=\"2370\" data-end=\"2398\">Mo\u017cliwo\u015b\u0107 dostosowania<\/strong> : Le magwell HK417 peut parfaitement \u00eatre peint afin de l&rsquo;int\u00e9grer au camouflage de l&rsquo;armement et de l&rsquo;op\u00e9rateur.<\/p>\n<h2 style=\"text-align: center;\" data-start=\"2824\" data-end=\"2871\"><strong data-start=\"2827\" data-end=\"2871\">Przetestowane i zatwierdzone przez profesjonalist\u00f3w<\/strong><\/h2>\n<p data-start=\"2873\" data-end=\"3117\">Testowany przez strzelc\u00f3w d\u0142ugodystansowych, aktywnych i rezerwowych korzystaj\u0105cych z platformy HK 417.<br \/>\nJest to cz\u0119\u015b\u0107 gamy Ragwinn Solutions, zaprojektowana, aby sprosta\u0107 wymaganiom nowoczesnego pola operacyjnego.<\/p>\n<h2 style=\"text-align: center;\" data-start=\"3124\" data-end=\"3158\"><strong data-start=\"3127\" data-end=\"3158\">Specyfikacja techniczna<\/strong><\/h2>\n<ul data-start=\"3160\" data-end=\"3343\">\n<li data-start=\"3160\" data-end=\"3182\">\n<p data-start=\"3162\" data-end=\"3182\"><strong data-start=\"3162\" data-end=\"3173\">Waga :<\/strong> <span class=\"NA6bn BxUVEf ILfuVd\" lang=\"en\"><span class=\"hgKElc pOOWX\">\u2264<\/span><\/span> 28 g<\/p>\n<\/li>\n<li data-start=\"3183\" data-end=\"3228\">\n<p data-start=\"3185\" data-end=\"3228\"><strong data-start=\"3185\" data-end=\"3211\">Odporno\u015b\u0107 termiczna :<\/strong> -40\u00b0C do +160\u00b0C<\/p>\n<\/li>\n<li data-start=\"3229\" data-end=\"3291\">\n<p data-start=\"3231\" data-end=\"3291\"><strong data-start=\"3231\" data-end=\"3289\">Odporno\u015b\u0107 na \u017cywio\u0142y: <\/strong>Odporno\u015b\u0107 na rozpuszczalniki, promieniowanie UV i IR<\/p>\n<\/li>\n<li data-start=\"3292\" data-end=\"3343\">\n<p data-start=\"3294\" data-end=\"3343\"><strong data-start=\"3294\" data-end=\"3308\">Materia\u0142 :<\/strong> Nylon wzmocniony w\u0142\u00f3knem w\u0119glowym<\/p>\n<\/li>\n<\/ul>\n<h4 style=\"text-align: center;\" data-start=\"3350\" data-end=\"3461\"><strong data-start=\"3350\" data-end=\"3461\">Zr\u00f3b r\u00f3\u017cnic\u0119 i zoptymalizuj swoj\u0105 bro\u0144: zam\u00f3w ju\u017c teraz sw\u00f3j magwell HK417.<\/strong><\/h4>\n<p data-start=\"3463\" data-end=\"3492\">Dost\u0119pne r\u00f3wnie\u017c dla :<\/p>\n<ul data-start=\"3493\" data-end=\"3567\">\n<li data-start=\"3493\" data-end=\"3521\"><a href=\"https:\/\/ragwinn.com\/pl\/produit\/akcesorium-magwell-hk416-f-mr223-f\/\" target=\"_blank\" rel=\"noopener\">Lejek magazynka HK416 F<\/a><\/li>\n<li data-start=\"3493\" data-end=\"3521\"><a href=\"https:\/\/ragwinn.com\/pl\/produit\/magwellar15\/\" target=\"_blank\" rel=\"noopener\">Lejek magazynka AR15<\/a><\/li>\n<\/ul>\n<p>Dowiedz si\u0119 wi\u0119cej o magwells <a href=\"https:\/\/crealib3d.com\/quest-ce-quun-magwell-et-pourquoi-en-utiliser\" target=\"_blank\" rel=\"noopener\">tutaj<\/a> (w j\u0119zyku francuskim) lub <a href=\"https:\/\/www.anrkydexholsters.com\/what-is-a-magwell-why-do-they-matter\/\" target=\"_blank\" rel=\"noopener\">tutaj<\/a> (w j\u0119zyku angielskim).<\/p>","protected":false},"excerpt":{"rendered":"<p>Lejek magazynka HK417: optymalizacja prze\u0142adowania poprzez naci\u015bni\u0119cie lub dotkni\u0119cie.<br \/>\nZgodno\u015b\u0107 z HK417, G28, MR308.<br \/>\nSzybki, solidny, dyskretny: zaprojektowany do pracy w terenie.<\/p>","protected":false},"featured_media":4142,"comment_status":"open","ping_status":"closed","template":"","meta":{"ocean_post_layout":"","ocean_both_sidebars_style":"","ocean_both_sidebars_content_width":0,"ocean_both_sidebars_sidebars_width":0,"ocean_sidebar":"0","ocean_second_sidebar":"0","ocean_disable_margins":"enable","ocean_add_body_class":"","ocean_shortcode_before_top_bar":"","ocean_shortcode_after_top_bar":"","ocean_shortcode_before_header":"","ocean_shortcode_after_header":"","ocean_has_shortcode":"","ocean_shortcode_after_title":"","ocean_shortcode_before_footer_widgets":"","ocean_shortcode_after_footer_widgets":"","ocean_shortcode_before_footer_bottom":"","ocean_shortcode_after_footer_bottom":"","ocean_display_top_bar":"default","ocean_display_header":"default","ocean_header_style":"","ocean_center_header_left_menu":"0","ocean_custom_header_template":"0","ocean_custom_logo":0,"ocean_custom_retina_logo":0,"ocean_custom_logo_max_width":0,"ocean_custom_logo_tablet_max_width":0,"ocean_custom_logo_mobile_max_width":0,"ocean_custom_logo_max_height":0,"ocean_custom_logo_tablet_max_height":0,"ocean_custom_logo_mobile_max_height":0,"ocean_header_custom_menu":"0","ocean_menu_typo_font_family":"0","ocean_menu_typo_font_subset":"","ocean_menu_typo_font_size":0,"ocean_menu_typo_font_size_tablet":0,"ocean_menu_typo_font_size_mobile":0,"ocean_menu_typo_font_size_unit":"px","ocean_menu_typo_font_weight":"","ocean_menu_typo_font_weight_tablet":"","ocean_menu_typo_font_weight_mobile":"","ocean_menu_typo_transform":"","ocean_menu_typo_transform_tablet":"","ocean_menu_typo_transform_mobile":"","ocean_menu_typo_line_height":0,"ocean_menu_typo_line_height_tablet":0,"ocean_menu_typo_line_height_mobile":0,"ocean_menu_typo_line_height_unit":"","ocean_menu_typo_spacing":0,"ocean_menu_typo_spacing_tablet":0,"ocean_menu_typo_spacing_mobile":0,"ocean_menu_typo_spacing_unit":"","ocean_menu_link_color":"","ocean_menu_link_color_hover":"","ocean_menu_link_color_active":"","ocean_menu_link_background":"","ocean_menu_link_hover_background":"","ocean_menu_link_active_background":"","ocean_menu_social_links_bg":"","ocean_menu_social_hover_links_bg":"","ocean_menu_social_links_color":"","ocean_menu_social_hover_links_color":"","ocean_disable_title":"default","ocean_disable_heading":"default","ocean_post_title":"","ocean_post_subheading":"","ocean_post_title_style":"","ocean_post_title_background_color":"","ocean_post_title_background":0,"ocean_post_title_bg_image_position":"","ocean_post_title_bg_image_attachment":"","ocean_post_title_bg_image_repeat":"","ocean_post_title_bg_image_size":"","ocean_post_title_height":0,"ocean_post_title_bg_overlay":0.5,"ocean_post_title_bg_overlay_color":"","ocean_disable_breadcrumbs":"default","ocean_breadcrumbs_color":"","ocean_breadcrumbs_separator_color":"","ocean_breadcrumbs_links_color":"","ocean_breadcrumbs_links_hover_color":"","ocean_display_footer_widgets":"default","ocean_display_footer_bottom":"default","ocean_custom_footer_template":"0"},"product_brand":[],"product_cat":[85,43],"product_tag":[],"class_list":{"0":"post-3651","1":"product","2":"type-product","3":"status-publish","4":"has-post-thumbnail","6":"product_cat-magwell","7":"product_cat-ragwinn-tactics","8":"product_shipping_class-produit-leger-500g","10":"entry","11":"has-media","13":"first","14":"instock","15":"taxable","16":"shipping-taxable","17":"purchasable","18":"product-type-simple","19":"col","20":"span_1_of_4","21":"owp-content-center","22":"item-entry","23":"owp-thumbs-layout-horizontal","24":"owp-btn-big","25":"owp-tabs-layout-horizontal"},"_links":{"self":[{"href":"https:\/\/ragwinn.com\/pl\/wp-json\/wp\/v2\/product\/3651","targetHints":{"allow":["GET"]}}],"collection":[{"href":"https:\/\/ragwinn.com\/pl\/wp-json\/wp\/v2\/product"}],"about":[{"href":"https:\/\/ragwinn.com\/pl\/wp-json\/wp\/v2\/types\/product"}],"replies":[{"embeddable":true,"href":"https:\/\/ragwinn.com\/pl\/wp-json\/wp\/v2\/comments?post=3651"}],"version-history":[{"count":13,"href":"https:\/\/ragwinn.com\/pl\/wp-json\/wp\/v2\/product\/3651\/revisions"}],"predecessor-version":[{"id":4401,"href":"https:\/\/ragwinn.com\/pl\/wp-json\/wp\/v2\/product\/3651\/revisions\/4401"}],"wp:featuredmedia":[{"embeddable":true,"href":"https:\/\/ragwinn.com\/pl\/wp-json\/wp\/v2\/media\/4142"}],"wp:attachment":[{"href":"https:\/\/ragwinn.com\/pl\/wp-json\/wp\/v2\/media?parent=3651"}],"wp:term":[{"taxonomy":"product_brand","embeddable":true,"href":"https:\/\/ragwinn.com\/pl\/wp-json\/wp\/v2\/product_brand?post=3651"},{"taxonomy":"product_cat","embeddable":true,"href":"https:\/\/ragwinn.com\/pl\/wp-json\/wp\/v2\/product_cat?post=3651"},{"taxonomy":"product_tag","embeddable":true,"href":"https:\/\/ragwinn.com\/pl\/wp-json\/wp\/v2\/product_tag?post=3651"}],"curies":[{"name":"wp","href":"https:\/\/api.w.org\/{rel}","templated":true}]}}