{"id":357,"date":"2024-01-09T15:48:58","date_gmt":"2024-01-09T14:48:58","guid":{"rendered":"https:\/\/ragwinn.com\/?post_type=product&#038;p=357"},"modified":"2026-05-04T18:47:36","modified_gmt":"2026-05-04T16:47:36","slug":"kabura-uzbrojony-sejf","status":"publish","type":"product","link":"https:\/\/ragwinn.com\/pl\/produit\/holster-armedepoing-coffre-fort","title":{"rendered":"Magnetyczny sejf na bro\u0144 w kaburze"},"content":{"rendered":"<h2>Magnetyczna kabura na pistolety pozwala zaoszcz\u0119dzi\u0107 miejsce w sejfie<\/h2>\n<p>Ta kabura na pistolet jest niezb\u0119dnym akcesorium dla strzelc\u00f3w sportowych, kt\u00f3rzy chc\u0105 zapewni\u0107 bezpiecze\u0144stwo swojej broni i maksymalnie wykorzysta\u0107 dost\u0119pn\u0105 przestrze\u0144! Zaprojektowana, aby pasowa\u0107 do pistolet\u00f3w:<\/p>\n<ul>\n<li>Glock 9\u00d719 z podw\u00f3jn\u0105 kolumn\u0105 (17, 19, 19X, 45 itd.),<\/li>\n<li>FNS-9,<\/li>\n<li>Sig P226,<\/li>\n<li>i inne modele pistolet\u00f3w...<\/li>\n<\/ul>\n<p>Mo\u017cesz wybra\u0107 model, kt\u00f3ry najbardziej Ci odpowiada spo\u015br\u00f3d 3 wersji:<\/p>\n<p>- Prosta strona magnetyczna, idealna do drzwi sztormowych,<\/p>\n<p>- Lewa strona z magnesem do uporz\u0105dkowanego przechowywania,<\/p>\n<p>- Magnetycznie mocowana g\u00f3rna cz\u0119\u015b\u0107, idealna do optymalizacji przestrzeni baga\u017cnika i zapewniaj\u0105ca optymaln\u0105 ochron\u0119 broni.<\/p>\n<h2>Idealne akcesorium do organizacji baga\u017cnika<\/h2>\n<p>Magnesy neodymowe zapewniaj\u0105 doskona\u0142\u0105 przyczepno\u015b\u0107 do metalowej powierzchni. Wysokiej jako\u015bci materia\u0142 bezpiecznej kabury zosta\u0142 zaprojektowany tak, aby chroni\u0107 bro\u0144, jednocze\u015bnie zabezpieczaj\u0105c j\u0105 przed uderzeniami: bro\u0144 b\u0119dzie starannie przechowywana i chroniona.<\/p>\n<p>To akcesorium pozwoli zaoszcz\u0119dzi\u0107 sporo miejsca w baga\u017cniku.<\/p>","protected":false},"excerpt":{"rendered":"<p>Je\u015bli uk\u0142ad sejf\u00f3w nie zawsze jest optymalny, ta kabura na pistolet umo\u017cliwi bezpieczne przechowywanie broni w sejfie.<\/p>\n<p>Dost\u0119pne w r\u00f3\u017cnych wersjach:<\/p>\n<ul>\n<li>Magnetyczna prawa strona, idealna do przechowywania drzwi baga\u017cnika,<\/li>\n<li>Magnetyczna lewa strona zapewniaj\u0105ca dobr\u0105 organizacj\u0119,<\/li>\n<li>Magnetyczna g\u00f3rna cz\u0119\u015b\u0107 umo\u017cliwia przechowywanie broni wysoko.<\/li>\n<\/ul>","protected":false},"featured_media":1313,"comment_status":"open","ping_status":"closed","template":"","meta":{"ocean_post_layout":"","ocean_both_sidebars_style":"","ocean_both_sidebars_content_width":0,"ocean_both_sidebars_sidebars_width":0,"ocean_sidebar":"0","ocean_second_sidebar":"0","ocean_disable_margins":"enable","ocean_add_body_class":"","ocean_shortcode_before_top_bar":"","ocean_shortcode_after_top_bar":"","ocean_shortcode_before_header":"","ocean_shortcode_after_header":"","ocean_has_shortcode":"","ocean_shortcode_after_title":"","ocean_shortcode_before_footer_widgets":"","ocean_shortcode_after_footer_widgets":"","ocean_shortcode_before_footer_bottom":"","ocean_shortcode_after_footer_bottom":"","ocean_display_top_bar":"default","ocean_display_header":"default","ocean_header_style":"","ocean_center_header_left_menu":"0","ocean_custom_header_template":"0","ocean_custom_logo":0,"ocean_custom_retina_logo":0,"ocean_custom_logo_max_width":0,"ocean_custom_logo_tablet_max_width":0,"ocean_custom_logo_mobile_max_width":0,"ocean_custom_logo_max_height":0,"ocean_custom_logo_tablet_max_height":0,"ocean_custom_logo_mobile_max_height":0,"ocean_header_custom_menu":"0","ocean_menu_typo_font_family":"0","ocean_menu_typo_font_subset":"","ocean_menu_typo_font_size":0,"ocean_menu_typo_font_size_tablet":0,"ocean_menu_typo_font_size_mobile":0,"ocean_menu_typo_font_size_unit":"px","ocean_menu_typo_font_weight":"","ocean_menu_typo_font_weight_tablet":"","ocean_menu_typo_font_weight_mobile":"","ocean_menu_typo_transform":"","ocean_menu_typo_transform_tablet":"","ocean_menu_typo_transform_mobile":"","ocean_menu_typo_line_height":0,"ocean_menu_typo_line_height_tablet":0,"ocean_menu_typo_line_height_mobile":0,"ocean_menu_typo_line_height_unit":"","ocean_menu_typo_spacing":0,"ocean_menu_typo_spacing_tablet":0,"ocean_menu_typo_spacing_mobile":0,"ocean_menu_typo_spacing_unit":"","ocean_menu_link_color":"","ocean_menu_link_color_hover":"","ocean_menu_link_color_active":"","ocean_menu_link_background":"","ocean_menu_link_hover_background":"","ocean_menu_link_active_background":"","ocean_menu_social_links_bg":"","ocean_menu_social_hover_links_bg":"","ocean_menu_social_links_color":"","ocean_menu_social_hover_links_color":"","ocean_disable_title":"default","ocean_disable_heading":"default","ocean_post_title":"","ocean_post_subheading":"","ocean_post_title_style":"","ocean_post_title_background_color":"","ocean_post_title_background":0,"ocean_post_title_bg_image_position":"","ocean_post_title_bg_image_attachment":"","ocean_post_title_bg_image_repeat":"","ocean_post_title_bg_image_size":"","ocean_post_title_height":0,"ocean_post_title_bg_overlay":0.5,"ocean_post_title_bg_overlay_color":"","ocean_disable_breadcrumbs":"default","ocean_breadcrumbs_color":"","ocean_breadcrumbs_separator_color":"","ocean_breadcrumbs_links_color":"","ocean_breadcrumbs_links_hover_color":"","ocean_display_footer_widgets":"default","ocean_display_footer_bottom":"default","ocean_custom_footer_template":"0"},"product_brand":[],"product_cat":[17],"product_tag":[28,22,29,30],"class_list":{"0":"post-357","1":"product","2":"type-product","3":"status-publish","4":"has-post-thumbnail","6":"product_cat-ragwinn-hobby","7":"product_tag-coffre-fort","8":"product_tag-glock","9":"product_tag-rangement","10":"product_tag-stockage","11":"product_shipping_class-produit-leger-500g","13":"entry","14":"has-media","16":"first","17":"instock","18":"taxable","19":"shipping-taxable","20":"purchasable","21":"product-type-variable","22":"has-rating","23":"col","24":"span_1_of_4","25":"owp-content-center","26":"item-entry","27":"owp-thumbs-layout-horizontal","28":"owp-btn-big","29":"owp-tabs-layout-horizontal"},"_links":{"self":[{"href":"https:\/\/ragwinn.com\/pl\/wp-json\/wp\/v2\/product\/357","targetHints":{"allow":["GET"]}}],"collection":[{"href":"https:\/\/ragwinn.com\/pl\/wp-json\/wp\/v2\/product"}],"about":[{"href":"https:\/\/ragwinn.com\/pl\/wp-json\/wp\/v2\/types\/product"}],"replies":[{"embeddable":true,"href":"https:\/\/ragwinn.com\/pl\/wp-json\/wp\/v2\/comments?post=357"}],"version-history":[{"count":2,"href":"https:\/\/ragwinn.com\/pl\/wp-json\/wp\/v2\/product\/357\/revisions"}],"predecessor-version":[{"id":3644,"href":"https:\/\/ragwinn.com\/pl\/wp-json\/wp\/v2\/product\/357\/revisions\/3644"}],"wp:featuredmedia":[{"embeddable":true,"href":"https:\/\/ragwinn.com\/pl\/wp-json\/wp\/v2\/media\/1313"}],"wp:attachment":[{"href":"https:\/\/ragwinn.com\/pl\/wp-json\/wp\/v2\/media?parent=357"}],"wp:term":[{"taxonomy":"product_brand","embeddable":true,"href":"https:\/\/ragwinn.com\/pl\/wp-json\/wp\/v2\/product_brand?post=357"},{"taxonomy":"product_cat","embeddable":true,"href":"https:\/\/ragwinn.com\/pl\/wp-json\/wp\/v2\/product_cat?post=357"},{"taxonomy":"product_tag","embeddable":true,"href":"https:\/\/ragwinn.com\/pl\/wp-json\/wp\/v2\/product_tag?post=357"}],"curies":[{"name":"wp","href":"https:\/\/api.w.org\/{rel}","templated":true}]}}