{"id":342,"date":"2024-01-09T15:01:40","date_gmt":"2024-01-09T14:01:40","guid":{"rendered":"https:\/\/ragwinn.com\/?post_type=product&#038;p=342"},"modified":"2026-05-04T18:46:54","modified_gmt":"2026-05-04T16:46:54","slug":"obsluga-czyszczenia-i-wyswietlania-ar15-m4","status":"publish","type":"product","link":"https:\/\/ragwinn.com\/pl\/produit\/support-pour-ar15-m4-nettoyage-et-exposition","title":{"rendered":"Wsparcie dla AR15 \/ MR - Konserwacja i wy\u015bwietlanie"},"content":{"rendered":"<h2>Wspornik serwisowy dla AR15 i MR223<\/h2>\n<p>Nasz stojak konserwacyjny zosta\u0142 specjalnie zaprojektowany, aby u\u0142atwi\u0107 konserwacj\u0119 i czyszczenie wewn\u0119trznych cz\u0119\u015bci AR15, HK416 lub MR223. Wykonany z wysokiej jako\u015bci materia\u0142\u00f3w stojak oferuje praktyczne i skuteczne rozwi\u0105zanie do przeprowadzania regularnej konserwacji broni.<\/p>\n<h2>Organizacja i \u0142atwo\u015b\u0107 u\u017cytkowania<\/h2>\n<p>Jego ergonomiczna, stabilna konstrukcja u\u0142atwia obs\u0142ug\u0119 i dost\u0119p do cz\u0119\u015bci. Umie\u015b\u0107 wy\u015bwietlacz tak, aby os\u0142ona i lufa mog\u0142y by\u0107 przechylone o 90 \u00b0, a Ty mo\u017cesz natychmiast wyj\u0105\u0107 i wymieni\u0107 wszystkie komponenty z \u0142atwo\u015bci\u0105. Ten stojak ekspozycyjny sprawia, \u017ce serwisowanie broni* jest bardziej wydajne i przyjemniejsze ni\u017c kiedykolwiek - to prawdziwa oszcz\u0119dno\u015b\u0107 czasu!<\/p>\n<h2>Trwa\u0142o\u015b\u0107 i niezawodno\u015b\u0107<\/h2>\n<p>Wra\u017cliwy na aceton, wy\u015bwietlacz ten jest odporny na smary, oleje i rozpuszczalniki typu WD40. Wystarczy umy\u0107 go w wodzie z myd\u0142em, aby utrzyma\u0107 go w czysto\u015bci i dobrym stanie, gotowym do u\u017cycia w dowolnym momencie.<\/p>\n<p>Kr\u00f3tko m\u00f3wi\u0105c, uchwyt ten jest idealnym akcesorium do konserwacji i ponownej instalacji wewn\u0119trznych cz\u0119\u015bci broni. Jego praktyczna konstrukcja, trwa\u0142o\u015b\u0107 i \u0142atwo\u015b\u0107 u\u017cycia sprawiaj\u0105, \u017ce jest to niezb\u0119dne narz\u0119dzie dla wszystkich skrupulatnych w\u0142a\u015bcicieli broni.<\/p>\n<p>&nbsp;<\/p>\n<p>Dost\u0119pny r\u00f3wnie\u017c dla AR10\/M110.<\/p>\n<p>*nie dostarczono.<\/p>","protected":false},"excerpt":{"rendered":"<p>Wsparcie przeznaczone do konserwacji broni.<br \/>\nZapewnia szybki i \u0142atwy dost\u0119p do wn\u0119trza broni i repliki airsoftowej.<\/p>\n<p>W przypadku spersonalizowanego modelu z logo \/ mark\u0105 \/ nazw\u0105 lub w przypadku ilo\u015bci wi\u0119kszej ni\u017c 10 sztuk, prosimy o kontakt.<\/p>","protected":false},"featured_media":1349,"comment_status":"open","ping_status":"closed","template":"","meta":{"ocean_post_layout":"","ocean_both_sidebars_style":"","ocean_both_sidebars_content_width":0,"ocean_both_sidebars_sidebars_width":0,"ocean_sidebar":"0","ocean_second_sidebar":"0","ocean_disable_margins":"enable","ocean_add_body_class":"","ocean_shortcode_before_top_bar":"","ocean_shortcode_after_top_bar":"","ocean_shortcode_before_header":"","ocean_shortcode_after_header":"","ocean_has_shortcode":"","ocean_shortcode_after_title":"","ocean_shortcode_before_footer_widgets":"","ocean_shortcode_after_footer_widgets":"","ocean_shortcode_before_footer_bottom":"","ocean_shortcode_after_footer_bottom":"","ocean_display_top_bar":"default","ocean_display_header":"default","ocean_header_style":"","ocean_center_header_left_menu":"0","ocean_custom_header_template":"0","ocean_custom_logo":0,"ocean_custom_retina_logo":0,"ocean_custom_logo_max_width":0,"ocean_custom_logo_tablet_max_width":0,"ocean_custom_logo_mobile_max_width":0,"ocean_custom_logo_max_height":0,"ocean_custom_logo_tablet_max_height":0,"ocean_custom_logo_mobile_max_height":0,"ocean_header_custom_menu":"0","ocean_menu_typo_font_family":"0","ocean_menu_typo_font_subset":"","ocean_menu_typo_font_size":0,"ocean_menu_typo_font_size_tablet":0,"ocean_menu_typo_font_size_mobile":0,"ocean_menu_typo_font_size_unit":"px","ocean_menu_typo_font_weight":"","ocean_menu_typo_font_weight_tablet":"","ocean_menu_typo_font_weight_mobile":"","ocean_menu_typo_transform":"","ocean_menu_typo_transform_tablet":"","ocean_menu_typo_transform_mobile":"","ocean_menu_typo_line_height":0,"ocean_menu_typo_line_height_tablet":0,"ocean_menu_typo_line_height_mobile":0,"ocean_menu_typo_line_height_unit":"","ocean_menu_typo_spacing":0,"ocean_menu_typo_spacing_tablet":0,"ocean_menu_typo_spacing_mobile":0,"ocean_menu_typo_spacing_unit":"","ocean_menu_link_color":"","ocean_menu_link_color_hover":"","ocean_menu_link_color_active":"","ocean_menu_link_background":"","ocean_menu_link_hover_background":"","ocean_menu_link_active_background":"","ocean_menu_social_links_bg":"","ocean_menu_social_hover_links_bg":"","ocean_menu_social_links_color":"","ocean_menu_social_hover_links_color":"","ocean_disable_title":"default","ocean_disable_heading":"default","ocean_post_title":"","ocean_post_subheading":"","ocean_post_title_style":"","ocean_post_title_background_color":"","ocean_post_title_background":0,"ocean_post_title_bg_image_position":"","ocean_post_title_bg_image_attachment":"","ocean_post_title_bg_image_repeat":"","ocean_post_title_bg_image_size":"","ocean_post_title_height":0,"ocean_post_title_bg_overlay":0.5,"ocean_post_title_bg_overlay_color":"","ocean_disable_breadcrumbs":"default","ocean_breadcrumbs_color":"","ocean_breadcrumbs_separator_color":"","ocean_breadcrumbs_links_color":"","ocean_breadcrumbs_links_hover_color":"","ocean_display_footer_widgets":"default","ocean_display_footer_bottom":"default","ocean_custom_footer_template":"0"},"product_brand":[],"product_cat":[17],"product_tag":[20,21,18,19],"class_list":{"0":"post-342","1":"product","2":"type-product","3":"status-publish","4":"has-post-thumbnail","6":"product_cat-ragwinn-hobby","7":"product_tag-ar15","8":"product_tag-entretien","9":"product_tag-presentoir","10":"product_tag-stand","11":"product_shipping_class-produit-leger-500g","13":"entry","14":"has-media","16":"first","17":"onbackorder","18":"taxable","19":"shipping-taxable","20":"purchasable","21":"product-type-simple","22":"col","23":"span_1_of_4","24":"owp-content-center","25":"item-entry","26":"owp-thumbs-layout-horizontal","27":"owp-btn-big","28":"owp-tabs-layout-horizontal"},"_links":{"self":[{"href":"https:\/\/ragwinn.com\/pl\/wp-json\/wp\/v2\/product\/342","targetHints":{"allow":["GET"]}}],"collection":[{"href":"https:\/\/ragwinn.com\/pl\/wp-json\/wp\/v2\/product"}],"about":[{"href":"https:\/\/ragwinn.com\/pl\/wp-json\/wp\/v2\/types\/product"}],"replies":[{"embeddable":true,"href":"https:\/\/ragwinn.com\/pl\/wp-json\/wp\/v2\/comments?post=342"}],"version-history":[{"count":1,"href":"https:\/\/ragwinn.com\/pl\/wp-json\/wp\/v2\/product\/342\/revisions"}],"predecessor-version":[{"id":4356,"href":"https:\/\/ragwinn.com\/pl\/wp-json\/wp\/v2\/product\/342\/revisions\/4356"}],"wp:featuredmedia":[{"embeddable":true,"href":"https:\/\/ragwinn.com\/pl\/wp-json\/wp\/v2\/media\/1349"}],"wp:attachment":[{"href":"https:\/\/ragwinn.com\/pl\/wp-json\/wp\/v2\/media?parent=342"}],"wp:term":[{"taxonomy":"product_brand","embeddable":true,"href":"https:\/\/ragwinn.com\/pl\/wp-json\/wp\/v2\/product_brand?post=342"},{"taxonomy":"product_cat","embeddable":true,"href":"https:\/\/ragwinn.com\/pl\/wp-json\/wp\/v2\/product_cat?post=342"},{"taxonomy":"product_tag","embeddable":true,"href":"https:\/\/ragwinn.com\/pl\/wp-json\/wp\/v2\/product_tag?post=342"}],"curies":[{"name":"wp","href":"https:\/\/api.w.org\/{rel}","templated":true}]}}