{"id":3149,"date":"2025-06-25T17:14:39","date_gmt":"2025-06-25T15:14:39","guid":{"rendered":"https:\/\/ragwinn.com\/?post_type=product&#038;p=3149"},"modified":"2026-05-04T18:47:05","modified_gmt":"2026-05-04T16:47:05","slug":"akcesorium-magwell-mr223-a3","status":"publish","type":"product","link":"https:\/\/ragwinn.com\/pl\/produit\/magwell-mr223-a3-accessoire","title":{"rendered":"Lejek magazynka MR223 A3"},"content":{"rendered":"<h1 style=\"text-align: center;\" data-start=\"501\" data-end=\"577\"><strong data-start=\"506\" data-end=\"577\">Lejek magazynka MR223 A3<\/strong><\/h1>\n<p data-start=\"579\" data-end=\"894\">Ten nylonowy magazynek zosta\u0142 zaprojektowany specjalnie dla karabinu HK MR223 A3. Poszerzony wewn\u0119trzny skos u\u0142atwia i przyspiesza wk\u0142adanie magazynka do komory, znacznie zmniejszaj\u0105c ryzyko zaci\u0119cia lub b\u0142\u0119d\u00f3w obs\u0142ugi, szczeg\u00f3lnie podczas szybkiego prze\u0142adowywania lub w z\u0142ych warunkach o\u015bwietleniowych.<br \/>\nWykonany z nylonu wzmocnionego w\u0142\u00f3knem w\u0119glowym magazynek jest wysoce odporny na zu\u017cycie i intensywne u\u017cytkowanie.<\/p>\n<h2 style=\"text-align: center;\" data-start=\"1330\" data-end=\"1387\"><strong data-start=\"1337\" data-end=\"1387\">Specyfikacja techniczna<\/strong><\/h2>\n<ul style=\"list-style-type: disc;\">\n<li><strong data-start=\"1391\" data-end=\"1415\">Kompatybilno\u015b\u0107\u00a0<\/strong>Tylko HK MR223 A3,<\/li>\n<li><strong data-start=\"1513\" data-end=\"1524\">Materia\u0142<\/strong> Nylon wzmocniony w\u0142\u00f3knem w\u0119glowym,<br \/>\n<strong data-start=\"1608\" data-end=\"1620\">Zako\u0144czenie<\/strong> Teksturowana czer\u0144,<\/li>\n<li><strong data-start=\"1688\" data-end=\"1699\">Monta\u017c<\/strong> Mocowanie za pomoc\u0105 2 \u015brub bocznych (w zestawie), bez modyfikacji dolnej cz\u0119\u015bci.<\/li>\n<li><strong data-start=\"1770\" data-end=\"1784\">Zdejmowany<\/strong> Nie pozostawia \u015blad\u00f3w na broni, w tym na cerakocie wersji RAL8000,<\/li>\n<li><strong data-start=\"1818\" data-end=\"1843\">Kompatybilne \u0142adowarki<\/strong> STANAG, Magpul PMAG Gen 2 \/ Gen 3, 2AMEND itp,<\/li>\n<li><strong>Waga<\/strong> : <span class=\"NA6bn BxUVEf ILfuVd\" lang=\"en\"><span class=\"hgKElc pOOWX\">\u2264<\/span><\/span> 22g<\/li>\n<li data-start=\"1688\" data-end=\"1767\"><strong>Ekstremalne temperatury<\/strong> Odporno\u015b\u0107 od -50\u00b0C do +160\u00b0C*.<\/li>\n<li data-start=\"1688\" data-end=\"1767\"><strong>Odporno\u015b\u0107 na rozpuszczalniki, promieniowanie UV i IR<\/strong> Maksymalna ochrona, niezale\u017cnie od \u015brodowiska.<\/li>\n<\/ul>\n<h3 style=\"text-align: center;\"><strong>Strzelectwo sportowe i dynamiczne z magwell MR223 A3<\/strong><\/h3>\n<p>Magwell MR223 A3 to dyskretne, ale skuteczne akcesorium dla wszystkich u\u017cytkownik\u00f3w, kt\u00f3rzy chc\u0105 zoptymalizowa\u0107 obs\u0142ug\u0119 w stresie lub podczas dynamicznego strzelania.<br data-start=\"2106\" data-end=\"2109\" \/>Efekt lejka poprawia p\u0142ynno\u015b\u0107 prze\u0142adowania podczas zawod\u00f3w, pit stop\u00f3w lub intensywnego u\u017cytkowania.<\/p>\n<hr \/>\n<p data-start=\"710\" data-end=\"757\"><strong data-start=\"710\" data-end=\"735\"><br \/>\n<\/strong><strong data-start=\"760\" data-end=\"788\">Wersja HK416 F <\/strong>dost\u0119pne na dedykowanej stronie <a class=\"\" href=\"https:\/\/ragwinn.com\/pl\/produit\/akcesorium-magwell-hk416-f-mr223-f\/\" target=\"_blank\" rel=\"noopener\" data-start=\"817\" data-end=\"825\">tutaj<\/a>.<br \/>\n<strong data-start=\"710\" data-end=\"735\">Wersja AR15 Mil-Spec<\/strong> dost\u0119pny pod adresem <a class=\"\" href=\"https:\/\/ragwinn.com\/pl\/produit\/magwellar15\/\" target=\"_blank\" rel=\"noopener\" data-start=\"747\" data-end=\"755\">tutaj<\/a>.<\/p>\n<p data-start=\"710\" data-end=\"757\">Dowiedz si\u0119 wi\u0119cej o magwells :<\/p>\n<ul>\n<li data-start=\"1235\" data-end=\"1282\">\n<p data-start=\"1237\" data-end=\"1282\"><a class=\"\" href=\"https:\/\/crealib3d.com\/quest-ce-quun-magwell-et-pourquoi-en-utiliser\" target=\"_blank\" rel=\"noopener\" data-start=\"1237\" data-end=\"1280\">Co to jest magwell (artyku\u0142 FR)<\/a><\/p>\n<\/li>\n<li data-start=\"1283\" data-end=\"1321\">\n<p data-start=\"1285\" data-end=\"1321\"><a class=\"\" href=\"https:\/\/www.anrkydexholsters.com\/what-is-a-magwell-why-do-they-matter\/\" target=\"_blank\" rel=\"noopener\" data-start=\"1285\" data-end=\"1321\">Co to jest magwell?<\/a><\/p>\n<\/li>\n<\/ul>","protected":false},"excerpt":{"rendered":"<p>Magazynek do MR223 A3 firmy Heckler und Koch.<br \/>\nCzarny nylonowy magazynek wzmocniony w\u0142\u00f3knem w\u0119glowym do HK MR223 A3. Umo\u017cliwia szybkie i sprawne wprowadzenie magazynka do gniazda.<br data-start=\"772\" data-end=\"775\" \/>Instalacja bez modyfikacji broni. Kompatybilny ze standardowymi magazynkami, takimi jak STANAG, PMAG itp.<\/p>","protected":false},"featured_media":4103,"comment_status":"open","ping_status":"closed","template":"","meta":{"ocean_post_layout":"","ocean_both_sidebars_style":"","ocean_both_sidebars_content_width":0,"ocean_both_sidebars_sidebars_width":0,"ocean_sidebar":"0","ocean_second_sidebar":"0","ocean_disable_margins":"enable","ocean_add_body_class":"","ocean_shortcode_before_top_bar":"","ocean_shortcode_after_top_bar":"","ocean_shortcode_before_header":"","ocean_shortcode_after_header":"","ocean_has_shortcode":"","ocean_shortcode_after_title":"","ocean_shortcode_before_footer_widgets":"","ocean_shortcode_after_footer_widgets":"","ocean_shortcode_before_footer_bottom":"","ocean_shortcode_after_footer_bottom":"","ocean_display_top_bar":"default","ocean_display_header":"default","ocean_header_style":"","ocean_center_header_left_menu":"0","ocean_custom_header_template":"0","ocean_custom_logo":0,"ocean_custom_retina_logo":0,"ocean_custom_logo_max_width":0,"ocean_custom_logo_tablet_max_width":0,"ocean_custom_logo_mobile_max_width":0,"ocean_custom_logo_max_height":0,"ocean_custom_logo_tablet_max_height":0,"ocean_custom_logo_mobile_max_height":0,"ocean_header_custom_menu":"0","ocean_menu_typo_font_family":"0","ocean_menu_typo_font_subset":"","ocean_menu_typo_font_size":0,"ocean_menu_typo_font_size_tablet":0,"ocean_menu_typo_font_size_mobile":0,"ocean_menu_typo_font_size_unit":"px","ocean_menu_typo_font_weight":"","ocean_menu_typo_font_weight_tablet":"","ocean_menu_typo_font_weight_mobile":"","ocean_menu_typo_transform":"","ocean_menu_typo_transform_tablet":"","ocean_menu_typo_transform_mobile":"","ocean_menu_typo_line_height":0,"ocean_menu_typo_line_height_tablet":0,"ocean_menu_typo_line_height_mobile":0,"ocean_menu_typo_line_height_unit":"","ocean_menu_typo_spacing":0,"ocean_menu_typo_spacing_tablet":0,"ocean_menu_typo_spacing_mobile":0,"ocean_menu_typo_spacing_unit":"","ocean_menu_link_color":"","ocean_menu_link_color_hover":"","ocean_menu_link_color_active":"","ocean_menu_link_background":"","ocean_menu_link_hover_background":"","ocean_menu_link_active_background":"","ocean_menu_social_links_bg":"","ocean_menu_social_hover_links_bg":"","ocean_menu_social_links_color":"","ocean_menu_social_hover_links_color":"","ocean_disable_title":"default","ocean_disable_heading":"default","ocean_post_title":"","ocean_post_subheading":"","ocean_post_title_style":"","ocean_post_title_background_color":"","ocean_post_title_background":0,"ocean_post_title_bg_image_position":"","ocean_post_title_bg_image_attachment":"","ocean_post_title_bg_image_repeat":"","ocean_post_title_bg_image_size":"","ocean_post_title_height":0,"ocean_post_title_bg_overlay":0.5,"ocean_post_title_bg_overlay_color":"","ocean_disable_breadcrumbs":"default","ocean_breadcrumbs_color":"","ocean_breadcrumbs_separator_color":"","ocean_breadcrumbs_links_color":"","ocean_breadcrumbs_links_hover_color":"","ocean_display_footer_widgets":"default","ocean_display_footer_bottom":"default","ocean_custom_footer_template":"0"},"product_brand":[],"product_cat":[85],"product_tag":[87,77],"class_list":{"0":"post-3149","1":"product","2":"type-product","3":"status-publish","4":"has-post-thumbnail","6":"product_cat-magwell","7":"product_tag-carabine","8":"product_tag-magwell","9":"product_shipping_class-produit-leger-500g","11":"entry","12":"has-media","14":"first","15":"onbackorder","16":"sale","17":"taxable","18":"shipping-taxable","19":"purchasable","20":"product-type-simple","21":"has-rating","22":"col","23":"span_1_of_4","24":"owp-content-center","25":"item-entry","26":"owp-thumbs-layout-horizontal","27":"owp-btn-big","28":"owp-tabs-layout-horizontal"},"_links":{"self":[{"href":"https:\/\/ragwinn.com\/pl\/wp-json\/wp\/v2\/product\/3149","targetHints":{"allow":["GET"]}}],"collection":[{"href":"https:\/\/ragwinn.com\/pl\/wp-json\/wp\/v2\/product"}],"about":[{"href":"https:\/\/ragwinn.com\/pl\/wp-json\/wp\/v2\/types\/product"}],"replies":[{"embeddable":true,"href":"https:\/\/ragwinn.com\/pl\/wp-json\/wp\/v2\/comments?post=3149"}],"version-history":[{"count":2,"href":"https:\/\/ragwinn.com\/pl\/wp-json\/wp\/v2\/product\/3149\/revisions"}],"predecessor-version":[{"id":3683,"href":"https:\/\/ragwinn.com\/pl\/wp-json\/wp\/v2\/product\/3149\/revisions\/3683"}],"wp:featuredmedia":[{"embeddable":true,"href":"https:\/\/ragwinn.com\/pl\/wp-json\/wp\/v2\/media\/4103"}],"wp:attachment":[{"href":"https:\/\/ragwinn.com\/pl\/wp-json\/wp\/v2\/media?parent=3149"}],"wp:term":[{"taxonomy":"product_brand","embeddable":true,"href":"https:\/\/ragwinn.com\/pl\/wp-json\/wp\/v2\/product_brand?post=3149"},{"taxonomy":"product_cat","embeddable":true,"href":"https:\/\/ragwinn.com\/pl\/wp-json\/wp\/v2\/product_cat?post=3149"},{"taxonomy":"product_tag","embeddable":true,"href":"https:\/\/ragwinn.com\/pl\/wp-json\/wp\/v2\/product_tag?post=3149"}],"curies":[{"name":"wp","href":"https:\/\/api.w.org\/{rel}","templated":true}]}}