{"id":3147,"date":"2025-08-26T20:03:13","date_gmt":"2025-08-26T18:03:13","guid":{"rendered":"https:\/\/ragwinn.com\/?post_type=product&#038;p=3147"},"modified":"2026-05-04T18:44:42","modified_gmt":"2026-05-04T16:44:42","slug":"tas-na-naboje-lbd-40-bt-gl06-magazynki","status":"publish","type":"product","link":"https:\/\/ragwinn.com\/pl\/produit\/cartouchiere-lbd-40-bt-gl06-porte-munitions","title":{"rendered":"Szkielet LBD 40 \u2013 B&amp;T GL06 \u2013 uchwyt na amunicj\u0119"},"content":{"rendered":"<h1 style=\"text-align: center;\" data-start=\"287\" data-end=\"351\">Pas nabojowy LBD 40 mm do wyrzutni B&amp;T GL06<\/h1>\n<p data-start=\"353\" data-end=\"689\">Ten pas na naboje 40 mm zosta\u0142 zaprojektowany, aby zaoszcz\u0119dzi\u0107 czas funkcjonariuszy organ\u00f3w \u015bcigania i poprawi\u0107 wydajno\u015b\u0107 w terenie.<br data-start=\"517\" data-end=\"520\" \/>Niezale\u017cnie od tego, czy jeste\u015b policjantem, \u017candarmem czy prywatnym ochroniarzem, to akcesorium pozwala ci nosi\u0107<strong data-start=\"547\" data-end=\"576\"> 3 sztuki amunicji 40 mm<\/strong> na uchwycie broni, zapewniaj\u0105c jednocze\u015bnie szybki dost\u0119p podczas operacji.<\/p>\n<p data-start=\"691\" data-end=\"949\">\"Lewostronna\" wersja pasa nabojowego pozwala na z\u0142o\u017cenie kolby LBD bez demonta\u017cu, dostosowuj\u0105c si\u0119 do konfiguracji operacyjnej.<br data-start=\"789\" data-end=\"792\" \/>Wyprodukowano w <strong data-start=\"805\" data-end=\"830\">ultra odporny nylon<\/strong>ten pasek naboju jest <strong data-start=\"855\" data-end=\"899\">w ca\u0142o\u015bci zaprojektowany i wyprodukowany we Francji<\/strong>gwarantuj\u0105c jako\u015b\u0107, trwa\u0142o\u015b\u0107 i identyfikowalno\u015b\u0107.<\/p>\n<hr data-start=\"951\" data-end=\"954\" \/>\n<h2 style=\"text-align: center;\" data-start=\"956\" data-end=\"1017\">Dane techniczne paska nabojowego LBD 40 mm<\/h2>\n<ul data-start=\"1018\" data-end=\"1524\">\n<li data-start=\"1018\" data-end=\"1107\">\n<p data-start=\"1020\" data-end=\"1107\"><strong data-start=\"1020\" data-end=\"1034\">Pojemno\u015b\u0107 :<\/strong> 3 sztuki amunicji kalibru 40 mm do wyrzutni <a href=\"https:\/\/bt-ag.ch\/en\/produkt\/bt-launcher-gl06-black-cal-40-mm\/\" target=\"_blank\" rel=\"noopener\">GL06<\/a><\/p>\n<\/li>\n<li data-start=\"1108\" data-end=\"1155\">\n<p data-start=\"1110\" data-end=\"1155\"><strong data-start=\"1110\" data-end=\"1136\">Wszechstronno\u015b\u0107 :<\/strong> Umo\u017cliwia z\u0142o\u017cenie kolby LBD bez u\u017cycia narz\u0119dzi.<\/p>\n<\/li>\n<li data-start=\"1156\" data-end=\"1219\">\n<p data-start=\"1158\" data-end=\"1219\"><strong data-start=\"1158\" data-end=\"1172\">Monta\u017c :<\/strong> W zestawie 3 \u015bruby<\/p>\n<\/li>\n<li data-start=\"1220\" data-end=\"1280\">\n<p data-start=\"1222\" data-end=\"1280\"><strong data-start=\"1222\" data-end=\"1237\">Retencja :<\/strong> Pasywny<\/p>\n<\/li>\n<li data-start=\"1281\" data-end=\"1364\">\n<p data-start=\"1283\" data-end=\"1364\"><strong data-start=\"1283\" data-end=\"1297\">Materia\u0142 :<\/strong> Nylon wzmocniony w\u0142\u00f3knem w\u0119glowym, odporny na uderzenia, rozpuszczalniki i ekstremalne temperatury (-40\u00b0 \/ 160\u00b0C)<\/p>\n<\/li>\n<li data-start=\"1365\" data-end=\"1410\">\n<p data-start=\"1367\" data-end=\"1410\"><strong data-start=\"1367\" data-end=\"1384\">Produkcja :<\/strong> 100 % wyprodukowano we Francji<\/p>\n<\/li>\n<li data-start=\"1411\" data-end=\"1449\">\n<p data-start=\"1413\" data-end=\"1449\"><strong data-start=\"1413\" data-end=\"1437\">Waga :<\/strong> <span class=\"NA6bn BxUVEf ILfuVd\" lang=\"en\"><span class=\"hgKElc pOOWX\">\u2264<\/span><\/span> 170 g<\/p>\n<\/li>\n<li data-start=\"1450\" data-end=\"1524\">\n<p data-start=\"1452\" data-end=\"1524\"><strong data-start=\"1452\" data-end=\"1465\">Kolory :<\/strong> Czarny<\/p>\n<\/li>\n<\/ul>\n<hr data-start=\"1526\" data-end=\"1529\" \/>\n<h3 style=\"text-align: center;\" data-start=\"1531\" data-end=\"1554\">Kluczowe korzy\u015bci :<\/h3>\n<ul data-start=\"1555\" data-end=\"1953\">\n<li data-start=\"1555\" data-end=\"1622\">\n<p data-start=\"1557\" data-end=\"1622\">Bezpieczny transport <strong data-start=\"1585\" data-end=\"1604\">Amunicja 40 mm<\/strong> podczas podr\u00f3\u017cy<\/p>\n<\/li>\n<li data-start=\"1623\" data-end=\"1681\">\n<p data-start=\"1625\" data-end=\"1681\">\u2705 Szybki dost\u0119p do wydajnego \u0142adowania pod obci\u0105\u017ceniem<\/p>\n<\/li>\n<li data-start=\"1682\" data-end=\"1799\">\n<p data-start=\"1684\" data-end=\"1799\">Produkt <strong data-start=\"1694\" data-end=\"1715\">solidny i niezawodny<\/strong>dostosowany do wymagaj\u0105cych \u015brodowisk (miejskich, egzekwowania prawa, obszar\u00f3w wra\u017cliwych)<\/p>\n<\/li>\n<li data-start=\"1800\" data-end=\"1873\">\n<p data-start=\"1802\" data-end=\"1873\">Wersja <strong data-start=\"1812\" data-end=\"1835\">prawo- lub lewor\u0119czny<\/strong> Doskona\u0142a ergonomia dla strzelc\u00f3w<\/p>\n<\/li>\n<li data-start=\"1874\" data-end=\"1953\">\n<p data-start=\"1876\" data-end=\"1953\">Design 100 % French: wsparcie dla innowacji we Francji i jako\u015bci<\/p>\n<\/li>\n<\/ul>\n<hr data-start=\"1955\" data-end=\"1958\" \/>\n<h3 style=\"text-align: center;\" data-start=\"1960\" data-end=\"1991\">U\u017cytkownicy, kt\u00f3rych to dotyczy:<\/h3>\n<ul data-start=\"1992\" data-end=\"2171\">\n<li data-start=\"1992\" data-end=\"2036\">\n<p data-start=\"1994\" data-end=\"2036\">Egzekwowanie prawa - policja krajowa (BAC, CRS itp.) i policja miejska, \u017candarmeria krajowa (PSIG, PI2G, GM itp.).<\/p>\n<\/li>\n<li data-start=\"2076\" data-end=\"2119\">\n<p data-start=\"2078\" data-end=\"2119\">Wyspecjalizowane jednostki interwencyjne (BRI, GIGN, RAID itp.).<\/p>\n<\/li>\n<\/ul>\n<hr \/>\n<p>Odkryj r\u00f3wnie\u017c nasze <a href=\"https:\/\/ragwinn.com\/pl\/produit\/pieta-3-sig-sauer-sp2022\/\" target=\"_blank\" rel=\"noopener\">pi\u0119ta +3 dla Sig Pro 2022<\/a> aby doda\u0107 3 dodatkowe naboje do magazynka, zachowuj\u0105c oryginaln\u0105 spr\u0119\u017cyn\u0119.<\/p>","protected":false},"excerpt":{"rendered":"<p>Uchwyt kartrid\u017ca 40 mm do LBD GL06.<br \/>\nDost\u0119pny w 3 wersjach:<br \/>\n- Po lewej stronie kolby (3 rundy + sk\u0142adana kolba).<br \/>\n- Po prawej stronie kolby (3 \u0142atwo dost\u0119pne naboje).<br \/>\n- Po obu stronach kolby (6 sztuk amunicji w zasi\u0119gu r\u0119ki dla wi\u0119kszej skuteczno\u015bci operacyjnej).<\/p>","protected":false},"featured_media":3208,"comment_status":"open","ping_status":"closed","template":"","meta":{"ocean_post_layout":"","ocean_both_sidebars_style":"","ocean_both_sidebars_content_width":0,"ocean_both_sidebars_sidebars_width":0,"ocean_sidebar":"0","ocean_second_sidebar":"0","ocean_disable_margins":"enable","ocean_add_body_class":"","ocean_shortcode_before_top_bar":"","ocean_shortcode_after_top_bar":"","ocean_shortcode_before_header":"","ocean_shortcode_after_header":"","ocean_has_shortcode":"","ocean_shortcode_after_title":"","ocean_shortcode_before_footer_widgets":"","ocean_shortcode_after_footer_widgets":"","ocean_shortcode_before_footer_bottom":"","ocean_shortcode_after_footer_bottom":"","ocean_display_top_bar":"default","ocean_display_header":"default","ocean_header_style":"","ocean_center_header_left_menu":"0","ocean_custom_header_template":"0","ocean_custom_logo":0,"ocean_custom_retina_logo":0,"ocean_custom_logo_max_width":0,"ocean_custom_logo_tablet_max_width":0,"ocean_custom_logo_mobile_max_width":0,"ocean_custom_logo_max_height":0,"ocean_custom_logo_tablet_max_height":0,"ocean_custom_logo_mobile_max_height":0,"ocean_header_custom_menu":"0","ocean_menu_typo_font_family":"0","ocean_menu_typo_font_subset":"","ocean_menu_typo_font_size":0,"ocean_menu_typo_font_size_tablet":0,"ocean_menu_typo_font_size_mobile":0,"ocean_menu_typo_font_size_unit":"px","ocean_menu_typo_font_weight":"","ocean_menu_typo_font_weight_tablet":"","ocean_menu_typo_font_weight_mobile":"","ocean_menu_typo_transform":"","ocean_menu_typo_transform_tablet":"","ocean_menu_typo_transform_mobile":"","ocean_menu_typo_line_height":0,"ocean_menu_typo_line_height_tablet":0,"ocean_menu_typo_line_height_mobile":0,"ocean_menu_typo_line_height_unit":"","ocean_menu_typo_spacing":0,"ocean_menu_typo_spacing_tablet":0,"ocean_menu_typo_spacing_mobile":0,"ocean_menu_typo_spacing_unit":"","ocean_menu_link_color":"","ocean_menu_link_color_hover":"","ocean_menu_link_color_active":"","ocean_menu_link_background":"","ocean_menu_link_hover_background":"","ocean_menu_link_active_background":"","ocean_menu_social_links_bg":"","ocean_menu_social_hover_links_bg":"","ocean_menu_social_links_color":"","ocean_menu_social_hover_links_color":"","ocean_disable_title":"default","ocean_disable_heading":"default","ocean_post_title":"","ocean_post_subheading":"","ocean_post_title_style":"","ocean_post_title_background_color":"","ocean_post_title_background":0,"ocean_post_title_bg_image_position":"","ocean_post_title_bg_image_attachment":"","ocean_post_title_bg_image_repeat":"","ocean_post_title_bg_image_size":"","ocean_post_title_height":0,"ocean_post_title_bg_overlay":0.5,"ocean_post_title_bg_overlay_color":"","ocean_disable_breadcrumbs":"default","ocean_breadcrumbs_color":"","ocean_breadcrumbs_separator_color":"","ocean_breadcrumbs_links_color":"","ocean_breadcrumbs_links_hover_color":"","ocean_display_footer_widgets":"default","ocean_display_footer_bottom":"default","ocean_custom_footer_template":"0"},"product_brand":[],"product_cat":[104,43],"product_tag":[95,125,123,86,124],"class_list":{"0":"post-3147","1":"product","2":"type-product","3":"status-publish","4":"has-post-thumbnail","6":"product_cat-extension-chargeur","7":"product_cat-ragwinn-tactics","8":"product_tag-gendarmerie","9":"product_tag-maintien-de-lordre","10":"product_tag-munitions","11":"product_tag-police","12":"product_tag-rechargement","13":"product_shipping_class-produit-leger-500g","15":"entry","16":"has-media","18":"first","19":"instock","20":"taxable","21":"shipping-taxable","22":"purchasable","23":"product-type-variable","24":"has-default-attributes","25":"col","26":"span_1_of_4","27":"owp-content-center","28":"item-entry","29":"owp-thumbs-layout-horizontal","30":"owp-btn-big","31":"owp-tabs-layout-horizontal"},"_links":{"self":[{"href":"https:\/\/ragwinn.com\/pl\/wp-json\/wp\/v2\/product\/3147","targetHints":{"allow":["GET"]}}],"collection":[{"href":"https:\/\/ragwinn.com\/pl\/wp-json\/wp\/v2\/product"}],"about":[{"href":"https:\/\/ragwinn.com\/pl\/wp-json\/wp\/v2\/types\/product"}],"replies":[{"embeddable":true,"href":"https:\/\/ragwinn.com\/pl\/wp-json\/wp\/v2\/comments?post=3147"}],"version-history":[{"count":4,"href":"https:\/\/ragwinn.com\/pl\/wp-json\/wp\/v2\/product\/3147\/revisions"}],"predecessor-version":[{"id":4262,"href":"https:\/\/ragwinn.com\/pl\/wp-json\/wp\/v2\/product\/3147\/revisions\/4262"}],"wp:featuredmedia":[{"embeddable":true,"href":"https:\/\/ragwinn.com\/pl\/wp-json\/wp\/v2\/media\/3208"}],"wp:attachment":[{"href":"https:\/\/ragwinn.com\/pl\/wp-json\/wp\/v2\/media?parent=3147"}],"wp:term":[{"taxonomy":"product_brand","embeddable":true,"href":"https:\/\/ragwinn.com\/pl\/wp-json\/wp\/v2\/product_brand?post=3147"},{"taxonomy":"product_cat","embeddable":true,"href":"https:\/\/ragwinn.com\/pl\/wp-json\/wp\/v2\/product_cat?post=3147"},{"taxonomy":"product_tag","embeddable":true,"href":"https:\/\/ragwinn.com\/pl\/wp-json\/wp\/v2\/product_tag?post=3147"}],"curies":[{"name":"wp","href":"https:\/\/api.w.org\/{rel}","templated":true}]}}