{"id":2657,"date":"2025-03-12T11:33:33","date_gmt":"2025-03-12T10:33:33","guid":{"rendered":"https:\/\/ragwinn.com\/?post_type=product&#038;p=2657"},"modified":"2026-05-05T18:03:08","modified_gmt":"2026-05-05T16:03:08","slug":"magwell-glock-19-gen-5","status":"publish","type":"product","link":"https:\/\/ragwinn.com\/pl\/produit\/magwell-glock-19-gen-5","title":{"rendered":"Lejek magazynka Glock 19"},"content":{"rendered":"<h1 style=\"text-align: center;\" data-pm-slice=\"1 1 []\"><strong>Lejek magazynka Glock 19<\/strong><\/h1>\n<h3 style=\"text-align: center;\"><strong>\" <\/strong><strong>Optymalizacja prze\u0142adowania i uchwytu <\/strong><strong>\"<\/strong><\/h3>\n<p>Popraw szybko\u015b\u0107 i p\u0142ynno\u015b\u0107 prze\u0142adowywania dzi\u0119ki temu magwellowi do Glocka 19 Gen 5.<br \/>\nDzi\u0119ki du\u017cej powierzchni wej\u015bcia magazynek ten optymalizuje wprowadzanie magazynka do komory nabojowej, oferuj\u0105c szybkie, p\u0142ynne i instynktowne prze\u0142adowanie.<br \/>\nZaprojektowany zar\u00f3wno do u\u017cytku operacyjnego, jak i sportowego, poprawia chwyt i pomaga obni\u017cy\u0107 o\u015b lufy, optymalizuj\u0105c kontrol\u0119 odrzutu i celno\u015b\u0107 strzelania.<\/p>\n<h2 style=\"text-align: center;\"><strong>Dlaczego warto wybra\u0107 nasz magazynek Glock 19 Gen 5?<\/strong><\/h2>\n<ul>\n<li><strong>Przyspieszone \u0142adowanie<\/strong> Konstrukcja w kszta\u0142cie lejka (k\u0105t do 95\u00b0) naturalnie prowadzi \u0142adowark\u0119, umo\u017cliwiaj\u0105c jej szybkie wprowadzenie.<\/li>\n<li><strong>Zaprojektowany dla strzelca:<\/strong> Pasek na plecy i pasek na r\u0119k\u0119 s\u0105 kompatybilne dzi\u0119ki zapewnionemu miejscu.<\/li>\n<li><strong>Rozszerzona kompatybilno\u015b\u0107<\/strong> Wsp\u00f3\u0142pracuje z Glock, Magpul GL9 PMAG (<a href=\"https:\/\/ragwinn.com\/pl\/produit\/talon-2-pmag-magpul-gl9-glock-17-19-19x-26-45\/\" target=\"_blank\" rel=\"noopener\">+2 obcasy dost\u0119pne tutaj<\/a>), Fab Defense i Sgm Tactical.<\/li>\n<li><strong>Szybka i bezpieczna instalacja<\/strong> Monta\u017c przez przykr\u0119cenie, bez modyfikacji broni.<\/li>\n<li><strong>Wytrzyma\u0142o\u015b\u0107 i lekko\u015b\u0107<\/strong> Wykonany we Francji ze wzmocnionego polimeru, jest odporny na wstrz\u0105sy, ekstremalne temperatury (od -40\u00b0C do +160\u00b0C), rozpuszczalniki i promienie UV, a wa\u017cy mniej ni\u017c 9 g.<\/li>\n<li><strong>Zaprojektowany do u\u017cytku operacyjnego<\/strong> Przetestowany i zatwierdzony przez kilka jednostek strzeleckich i instruktor\u00f3w, a tak\u017ce doceniony przez niekt\u00f3rych profesjonalist\u00f3w za sw\u00f3j niskoprofilowy wygl\u0105d.<\/li>\n<\/ul>\n<h2 style=\"text-align: center;\"><strong>Szybka instalacja w 4 krokach:<\/strong><\/h2>\n<ol start=\"1\" data-spread=\"false\">\n<li>W\u0142\u00f3\u017c wk\u0142adk\u0119 do kolby Glocka 19 Gen 5.<\/li>\n<li>Umie\u015b\u0107 wn\u0119k\u0119 na magazynek Glocka 19 wok\u00f3\u0142 otworu na magazynek.<\/li>\n<li>Popchnij go do ty\u0142u, a\u017c zatrza\u015bnie si\u0119 we wk\u0142adce.<\/li>\n<li>Dokr\u0119ci\u0107 tyln\u0105 cz\u0119\u015b\u0107 i \u015brub\u0119 do momentu osi\u0105gni\u0119cia wytrzyma\u0142o\u015bci mechanicznej.<\/li>\n<\/ol>\n<p>Magazynek jest gotowy do u\u017cycia!<\/p>\n<h2 style=\"text-align: center;\"><strong>Kompatybilno\u015b\u0107 z magwellem :<\/strong><\/h2>\n<p>Kompatybilny z modelami Glock 19 i 23 Gen 5.<strong><br \/>\n<\/strong>Wersja Magwell <a href=\"https:\/\/ragwinn.com\/pl\/produit\/magwell-glock-17-45-34-gen-5\/\" target=\"_blank\" rel=\"noopener\">Glock 17, 45 i 34 Gen5 dost\u0119pne tutaj<\/a>.<br \/>\nWersja Magwell <a href=\"https:\/\/ragwinn.com\/pl\/produit\/magwell-glock-43x\/\" target=\"_blank\" rel=\"noopener\">Glock 43X dost\u0119pny tutaj<\/a>.<br \/>\nNie jest kompatybilny z Glock 17\/19X\/34\/45 Gen 5, Glock kalibru .45 i generacjami od 1 do 4.<\/p>\n<h3 style=\"text-align: center;\"><strong>Niezb\u0119dne akcesorium dla posiadaczy Glocka 19<\/strong><\/h3>\n<p>Niezale\u017cnie od tego, czy jeste\u015b profesjonalist\u0105, czy zapalonym strzelcem, ten magazynek Glock 19 Gen5 jest sprzymierze\u0144cem z wyboru. Jego zoptymalizowana ergonomia poprawia chwyt i kontrol\u0119 nad broni\u0105, a niskoprofilowe wymiary i materia\u0142 poch\u0142aniaj\u0105cy promienie podczerwone (IR) b\u0119d\u0105 atutem podczas dyskretnych misji.<\/p>\n<p>Dowiedz si\u0119 wi\u0119cej o naszej ofercie <a href=\"https:\/\/ragwinn.com\/pl\/produit\/pieta-2-magazynki-glock-9x19\/\" target=\"_blank\" rel=\"noopener\">\u0142adowarka do Glocka<\/a> i <a href=\"https:\/\/ragwinn.com\/pl\/produit\/talon-2-pmag-magpul-gl9-glock-17-19-19x-26-45\/\" target=\"_blank\" rel=\"noopener\">Magpul PMAG 17 GL9<\/a> aby zwi\u0119kszy\u0107 swoj\u0105 pojemno\u015b\u0107.<\/p>\n<p>Wi\u0119cej informacji o tym, jak wybra\u0107 magwell <a href=\"https:\/\/crealib3d.com\/quest-ce-quun-magwell-et-pourquoi-en-utiliser\" target=\"_blank\" rel=\"noreferrer noopener\">tutaj<\/a>\u00a0(w j\u0119zyku francuskim) i\u00a0<a href=\"https:\/\/www.anrkydexholsters.com\/what-is-a-magwell-why-do-they-matter\/\" target=\"_blank\" rel=\"noreferrer noopener\">tutaj<\/a>\u00a0(w j\u0119zyku angielskim).<\/p>\n<p style=\"text-align: center;\"><strong>Wyposa\u017c swojego Glocka 19 Gen 5 w magazynek Ragwinn i b\u0105d\u017a bardziej wydajny za ka\u017cdym razem, gdy prze\u0142adowujesz.<\/strong><\/p>","protected":false},"excerpt":{"rendered":"<p>Wn\u0119ka na magazynek do Glocka 19 Gen 5 optymalizuje prze\u0142adowanie, oferuj\u0105c lepszy k\u0105t wprowadzania magazynka.<br \/>\nKompatybilny z Glock 19 i 23 Gen5, umo\u017cliwia korzystanie z tylnego paska i paska na r\u0119k\u0119.<br \/>\nKonstrukcja magazynka jest zoptymalizowana pod k\u0105tem u\u017cytkowania operacyjnego.<\/p>","protected":false},"featured_media":2659,"comment_status":"open","ping_status":"closed","template":"","meta":{"ocean_post_layout":"","ocean_both_sidebars_style":"","ocean_both_sidebars_content_width":0,"ocean_both_sidebars_sidebars_width":0,"ocean_sidebar":"0","ocean_second_sidebar":"0","ocean_disable_margins":"enable","ocean_add_body_class":"","ocean_shortcode_before_top_bar":"","ocean_shortcode_after_top_bar":"","ocean_shortcode_before_header":"","ocean_shortcode_after_header":"","ocean_has_shortcode":"","ocean_shortcode_after_title":"","ocean_shortcode_before_footer_widgets":"","ocean_shortcode_after_footer_widgets":"","ocean_shortcode_before_footer_bottom":"","ocean_shortcode_after_footer_bottom":"","ocean_display_top_bar":"default","ocean_display_header":"default","ocean_header_style":"","ocean_center_header_left_menu":"0","ocean_custom_header_template":"0","ocean_custom_logo":0,"ocean_custom_retina_logo":0,"ocean_custom_logo_max_width":0,"ocean_custom_logo_tablet_max_width":0,"ocean_custom_logo_mobile_max_width":0,"ocean_custom_logo_max_height":0,"ocean_custom_logo_tablet_max_height":0,"ocean_custom_logo_mobile_max_height":0,"ocean_header_custom_menu":"0","ocean_menu_typo_font_family":"0","ocean_menu_typo_font_subset":"","ocean_menu_typo_font_size":0,"ocean_menu_typo_font_size_tablet":0,"ocean_menu_typo_font_size_mobile":0,"ocean_menu_typo_font_size_unit":"px","ocean_menu_typo_font_weight":"","ocean_menu_typo_font_weight_tablet":"","ocean_menu_typo_font_weight_mobile":"","ocean_menu_typo_transform":"","ocean_menu_typo_transform_tablet":"","ocean_menu_typo_transform_mobile":"","ocean_menu_typo_line_height":0,"ocean_menu_typo_line_height_tablet":0,"ocean_menu_typo_line_height_mobile":0,"ocean_menu_typo_line_height_unit":"","ocean_menu_typo_spacing":0,"ocean_menu_typo_spacing_tablet":0,"ocean_menu_typo_spacing_mobile":0,"ocean_menu_typo_spacing_unit":"","ocean_menu_link_color":"","ocean_menu_link_color_hover":"","ocean_menu_link_color_active":"","ocean_menu_link_background":"","ocean_menu_link_hover_background":"","ocean_menu_link_active_background":"","ocean_menu_social_links_bg":"","ocean_menu_social_hover_links_bg":"","ocean_menu_social_links_color":"","ocean_menu_social_hover_links_color":"","ocean_disable_title":"default","ocean_disable_heading":"default","ocean_post_title":"","ocean_post_subheading":"","ocean_post_title_style":"","ocean_post_title_background_color":"","ocean_post_title_background":0,"ocean_post_title_bg_image_position":"","ocean_post_title_bg_image_attachment":"","ocean_post_title_bg_image_repeat":"","ocean_post_title_bg_image_size":"","ocean_post_title_height":0,"ocean_post_title_bg_overlay":0.5,"ocean_post_title_bg_overlay_color":"","ocean_disable_breadcrumbs":"default","ocean_breadcrumbs_color":"","ocean_breadcrumbs_separator_color":"","ocean_breadcrumbs_links_color":"","ocean_breadcrumbs_links_hover_color":"","ocean_display_footer_widgets":"default","ocean_display_footer_bottom":"default","ocean_custom_footer_template":"0"},"product_brand":[],"product_cat":[85,43],"product_tag":[33,22,77,86],"class_list":{"0":"post-2657","1":"product","2":"type-product","3":"status-publish","4":"has-post-thumbnail","6":"product_cat-magwell","7":"product_cat-ragwinn-tactics","8":"product_tag-armee","9":"product_tag-glock","10":"product_tag-magwell","11":"product_tag-police","12":"product_shipping_class-produit-leger-500g","14":"entry","15":"has-media","17":"first","18":"instock","19":"taxable","20":"shipping-taxable","21":"purchasable","22":"product-type-simple","23":"col","24":"span_1_of_4","25":"owp-content-center","26":"item-entry","27":"owp-thumbs-layout-horizontal","28":"owp-btn-big","29":"owp-tabs-layout-horizontal"},"_links":{"self":[{"href":"https:\/\/ragwinn.com\/pl\/wp-json\/wp\/v2\/product\/2657","targetHints":{"allow":["GET"]}}],"collection":[{"href":"https:\/\/ragwinn.com\/pl\/wp-json\/wp\/v2\/product"}],"about":[{"href":"https:\/\/ragwinn.com\/pl\/wp-json\/wp\/v2\/types\/product"}],"replies":[{"embeddable":true,"href":"https:\/\/ragwinn.com\/pl\/wp-json\/wp\/v2\/comments?post=2657"}],"version-history":[{"count":3,"href":"https:\/\/ragwinn.com\/pl\/wp-json\/wp\/v2\/product\/2657\/revisions"}],"predecessor-version":[{"id":4355,"href":"https:\/\/ragwinn.com\/pl\/wp-json\/wp\/v2\/product\/2657\/revisions\/4355"}],"wp:featuredmedia":[{"embeddable":true,"href":"https:\/\/ragwinn.com\/pl\/wp-json\/wp\/v2\/media\/2659"}],"wp:attachment":[{"href":"https:\/\/ragwinn.com\/pl\/wp-json\/wp\/v2\/media?parent=2657"}],"wp:term":[{"taxonomy":"product_brand","embeddable":true,"href":"https:\/\/ragwinn.com\/pl\/wp-json\/wp\/v2\/product_brand?post=2657"},{"taxonomy":"product_cat","embeddable":true,"href":"https:\/\/ragwinn.com\/pl\/wp-json\/wp\/v2\/product_cat?post=2657"},{"taxonomy":"product_tag","embeddable":true,"href":"https:\/\/ragwinn.com\/pl\/wp-json\/wp\/v2\/product_tag?post=2657"}],"curies":[{"name":"wp","href":"https:\/\/api.w.org\/{rel}","templated":true}]}}