{"id":2420,"date":"2025-02-19T11:28:17","date_gmt":"2025-02-19T10:28:17","guid":{"rendered":"https:\/\/ragwinn.com\/?post_type=product&#038;p=2420"},"modified":"2026-05-04T18:47:07","modified_gmt":"2026-05-04T16:47:07","slug":"pieta-3-sp2022","status":"publish","type":"product","link":"https:\/\/ragwinn.com\/pl\/produit\/talon-3-sp2022","title":{"rendered":"Przedluzka +3 SP2022"},"content":{"rendered":"<h1 style=\"text-align: center;\"><strong>Pi\u0119ta +3 SP2022<\/strong><\/h1>\n<p data-start=\"232\" data-end=\"522\">Zmaksymalizuj pojemno\u015b\u0107 magazynka, dodaj\u0105c 3 dodatkowe naboje, zachowuj\u0105c oryginaln\u0105 spr\u0119\u017cyn\u0119.<br \/>\nTo zaprojektowane z my\u015bl\u0105 o optymalnej ergonomii akcesorium poprawia chwyt i u\u0142atwia od\u0142\u0105czanie \u0142adowarki.<br \/>\nJego teksturowane t\u0142o pozwala r\u00f3wnie\u017c na zapisanie na nim numeru w celu szybkiej identyfikacji.<\/p>\n<h2 style=\"text-align: center;\" data-start=\"746\" data-end=\"816\"><strong data-start=\"750\" data-end=\"814\">Dlaczego warto wybra\u0107 nasz\u0105 \u0142adowark\u0119 do SP2022?<\/strong><\/h2>\n<ul>\n<li><strong data-start=\"507\" data-end=\"529\">Zwi\u0119kszona pojemno\u015b\u0107<\/strong> Dodaje 3 naboje do magazynka, co jest zalet\u0105 zar\u00f3wno podczas zawod\u00f3w, jak i w trudnych sytuacjach.<\/li>\n<li><strong data-start=\"627\" data-end=\"650\">Zoptymalizowana ergonomia<\/strong> Jego boczna konstrukcja u\u0142atwia obs\u0142ug\u0119 i wyci\u0105ganie.<\/li>\n<li><strong data-start=\"718\" data-end=\"741\">Solidna konstrukcja<\/strong> Zaprojektowany we Francji ze wzmocnionego polimeru, kt\u00f3ry jest odporny na uderzenia i zu\u017cycie.<\/li>\n<li><strong data-start=\"825\" data-end=\"844\">Mo\u017cliwo\u015b\u0107 dostosowania<\/strong> Ponumeruj magazyny markerem Posca lub o\u0142\u00f3wkiem.<\/li>\n<li><strong data-start=\"919\" data-end=\"942\">Szybka instalacja<\/strong> \u0141atwy monta\u017c za pomoc\u0105 \u015bruby, bez konieczno\u015bci modyfikacji oryginalnej \u0142adowarki.<\/li>\n<\/ul>\n<p><em>Uwaga: W zestawie znajduje si\u0119 tylko ko\u0144c\u00f3wka \u0142adowarki i \u015bruby.<\/em><\/p>\n<p>Odkryj r\u00f3wnie\u017c nasze <a href=\"https:\/\/ragwinn.com\/pl\/etiquette-produit\/rozszerzenie\/\" target=\"_blank\" rel=\"noopener\">przed\u0142u\u017cenie magazynka do Glocka.<\/a><\/p>\n<p>Uwaga:<br \/>\nPrzed z\u0142o\u017ceniem zam\u00f3wienia nale\u017cy zapozna\u0107 si\u0119 z przepisami obowi\u0105zuj\u0105cymi w danym kraju\/regionie.<br \/>\nWe Francji w listopadzie 2024 r. maksymalna pojemno\u015b\u0107 magazynka pistoletu sklasyfikowanego w kategorii B-1 nie mo\u017ce przekracza\u0107 20 naboj\u00f3w. Powy\u017cej tej warto\u015bci magazynek zostanie przeklasyfikowany do kategorii A1 8, zarezerwowanej dla strzelc\u00f3w TSV (<a href=\"https:\/\/www.legifrance.gouv.fr\/codes\/article_lc\/LEGIARTI000037144152\" target=\"_blank\" rel=\"noreferrer noopener\">R312-45-1<\/a>).<br \/>\nProduit destin\u00e9 \u00e0 un usage en stand type FFT.<br \/>\nPolicier, gendarme, militaire ou douanier, v\u00e9rifiez les r\u00e9glementations concernant les modifications de l&rsquo;arme administrative avant l&rsquo;ajout d&rsquo;un talon +3 SP2022.<br \/>\n<strong>Produit uniquement destin\u00e9 \u00e0 un usage en stand de tir type FFT<\/strong>.<\/p>","protected":false},"excerpt":{"rendered":"<div class=\"woocommerce-product-details__short-description\">\n<p data-start=\"0\" data-end=\"92\">Ten przedluzka zwi\u0119ksza pojemno\u015b\u0107 magazynka SP2022 o 3 dodatkowe naboje.<\/p>\n<p data-start=\"194\" data-end=\"358\">Podstawa przedluzka zosta\u0142a specjalnie zaprojektowana, aby umo\u017cliwi\u0107 numerowanie magazynk\u00f3w.<\/p>\n<\/div>","protected":false},"featured_media":2727,"comment_status":"open","ping_status":"closed","template":"","meta":{"ocean_post_layout":"","ocean_both_sidebars_style":"","ocean_both_sidebars_content_width":0,"ocean_both_sidebars_sidebars_width":0,"ocean_sidebar":"0","ocean_second_sidebar":"0","ocean_disable_margins":"enable","ocean_add_body_class":"","ocean_shortcode_before_top_bar":"","ocean_shortcode_after_top_bar":"","ocean_shortcode_before_header":"","ocean_shortcode_after_header":"","ocean_has_shortcode":"","ocean_shortcode_after_title":"","ocean_shortcode_before_footer_widgets":"","ocean_shortcode_after_footer_widgets":"","ocean_shortcode_before_footer_bottom":"","ocean_shortcode_after_footer_bottom":"","ocean_display_top_bar":"default","ocean_display_header":"default","ocean_header_style":"","ocean_center_header_left_menu":"0","ocean_custom_header_template":"0","ocean_custom_logo":0,"ocean_custom_retina_logo":0,"ocean_custom_logo_max_width":0,"ocean_custom_logo_tablet_max_width":0,"ocean_custom_logo_mobile_max_width":0,"ocean_custom_logo_max_height":0,"ocean_custom_logo_tablet_max_height":0,"ocean_custom_logo_mobile_max_height":0,"ocean_header_custom_menu":"0","ocean_menu_typo_font_family":"0","ocean_menu_typo_font_subset":"","ocean_menu_typo_font_size":0,"ocean_menu_typo_font_size_tablet":0,"ocean_menu_typo_font_size_mobile":0,"ocean_menu_typo_font_size_unit":"px","ocean_menu_typo_font_weight":"","ocean_menu_typo_font_weight_tablet":"","ocean_menu_typo_font_weight_mobile":"","ocean_menu_typo_transform":"","ocean_menu_typo_transform_tablet":"","ocean_menu_typo_transform_mobile":"","ocean_menu_typo_line_height":0,"ocean_menu_typo_line_height_tablet":0,"ocean_menu_typo_line_height_mobile":0,"ocean_menu_typo_line_height_unit":"","ocean_menu_typo_spacing":0,"ocean_menu_typo_spacing_tablet":0,"ocean_menu_typo_spacing_mobile":0,"ocean_menu_typo_spacing_unit":"","ocean_menu_link_color":"","ocean_menu_link_color_hover":"","ocean_menu_link_color_active":"","ocean_menu_link_background":"","ocean_menu_link_hover_background":"","ocean_menu_link_active_background":"","ocean_menu_social_links_bg":"","ocean_menu_social_hover_links_bg":"","ocean_menu_social_links_color":"","ocean_menu_social_hover_links_color":"","ocean_disable_title":"default","ocean_disable_heading":"default","ocean_post_title":"","ocean_post_subheading":"","ocean_post_title_style":"","ocean_post_title_background_color":"","ocean_post_title_background":0,"ocean_post_title_bg_image_position":"","ocean_post_title_bg_image_attachment":"","ocean_post_title_bg_image_repeat":"","ocean_post_title_bg_image_size":"","ocean_post_title_height":0,"ocean_post_title_bg_overlay":0.5,"ocean_post_title_bg_overlay_color":"","ocean_disable_breadcrumbs":"default","ocean_breadcrumbs_color":"","ocean_breadcrumbs_separator_color":"","ocean_breadcrumbs_links_color":"","ocean_breadcrumbs_links_hover_color":"","ocean_display_footer_widgets":"default","ocean_display_footer_bottom":"default","ocean_custom_footer_template":"0"},"product_brand":[],"product_cat":[17],"product_tag":[],"class_list":{"0":"post-2420","1":"product","2":"type-product","3":"status-publish","4":"has-post-thumbnail","6":"product_cat-ragwinn-hobby","7":"product_shipping_class-produit-leger-500g","9":"entry","10":"has-media","12":"first","13":"instock","14":"sale","15":"taxable","16":"shipping-taxable","17":"purchasable","18":"product-type-simple","19":"has-rating","20":"col","21":"span_1_of_4","22":"owp-content-center","23":"item-entry","24":"owp-thumbs-layout-horizontal","25":"owp-btn-big","26":"owp-tabs-layout-horizontal"},"_links":{"self":[{"href":"https:\/\/ragwinn.com\/pl\/wp-json\/wp\/v2\/product\/2420","targetHints":{"allow":["GET"]}}],"collection":[{"href":"https:\/\/ragwinn.com\/pl\/wp-json\/wp\/v2\/product"}],"about":[{"href":"https:\/\/ragwinn.com\/pl\/wp-json\/wp\/v2\/types\/product"}],"replies":[{"embeddable":true,"href":"https:\/\/ragwinn.com\/pl\/wp-json\/wp\/v2\/comments?post=2420"}],"version-history":[{"count":8,"href":"https:\/\/ragwinn.com\/pl\/wp-json\/wp\/v2\/product\/2420\/revisions"}],"predecessor-version":[{"id":4230,"href":"https:\/\/ragwinn.com\/pl\/wp-json\/wp\/v2\/product\/2420\/revisions\/4230"}],"wp:featuredmedia":[{"embeddable":true,"href":"https:\/\/ragwinn.com\/pl\/wp-json\/wp\/v2\/media\/2727"}],"wp:attachment":[{"href":"https:\/\/ragwinn.com\/pl\/wp-json\/wp\/v2\/media?parent=2420"}],"wp:term":[{"taxonomy":"product_brand","embeddable":true,"href":"https:\/\/ragwinn.com\/pl\/wp-json\/wp\/v2\/product_brand?post=2420"},{"taxonomy":"product_cat","embeddable":true,"href":"https:\/\/ragwinn.com\/pl\/wp-json\/wp\/v2\/product_cat?post=2420"},{"taxonomy":"product_tag","embeddable":true,"href":"https:\/\/ragwinn.com\/pl\/wp-json\/wp\/v2\/product_tag?post=2420"}],"curies":[{"name":"wp","href":"https:\/\/api.w.org\/{rel}","templated":true}]}}