{"id":2326,"date":"2025-02-07T22:11:23","date_gmt":"2025-02-07T21:11:23","guid":{"rendered":"https:\/\/ragwinn.com\/?post_type=product&#038;p=2326"},"modified":"2026-05-04T18:46:51","modified_gmt":"2026-05-04T16:46:51","slug":"base-pad-2-pmag-glock-magpul-gl9","status":"publish","type":"product","link":"https:\/\/ragwinn.com\/pl\/produit\/talon-2-pmag-glock-magpul-gl9","title":{"rendered":"Przedluzka +2 PMAG Glock Magpul GL9"},"content":{"rendered":"<h1 style=\"text-align: center;\"><strong>Pi\u0119ta +2 <\/strong>PMAG Glock Magpul GL9<\/h1>\r\nTa pi\u0119tka pozwala doda\u0107 2 dodatkowe naboje do magazynka Magpul PMAG 17 GL9 przy zachowaniu oryginalnej spr\u0119\u017cyny.\r\nJej kszta\u0142t zosta\u0142 zaprojektowany z my\u015bl\u0105 o wygodnym, ergonomicznym chwycie, w r\u0119kawicach lub bez.\r\nSp\u00f3d przed\u0142u\u017cki pozwala na ponumerowanie magazynk\u00f3w w celu rozr\u00f3\u017cnienia ich podczas sesji strzeleckich.\r\n<h2 style=\"text-align: center;\"><strong>G\u0142\u00f3wne cechy:<\/strong><\/h2>\r\n<ul>\r\n \t<li><strong>Lepsza przyczepno\u015b\u0107<\/strong> Uchwyt z przodu i wg\u0142\u0119bienia po bokach zapewniaj\u0105 ergonomiczny chwyt,<\/li>\r\n \t<li><strong>Rozszerzona kompatybilno\u015b\u0107<\/strong> Kompatybilny z magazynkami Magpul PMAG GL9 do modeli Glock gen5 17, 19, 19X, 26, 34, 45 z komor\u0105 9x19mm. Nie jest kompatybilny z magazynkami slimline,<\/li>\r\n \t<li><strong>\u0141atwa instalacja<\/strong> Wystarczy usun\u0105\u0107 oryginaln\u0105 pi\u0119tk\u0119, \u015bcisn\u0105\u0107 spr\u0119\u017cyn\u0119 i zamontowa\u0107 now\u0105 pi\u0119tk\u0119. Teraz masz magazynek, kt\u00f3ry mie\u015bci 2 lub 4 dodatkowe naboje,<\/li>\r\n \t<li><strong>Produkcja wysokiej jako\u015bci <\/strong>Wykonany we Francji w naszym warsztacie obcas zosta\u0142 zaprojektowany z polimeru wzmocnionego w\u0142\u00f3knem w\u0119glowym. Jego sk\u0142ad sprawia, \u017ce jest zar\u00f3wno lekki, jak i odporny na wstrz\u0105sy do 160\u00b0C.<\/li>\r\n<\/ul>\r\n<h2 style=\"text-align: center;\"><strong>Dostosowywanie \u0142adowarki :<\/strong><\/h2>\r\n<ul>\r\n \t<li><strong>Numerowalny<\/strong> Rozszerzenie +2 umo\u017cliwia ponumerowanie \u0142adowarek. U\u017cyj markera \"posca\" lub t\u0142ustego o\u0142\u00f3wka w przewidzianych miejscach, aby \u0142atwo zidentyfikowa\u0107 ka\u017cd\u0105 \u0142adowark\u0119,<\/li>\r\n \t<li><strong>Niestandardowy lakier<\/strong> Aby jeszcze bardziej spersonalizowa\u0107 sw\u00f3j magazynek, mo\u017cesz pomalowa\u0107 go p\u0119dzlem lub sprayem. W ten spos\u00f3b mo\u017cna dopasowa\u0107 pi\u0119t\u0119 do koloru broni.<\/li>\r\n<\/ul>\r\n&nbsp;\r\n<h3><strong>Dost\u0119pne r\u00f3wnie\u017c:<\/strong><\/h3>\r\n<ul>\r\n \t<li><a href=\"https:\/\/ragwinn.com\/pl\/produit\/magwell-glock-17-45-34-gen-5\/\" target=\"_blank\" rel=\"noopener\"><strong>Magwell dla Glock 17, 45 i 34 Gen5<\/strong><\/a> Odkryj nasz magazynek do Glocka 17, 34 i 45 (gen5) ze zoptymalizowanym k\u0105tem wprowadzania zapewniaj\u0105cym superp\u0142ynne prze\u0142adowanie,<\/li>\r\n \t<li><a href=\"https:\/\/ragwinn.com\/pl\/produit\/magwell-pour-glock-43x\/\" target=\"_blank\" rel=\"noopener\"><strong>Magwell dla Glock 43X<\/strong><\/a> : Popraw chwyt i szybko\u015b\u0107 prze\u0142adowania swojego Glocka slimline dzi\u0119ki naszemu <a href=\"https:\/\/crealib3d.com\/quest-ce-quun-magwell-et-pourquoi-en-utiliser\" target=\"_blank\" rel=\"noopener\">magwell<\/a>.<\/li>\r\n<\/ul>\r\n&nbsp;\r\n\r\n<em>Uwaga: W zestawie znajduje si\u0119 tylko ko\u0144c\u00f3wka \u0142adowarki i \u015bruby.<\/em>\r\n\r\n&nbsp;\r\n\r\nOstrze\u017cenie:\r\nPrzed z\u0142o\u017ceniem zam\u00f3wienia nale\u017cy sprawdzi\u0107 przepisy obowi\u0105zuj\u0105ce w danym kraju\/regionie.\r\nWe Francji w listopadzie 2024 r. maksymalna pojemno\u015b\u0107 magazynka do pistoletu sklasyfikowanego w kategorii B-1 nie mo\u017ce przekracza\u0107 20 naboj\u00f3w. Powy\u017cej tej warto\u015bci magazynek zostanie przeklasyfikowany do kategorii A1 8, zarezerwowanej dla strzelc\u00f3w TSV (<a href=\"https:\/\/www.legifrance.gouv.fr\/codes\/article_lc\/LEGIARTI000037144152\" target=\"_blank\" rel=\"noopener\">R312-45-1<\/a>).\r\n\r\n<!-- \/wp:post-content -->","protected":false},"excerpt":{"rendered":"<p>Ten przedluzka umo\u017cliwia dodanie 2 dodatkowych naboj\u00f3w do magazynka Magpul PMAG 17 GL9 przy zachowaniu oryginalnej spr\u0119\u017cyny.<\/p>\n<p>Uchwyt jest doskonale zaprojektowany do u\u017cytku w r\u0119kawicach lub bez.<\/p>\n<p>Od spodu magazynki mo\u017cna ponumerowa\u0107 za pomoc\u0105 markera Posca lub o\u0142\u00f3wka.<\/p>","protected":false},"featured_media":2349,"comment_status":"open","ping_status":"closed","template":"","meta":{"ocean_post_layout":"","ocean_both_sidebars_style":"","ocean_both_sidebars_content_width":0,"ocean_both_sidebars_sidebars_width":0,"ocean_sidebar":"0","ocean_second_sidebar":"0","ocean_disable_margins":"enable","ocean_add_body_class":"","ocean_shortcode_before_top_bar":"","ocean_shortcode_after_top_bar":"","ocean_shortcode_before_header":"","ocean_shortcode_after_header":"","ocean_has_shortcode":"","ocean_shortcode_after_title":"","ocean_shortcode_before_footer_widgets":"","ocean_shortcode_after_footer_widgets":"","ocean_shortcode_before_footer_bottom":"","ocean_shortcode_after_footer_bottom":"","ocean_display_top_bar":"default","ocean_display_header":"default","ocean_header_style":"","ocean_center_header_left_menu":"0","ocean_custom_header_template":"0","ocean_custom_logo":0,"ocean_custom_retina_logo":0,"ocean_custom_logo_max_width":0,"ocean_custom_logo_tablet_max_width":0,"ocean_custom_logo_mobile_max_width":0,"ocean_custom_logo_max_height":0,"ocean_custom_logo_tablet_max_height":0,"ocean_custom_logo_mobile_max_height":0,"ocean_header_custom_menu":"0","ocean_menu_typo_font_family":"0","ocean_menu_typo_font_subset":"","ocean_menu_typo_font_size":0,"ocean_menu_typo_font_size_tablet":0,"ocean_menu_typo_font_size_mobile":0,"ocean_menu_typo_font_size_unit":"px","ocean_menu_typo_font_weight":"","ocean_menu_typo_font_weight_tablet":"","ocean_menu_typo_font_weight_mobile":"","ocean_menu_typo_transform":"","ocean_menu_typo_transform_tablet":"","ocean_menu_typo_transform_mobile":"","ocean_menu_typo_line_height":0,"ocean_menu_typo_line_height_tablet":0,"ocean_menu_typo_line_height_mobile":0,"ocean_menu_typo_line_height_unit":"","ocean_menu_typo_spacing":0,"ocean_menu_typo_spacing_tablet":0,"ocean_menu_typo_spacing_mobile":0,"ocean_menu_typo_spacing_unit":"","ocean_menu_link_color":"","ocean_menu_link_color_hover":"","ocean_menu_link_color_active":"","ocean_menu_link_background":"","ocean_menu_link_hover_background":"","ocean_menu_link_active_background":"","ocean_menu_social_links_bg":"","ocean_menu_social_hover_links_bg":"","ocean_menu_social_links_color":"","ocean_menu_social_hover_links_color":"","ocean_disable_title":"default","ocean_disable_heading":"default","ocean_post_title":"","ocean_post_subheading":"","ocean_post_title_style":"","ocean_post_title_background_color":"","ocean_post_title_background":0,"ocean_post_title_bg_image_position":"","ocean_post_title_bg_image_attachment":"","ocean_post_title_bg_image_repeat":"","ocean_post_title_bg_image_size":"","ocean_post_title_height":0,"ocean_post_title_bg_overlay":0.5,"ocean_post_title_bg_overlay_color":"","ocean_disable_breadcrumbs":"default","ocean_breadcrumbs_color":"","ocean_breadcrumbs_separator_color":"","ocean_breadcrumbs_links_color":"","ocean_breadcrumbs_links_hover_color":"","ocean_display_footer_widgets":"default","ocean_display_footer_bottom":"default","ocean_custom_footer_template":"0"},"product_brand":[],"product_cat":[104,17,43],"product_tag":[24,25,23,22],"class_list":{"0":"post-2326","1":"product","2":"type-product","3":"status-publish","4":"has-post-thumbnail","6":"product_cat-extension-chargeur","7":"product_cat-ragwinn-hobby","8":"product_cat-ragwinn-tactics","9":"product_tag-chargeur","10":"product_tag-chargeur-2","11":"product_tag-extension","12":"product_tag-glock","13":"product_shipping_class-produit-leger-500g","15":"entry","16":"has-media","18":"first","19":"instock","20":"featured","21":"taxable","22":"shipping-taxable","23":"purchasable","24":"product-type-simple","25":"has-rating","26":"col","27":"span_1_of_4","28":"owp-content-center","29":"item-entry","30":"owp-thumbs-layout-horizontal","31":"owp-btn-big","32":"owp-tabs-layout-horizontal"},"_links":{"self":[{"href":"https:\/\/ragwinn.com\/pl\/wp-json\/wp\/v2\/product\/2326","targetHints":{"allow":["GET"]}}],"collection":[{"href":"https:\/\/ragwinn.com\/pl\/wp-json\/wp\/v2\/product"}],"about":[{"href":"https:\/\/ragwinn.com\/pl\/wp-json\/wp\/v2\/types\/product"}],"replies":[{"embeddable":true,"href":"https:\/\/ragwinn.com\/pl\/wp-json\/wp\/v2\/comments?post=2326"}],"version-history":[{"count":1,"href":"https:\/\/ragwinn.com\/pl\/wp-json\/wp\/v2\/product\/2326\/revisions"}],"predecessor-version":[{"id":3941,"href":"https:\/\/ragwinn.com\/pl\/wp-json\/wp\/v2\/product\/2326\/revisions\/3941"}],"wp:featuredmedia":[{"embeddable":true,"href":"https:\/\/ragwinn.com\/pl\/wp-json\/wp\/v2\/media\/2349"}],"wp:attachment":[{"href":"https:\/\/ragwinn.com\/pl\/wp-json\/wp\/v2\/media?parent=2326"}],"wp:term":[{"taxonomy":"product_brand","embeddable":true,"href":"https:\/\/ragwinn.com\/pl\/wp-json\/wp\/v2\/product_brand?post=2326"},{"taxonomy":"product_cat","embeddable":true,"href":"https:\/\/ragwinn.com\/pl\/wp-json\/wp\/v2\/product_cat?post=2326"},{"taxonomy":"product_tag","embeddable":true,"href":"https:\/\/ragwinn.com\/pl\/wp-json\/wp\/v2\/product_tag?post=2326"}],"curies":[{"name":"wp","href":"https:\/\/api.w.org\/{rel}","templated":true}]}}