{"id":2324,"date":"2025-02-14T10:24:24","date_gmt":"2025-02-14T09:24:24","guid":{"rendered":"https:\/\/ragwinn.com\/?post_type=product&#038;p=2324"},"modified":"2026-05-04T18:46:38","modified_gmt":"2026-05-04T16:46:38","slug":"magwell-glock-17-45-34-gen-5","status":"publish","type":"product","link":"https:\/\/ragwinn.com\/pl\/produit\/magwell-glock-17-45-34-gen-5","title":{"rendered":"Lejek magazynka Glock 17"},"content":{"rendered":"<h1 style=\"text-align: center;\"><strong>Lejek magazynka Glock 17<\/strong><\/h1>\n<h3 style=\"text-align: center;\"><strong>\" <\/strong>Zoptymalizuj swoj\u0105 wydajno\u015b\u0107 dzi\u0119ki magwellowi zaprojektowanemu do u\u017cytku operacyjnego <strong>\"<\/strong><\/h3>\n<p>Popraw szybko\u015b\u0107 i p\u0142ynno\u015b\u0107 prze\u0142adowywania dzi\u0119ki temu magwellowi do Glocka 17.<br \/>\nZoptymalizowana konstrukcja lejka w naturalny spos\u00f3b wprowadza magazynek do komory nabojowej, umo\u017cliwiaj\u0105c szybkie i dok\u0142adne prze\u0142adowanie.<br \/>\nKompatybilny z paskiem tylnym i paskiem na r\u0119k\u0119, instaluje si\u0119 szybko bez modyfikacji.<\/p>\n<h2 style=\"text-align: center;\"><strong>Dlaczego warto wybra\u0107 nasz magwell do swojego Glocka?<\/strong><\/h2>\n<ul>\n<li><strong>Szybkie prze\u0142adowanie<\/strong> P\u0142ynne prowadzenie \u0142adowarki zapewnia bezpieczn\u0105, instynktown\u0105 zmian\u0119 obci\u0105\u017cenia.<\/li>\n<li><strong>Rozszerzona kompatybilno\u015b\u0107<\/strong> Wsp\u00f3\u0142pracuje z magazynkami Glock, Magpul GL9 PMAG, Fab Defense i innymi.<\/li>\n<li><strong>Zoptymalizowana ergonomia<\/strong> Dostosowany do tylnych pask\u00f3w dla maksymalnego komfortu w zale\u017cno\u015bci od chwytu.<\/li>\n<li><strong>Bezpieczne mocowanie<\/strong> Mocowanie \u015brubowe z otworem na pasek do u\u017cytku z kaburami o poziomach retencji od 1 do 4.<\/li>\n<li><strong>Wytrzyma\u0142o\u015b\u0107 i lekko\u015b\u0107<\/strong> Wykonany we Francji ze wzmocnionego polimeru, jest odporny na wstrz\u0105sy, ekstremalne temperatury (od -40\u00b0C do +160\u00b0C), rozpuszczalniki i promienie UV, a wa\u017cy mniej ni\u017c 9 g.<\/li>\n<li><strong>Przetestowane i zatwierdzone<\/strong> Zatwierdzony przez wyspecjalizowane jednostki i instruktor\u00f3w strzelectwa bojowego.<\/li>\n<\/ul>\n<h2><\/h2>\n<h2 style=\"text-align: center;\"><strong>Szybka, niezmodyfikowana instalacja Glocka 17<\/strong><\/h2>\n<p>Szybka instalacja w 4 krokach:<\/p>\n<ol>\n<li>W\u0142\u00f3\u017c wk\u0142adk\u0119 do kolby pistoletu,<\/li>\n<li>Umie\u015b\u0107 wn\u0119k\u0119 na magazynek wok\u00f3\u0142 gniazda \u0142adowarki,<\/li>\n<li>Popchnij go do ty\u0142u, a\u017c zatrza\u015bnie si\u0119 we wk\u0142adce,<\/li>\n<li>R\u0119cznie dokr\u0119\u0107 tyln\u0105 cz\u0119\u015b\u0107 i \u015brub\u0119, a\u017c do osi\u0105gni\u0119cia wytrzyma\u0142o\u015bci mechanicznej.<\/li>\n<\/ol>\n<p>Magazynek jest teraz gotowy do u\u017cycia.<\/p>\n<p>Kompatybilny z modelami Glock 17, 45 i 34 Gen5.<br \/>\n<a href=\"https:\/\/ragwinn.com\/pl\/produit\/magwell-glock-19-gen-5\/\" target=\"_blank\" rel=\"noopener\">Magwell Glock 19 i 23 gen 5 dost\u0119pny tutaj<\/a>i dla <a href=\"https:\/\/ragwinn.com\/pl\/produit\/magwell-glock-43x\/\" target=\"_blank\" rel=\"noopener\">Glock 43x tutaj<\/a>.<\/p>\n<h2 style=\"text-align: center;\"><strong>Niezawodne akcesorium dla wymagaj\u0105cych strzelc\u00f3w<\/strong><\/h2>\n<p>Zaprojektowany do intensywnego u\u017cytkowania, ten magwell \u0142\u0105czy w sobie lekko\u015b\u0107, trwa\u0142o\u015b\u0107 i wydajno\u015b\u0107.<br \/>\nJego materia\u0142 poch\u0142ania promienie podczerwone (IR), dzi\u0119ki czemu idealnie nadaje si\u0119 do nocnych misji.<br \/>\nNiezale\u017cnie od tego, czy jeste\u015b profesjonalist\u0105, czy entuzjast\u0105, poprawi on Twoj\u0105 wydajno\u015b\u0107 i wesprze Ci\u0119 w ka\u017cdych okoliczno\u015bciach.<\/p>\n<hr \/>\n<p>Odkryj r\u00f3wnie\u017c nasze <a href=\"https:\/\/ragwinn.com\/pl\/produit\/talon-2-4-chargeur-glock-9x19\/\" target=\"_blank\" rel=\"noopener\">przed\u0142u\u017cenie magazynka do Glocka<\/a>i nasz <a href=\"https:\/\/ragwinn.com\/pl\/categorie-produit\/taktyka-ragwinn\/\">Przed\u0142u\u017cenie \u0142adownicy Magpul PMAG 17 GL9<\/a>.<\/p>\n<p>Wi\u0119cej informacji o tym, czym jest magwell\u00a0<a href=\"https:\/\/crealib3d.com\/quest-ce-quun-magwell-et-pourquoi-en-utiliser\" target=\"_blank\" rel=\"noopener\">tutaj<\/a>\u00a0(w j\u0119zyku francuskim) i\u00a0<a href=\"https:\/\/www.anrkydexholsters.com\/what-is-a-magwell-why-do-they-matter\/\" target=\"_blank\" rel=\"noopener\">tutaj<\/a>\u00a0(w j\u0119zyku angielskim).<\/p>\n<p>Kompatybilno\u015b\u0107: Nie jest kompatybilny z Glock 19\/19X\/23, Glock kalibru .45 i Glock generacji od 1 do 4.<br \/>\n<em>Patent w toku<\/em><\/p>","protected":false},"excerpt":{"rendered":"<p>Magwell Glock 17 zaprojektowany w celu optymalizacji prze\u0142adowania dzi\u0119ki rozszerzonej konstrukcji.<br \/>\nKompatybilny z Glock 17, 45 i 34 Gen 5.<br \/>\nKompatybilny z paskiem na plecy i pasek na r\u0119k\u0119, na ka\u017cd\u0105 sytuacj\u0119.<\/p>","protected":false},"featured_media":4120,"comment_status":"open","ping_status":"closed","template":"","meta":{"ocean_post_layout":"","ocean_both_sidebars_style":"","ocean_both_sidebars_content_width":0,"ocean_both_sidebars_sidebars_width":0,"ocean_sidebar":"0","ocean_second_sidebar":"0","ocean_disable_margins":"enable","ocean_add_body_class":"","ocean_shortcode_before_top_bar":"","ocean_shortcode_after_top_bar":"","ocean_shortcode_before_header":"","ocean_shortcode_after_header":"","ocean_has_shortcode":"","ocean_shortcode_after_title":"","ocean_shortcode_before_footer_widgets":"","ocean_shortcode_after_footer_widgets":"","ocean_shortcode_before_footer_bottom":"","ocean_shortcode_after_footer_bottom":"","ocean_display_top_bar":"default","ocean_display_header":"default","ocean_header_style":"","ocean_center_header_left_menu":"0","ocean_custom_header_template":"0","ocean_custom_logo":0,"ocean_custom_retina_logo":0,"ocean_custom_logo_max_width":0,"ocean_custom_logo_tablet_max_width":0,"ocean_custom_logo_mobile_max_width":0,"ocean_custom_logo_max_height":0,"ocean_custom_logo_tablet_max_height":0,"ocean_custom_logo_mobile_max_height":0,"ocean_header_custom_menu":"0","ocean_menu_typo_font_family":"0","ocean_menu_typo_font_subset":"","ocean_menu_typo_font_size":0,"ocean_menu_typo_font_size_tablet":0,"ocean_menu_typo_font_size_mobile":0,"ocean_menu_typo_font_size_unit":"px","ocean_menu_typo_font_weight":"","ocean_menu_typo_font_weight_tablet":"","ocean_menu_typo_font_weight_mobile":"","ocean_menu_typo_transform":"","ocean_menu_typo_transform_tablet":"","ocean_menu_typo_transform_mobile":"","ocean_menu_typo_line_height":0,"ocean_menu_typo_line_height_tablet":0,"ocean_menu_typo_line_height_mobile":0,"ocean_menu_typo_line_height_unit":"","ocean_menu_typo_spacing":0,"ocean_menu_typo_spacing_tablet":0,"ocean_menu_typo_spacing_mobile":0,"ocean_menu_typo_spacing_unit":"","ocean_menu_link_color":"","ocean_menu_link_color_hover":"","ocean_menu_link_color_active":"","ocean_menu_link_background":"","ocean_menu_link_hover_background":"","ocean_menu_link_active_background":"","ocean_menu_social_links_bg":"","ocean_menu_social_hover_links_bg":"","ocean_menu_social_links_color":"","ocean_menu_social_hover_links_color":"","ocean_disable_title":"default","ocean_disable_heading":"default","ocean_post_title":"","ocean_post_subheading":"","ocean_post_title_style":"","ocean_post_title_background_color":"","ocean_post_title_background":0,"ocean_post_title_bg_image_position":"","ocean_post_title_bg_image_attachment":"","ocean_post_title_bg_image_repeat":"","ocean_post_title_bg_image_size":"","ocean_post_title_height":0,"ocean_post_title_bg_overlay":0.5,"ocean_post_title_bg_overlay_color":"","ocean_disable_breadcrumbs":"default","ocean_breadcrumbs_color":"","ocean_breadcrumbs_separator_color":"","ocean_breadcrumbs_links_color":"","ocean_breadcrumbs_links_hover_color":"","ocean_display_footer_widgets":"default","ocean_display_footer_bottom":"default","ocean_custom_footer_template":"0"},"product_brand":[],"product_cat":[85,43],"product_tag":[33,77,86],"class_list":{"0":"post-2324","1":"product","2":"type-product","3":"status-publish","4":"has-post-thumbnail","6":"product_cat-magwell","7":"product_cat-ragwinn-tactics","8":"product_tag-armee","9":"product_tag-magwell","10":"product_tag-police","11":"product_shipping_class-produit-leger-500g","13":"entry","14":"has-media","16":"first","17":"onbackorder","18":"taxable","19":"shipping-taxable","20":"purchasable","21":"product-type-simple","22":"col","23":"span_1_of_4","24":"owp-content-center","25":"item-entry","26":"owp-thumbs-layout-horizontal","27":"owp-btn-big","28":"owp-tabs-layout-horizontal"},"_links":{"self":[{"href":"https:\/\/ragwinn.com\/pl\/wp-json\/wp\/v2\/product\/2324","targetHints":{"allow":["GET"]}}],"collection":[{"href":"https:\/\/ragwinn.com\/pl\/wp-json\/wp\/v2\/product"}],"about":[{"href":"https:\/\/ragwinn.com\/pl\/wp-json\/wp\/v2\/types\/product"}],"replies":[{"embeddable":true,"href":"https:\/\/ragwinn.com\/pl\/wp-json\/wp\/v2\/comments?post=2324"}],"version-history":[{"count":1,"href":"https:\/\/ragwinn.com\/pl\/wp-json\/wp\/v2\/product\/2324\/revisions"}],"predecessor-version":[{"id":3514,"href":"https:\/\/ragwinn.com\/pl\/wp-json\/wp\/v2\/product\/2324\/revisions\/3514"}],"wp:featuredmedia":[{"embeddable":true,"href":"https:\/\/ragwinn.com\/pl\/wp-json\/wp\/v2\/media\/4120"}],"wp:attachment":[{"href":"https:\/\/ragwinn.com\/pl\/wp-json\/wp\/v2\/media?parent=2324"}],"wp:term":[{"taxonomy":"product_brand","embeddable":true,"href":"https:\/\/ragwinn.com\/pl\/wp-json\/wp\/v2\/product_brand?post=2324"},{"taxonomy":"product_cat","embeddable":true,"href":"https:\/\/ragwinn.com\/pl\/wp-json\/wp\/v2\/product_cat?post=2324"},{"taxonomy":"product_tag","embeddable":true,"href":"https:\/\/ragwinn.com\/pl\/wp-json\/wp\/v2\/product_tag?post=2324"}],"curies":[{"name":"wp","href":"https:\/\/api.w.org\/{rel}","templated":true}]}}