{"id":1423,"date":"2024-07-16T11:54:01","date_gmt":"2024-07-16T09:54:01","guid":{"rendered":"https:\/\/ragwinn.com\/?post_type=product&#038;p=1423"},"modified":"2026-05-04T18:44:32","modified_gmt":"2026-05-04T16:44:32","slug":"uchwyt-magnetyczny-na-pistolet","status":"publish","type":"product","link":"https:\/\/ragwinn.com\/pl\/produit\/support-aimante-arme-de-poing","title":{"rendered":"Magnetyczny uchwyt na pistolet"},"content":{"rendered":"<h1 style=\"text-align: center;\">Magnetyczny uchwyt na pistolet<\/h1>\n<p>Ten magnetyczny uchwyt umo\u017cliwia schludne przechowywanie pistoletu w baga\u017cniku.<\/p>\n<h2 style=\"text-align: center;\"><strong>Najlepsze akcesorium do porz\u0105dkowania broni<\/strong><\/h2>\n<h3><strong>Kluczowe cechy uchwytu magnetycznego <\/strong>:<\/h3>\n<ul>\n<li><strong>Oszcz\u0119dno\u015b\u0107 miejsca<\/strong>Wspornik ten pozwala zaoszcz\u0119dzi\u0107 miejsce w sejfie poprzez przechowywanie broni w pozycji pionowej lub poziomej. Mo\u017cna na przyk\u0142ad przechowywa\u0107 bro\u0144 wzd\u0142u\u017c \u015bciany (lub drzwi sztormowych) lub pod p\u00f3\u0142k\u0105.<\/li>\n<li><strong>Wi\u0119kszy komfort<\/strong>Ustawiaj\u0105c bro\u0144 tak, jak chcesz, zyskujesz na komforcie wizualnym i \u0142atwo\u015bci u\u017cytkowania.<\/li>\n<li><strong>Wyposa\u017cona bro\u0144<\/strong>Uchwyt zosta\u0142 zaprojektowany do u\u017cytku z broni\u0105, niezale\u017cnie od tego, czy jest oryginalna, czy dodatkowa. Bro\u0144 wyposa\u017cona w optyk\u0119, podnoszone przyrz\u0105dy celownicze i hamulec wylotowy mo\u017ce by\u0107 przechowywana w baga\u017cniku,<\/li>\n<li><strong>Silne magnesy<\/strong>Magnesy w uchwycie s\u0105 wystarczaj\u0105co silne, aby utrzyma\u0107 pistolet na miejscu,<\/li>\n<li><strong>Szacunek dla kanonu<\/strong>Z uchwytu mo\u017cna korzysta\u0107 bez obawy o uszkodzenie lufy. Materia\u0142 pr\u0119ta jest odpowiedni do przechowywania w bezpo\u015brednim kontakcie z luf\u0105.<\/li>\n<li><strong>Kompatybilno\u015b\u0107 z broni\u0105\u00a0<\/strong>Monta\u017c jest kompatybilny z kalibrami 9x19mm i wi\u0119kszymi. Mo\u017ce by\u0107 r\u00f3wnie\u017c u\u017cywany z wieloma markami, takimi jak Glock, Sig Sauer, Beretta, Ruger i inne.<\/li>\n<\/ul>\n<p>&nbsp;<\/p>\n<h3><strong>Doko\u0144cz optymalizacj\u0119 swojego sejfu z naszym <\/strong>:<\/h3>\n<ul>\n<li>Uchwyt na magazynek do pistolet\u00f3w (Glock, Sig Sauer itp.),<\/li>\n<li>Obs\u0142uga \u0142adowarek AR15 (Pmag, Amend2 itp.).<\/li>\n<\/ul>","protected":false},"excerpt":{"rendered":"<p>Ten magnetyczny uchwyt na pistolet pozwala zaoszcz\u0119dzi\u0107 miejsce w sejfie poprzez przechowywanie broni w pozycji pionowej lub poziomej.<\/p>","protected":false},"featured_media":4137,"comment_status":"open","ping_status":"closed","template":"","meta":{"ocean_post_layout":"","ocean_both_sidebars_style":"","ocean_both_sidebars_content_width":0,"ocean_both_sidebars_sidebars_width":0,"ocean_sidebar":"0","ocean_second_sidebar":"0","ocean_disable_margins":"enable","ocean_add_body_class":"","ocean_shortcode_before_top_bar":"","ocean_shortcode_after_top_bar":"","ocean_shortcode_before_header":"","ocean_shortcode_after_header":"","ocean_has_shortcode":"","ocean_shortcode_after_title":"","ocean_shortcode_before_footer_widgets":"","ocean_shortcode_after_footer_widgets":"","ocean_shortcode_before_footer_bottom":"","ocean_shortcode_after_footer_bottom":"","ocean_display_top_bar":"default","ocean_display_header":"default","ocean_header_style":"","ocean_center_header_left_menu":"0","ocean_custom_header_template":"0","ocean_custom_logo":0,"ocean_custom_retina_logo":0,"ocean_custom_logo_max_width":0,"ocean_custom_logo_tablet_max_width":0,"ocean_custom_logo_mobile_max_width":0,"ocean_custom_logo_max_height":0,"ocean_custom_logo_tablet_max_height":0,"ocean_custom_logo_mobile_max_height":0,"ocean_header_custom_menu":"0","ocean_menu_typo_font_family":"0","ocean_menu_typo_font_subset":"","ocean_menu_typo_font_size":0,"ocean_menu_typo_font_size_tablet":0,"ocean_menu_typo_font_size_mobile":0,"ocean_menu_typo_font_size_unit":"px","ocean_menu_typo_font_weight":"","ocean_menu_typo_font_weight_tablet":"","ocean_menu_typo_font_weight_mobile":"","ocean_menu_typo_transform":"","ocean_menu_typo_transform_tablet":"","ocean_menu_typo_transform_mobile":"","ocean_menu_typo_line_height":0,"ocean_menu_typo_line_height_tablet":0,"ocean_menu_typo_line_height_mobile":0,"ocean_menu_typo_line_height_unit":"","ocean_menu_typo_spacing":0,"ocean_menu_typo_spacing_tablet":0,"ocean_menu_typo_spacing_mobile":0,"ocean_menu_typo_spacing_unit":"","ocean_menu_link_color":"","ocean_menu_link_color_hover":"","ocean_menu_link_color_active":"","ocean_menu_link_background":"","ocean_menu_link_hover_background":"","ocean_menu_link_active_background":"","ocean_menu_social_links_bg":"","ocean_menu_social_hover_links_bg":"","ocean_menu_social_links_color":"","ocean_menu_social_hover_links_color":"","ocean_disable_title":"default","ocean_disable_heading":"default","ocean_post_title":"","ocean_post_subheading":"","ocean_post_title_style":"","ocean_post_title_background_color":"","ocean_post_title_background":0,"ocean_post_title_bg_image_position":"","ocean_post_title_bg_image_attachment":"","ocean_post_title_bg_image_repeat":"","ocean_post_title_bg_image_size":"","ocean_post_title_height":0,"ocean_post_title_bg_overlay":0.5,"ocean_post_title_bg_overlay_color":"","ocean_disable_breadcrumbs":"default","ocean_breadcrumbs_color":"","ocean_breadcrumbs_separator_color":"","ocean_breadcrumbs_links_color":"","ocean_breadcrumbs_links_hover_color":"","ocean_display_footer_widgets":"default","ocean_display_footer_bottom":"default","ocean_custom_footer_template":"0"},"product_brand":[],"product_cat":[133,17],"product_tag":[],"class_list":{"0":"post-1423","1":"product","2":"type-product","3":"status-publish","4":"has-post-thumbnail","6":"product_cat-accessoire-coffre-fort","7":"product_cat-ragwinn-hobby","8":"product_shipping_class-produit-leger-500g","10":"entry","11":"has-media","13":"first","14":"instock","15":"sale","16":"featured","17":"taxable","18":"shipping-taxable","19":"purchasable","20":"product-type-simple","21":"has-rating","22":"col","23":"span_1_of_4","24":"owp-content-center","25":"item-entry","26":"owp-thumbs-layout-horizontal","27":"owp-btn-big","28":"owp-tabs-layout-horizontal"},"_links":{"self":[{"href":"https:\/\/ragwinn.com\/pl\/wp-json\/wp\/v2\/product\/1423","targetHints":{"allow":["GET"]}}],"collection":[{"href":"https:\/\/ragwinn.com\/pl\/wp-json\/wp\/v2\/product"}],"about":[{"href":"https:\/\/ragwinn.com\/pl\/wp-json\/wp\/v2\/types\/product"}],"replies":[{"embeddable":true,"href":"https:\/\/ragwinn.com\/pl\/wp-json\/wp\/v2\/comments?post=1423"}],"version-history":[{"count":3,"href":"https:\/\/ragwinn.com\/pl\/wp-json\/wp\/v2\/product\/1423\/revisions"}],"predecessor-version":[{"id":3636,"href":"https:\/\/ragwinn.com\/pl\/wp-json\/wp\/v2\/product\/1423\/revisions\/3636"}],"wp:featuredmedia":[{"embeddable":true,"href":"https:\/\/ragwinn.com\/pl\/wp-json\/wp\/v2\/media\/4137"}],"wp:attachment":[{"href":"https:\/\/ragwinn.com\/pl\/wp-json\/wp\/v2\/media?parent=1423"}],"wp:term":[{"taxonomy":"product_brand","embeddable":true,"href":"https:\/\/ragwinn.com\/pl\/wp-json\/wp\/v2\/product_brand?post=1423"},{"taxonomy":"product_cat","embeddable":true,"href":"https:\/\/ragwinn.com\/pl\/wp-json\/wp\/v2\/product_cat?post=1423"},{"taxonomy":"product_tag","embeddable":true,"href":"https:\/\/ragwinn.com\/pl\/wp-json\/wp\/v2\/product_tag?post=1423"}],"curies":[{"name":"wp","href":"https:\/\/api.w.org\/{rel}","templated":true}]}}