{"id":3,"date":"2023-12-02T17:26:16","date_gmt":"2023-12-02T16:26:16","guid":{"rendered":"http:\/\/ragwinn.com\/?page_id=3"},"modified":"2025-02-28T14:45:52","modified_gmt":"2025-02-28T13:45:52","slug":"polityka-prywatnosci","status":"publish","type":"page","link":"https:\/\/ragwinn.com\/pl\/politique-de-confidentialite","title":{"rendered":"Polityka prywatno\u015bci"},"content":{"rendered":"<div data-elementor-type=\"wp-page\" data-elementor-id=\"3\" class=\"elementor elementor-3\">\n\t\t\t\t\t\t<section class=\"elementor-section elementor-top-section elementor-element elementor-element-0e0592a elementor-section-boxed elementor-section-height-default elementor-section-height-default\" data-id=\"0e0592a\" data-element_type=\"section\" data-e-type=\"section\">\n\t\t\t\t\t\t<div class=\"elementor-container elementor-column-gap-default\">\n\t\t\t\t\t<div class=\"elementor-column elementor-col-100 elementor-top-column elementor-element elementor-element-f89a129\" data-id=\"f89a129\" data-element_type=\"column\" data-e-type=\"column\">\n\t\t\t<div class=\"elementor-widget-wrap elementor-element-populated\">\n\t\t\t\t\t\t<div class=\"elementor-element elementor-element-e36f608 elementor-widget elementor-widget-heading\" data-id=\"e36f608\" data-element_type=\"widget\" data-e-type=\"widget\" data-widget_type=\"heading.default\">\n\t\t\t\t<div class=\"elementor-widget-container\">\n\t\t\t\t\t<h1 class=\"elementor-heading-title elementor-size-default\">Polityka ochrony danych<\/h1>\t\t\t\t<\/div>\n\t\t\t\t<\/div>\n\t\t\t\t\t<\/div>\n\t\t<\/div>\n\t\t\t\t\t<\/div>\n\t\t<\/section>\n\t\t\t\t<section class=\"elementor-section elementor-top-section elementor-element elementor-element-01761f7 elementor-section-boxed elementor-section-height-default elementor-section-height-default\" data-id=\"01761f7\" data-element_type=\"section\" data-e-type=\"section\">\n\t\t\t\t\t\t<div class=\"elementor-container elementor-column-gap-default\">\n\t\t\t\t\t<div class=\"elementor-column elementor-col-100 elementor-top-column elementor-element elementor-element-c4f8a19\" data-id=\"c4f8a19\" data-element_type=\"column\" data-e-type=\"column\">\n\t\t\t<div class=\"elementor-widget-wrap elementor-element-populated\">\n\t\t\t\t\t\t<div class=\"elementor-element elementor-element-e3d2bf3 elementor-widget elementor-widget-text-editor\" data-id=\"e3d2bf3\" data-element_type=\"widget\" data-e-type=\"widget\" data-widget_type=\"text-editor.default\">\n\t\t\t\t<div class=\"elementor-widget-container\">\n\t\t\t\t\t\t\t\t\t<p>Administrator strony internetowej Ragwinn.com, SARL IVERN, powa\u017cnie traktuje poszanowanie prywatno\u015bci i ochron\u0119 danych osobowych, zgodnie z obowi\u0105zuj\u0105cymi przepisami, a w szczeg\u00f3lno\u015bci z rozporz\u0105dzeniem europejskim 2016\/679 z dnia 27 kwietnia 2016 r. i ustaw\u0105 nr 78-17 z dnia 6 stycznia 1978 r., znan\u0105 jako ustawa o ochronie danych, oraz wszelkimi przepisami ustawowymi lub wykonawczymi, kt\u00f3re mog\u0105 j\u0105 uzupe\u0142ni\u0107 lub zast\u0105pi\u0107. Celem niniejszej polityki ochrony danych osobowych jest poinformowanie u\u017cytkownika o sposobie przetwarzania danych osobowych przez sp\u00f3\u0142k\u0119.<\/p>\t\t\t\t\t\t\t\t<\/div>\n\t\t\t\t<\/div>\n\t\t\t\t\t<\/div>\n\t\t<\/div>\n\t\t\t\t\t<\/div>\n\t\t<\/section>\n\t\t\t\t<section class=\"elementor-section elementor-top-section elementor-element elementor-element-143ca8f3 elementor-section-boxed elementor-section-height-default elementor-section-height-default\" data-id=\"143ca8f3\" data-element_type=\"section\" data-e-type=\"section\">\n\t\t\t\t\t\t<div class=\"elementor-container elementor-column-gap-default\">\n\t\t\t\t\t<div class=\"elementor-column elementor-col-100 elementor-top-column elementor-element elementor-element-37385692\" data-id=\"37385692\" data-element_type=\"column\" data-e-type=\"column\">\n\t\t\t<div class=\"elementor-widget-wrap elementor-element-populated\">\n\t\t\t\t\t\t<div class=\"elementor-element elementor-element-e8016ef elementor-widget elementor-widget-heading\" data-id=\"e8016ef\" data-element_type=\"widget\" data-e-type=\"widget\" data-widget_type=\"heading.default\">\n\t\t\t\t<div class=\"elementor-widget-container\">\n\t\t\t\t\t<h2 class=\"elementor-heading-title elementor-size-default\">Artyku\u0142 1 - Ochrona danych osobowych<\/h2>\t\t\t\t<\/div>\n\t\t\t\t<\/div>\n\t\t\t\t<div class=\"elementor-element elementor-element-271e8b19 elementor-widget elementor-widget-text-editor\" data-id=\"271e8b19\" data-element_type=\"widget\" data-e-type=\"widget\" data-widget_type=\"text-editor.default\">\n\t\t\t\t<div class=\"elementor-widget-container\">\n\t\t\t\t\t\t\t\t\t\n<h3 class=\"wp-block-heading\">1.1 Gromadzenie danych osobowych<\/h3>\n<p>Na tej stronie gromadzone s\u0105 nast\u0119puj\u0105ce dane osobowe:<\/p>\n<p><b>Otwieranie konta<\/b><\/p>\n<p>Podczas tworzenia konta u\u017cytkownika rejestrowane jest jego nazwisko, imi\u0119, adres e-mail i data urodzenia.<\/p>\n<p><b>Po\u0142\u0105czenie<\/b><\/p>\n<p>Gdy u\u017cytkownicy \u0142\u0105cz\u0105 si\u0119 z witryn\u0105, rejestrowane s\u0105 ich nazwiska, imiona, dane po\u0142\u0105czenia, dane u\u017cytkowania, dane lokalizacji i dane p\u0142atno\u015bci.<\/p>\n<p><b>Profil<\/b><\/p>\n<p>Podczas korzystania z us\u0142ug \u015bwiadczonych w witrynie u\u017cytkownik zostanie poproszony o wype\u0142nienie profilu, kt\u00f3ry mo\u017ce zawiera\u0107 adres i numer telefonu.<\/p>\n<p><b>P\u0142atno\u015b\u0107<\/b><\/p>\n<p>W ramach procesu p\u0142atno\u015bci za produkty i us\u0142ugi oferowane na stronie, ta ostatnia rejestruje dane finansowe zwi\u0105zane z kontem bankowym lub kart\u0105 kredytow\u0105 u\u017cytkownika.<\/p>\n<p><b>Komunikacja<\/b><\/p>\n<p>Gdy witryna jest u\u017cywana do komunikowania si\u0119 z innymi u\u017cytkownikami, dane dotycz\u0105ce komunikacji u\u017cytkownika s\u0105 przechowywane tymczasowo.<\/p>\n<p><b>Pliki cookie<\/b><\/p>\n<p>Pliki cookie s\u0105 wykorzystywane w ramach korzystania z witryny. U\u017cytkownicy mog\u0105 dezaktywowa\u0107 pliki cookie za pomoc\u0105 ustawie\u0144 przegl\u0105darki.<\/p>\n<h3>1.2 Wykorzystanie danych osobowych<\/h3>\n<p>Dane osobowe zebrane od u\u017cytkownik\u00f3w s\u0105 wykorzystywane do \u015bwiadczenia i ulepszania us\u0142ug witryny oraz do utrzymania bezpiecznego \u015brodowiska. Dok\u0142adniej, s\u0105 one wykorzystywane do nast\u0119puj\u0105cych cel\u00f3w<\/p>\n<p>dost\u0119p i korzystanie z witryny przez u\u017cytkownika;<\/p>\n<p>zarz\u0105dzanie operacjami na miejscu i optymalizacja;<\/p>\n<p>organizacja warunk\u00f3w korzystania z us\u0142ug p\u0142atniczych ;<\/p>\n<p>weryfikacja, identyfikacja i uwierzytelnianie danych przesy\u0142anych przez u\u017cytkownika;<\/p>\n<p>oferowa\u0107 u\u017cytkownikom mo\u017cliwo\u015b\u0107 komunikowania si\u0119 z innymi u\u017cytkownikami witryny;<\/p>\n<p>wdro\u017cenie wsparcia u\u017cytkownika ;<\/p>\n<p>personalizacji us\u0142ug poprzez wy\u015bwietlanie reklam na podstawie historii przegl\u0105dania i preferencji u\u017cytkownika;<\/p>\n<p>zapobieganie i wykrywanie oszustw, z\u0142o\u015bliwego oprogramowania i zarz\u0105dzanie incydentami bezpiecze\u0144stwa;<\/p>\n<p>zarz\u0105dzanie wszelkimi sporami z u\u017cytkownikami;<\/p>\n<p>wysy\u0142anie informacji handlowych i reklamowych w oparciu o preferencje u\u017cytkownika.<\/p>\n<h3>1.3 Udost\u0119pnianie danych osobowych osobom trzecim<\/h3>\n<p>Dane osobowe mog\u0105 by\u0107 udost\u0119pniane firmom zewn\u0119trznym w nast\u0119puj\u0105cych przypadkach:<\/p>\n<p>gdy u\u017cytkownik korzysta z us\u0142ug p\u0142atniczych, witryna wsp\u00f3\u0142pracuje z zewn\u0119trznymi firmami bankowymi i finansowymi, z kt\u00f3rymi podpisa\u0142a umowy w celu wdro\u017cenia tych us\u0142ug;<\/p>\n<p>gdy u\u017cytkownik publikuje informacje dost\u0119pne publicznie w obszarach bezp\u0142atnych komentarzy na stronie;<\/p>\n<p>gdy u\u017cytkownik zezwala stronie internetowej strony trzeciej na dost\u0119p do swoich danych;<\/p>\n<p>gdy witryna korzysta z us\u0142ug us\u0142ugodawc\u00f3w w celu zapewnienia wsparcia u\u017cytkownika, us\u0142ug reklamowych i p\u0142atniczych. Us\u0142ugodawcy ci maj\u0105 ograniczony dost\u0119p do danych u\u017cytkownika w celu \u015bwiadczenia tych us\u0142ug i s\u0105 umownie zobowi\u0105zani do korzystania z nich zgodnie z postanowieniami obowi\u0105zuj\u0105cych przepis\u00f3w o ochronie danych osobowych;<\/p>\n<p>je\u015bli jest to wymagane przez prawo, witryna mo\u017ce przekazywa\u0107 dane w celu \u015bledzenia roszcze\u0144 wobec witryny i przestrzegania procedur administracyjnych i prawnych;<\/p>\n<p>je\u015bli witryna jest zaanga\u017cowana w fuzj\u0119, przej\u0119cie, przeniesienie aktyw\u00f3w lub zarz\u0105d komisaryczny, mo\u017ce by\u0107 zobowi\u0105zana do przeniesienia lub udost\u0119pnienia ca\u0142o\u015bci lub cz\u0119\u015bci swoich aktyw\u00f3w, w tym danych osobowych. W takim przypadku u\u017cytkownicy zostan\u0105 poinformowani przed przekazaniem jakichkolwiek danych osobowych stronie trzeciej.<\/p>\n<h3>1.4 Przekazywanie danych osobowych<\/h3>\n<p>Ze wzgl\u0119du na organizacj\u0119 firmy odpowiedzialnej za witryn\u0119, w ramach mi\u0119dzynarodowej grupy, u\u017cytkownik upowa\u017cnia witryn\u0119 do przesy\u0142ania, przechowywania i przetwarzania jego informacji w Unii Europejskiej.<\/p>\n<h3>1.5 Bezpiecze\u0144stwo i poufno\u015b\u0107<\/h3>\n<p>Witryna wdra\u017ca organizacyjne, techniczne, programowe i fizyczne \u015brodki bezpiecze\u0144stwa cyfrowego w celu ochrony danych osobowych przed zmian\u0105, zniszczeniem i nieuprawnionym dost\u0119pem. Nale\u017cy jednak zauwa\u017cy\u0107, \u017ce Internet nie jest ca\u0142kowicie bezpiecznym \u015brodowiskiem i witryna nie mo\u017ce zagwarantowa\u0107 bezpiecze\u0144stwa transmisji lub przechowywania informacji w Internecie.<code><\/code><\/p>\n\t\t\t\t\t\t\t\t<\/div>\n\t\t\t\t<\/div>\n\t\t\t\t<div class=\"elementor-element elementor-element-21da63a elementor-widget elementor-widget-shortcode\" data-id=\"21da63a\" data-element_type=\"widget\" data-e-type=\"widget\" data-widget_type=\"shortcode.default\">\n\t\t\t\t<div class=\"elementor-widget-container\">\n\t\t\t\t\t\t\t<div class=\"elementor-shortcode\"><p id=\"matomo_opted_out_intro\" style=\"display:none;\">Rezygnacja zako\u0144czona; wizyty u\u017cytkownika na tej stronie nie b\u0119d\u0105 rejestrowane przez narz\u0119dzie Web Analytics. Nale\u017cy pami\u0119ta\u0107, \u017ce w przypadku wyczyszczenia plik\u00f3w cookie, usuni\u0119cia pliku cookie rezygnacji lub zmiany komputera lub przegl\u0105darki internetowej konieczne b\u0119dzie ponowne wykonanie procedury rezygnacji.<\/p><p id=\"matomo_opted_in_intro\" >U\u017cytkownik mo\u017ce uniemo\u017cliwi\u0107 tej witrynie gromadzenie i analizowanie podejmowanych przez niego dzia\u0142a\u0144. Pozwoli to chroni\u0107 prywatno\u015b\u0107 u\u017cytkownika, ale tak\u017ce uniemo\u017cliwi w\u0142a\u015bcicielowi wyci\u0105ganie wniosk\u00f3w z dzia\u0142a\u0144 u\u017cytkownika i tworzenie lepszych do\u015bwiadcze\u0144 dla u\u017cytkownika i innych u\u017cytkownik\u00f3w.<\/p><form action=\"\">\n        <input type=\"checkbox\" id=\"matomo_optout_checkbox\" checked=\"checked\"\/>\n        <label for=\"matomo_optout_checkbox\"><strong>\n        <span id=\"matomo_opted_in_label\" >Nie zrezygnowa\u0142e\u015b. Odznacz to pole, aby zrezygnowa\u0107.<\/span>\n\t\t<span id=\"matomo_opted_out_label\" style=\"display:none;\">Jeste\u015b obecnie wy\u0142\u0105czony. Zaznacz to pole, aby wyrazi\u0107 zgod\u0119.<\/span>\n        <\/strong><\/label><input type=\"hidden\" name=\"trp-form-language\" value=\"pl\"\/><\/form><noscript><p><strong style=\"color: #ff0000;\">Ta funkcja rezygnacji wymaga JavaScript.<\/strong><\/p><\/noscript><p id=\"matomo_outout_err_cookies\" style=\"display: none;\"><strong>Funkcja rezygnacji ze \u015bledzenia wymaga w\u0142\u0105czenia plik\u00f3w cookie.<\/strong><\/p><\/div>\n\t\t\t\t\t\t<\/div>\n\t\t\t\t<\/div>\n\t\t\t\t<div class=\"elementor-element elementor-element-d7e1ff6 elementor-widget elementor-widget-text-editor\" data-id=\"d7e1ff6\" data-element_type=\"widget\" data-e-type=\"widget\" data-widget_type=\"text-editor.default\">\n\t\t\t\t<div class=\"elementor-widget-container\">\n\t\t\t\t\t\t\t\t\t<h3>1.6 Wdro\u017cenie praw u\u017cytkownika<\/h3>\n<p>Zgodnie z przepisami maj\u0105cymi zastosowanie do danych osobowych, u\u017cytkownikom przys\u0142uguj\u0105 nast\u0119puj\u0105ce prawa:<\/p>\n<p>Mog\u0105 aktualizowa\u0107 lub usuwa\u0107 swoje dane osobowe, loguj\u0105c si\u0119 na swoje konto i konfiguruj\u0105c ustawienia konta;<\/p>\n<p>mog\u0105 usun\u0105\u0107 swoje konto, pisz\u0105c na nast\u0119puj\u0105cy adres e-mail: contact@ragwinn.com. Nale\u017cy pami\u0119ta\u0107, \u017ce informacje udost\u0119pnione innym u\u017cytkownikom, takie jak posty na forum, mog\u0105 pozosta\u0107 widoczne publicznie w witrynie, nawet po usuni\u0119ciu konta;<\/p>\n<p>mog\u0105 skorzysta\u0107 z prawa dost\u0119pu do swoich danych osobowych, pisz\u0105c na nast\u0119puj\u0105cy adres e-mail: contact@ragwinn.com. W takim przypadku przed skorzystaniem z tego prawa witryna mo\u017ce za\u017c\u0105da\u0107 potwierdzenia to\u017csamo\u015bci u\u017cytkownika w celu zweryfikowania jego dok\u0142adno\u015bci;<\/p>\n<p>je\u015bli dane osobowe przechowywane przez witryn\u0119 s\u0105 niedok\u0142adne, mog\u0105 za\u017c\u0105da\u0107 aktualizacji informacji, pisz\u0105c na nast\u0119puj\u0105cy adres e-mail: contact@ragwinn.com<\/p>\n<p>U\u017cytkownicy mog\u0105 za\u017c\u0105da\u0107 usuni\u0119cia swoich danych osobowych, zgodnie z obowi\u0105zuj\u0105cymi przepisami o ochronie danych, pisz\u0105c na nast\u0119puj\u0105cy adres e-mail: contact@ragwinn.com<\/p>\n<h3>1.7 Ewolucja niniejszej klauzuli<\/h3>\n<p>Witryna zastrzega sobie prawo do zmiany niniejszej klauzuli dotycz\u0105cej ochrony danych osobowych w dowolnym momencie. W przypadku zmiany niniejszej klauzuli dotycz\u0105cej ochrony danych osobowych, strona zobowi\u0105zuje si\u0119 do opublikowania nowej wersji na swojej stronie internetowej. Witryna poinformuje r\u00f3wnie\u017c u\u017cytkownik\u00f3w o zmianie poczt\u0105 elektroniczn\u0105 co najmniej 15 dni przed dat\u0105 jej wej\u015bcia w \u017cycie. Je\u015bli u\u017cytkownik nie zgadza si\u0119 z warunkami nowego brzmienia klauzuli o ochronie danych osobowych, mo\u017ce usun\u0105\u0107 swoje konto.<\/p>\t\t\t\t\t\t\t\t<\/div>\n\t\t\t\t<\/div>\n\t\t\t\t\t<\/div>\n\t\t<\/div>\n\t\t\t\t\t<\/div>\n\t\t<\/section>\n\t\t\t\t<\/div>","protected":false},"excerpt":{"rendered":"<p>Politique de protection des donn\u00e9es L&rsquo;administrateur SARL IVERN du site Ragwinn.com prend au s\u00e9rieux le respect de la vie priv\u00e9e et la protection des donn\u00e9es \u00e0 caract\u00e8re personnel dans le respect des dispositions applicables et notamment du R\u00e8glement Europ\u00e9en 2016\/679 du 27 avril 2016 et la loi n\u00b078-17 du 6 janvier 1978 dite loi Informatique [&hellip;]<\/p>\n","protected":false},"author":1,"featured_media":0,"parent":0,"menu_order":0,"comment_status":"closed","ping_status":"open","template":"","meta":{"ocean_post_layout":"","ocean_both_sidebars_style":"","ocean_both_sidebars_content_width":0,"ocean_both_sidebars_sidebars_width":0,"ocean_sidebar":"","ocean_second_sidebar":"","ocean_disable_margins":"enable","ocean_add_body_class":"","ocean_shortcode_before_top_bar":"","ocean_shortcode_after_top_bar":"","ocean_shortcode_before_header":"","ocean_shortcode_after_header":"","ocean_has_shortcode":"","ocean_shortcode_after_title":"","ocean_shortcode_before_footer_widgets":"","ocean_shortcode_after_footer_widgets":"","ocean_shortcode_before_footer_bottom":"","ocean_shortcode_after_footer_bottom":"","ocean_display_top_bar":"default","ocean_display_header":"default","ocean_header_style":"","ocean_center_header_left_menu":"","ocean_custom_header_template":"","ocean_custom_logo":0,"ocean_custom_retina_logo":0,"ocean_custom_logo_max_width":0,"ocean_custom_logo_tablet_max_width":0,"ocean_custom_logo_mobile_max_width":0,"ocean_custom_logo_max_height":0,"ocean_custom_logo_tablet_max_height":0,"ocean_custom_logo_mobile_max_height":0,"ocean_header_custom_menu":"","ocean_menu_typo_font_family":"","ocean_menu_typo_font_subset":"","ocean_menu_typo_font_size":0,"ocean_menu_typo_font_size_tablet":0,"ocean_menu_typo_font_size_mobile":0,"ocean_menu_typo_font_size_unit":"px","ocean_menu_typo_font_weight":"","ocean_menu_typo_font_weight_tablet":"","ocean_menu_typo_font_weight_mobile":"","ocean_menu_typo_transform":"","ocean_menu_typo_transform_tablet":"","ocean_menu_typo_transform_mobile":"","ocean_menu_typo_line_height":0,"ocean_menu_typo_line_height_tablet":0,"ocean_menu_typo_line_height_mobile":0,"ocean_menu_typo_line_height_unit":"","ocean_menu_typo_spacing":0,"ocean_menu_typo_spacing_tablet":0,"ocean_menu_typo_spacing_mobile":0,"ocean_menu_typo_spacing_unit":"","ocean_menu_link_color":"","ocean_menu_link_color_hover":"","ocean_menu_link_color_active":"","ocean_menu_link_background":"","ocean_menu_link_hover_background":"","ocean_menu_link_active_background":"","ocean_menu_social_links_bg":"","ocean_menu_social_hover_links_bg":"","ocean_menu_social_links_color":"","ocean_menu_social_hover_links_color":"","ocean_disable_title":"default","ocean_disable_heading":"default","ocean_post_title":"","ocean_post_subheading":"","ocean_post_title_style":"","ocean_post_title_background_color":"","ocean_post_title_background":0,"ocean_post_title_bg_image_position":"","ocean_post_title_bg_image_attachment":"","ocean_post_title_bg_image_repeat":"","ocean_post_title_bg_image_size":"","ocean_post_title_height":0,"ocean_post_title_bg_overlay":0.5,"ocean_post_title_bg_overlay_color":"","ocean_disable_breadcrumbs":"default","ocean_breadcrumbs_color":"","ocean_breadcrumbs_separator_color":"","ocean_breadcrumbs_links_color":"","ocean_breadcrumbs_links_hover_color":"","ocean_display_footer_widgets":"default","ocean_display_footer_bottom":"default","ocean_custom_footer_template":"","footnotes":""},"class_list":["post-3","page","type-page","status-publish","hentry","entry","owp-thumbs-layout-horizontal","owp-btn-big","owp-tabs-layout-horizontal","has-no-thumbnails"],"_links":{"self":[{"href":"https:\/\/ragwinn.com\/pl\/wp-json\/wp\/v2\/pages\/3","targetHints":{"allow":["GET"]}}],"collection":[{"href":"https:\/\/ragwinn.com\/pl\/wp-json\/wp\/v2\/pages"}],"about":[{"href":"https:\/\/ragwinn.com\/pl\/wp-json\/wp\/v2\/types\/page"}],"author":[{"embeddable":true,"href":"https:\/\/ragwinn.com\/pl\/wp-json\/wp\/v2\/users\/1"}],"replies":[{"embeddable":true,"href":"https:\/\/ragwinn.com\/pl\/wp-json\/wp\/v2\/comments?post=3"}],"version-history":[{"count":0,"href":"https:\/\/ragwinn.com\/pl\/wp-json\/wp\/v2\/pages\/3\/revisions"}],"wp:attachment":[{"href":"https:\/\/ragwinn.com\/pl\/wp-json\/wp\/v2\/media?parent=3"}],"curies":[{"name":"wp","href":"https:\/\/api.w.org\/{rel}","templated":true}]}}