{"id":736,"date":"2024-04-09T09:57:56","date_gmt":"2024-04-09T07:57:56","guid":{"rendered":"https:\/\/ragwinn.com\/?post_type=product&#038;p=736"},"modified":"2026-05-07T14:39:24","modified_gmt":"2026-05-07T12:39:24","slug":"magwell-ar15","status":"publish","type":"product","link":"https:\/\/ragwinn.com\/it\/produit\/magwell-ar15","title":{"rendered":"Magwell AR15"},"content":{"rendered":"<h1 style=\"text-align: center;\"><strong>Magwell AR15<\/strong><\/h1>\n<h2 style=\"text-align: center;\"><strong>\u00a0\"\u00a0<u>Aumentare la velocit\u00e0 di ricarica<\/u>\u00a0\"\u00a0<\/strong><\/h2>\n<p>Le magwell AR15 con\u00e7u pour votre AR15 Mil-Spec.<\/p>\n<p>Grazie all'angolo appositamente progettato, il magwell AR15 pu\u00f2 essere ricaricato in modo rapido ed efficiente.<br \/>\nGrazie al suo ampio angolo di inserimento, guida il caricatore direttamente nel pozzetto dell'arma.<\/p>\n<h2 style=\"text-align: center;\"><strong>Pourquoi choisir notre magwell AR15 ?<\/strong><\/h2>\n<ul>\n<li><strong>Velocit\u00e0 di ricarica migliorata<\/strong>\u00a0Grazie all'angolo di inserimento di 250 %, pi\u00f9 ampio di quello dei caricatori MilSpec, e all'angolo di ingresso di 90 gradi, questo caricatore rende la ricarica pi\u00f9 veloce e senza sforzo,<\/li>\n<li><strong>Risparmio di tempo decisivo<\/strong> Rimanete operativi ricaricando rapidamente e riprendete a sparare il prima possibile,<\/li>\n<li><strong>Completamente modulare\u00a0<\/strong>Per adattarsi al vostro AR15, il caricatore viene fornito con diverse piastre. Queste consentono di regolare la lunghezza del caricatore e la sua altezza rispetto al pozzetto del caricatore dell'arma*. L'installazione \u00e8 rapida e non richiede modifiche all'arma.<strong>,<\/strong><\/li>\n<li><strong>Compatibilit\u00e0 ottimale<\/strong>\u00a0Funziona con PMAG (Gen 1-2-3), STANAG, AMEND2 e altri caricatori,<\/li>\n<li><strong>Discrezione<\/strong>\u00a0Progettato per l'uso operativo, realizzato con un materiale scuro che assorbe i raggi IR, questo caricatore garantisce efficienza e discrezione giorno e notte, rendendolo ideale per le missioni notturne.<\/li>\n<\/ul>\n<p>&nbsp;<\/p>\n<h3 style=\"text-align: center;\"><strong>Un accessoire AR15 pratique et durable<\/strong><\/h3>\n<ul>\n<li><strong>Facile e veloce da installare<\/strong>\u00a0La sede del caricatore per l'AR15 si fissa con le due viti incluse, senza lasciare traccia sull'arma,<\/li>\n<li><strong>Manutenzione semplificata<\/strong>\u00a0Facilmente smontabile per la pulizia dell'arma e dei suoi componenti,<\/li>\n<li><strong>Eccezionale robustezza<\/strong> Realizzato in nylon rinforzato con fibra di carbonio, \u00e8 resistente alle temperature estreme (da -50\u00b0C a +160\u00b0C), agli urti violenti, ai raggi UV e ai solventi,<\/li>\n<li><strong>Ergonomico e ambidestro\u00a0<\/strong>Progettato per utenti destri e mancini, con un profilo compatto e leggero.<\/li>\n<\/ul>\n<p>&nbsp;<\/p>\n<h3 style=\"text-align: center;\"><strong>Un magwell AR15 personnalisable<\/strong><\/h3>\n<ul>\n<li><strong>Mimetizzabile se necessario<\/strong>\u00a0Dipingete il pozzetto del caricatore come preferite,<\/li>\n<li><strong>Registrazione personalizzata<\/strong>\u00a0Testo, logo o altre scritte su richiesta. Rendete unica la vostra attrezzatura.<\/li>\n<\/ul>\n<p>&nbsp;<\/p>\n<h3 style=\"text-align: center;\"><strong>Testato e approvato da professionisti<\/strong><\/h3>\n<p>Questo caricatore \u00e8 testato e approvato da istruttori di tiro tattico, armaioli e operatori di unit\u00e0 specializzate. Fa parte della gamma Ragwinn Solutions, che offre accessori di alta gamma per i professionisti pi\u00f9 esigenti.<\/p>\n<p>&nbsp;<\/p>\n<h3 style=\"text-align: center;\"><strong>Caract\u00e9ristiques techniques du mawgell AR15<\/strong><\/h3>\n<ul>\n<li><strong>Peso<\/strong> : <span class=\"NA6bn BxUVEf ILfuVd\" lang=\"en\"><span class=\"hgKElc pOOWX\">\u2264<\/span><\/span> 22g<\/li>\n<li><strong>Temperature estreme<\/strong> Resistente da -50\u00b0C a +160\u00b0C<\/li>\n<li><strong>Resistenza ai solventi, ai raggi UV e IR<\/strong>\u00a0Massima protezione, in qualsiasi ambiente.<\/li>\n<\/ul>\n<p>&nbsp;<\/p>\n<h4 style=\"text-align: center;\"><strong>Ottimizzate le vostre ricariche ordinando ora il magwell.<\/strong><\/h4>\n<p>Disponibile anche per\u00a0<a href=\"https:\/\/ragwinn.com\/it\/produit\/accessorio-magwell-hk416-f-mr223-f\/\" target=\"_blank\" rel=\"noopener\">HK416 F<\/a>.<\/p>\n<p>Scoprite anche il nostro\u00a0<a href=\"https:\/\/ragwinn.com\/it\/categorie-produit\/tattica-ragwinn\/\">altri accessori per AR15 e HK416<\/a> come il <a href=\"https:\/\/ragwinn.com\/it\/produit\/tallone-5-pmag-ar15\/\" target=\"_blank\" rel=\"noopener\">tallone +5 PMAG<\/a>.<\/p>\n<p>Ulteriori informazioni su cosa sia il magwell <a href=\"https:\/\/crealib3d.com\/quest-ce-quun-magwell-et-pourquoi-en-utiliser\" target=\"_blank\" rel=\"noopener\">qui<\/a>\u00a0(in francese) e\u00a0<a href=\"https:\/\/www.anrkydexholsters.com\/what-is-a-magwell-why-do-they-matter\/\" target=\"_blank\" rel=\"noopener\">qui<\/a>\u00a0(in inglese).<\/p>\n<p>* Compatibile con oltre 90% AR15 (Daniel D\u00e9fense, BCM, Alpen Arms, Aero Precision, ecc.). Armi e accessori non venduti.<\/p>","protected":false},"excerpt":{"rendered":"<p>Magwell AR15 MIL-SPEC<br \/>\nPosizionato intorno al pozzetto del caricatore originale per aumentare notevolmente l'angolo di inserimento del caricatore.<br \/>\nFornito con diversi inserti per adattarlo perfettamente al vostro AR15.<br \/>\nProdotto in Francia.<\/p>","protected":false},"featured_media":4100,"comment_status":"open","ping_status":"closed","template":"","meta":{"ocean_post_layout":"","ocean_both_sidebars_style":"","ocean_both_sidebars_content_width":0,"ocean_both_sidebars_sidebars_width":0,"ocean_sidebar":"0","ocean_second_sidebar":"0","ocean_disable_margins":"enable","ocean_add_body_class":"","ocean_shortcode_before_top_bar":"","ocean_shortcode_after_top_bar":"","ocean_shortcode_before_header":"","ocean_shortcode_after_header":"","ocean_has_shortcode":"","ocean_shortcode_after_title":"","ocean_shortcode_before_footer_widgets":"","ocean_shortcode_after_footer_widgets":"","ocean_shortcode_before_footer_bottom":"","ocean_shortcode_after_footer_bottom":"","ocean_display_top_bar":"default","ocean_display_header":"default","ocean_header_style":"","ocean_center_header_left_menu":"0","ocean_custom_header_template":"0","ocean_custom_logo":0,"ocean_custom_retina_logo":0,"ocean_custom_logo_max_width":0,"ocean_custom_logo_tablet_max_width":0,"ocean_custom_logo_mobile_max_width":0,"ocean_custom_logo_max_height":0,"ocean_custom_logo_tablet_max_height":0,"ocean_custom_logo_mobile_max_height":0,"ocean_header_custom_menu":"0","ocean_menu_typo_font_family":"0","ocean_menu_typo_font_subset":"","ocean_menu_typo_font_size":0,"ocean_menu_typo_font_size_tablet":0,"ocean_menu_typo_font_size_mobile":0,"ocean_menu_typo_font_size_unit":"px","ocean_menu_typo_font_weight":"","ocean_menu_typo_font_weight_tablet":"","ocean_menu_typo_font_weight_mobile":"","ocean_menu_typo_transform":"","ocean_menu_typo_transform_tablet":"","ocean_menu_typo_transform_mobile":"","ocean_menu_typo_line_height":0,"ocean_menu_typo_line_height_tablet":0,"ocean_menu_typo_line_height_mobile":0,"ocean_menu_typo_line_height_unit":"","ocean_menu_typo_spacing":0,"ocean_menu_typo_spacing_tablet":0,"ocean_menu_typo_spacing_mobile":0,"ocean_menu_typo_spacing_unit":"","ocean_menu_link_color":"","ocean_menu_link_color_hover":"","ocean_menu_link_color_active":"","ocean_menu_link_background":"","ocean_menu_link_hover_background":"","ocean_menu_link_active_background":"","ocean_menu_social_links_bg":"","ocean_menu_social_hover_links_bg":"","ocean_menu_social_links_color":"","ocean_menu_social_hover_links_color":"","ocean_disable_title":"default","ocean_disable_heading":"default","ocean_post_title":"","ocean_post_subheading":"","ocean_post_title_style":"","ocean_post_title_background_color":"","ocean_post_title_background":0,"ocean_post_title_bg_image_position":"","ocean_post_title_bg_image_attachment":"","ocean_post_title_bg_image_repeat":"","ocean_post_title_bg_image_size":"","ocean_post_title_height":0,"ocean_post_title_bg_overlay":0.5,"ocean_post_title_bg_overlay_color":"","ocean_disable_breadcrumbs":"default","ocean_breadcrumbs_color":"","ocean_breadcrumbs_separator_color":"","ocean_breadcrumbs_links_color":"","ocean_breadcrumbs_links_hover_color":"","ocean_display_footer_widgets":"default","ocean_display_footer_bottom":"default","ocean_custom_footer_template":"0"},"product_brand":[],"product_cat":[43,85,17],"product_tag":[20,116,77,117],"class_list":{"0":"post-736","1":"product","2":"type-product","3":"status-publish","4":"has-post-thumbnail","6":"product_cat-ragwinn-tactics","7":"product_cat-magwell","8":"product_cat-ragwinn-hobby","9":"product_tag-ar15","10":"product_tag-custom","11":"product_tag-magwell","12":"product_tag-reloading","13":"product_shipping_class-produit-leger-500g","15":"entry","16":"has-media","18":"first","19":"onbackorder","20":"sale","21":"featured","22":"taxable","23":"shipping-taxable","24":"purchasable","25":"product-type-simple","26":"has-rating","27":"col","28":"span_1_of_4","29":"owp-content-center","30":"item-entry","31":"owp-thumbs-layout-horizontal","32":"owp-btn-big","33":"owp-tabs-layout-horizontal"},"_links":{"self":[{"href":"https:\/\/ragwinn.com\/it\/wp-json\/wp\/v2\/product\/736","targetHints":{"allow":["GET"]}}],"collection":[{"href":"https:\/\/ragwinn.com\/it\/wp-json\/wp\/v2\/product"}],"about":[{"href":"https:\/\/ragwinn.com\/it\/wp-json\/wp\/v2\/types\/product"}],"replies":[{"embeddable":true,"href":"https:\/\/ragwinn.com\/it\/wp-json\/wp\/v2\/comments?post=736"}],"version-history":[{"count":11,"href":"https:\/\/ragwinn.com\/it\/wp-json\/wp\/v2\/product\/736\/revisions"}],"predecessor-version":[{"id":4397,"href":"https:\/\/ragwinn.com\/it\/wp-json\/wp\/v2\/product\/736\/revisions\/4397"}],"wp:featuredmedia":[{"embeddable":true,"href":"https:\/\/ragwinn.com\/it\/wp-json\/wp\/v2\/media\/4100"}],"wp:attachment":[{"href":"https:\/\/ragwinn.com\/it\/wp-json\/wp\/v2\/media?parent=736"}],"wp:term":[{"taxonomy":"product_brand","embeddable":true,"href":"https:\/\/ragwinn.com\/it\/wp-json\/wp\/v2\/product_brand?post=736"},{"taxonomy":"product_cat","embeddable":true,"href":"https:\/\/ragwinn.com\/it\/wp-json\/wp\/v2\/product_cat?post=736"},{"taxonomy":"product_tag","embeddable":true,"href":"https:\/\/ragwinn.com\/it\/wp-json\/wp\/v2\/product_tag?post=736"}],"curies":[{"name":"wp","href":"https:\/\/api.w.org\/{rel}","templated":true}]}}