{"id":357,"date":"2024-01-09T15:48:58","date_gmt":"2024-01-09T14:48:58","guid":{"rendered":"https:\/\/ragwinn.com\/?post_type=product&#038;p=357"},"modified":"2026-05-04T18:47:36","modified_gmt":"2026-05-04T16:47:36","slug":"fondina-armata-cassaforte","status":"publish","type":"product","link":"https:\/\/ragwinn.com\/it\/produit\/holster-armedepoing-coffre-fort","title":{"rendered":"Cassaforte magnetica per pistola con fondina"},"content":{"rendered":"<h2>Una fondina magnetica per pistole: un risparmio di spazio nella vostra cassaforte<\/h2>\n<p>Questa fondina per pistola \u00e8 un accessorio essenziale per i tiratori sportivi che vogliono tenere la loro arma al sicuro e sfruttare al meglio lo spazio disponibile! Progettata per adattarsi alle pistole:<\/p>\n<ul>\n<li>Glock 9\u00d719 a doppia colonna (17, 19, 19X, 45 ecc.),<\/li>\n<li>FNS-9,<\/li>\n<li>Sig P226,<\/li>\n<li>e altri modelli di pistola...<\/li>\n<\/ul>\n<p>Potete scegliere il modello pi\u00f9 adatto a voi tra 3 versioni:<\/p>\n<p>- Lato magnetico diritto, ideale per la porta d'ingresso,<\/p>\n<p>- Lato sinistro magnetizzato per una conservazione organizzata,<\/p>\n<p>- La parte superiore magnetizzata \u00e8 perfetta per ottimizzare lo spazio nel bagagliaio e proteggere al meglio la vostra arma.<\/p>\n<h2>L'accessorio perfetto per organizzare il vostro bagagliaio<\/h2>\n<p>I magneti al neodimio offrono un'adesione perfetta alle superfici metalliche. Il materiale di alta qualit\u00e0 della fondina \u00e8 stato progettato per proteggere l'arma e tenerla al riparo dagli urti: la vostra arma sar\u00e0 conservata e protetta con cura.<\/p>\n<p>Questo accessorio vi far\u00e0 risparmiare una notevole quantit\u00e0 di spazio nel bagagliaio.<\/p>","protected":false},"excerpt":{"rendered":"<p>Se la disposizione delle casseforti non \u00e8 sempre ottimale, questa fondina per pistola vi permetter\u00e0 di riporre l'arma in modo sicuro nella cassaforte.<\/p>\n<p>Disponibile in diverse versioni:<\/p>\n<ul>\n<li>Lato destro magnetico, ideale per riporre la porta del bagagliaio,<\/li>\n<li>Lato sinistro magnetizzato per una custodia ben organizzata,<\/li>\n<li>Parte superiore magnetica, per riporre l'arma in alto.<\/li>\n<\/ul>","protected":false},"featured_media":1313,"comment_status":"open","ping_status":"closed","template":"","meta":{"ocean_post_layout":"","ocean_both_sidebars_style":"","ocean_both_sidebars_content_width":0,"ocean_both_sidebars_sidebars_width":0,"ocean_sidebar":"0","ocean_second_sidebar":"0","ocean_disable_margins":"enable","ocean_add_body_class":"","ocean_shortcode_before_top_bar":"","ocean_shortcode_after_top_bar":"","ocean_shortcode_before_header":"","ocean_shortcode_after_header":"","ocean_has_shortcode":"","ocean_shortcode_after_title":"","ocean_shortcode_before_footer_widgets":"","ocean_shortcode_after_footer_widgets":"","ocean_shortcode_before_footer_bottom":"","ocean_shortcode_after_footer_bottom":"","ocean_display_top_bar":"default","ocean_display_header":"default","ocean_header_style":"","ocean_center_header_left_menu":"0","ocean_custom_header_template":"0","ocean_custom_logo":0,"ocean_custom_retina_logo":0,"ocean_custom_logo_max_width":0,"ocean_custom_logo_tablet_max_width":0,"ocean_custom_logo_mobile_max_width":0,"ocean_custom_logo_max_height":0,"ocean_custom_logo_tablet_max_height":0,"ocean_custom_logo_mobile_max_height":0,"ocean_header_custom_menu":"0","ocean_menu_typo_font_family":"0","ocean_menu_typo_font_subset":"","ocean_menu_typo_font_size":0,"ocean_menu_typo_font_size_tablet":0,"ocean_menu_typo_font_size_mobile":0,"ocean_menu_typo_font_size_unit":"px","ocean_menu_typo_font_weight":"","ocean_menu_typo_font_weight_tablet":"","ocean_menu_typo_font_weight_mobile":"","ocean_menu_typo_transform":"","ocean_menu_typo_transform_tablet":"","ocean_menu_typo_transform_mobile":"","ocean_menu_typo_line_height":0,"ocean_menu_typo_line_height_tablet":0,"ocean_menu_typo_line_height_mobile":0,"ocean_menu_typo_line_height_unit":"","ocean_menu_typo_spacing":0,"ocean_menu_typo_spacing_tablet":0,"ocean_menu_typo_spacing_mobile":0,"ocean_menu_typo_spacing_unit":"","ocean_menu_link_color":"","ocean_menu_link_color_hover":"","ocean_menu_link_color_active":"","ocean_menu_link_background":"","ocean_menu_link_hover_background":"","ocean_menu_link_active_background":"","ocean_menu_social_links_bg":"","ocean_menu_social_hover_links_bg":"","ocean_menu_social_links_color":"","ocean_menu_social_hover_links_color":"","ocean_disable_title":"default","ocean_disable_heading":"default","ocean_post_title":"","ocean_post_subheading":"","ocean_post_title_style":"","ocean_post_title_background_color":"","ocean_post_title_background":0,"ocean_post_title_bg_image_position":"","ocean_post_title_bg_image_attachment":"","ocean_post_title_bg_image_repeat":"","ocean_post_title_bg_image_size":"","ocean_post_title_height":0,"ocean_post_title_bg_overlay":0.5,"ocean_post_title_bg_overlay_color":"","ocean_disable_breadcrumbs":"default","ocean_breadcrumbs_color":"","ocean_breadcrumbs_separator_color":"","ocean_breadcrumbs_links_color":"","ocean_breadcrumbs_links_hover_color":"","ocean_display_footer_widgets":"default","ocean_display_footer_bottom":"default","ocean_custom_footer_template":"0"},"product_brand":[],"product_cat":[17],"product_tag":[28,22,29,30],"class_list":{"0":"post-357","1":"product","2":"type-product","3":"status-publish","4":"has-post-thumbnail","6":"product_cat-ragwinn-hobby","7":"product_tag-coffre-fort","8":"product_tag-glock","9":"product_tag-rangement","10":"product_tag-stockage","11":"product_shipping_class-produit-leger-500g","13":"entry","14":"has-media","16":"first","17":"instock","18":"taxable","19":"shipping-taxable","20":"purchasable","21":"product-type-variable","22":"has-rating","23":"col","24":"span_1_of_4","25":"owp-content-center","26":"item-entry","27":"owp-thumbs-layout-horizontal","28":"owp-btn-big","29":"owp-tabs-layout-horizontal"},"_links":{"self":[{"href":"https:\/\/ragwinn.com\/it\/wp-json\/wp\/v2\/product\/357","targetHints":{"allow":["GET"]}}],"collection":[{"href":"https:\/\/ragwinn.com\/it\/wp-json\/wp\/v2\/product"}],"about":[{"href":"https:\/\/ragwinn.com\/it\/wp-json\/wp\/v2\/types\/product"}],"replies":[{"embeddable":true,"href":"https:\/\/ragwinn.com\/it\/wp-json\/wp\/v2\/comments?post=357"}],"version-history":[{"count":2,"href":"https:\/\/ragwinn.com\/it\/wp-json\/wp\/v2\/product\/357\/revisions"}],"predecessor-version":[{"id":3644,"href":"https:\/\/ragwinn.com\/it\/wp-json\/wp\/v2\/product\/357\/revisions\/3644"}],"wp:featuredmedia":[{"embeddable":true,"href":"https:\/\/ragwinn.com\/it\/wp-json\/wp\/v2\/media\/1313"}],"wp:attachment":[{"href":"https:\/\/ragwinn.com\/it\/wp-json\/wp\/v2\/media?parent=357"}],"wp:term":[{"taxonomy":"product_brand","embeddable":true,"href":"https:\/\/ragwinn.com\/it\/wp-json\/wp\/v2\/product_brand?post=357"},{"taxonomy":"product_cat","embeddable":true,"href":"https:\/\/ragwinn.com\/it\/wp-json\/wp\/v2\/product_cat?post=357"},{"taxonomy":"product_tag","embeddable":true,"href":"https:\/\/ragwinn.com\/it\/wp-json\/wp\/v2\/product_tag?post=357"}],"curies":[{"name":"wp","href":"https:\/\/api.w.org\/{rel}","templated":true}]}}