{"id":3220,"date":"2025-09-17T13:45:58","date_gmt":"2025-09-17T11:45:58","guid":{"rendered":"https:\/\/ragwinn.com\/?post_type=product&#038;p=3220"},"modified":"2026-05-07T15:29:04","modified_gmt":"2026-05-07T13:29:04","slug":"magwell-g36","status":"publish","type":"product","link":"https:\/\/ragwinn.com\/it\/produit\/magwell-g36","title":{"rendered":"Magwell G36"},"content":{"rendered":"<h1 style=\"text-align: center;\">Magwell G36<\/h1>\n<h2 style=\"text-align: center;\">\u00a0\u00bb Am\u00e9liorez votre arme et vos performances avec le magwell G36 \u00ab\u00a0<\/h2>\n<p>Le magwell G36 est l\u2019accessoire id\u00e9al pour optimiser vos rechargements tout en restant concentr\u00e9 sur votre mission.<br \/>\nL'ampio angolo di inserimento facilita l'inserimento del caricatore in tutte le condizioni.<\/p>\n<h2 style=\"text-align: center;\">Vantaggi del magwell G36<\/h2>\n<ul>\n<li><strong>Installazione rapida<\/strong> Montaggio in meno di 10 secondi, senza attrezzi.<\/li>\n<li><strong>Design ambidestro<\/strong> : compatible droitiers et gauchers, acc\u00e8s direct au bouton de d\u00e9verrouillage du chargeur.<\/li>\n<li><strong>Massima robustezza<\/strong> Nylon rinforzato con fibra di carbonio, resistente agli urti, ai raggi UV, alle sostanze chimiche e alle temperature estreme (da -50\u00b0C a +160\u00b0C).<\/li>\n<li><strong>Compatibile <\/strong>Progettato per l'uso con tutte le versioni del fucile d'assalto HK G36, tra cui G36 K, G36 KP2, G36 C, G36 KE, G36 KA4 e MR243 S.<\/li>\n<li><strong>Luce<\/strong> Solo 34 g (caricatore originale = 46 g).<\/li>\n<\/ul>\n<h2 style=\"text-align: center;\">Un accessoire G36 professionnel haut de gamme<\/h2>\n<p>Int\u00e9gr\u00e9 \u00e0 la cat\u00e9gorie Ragwinn Solutions, ce magwell G36 s\u2019adresse aux forces de l&rsquo;ordre et militaires en qu\u00eate d&rsquo;am\u00e9lioration de leurs performances.<\/p>\n<h3 style=\"text-align: center;\">Prodotti complementari<\/h3>\n<ul>\n<li><a href=\"https:\/\/ragwinn.com\/it\/produit\/porte-munitions-cartouchiere-lbd-40\/\" target=\"_blank\" rel=\"noopener\">Portacartucce da cintura LBD 40 - 3 cartucce da 40 mm ad accesso rapido<\/a><\/li>\n<li><a href=\"https:\/\/ragwinn.com\/it\/produit\/magwell-ump9-hk\/\" target=\"_blank\" rel=\"noopener\">Magwell HK UMP9 - ricarica molto fluida<\/a><\/li>\n<\/ul>\n<p>Scoprite cos'\u00e8 il magwell <a href=\"https:\/\/crealib3d.com\/quest-ce-quun-magwell-et-pourquoi-en-utiliser\" target=\"_blank\" rel=\"noopener\">qui<\/a>\u00a0(in francese) e\u00a0<a href=\"https:\/\/www.anrkydexholsters.com\/what-is-a-magwell-why-do-they-matter\/\" target=\"_blank\" rel=\"noopener\">qui<\/a>\u00a0(in inglese).<\/p>\n<p>\u26a0\ufe0f Prima di acquistare o installare questo accessorio, consultare la legislazione vigente nel proprio Paese. In Francia, dal giugno 2025, la modifica di un'arma da fuoco amministrativa \u00e8 generalmente vietata.<\/p>\n<p>In attesa di brevetto<\/p>","protected":false},"excerpt":{"rendered":"<p>Magwell G36 - HK<br \/>\nInstallazione rapida in meno di 10 secondi senza attrezzi.<br \/>\nOffre un angolo di inserimento del caricatore molto migliorato rispetto all'originale.<br \/>\nActuellement utilis\u00e9 par des op\u00e9rateurs de la BRI et de la Bundeswehr (Arm\u00e9e Allemande).<\/p>","protected":false},"featured_media":4134,"comment_status":"open","ping_status":"closed","template":"","meta":{"ocean_post_layout":"","ocean_both_sidebars_style":"","ocean_both_sidebars_content_width":0,"ocean_both_sidebars_sidebars_width":0,"ocean_sidebar":"0","ocean_second_sidebar":"0","ocean_disable_margins":"enable","ocean_add_body_class":"","ocean_shortcode_before_top_bar":"","ocean_shortcode_after_top_bar":"","ocean_shortcode_before_header":"","ocean_shortcode_after_header":"","ocean_has_shortcode":"","ocean_shortcode_after_title":"","ocean_shortcode_before_footer_widgets":"","ocean_shortcode_after_footer_widgets":"","ocean_shortcode_before_footer_bottom":"","ocean_shortcode_after_footer_bottom":"","ocean_display_top_bar":"default","ocean_display_header":"default","ocean_header_style":"","ocean_center_header_left_menu":"0","ocean_custom_header_template":"0","ocean_custom_logo":0,"ocean_custom_retina_logo":0,"ocean_custom_logo_max_width":0,"ocean_custom_logo_tablet_max_width":0,"ocean_custom_logo_mobile_max_width":0,"ocean_custom_logo_max_height":0,"ocean_custom_logo_tablet_max_height":0,"ocean_custom_logo_mobile_max_height":0,"ocean_header_custom_menu":"0","ocean_menu_typo_font_family":"0","ocean_menu_typo_font_subset":"","ocean_menu_typo_font_size":0,"ocean_menu_typo_font_size_tablet":0,"ocean_menu_typo_font_size_mobile":0,"ocean_menu_typo_font_size_unit":"px","ocean_menu_typo_font_weight":"","ocean_menu_typo_font_weight_tablet":"","ocean_menu_typo_font_weight_mobile":"","ocean_menu_typo_transform":"","ocean_menu_typo_transform_tablet":"","ocean_menu_typo_transform_mobile":"","ocean_menu_typo_line_height":0,"ocean_menu_typo_line_height_tablet":0,"ocean_menu_typo_line_height_mobile":0,"ocean_menu_typo_line_height_unit":"","ocean_menu_typo_spacing":0,"ocean_menu_typo_spacing_tablet":0,"ocean_menu_typo_spacing_mobile":0,"ocean_menu_typo_spacing_unit":"","ocean_menu_link_color":"","ocean_menu_link_color_hover":"","ocean_menu_link_color_active":"","ocean_menu_link_background":"","ocean_menu_link_hover_background":"","ocean_menu_link_active_background":"","ocean_menu_social_links_bg":"","ocean_menu_social_hover_links_bg":"","ocean_menu_social_links_color":"","ocean_menu_social_hover_links_color":"","ocean_disable_title":"default","ocean_disable_heading":"default","ocean_post_title":"","ocean_post_subheading":"","ocean_post_title_style":"","ocean_post_title_background_color":"","ocean_post_title_background":0,"ocean_post_title_bg_image_position":"","ocean_post_title_bg_image_attachment":"","ocean_post_title_bg_image_repeat":"","ocean_post_title_bg_image_size":"","ocean_post_title_height":0,"ocean_post_title_bg_overlay":0.5,"ocean_post_title_bg_overlay_color":"","ocean_disable_breadcrumbs":"default","ocean_breadcrumbs_color":"","ocean_breadcrumbs_separator_color":"","ocean_breadcrumbs_links_color":"","ocean_breadcrumbs_links_hover_color":"","ocean_display_footer_widgets":"default","ocean_display_footer_bottom":"default","ocean_custom_footer_template":"0"},"product_brand":[],"product_cat":[85,43],"product_tag":[33,77,86,117,122],"class_list":{"0":"post-3220","1":"product","2":"type-product","3":"status-publish","4":"has-post-thumbnail","6":"product_cat-magwell","7":"product_cat-ragwinn-tactics","8":"product_tag-armee","9":"product_tag-magwell","10":"product_tag-police","11":"product_tag-reloading","12":"product_tag-ugrade","13":"product_shipping_class-produit-leger-500g","15":"entry","16":"has-media","18":"first","19":"instock","20":"sale","21":"taxable","22":"shipping-taxable","23":"purchasable","24":"product-type-simple","25":"col","26":"span_1_of_4","27":"owp-content-center","28":"item-entry","29":"owp-thumbs-layout-horizontal","30":"owp-btn-big","31":"owp-tabs-layout-horizontal"},"_links":{"self":[{"href":"https:\/\/ragwinn.com\/it\/wp-json\/wp\/v2\/product\/3220","targetHints":{"allow":["GET"]}}],"collection":[{"href":"https:\/\/ragwinn.com\/it\/wp-json\/wp\/v2\/product"}],"about":[{"href":"https:\/\/ragwinn.com\/it\/wp-json\/wp\/v2\/types\/product"}],"replies":[{"embeddable":true,"href":"https:\/\/ragwinn.com\/it\/wp-json\/wp\/v2\/comments?post=3220"}],"version-history":[{"count":16,"href":"https:\/\/ragwinn.com\/it\/wp-json\/wp\/v2\/product\/3220\/revisions"}],"predecessor-version":[{"id":4400,"href":"https:\/\/ragwinn.com\/it\/wp-json\/wp\/v2\/product\/3220\/revisions\/4400"}],"wp:featuredmedia":[{"embeddable":true,"href":"https:\/\/ragwinn.com\/it\/wp-json\/wp\/v2\/media\/4134"}],"wp:attachment":[{"href":"https:\/\/ragwinn.com\/it\/wp-json\/wp\/v2\/media?parent=3220"}],"wp:term":[{"taxonomy":"product_brand","embeddable":true,"href":"https:\/\/ragwinn.com\/it\/wp-json\/wp\/v2\/product_brand?post=3220"},{"taxonomy":"product_cat","embeddable":true,"href":"https:\/\/ragwinn.com\/it\/wp-json\/wp\/v2\/product_cat?post=3220"},{"taxonomy":"product_tag","embeddable":true,"href":"https:\/\/ragwinn.com\/it\/wp-json\/wp\/v2\/product_tag?post=3220"}],"curies":[{"name":"wp","href":"https:\/\/api.w.org\/{rel}","templated":true}]}}