{"id":2326,"date":"2025-02-07T22:11:23","date_gmt":"2025-02-07T21:11:23","guid":{"rendered":"https:\/\/ragwinn.com\/?post_type=product&#038;p=2326"},"modified":"2026-05-04T18:46:51","modified_gmt":"2026-05-04T16:46:51","slug":"tacco-2-pmag-glock-magpul-gl9","status":"publish","type":"product","link":"https:\/\/ragwinn.com\/it\/produit\/talon-2-pmag-glock-magpul-gl9","title":{"rendered":"Estensione +2 PMAG Glock Magpul GL9"},"content":{"rendered":"<h1 style=\"text-align: center;\"><strong>Tacco +2 <\/strong>PMAG Glock Magpul GL9<\/h1>\r\nQuesto talloncino consente di aggiungere 2 munizioni supplementari al caricatore Magpul PMAG 17 GL9 mantenendo la molla originale.\r\nLa sua forma \u00e8 progettata per una presa comoda ed ergonomica, con o senza guanti.\r\nLa parte inferiore dell'estensione consente di numerare i caricatori per distinguerli durante le sessioni di tiro.\r\n<h2 style=\"text-align: center;\"><strong>Caratteristiche principali:<\/strong><\/h2>\r\n<ul>\r\n \t<li><strong>Miglioramento della presa<\/strong> L'impugnatura sulla parte anteriore e gli incavi sui lati garantiscono una presa ergonomica,<\/li>\r\n \t<li><strong>Compatibilit\u00e0 estesa<\/strong> Compatibile con i caricatori Magpul PMAG GL9 per Glock gen5 modelli 17, 19, 19X, 26, 34, 45 con canna 9x19mm. Non compatibile con i caricatori slimline,<\/li>\r\n \t<li><strong>Facile da installare<\/strong> \u00c8 sufficiente rimuovere il tallone originale, comprimere la molla e montare il nuovo tallone. Ora avete un caricatore che contiene 2 o 4 munizioni in pi\u00f9,<\/li>\r\n \t<li><strong>Produzione di qualit\u00e0 <\/strong>Realizzato in Francia nel nostro laboratorio, questo tacco \u00e8 stato progettato con un polimero rinforzato con fibra di carbonio. La sua composizione lo rende leggero e resistente agli urti fino a 160\u00b0C.<\/li>\r\n<\/ul>\r\n<h2 style=\"text-align: center;\"><strong>Personalizzazione del caricabatterie :<\/strong><\/h2>\r\n<ul>\r\n \t<li><strong>Numerabile<\/strong> L'estensione +2 consente di numerare i caricabatterie. Utilizzare un pennarello \"posca\" o una matita grassa negli appositi spazi per identificare facilmente ogni caricatore,<\/li>\r\n \t<li><strong>Verniciatura personalizzata<\/strong> Per personalizzare ulteriormente il caricatore, \u00e8 possibile dipingerlo con un pennello o una bomboletta spray. In questo modo, potrete abbinare il tallone al colore della vostra pistola.<\/li>\r\n<\/ul>\r\n&nbsp;\r\n<h3><strong>Disponibile anche:<\/strong><\/h3>\r\n<ul>\r\n \t<li><a href=\"https:\/\/ragwinn.com\/it\/produit\/magwell-glock-17-45-34-gen-5\/\" target=\"_blank\" rel=\"noopener\"><strong>Magwell per Glock 17, 45 e 34 Gen5<\/strong><\/a> Scoprite il nostro caricatore per Glock 17, 34 e 45 (gen5) con un angolo di inserimento ottimizzato per una ricarica super scorrevole,<\/li>\r\n \t<li><a href=\"https:\/\/ragwinn.com\/it\/produit\/magwell-pour-glock-43x\/\" target=\"_blank\" rel=\"noopener\"><strong>Magwell per Glock 43X<\/strong><\/a> Migliorare la presa e la velocit\u00e0 di ricarica della vostra Glock slimline con il nostro <a href=\"https:\/\/crealib3d.com\/quest-ce-quun-magwell-et-pourquoi-en-utiliser\" target=\"_blank\" rel=\"noopener\">magwell<\/a>.<\/li>\r\n<\/ul>\r\n&nbsp;\r\n\r\n<em>Nota: vengono forniti solo il caricatore e le viti.<\/em>\r\n\r\n&nbsp;\r\n\r\nAttenzione:\r\nPrima di effettuare l'ordine, verificare le norme in vigore nel proprio Paese\/regione.\r\nIn Francia, nel novembre 2024, la capacit\u00e0 massima di un caricatore per pistola classificato nella categoria B-1 non potr\u00e0 superare i 20 colpi. Oltre questa soglia, il caricatore sar\u00e0 riclassificato nella categoria A1 8, riservata ai tiratori TSV (<a href=\"https:\/\/www.legifrance.gouv.fr\/codes\/article_lc\/LEGIARTI000037144152\" target=\"_blank\" rel=\"noopener\">R312-45-1<\/a>).\r\n\r\n<!-- \/wp:post-content -->","protected":false},"excerpt":{"rendered":"<p>Questo estensione consente di aggiungere 2 colpi supplementari al caricatore Magpul PMAG 17 GL9 mantenendo la molla originale.<\/p>\n<p>L'impugnatura \u00e8 perfettamente progettata per essere utilizzata con o senza guanti.<\/p>\n<p>Sul lato inferiore, le riviste possono essere numerate con un pennarello Posca o una matita grassa.<\/p>","protected":false},"featured_media":2349,"comment_status":"open","ping_status":"closed","template":"","meta":{"ocean_post_layout":"","ocean_both_sidebars_style":"","ocean_both_sidebars_content_width":0,"ocean_both_sidebars_sidebars_width":0,"ocean_sidebar":"0","ocean_second_sidebar":"0","ocean_disable_margins":"enable","ocean_add_body_class":"","ocean_shortcode_before_top_bar":"","ocean_shortcode_after_top_bar":"","ocean_shortcode_before_header":"","ocean_shortcode_after_header":"","ocean_has_shortcode":"","ocean_shortcode_after_title":"","ocean_shortcode_before_footer_widgets":"","ocean_shortcode_after_footer_widgets":"","ocean_shortcode_before_footer_bottom":"","ocean_shortcode_after_footer_bottom":"","ocean_display_top_bar":"default","ocean_display_header":"default","ocean_header_style":"","ocean_center_header_left_menu":"0","ocean_custom_header_template":"0","ocean_custom_logo":0,"ocean_custom_retina_logo":0,"ocean_custom_logo_max_width":0,"ocean_custom_logo_tablet_max_width":0,"ocean_custom_logo_mobile_max_width":0,"ocean_custom_logo_max_height":0,"ocean_custom_logo_tablet_max_height":0,"ocean_custom_logo_mobile_max_height":0,"ocean_header_custom_menu":"0","ocean_menu_typo_font_family":"0","ocean_menu_typo_font_subset":"","ocean_menu_typo_font_size":0,"ocean_menu_typo_font_size_tablet":0,"ocean_menu_typo_font_size_mobile":0,"ocean_menu_typo_font_size_unit":"px","ocean_menu_typo_font_weight":"","ocean_menu_typo_font_weight_tablet":"","ocean_menu_typo_font_weight_mobile":"","ocean_menu_typo_transform":"","ocean_menu_typo_transform_tablet":"","ocean_menu_typo_transform_mobile":"","ocean_menu_typo_line_height":0,"ocean_menu_typo_line_height_tablet":0,"ocean_menu_typo_line_height_mobile":0,"ocean_menu_typo_line_height_unit":"","ocean_menu_typo_spacing":0,"ocean_menu_typo_spacing_tablet":0,"ocean_menu_typo_spacing_mobile":0,"ocean_menu_typo_spacing_unit":"","ocean_menu_link_color":"","ocean_menu_link_color_hover":"","ocean_menu_link_color_active":"","ocean_menu_link_background":"","ocean_menu_link_hover_background":"","ocean_menu_link_active_background":"","ocean_menu_social_links_bg":"","ocean_menu_social_hover_links_bg":"","ocean_menu_social_links_color":"","ocean_menu_social_hover_links_color":"","ocean_disable_title":"default","ocean_disable_heading":"default","ocean_post_title":"","ocean_post_subheading":"","ocean_post_title_style":"","ocean_post_title_background_color":"","ocean_post_title_background":0,"ocean_post_title_bg_image_position":"","ocean_post_title_bg_image_attachment":"","ocean_post_title_bg_image_repeat":"","ocean_post_title_bg_image_size":"","ocean_post_title_height":0,"ocean_post_title_bg_overlay":0.5,"ocean_post_title_bg_overlay_color":"","ocean_disable_breadcrumbs":"default","ocean_breadcrumbs_color":"","ocean_breadcrumbs_separator_color":"","ocean_breadcrumbs_links_color":"","ocean_breadcrumbs_links_hover_color":"","ocean_display_footer_widgets":"default","ocean_display_footer_bottom":"default","ocean_custom_footer_template":"0"},"product_brand":[],"product_cat":[104,17,43],"product_tag":[24,25,23,22],"class_list":{"0":"post-2326","1":"product","2":"type-product","3":"status-publish","4":"has-post-thumbnail","6":"product_cat-extension-chargeur","7":"product_cat-ragwinn-hobby","8":"product_cat-ragwinn-tactics","9":"product_tag-chargeur","10":"product_tag-chargeur-2","11":"product_tag-extension","12":"product_tag-glock","13":"product_shipping_class-produit-leger-500g","15":"entry","16":"has-media","18":"first","19":"instock","20":"featured","21":"taxable","22":"shipping-taxable","23":"purchasable","24":"product-type-simple","25":"has-rating","26":"col","27":"span_1_of_4","28":"owp-content-center","29":"item-entry","30":"owp-thumbs-layout-horizontal","31":"owp-btn-big","32":"owp-tabs-layout-horizontal"},"_links":{"self":[{"href":"https:\/\/ragwinn.com\/it\/wp-json\/wp\/v2\/product\/2326","targetHints":{"allow":["GET"]}}],"collection":[{"href":"https:\/\/ragwinn.com\/it\/wp-json\/wp\/v2\/product"}],"about":[{"href":"https:\/\/ragwinn.com\/it\/wp-json\/wp\/v2\/types\/product"}],"replies":[{"embeddable":true,"href":"https:\/\/ragwinn.com\/it\/wp-json\/wp\/v2\/comments?post=2326"}],"version-history":[{"count":1,"href":"https:\/\/ragwinn.com\/it\/wp-json\/wp\/v2\/product\/2326\/revisions"}],"predecessor-version":[{"id":3941,"href":"https:\/\/ragwinn.com\/it\/wp-json\/wp\/v2\/product\/2326\/revisions\/3941"}],"wp:featuredmedia":[{"embeddable":true,"href":"https:\/\/ragwinn.com\/it\/wp-json\/wp\/v2\/media\/2349"}],"wp:attachment":[{"href":"https:\/\/ragwinn.com\/it\/wp-json\/wp\/v2\/media?parent=2326"}],"wp:term":[{"taxonomy":"product_brand","embeddable":true,"href":"https:\/\/ragwinn.com\/it\/wp-json\/wp\/v2\/product_brand?post=2326"},{"taxonomy":"product_cat","embeddable":true,"href":"https:\/\/ragwinn.com\/it\/wp-json\/wp\/v2\/product_cat?post=2326"},{"taxonomy":"product_tag","embeddable":true,"href":"https:\/\/ragwinn.com\/it\/wp-json\/wp\/v2\/product_tag?post=2326"}],"curies":[{"name":"wp","href":"https:\/\/api.w.org\/{rel}","templated":true}]}}