{"id":736,"date":"2024-04-09T09:57:56","date_gmt":"2024-04-09T07:57:56","guid":{"rendered":"https:\/\/ragwinn.com\/?post_type=product&#038;p=736"},"modified":"2026-04-16T07:45:18","modified_gmt":"2026-04-16T05:45:18","slug":"magwell-ar15","status":"publish","type":"product","link":"https:\/\/ragwinn.com\/fr\/produit\/magwell-ar15","title":{"rendered":"Magwell AR15"},"content":{"rendered":"<h1 style=\"text-align: center;\"><strong>Magwell AR15<\/strong><\/h1>\n<h2 style=\"text-align: center;\"><strong>\u00a0\u00bb\u00a0<u>Augmentez votre vitesse de rechargement<\/u>\u00a0\u00ab\u00a0<\/strong><\/h2>\n<p>Con\u00e7u pour les AR15 Mil-Spec.<\/p>\n<p>Gr\u00e2ce \u00e0 son angle sp\u00e9cialement \u00e9tudi\u00e9, le magwell AR15 permet d\u2019effectuer un rechargement rapide pour un gain d\u2019efficacit\u00e9.<br \/>\nAvec son angle d\u2019insertion g\u00e9n\u00e9reux il guidera directement votre chargeur dans le puits de votre arme.<\/p>\n<h2 style=\"text-align: center;\"><strong>Pourquoi choisir notre magwell ?<\/strong><\/h2>\n<ul>\n<li><strong>Vitesse de rechargement am\u00e9lior\u00e9e<\/strong>\u00a0: Gr\u00e2ce \u00e0 son angle d\u2019insertion 250 % plus large que celui des puits de chargeur MilSpec et ses 90 degr\u00e9s d\u2019angle \u00e0 l\u2019entr\u00e9e, ce magwell permet un rechargement plus rapide et sans effort,<\/li>\n<li><strong>Gain de temps d\u00e9cisif<\/strong> : Restez op\u00e9rationnel en rechargeant rapidement et reprenez votre tir dans les plus brefs d\u00e9lais,<\/li>\n<li><strong>Enti\u00e8rement modulable\u00a0<\/strong>: Afin de s\u2019adapter \u00e0 votre AR15, le magwell est fourni avec plusieurs plaquettes. Ces derni\u00e8res vous permettront d\u2019ajuster la longueur du magwell ainsi que sa hauteur au puit de chargeur de votre arme*, L\u2019installation est rapide et ne n\u00e9cessite aucune modification de l\u2019arme<strong>,<\/strong><\/li>\n<li><strong>Compatibilit\u00e9 optimale<\/strong>\u00a0: Fonctionne avec les chargeurs PMAG (Gen 1-2-3), STANAG, AMEND2 et autres,<\/li>\n<li><strong>Discr\u00e9tion<\/strong>\u00a0: Con\u00e7u pour un usage op\u00e9rationnel, fabriqu\u00e9 dans un mat\u00e9riau sombre absorbant les rayons infrarouges IR, ce magwell garantit efficacit\u00e9 et discr\u00e9tion de jour comme de nuit, id\u00e9al pour les missions nocturnes.<\/li>\n<\/ul>\n<p>&nbsp;<\/p>\n<h3 style=\"text-align: center;\"><strong>Un accessoire pour AR15 pratique et durable<\/strong><\/h3>\n<ul>\n<li><strong>Installation facile et rapide<\/strong>\u00a0: Le magwell pour AR15 se fixe avec les deux vis incluses, sans laisser de trace sur votre arme,<\/li>\n<li><strong>Entretien simplifi\u00e9<\/strong>\u00a0: Il se d\u00e9monte facilement pour un nettoyage de votre arme et de ses \u00e9l\u00e9ments,<\/li>\n<li><strong>Robustesse exceptionnelle<\/strong> : Fabriqu\u00e9 en nylon renforc\u00e9 de fibres de carbone, il r\u00e9siste \u00e0 des temp\u00e9ratures extr\u00eames (-50\u00b0C \u00e0 +160\u00b0C), aux impacts violents ainsi qu\u2019aux UV et solvants,<\/li>\n<li><strong>Ergonomique et ambidextre\u00a0<\/strong>: Con\u00e7u pour tous les utilisateurs, qu\u2019ils soient droitiers ou gauchers, avec un profil compact et l\u00e9ger.<\/li>\n<\/ul>\n<p>&nbsp;<\/p>\n<h3 style=\"text-align: center;\"><strong>Un magwell personnalisable et esth\u00e9tique<\/strong><\/h3>\n<ul>\n<li><strong>Camouflable au besoin<\/strong>\u00a0: Peignez votre magwell selon vos pr\u00e9f\u00e9rences,<\/li>\n<li><strong>Inscription personnalis\u00e9e<\/strong>\u00a0: Texte, logo ou autre inscription sur demande. Faites de votre \u00e9quipement une pi\u00e8ce unique.<\/li>\n<\/ul>\n<p>&nbsp;<\/p>\n<h3 style=\"text-align: center;\"><strong>Test\u00e9 et approuv\u00e9 par des professionnels<\/strong><\/h3>\n<p>Ce magwell est test\u00e9 et approuv\u00e9 par des moniteurs de tir tactique, des armuriers ainsi que des op\u00e9rateurs d\u2019unit\u00e9s sp\u00e9cialis\u00e9es. Il fait partie de la gamme Ragwinn Solutions, offrant des accessoires haut de gamme pour les professionnels les plus exigeants.<\/p>\n<p>&nbsp;<\/p>\n<h3 style=\"text-align: center;\"><strong>Caract\u00e9ristiques techniques<\/strong><\/h3>\n<ul>\n<li><strong>Poids<\/strong> : <span class=\"NA6bn BxUVEf ILfuVd\" lang=\"en\"><span class=\"hgKElc pOOWX\">\u2264<\/span><\/span> 22g<\/li>\n<li><strong>Temp\u00e9ratures extr\u00eames<\/strong> : R\u00e9siste de -50\u00b0C \u00e0 +160\u00b0C<\/li>\n<li><strong>R\u00e9sistance aux solvants, UV et IR<\/strong>\u00a0: Une protection maximale, quel que soit l\u2019environnement.<\/li>\n<\/ul>\n<p>&nbsp;<\/p>\n<h4 style=\"text-align: center;\"><strong>Optimisez vos rechargements en commandant votre magwell d\u00e8s maintenant.<\/strong><\/h4>\n<p>Disponible \u00e9galement pour\u00a0<a href=\"https:\/\/ragwinn.com\/produit\/magwell-hk416-f-mr223-f-accessoire\" target=\"_blank\" rel=\"noopener\">HK416 F<\/a>.<\/p>\n<p>D\u00e9couvrez \u00e9galement nos\u00a0<a href=\"https:\/\/ragwinn.com\/categorie-produit\/ragwinn-tactics\">autres accessoires pour AR15 et HK416<\/a> comme le <a href=\"https:\/\/ragwinn.com\/produit\/talon-5-pmag-ar15\" target=\"_blank\" rel=\"noopener\">talon +5 PMAG<\/a>.<\/p>\n<p>Plus d\u2019informations sur ce qu\u2019est un magwell <a href=\"https:\/\/crealib3d.com\/quest-ce-quun-magwell-et-pourquoi-en-utiliser\" target=\"_blank\" rel=\"noopener\">ici<\/a>\u00a0(en fran\u00e7ais) et\u00a0<a href=\"https:\/\/www.anrkydexholsters.com\/what-is-a-magwell-why-do-they-matter\/\" target=\"_blank\" rel=\"noopener\">ici<\/a>\u00a0(en anglais).<\/p>\n<p>* Compatible avec plus de 90% des AR15 (Daniel D\u00e9fense, BCM, Alpen Arms, Aero Precision, etc). Armes et ses accessoires non-vendus.<\/p>\n","protected":false},"excerpt":{"rendered":"<p>Magwell AR15 MIL-SPEC<br \/>\nSe positionne autour du puits de chargeur d&rsquo;origine pour augmenter fortement l&rsquo;angle d&rsquo;insertion du chargeur.<br \/>\nLivr\u00e9 avec plusieurs plaquettes pour ajuster parfaitement le magwell \u00e0 votre AR15.<br \/>\nFabriqu\u00e9 en France.<\/p>\n","protected":false},"featured_media":4100,"comment_status":"open","ping_status":"closed","template":"","meta":{"ocean_post_layout":"","ocean_both_sidebars_style":"","ocean_both_sidebars_content_width":0,"ocean_both_sidebars_sidebars_width":0,"ocean_sidebar":"0","ocean_second_sidebar":"0","ocean_disable_margins":"enable","ocean_add_body_class":"","ocean_shortcode_before_top_bar":"","ocean_shortcode_after_top_bar":"","ocean_shortcode_before_header":"","ocean_shortcode_after_header":"","ocean_has_shortcode":"","ocean_shortcode_after_title":"","ocean_shortcode_before_footer_widgets":"","ocean_shortcode_after_footer_widgets":"","ocean_shortcode_before_footer_bottom":"","ocean_shortcode_after_footer_bottom":"","ocean_display_top_bar":"default","ocean_display_header":"default","ocean_header_style":"","ocean_center_header_left_menu":"0","ocean_custom_header_template":"0","ocean_custom_logo":0,"ocean_custom_retina_logo":0,"ocean_custom_logo_max_width":0,"ocean_custom_logo_tablet_max_width":0,"ocean_custom_logo_mobile_max_width":0,"ocean_custom_logo_max_height":0,"ocean_custom_logo_tablet_max_height":0,"ocean_custom_logo_mobile_max_height":0,"ocean_header_custom_menu":"0","ocean_menu_typo_font_family":"0","ocean_menu_typo_font_subset":"","ocean_menu_typo_font_size":0,"ocean_menu_typo_font_size_tablet":0,"ocean_menu_typo_font_size_mobile":0,"ocean_menu_typo_font_size_unit":"px","ocean_menu_typo_font_weight":"","ocean_menu_typo_font_weight_tablet":"","ocean_menu_typo_font_weight_mobile":"","ocean_menu_typo_transform":"","ocean_menu_typo_transform_tablet":"","ocean_menu_typo_transform_mobile":"","ocean_menu_typo_line_height":0,"ocean_menu_typo_line_height_tablet":0,"ocean_menu_typo_line_height_mobile":0,"ocean_menu_typo_line_height_unit":"","ocean_menu_typo_spacing":0,"ocean_menu_typo_spacing_tablet":0,"ocean_menu_typo_spacing_mobile":0,"ocean_menu_typo_spacing_unit":"","ocean_menu_link_color":"","ocean_menu_link_color_hover":"","ocean_menu_link_color_active":"","ocean_menu_link_background":"","ocean_menu_link_hover_background":"","ocean_menu_link_active_background":"","ocean_menu_social_links_bg":"","ocean_menu_social_hover_links_bg":"","ocean_menu_social_links_color":"","ocean_menu_social_hover_links_color":"","ocean_disable_title":"default","ocean_disable_heading":"default","ocean_post_title":"","ocean_post_subheading":"","ocean_post_title_style":"","ocean_post_title_background_color":"","ocean_post_title_background":0,"ocean_post_title_bg_image_position":"","ocean_post_title_bg_image_attachment":"","ocean_post_title_bg_image_repeat":"","ocean_post_title_bg_image_size":"","ocean_post_title_height":0,"ocean_post_title_bg_overlay":0.5,"ocean_post_title_bg_overlay_color":"","ocean_disable_breadcrumbs":"default","ocean_breadcrumbs_color":"","ocean_breadcrumbs_separator_color":"","ocean_breadcrumbs_links_color":"","ocean_breadcrumbs_links_hover_color":"","ocean_display_footer_widgets":"default","ocean_display_footer_bottom":"default","ocean_custom_footer_template":"0"},"product_brand":[],"product_cat":[43,85,17],"product_tag":[20,116,77,117],"class_list":{"0":"post-736","1":"product","2":"type-product","3":"status-publish","4":"has-post-thumbnail","6":"product_cat-ragwinn-tactics","7":"product_cat-magwell","8":"product_cat-ragwinn-hobby","9":"product_tag-ar15","10":"product_tag-custom","11":"product_tag-magwell","12":"product_tag-reloading","13":"product_shipping_class-produit-leger-500g","15":"entry","16":"has-media","18":"first","19":"onbackorder","20":"sale","21":"featured","22":"taxable","23":"shipping-taxable","24":"purchasable","25":"product-type-simple","26":"has-rating","27":"col","28":"span_1_of_4","29":"owp-content-center","30":"item-entry","31":"owp-thumbs-layout-horizontal","32":"owp-btn-big","33":"owp-tabs-layout-horizontal"},"_links":{"self":[{"href":"https:\/\/ragwinn.com\/fr\/wp-json\/wp\/v2\/product\/736","targetHints":{"allow":["GET"]}}],"collection":[{"href":"https:\/\/ragwinn.com\/fr\/wp-json\/wp\/v2\/product"}],"about":[{"href":"https:\/\/ragwinn.com\/fr\/wp-json\/wp\/v2\/types\/product"}],"replies":[{"embeddable":true,"href":"https:\/\/ragwinn.com\/fr\/wp-json\/wp\/v2\/comments?post=736"}],"version-history":[{"count":10,"href":"https:\/\/ragwinn.com\/fr\/wp-json\/wp\/v2\/product\/736\/revisions"}],"predecessor-version":[{"id":4101,"href":"https:\/\/ragwinn.com\/fr\/wp-json\/wp\/v2\/product\/736\/revisions\/4101"}],"wp:featuredmedia":[{"embeddable":true,"href":"https:\/\/ragwinn.com\/fr\/wp-json\/wp\/v2\/media\/4100"}],"wp:attachment":[{"href":"https:\/\/ragwinn.com\/fr\/wp-json\/wp\/v2\/media?parent=736"}],"wp:term":[{"taxonomy":"product_brand","embeddable":true,"href":"https:\/\/ragwinn.com\/fr\/wp-json\/wp\/v2\/product_brand?post=736"},{"taxonomy":"product_cat","embeddable":true,"href":"https:\/\/ragwinn.com\/fr\/wp-json\/wp\/v2\/product_cat?post=736"},{"taxonomy":"product_tag","embeddable":true,"href":"https:\/\/ragwinn.com\/fr\/wp-json\/wp\/v2\/product_tag?post=736"}],"curies":[{"name":"wp","href":"https:\/\/api.w.org\/{rel}","templated":true}]}}