{"id":583,"date":"2024-04-03T13:04:13","date_gmt":"2024-04-03T11:04:13","guid":{"rendered":"https:\/\/ragwinn.com\/?post_type=product&#038;p=583"},"modified":"2026-04-04T00:06:50","modified_gmt":"2026-04-03T22:06:50","slug":"chargeur-entrainement-pour-glock","status":"publish","type":"product","link":"https:\/\/ragwinn.com\/fr\/produit\/chargeur-entrainement-pour-glock","title":{"rendered":"Chargeur d&rsquo;entrainement pour Glock 9&#215;19"},"content":{"rendered":"<h2>Chargeur d&rsquo;entra\u00eenement pour Glock gen 3 4 5 &#8211; 9&#215;19<\/h2>\n<p>Le chargeur d&rsquo;entra\u00eenement pour Glock haute visibilit\u00e9 est un accessoire essentiel pour les professionnels qui souhaitent effectuer leurs entrainements en toute s\u00e9curit\u00e9. Il vous permettra d&rsquo;effectuer des exercices de drill \u00e0 sec et manipulation d&rsquo;arme en toute s\u00e9curit\u00e9 et efficacit\u00e9.<\/p>\n<p>Ce chargeur factice haute visibilit\u00e9 permet notamment d&rsquo;effectuer des mouvements r\u00e9armement de la culasse sans que celle-ci ne reste bloqu\u00e9e en arri\u00e8re, des manipulations de saisie, d\u00e9sarmement, arrachement, parfait pour toutes les simulations de situations.<\/p>\n<p>Sa couleur bleu, conforme aux normes et conventions internationales sur les armes et accessoires d&rsquo;entra\u00eenement, vous permet d&rsquo;identifier que l&rsquo;arme ne contient pas de chargeur fonctionnel et ce d&rsquo;un simple contr\u00f4le visuel.<\/p>\n<p>Ce mat\u00e9riel factice au poids proche de celui d&rsquo;un chargeur vide permet de se concentrer sur les techniques et postures. Fabriqu\u00e9 avec des mat\u00e9riaux de haute qualit\u00e9 pour garantir une durabilit\u00e9 et une fiabilit\u00e9 optimales m\u00eame lors des entra\u00eenements les plus intensifs.<\/p>\n<p>En r\u00e9sum\u00e9, le chargeur d&rsquo;entra\u00eenement Glock haute visibilit\u00e9 drill \u00e0 sec est un outil de formation essentiel pour les forces de l&rsquo;ordre et op\u00e9rateurs de tous niveaux. Sa haute visibilit\u00e9, sa durabilit\u00e9 et sa facilit\u00e9 d&rsquo;utilisation en font un choix parfait pour les s\u00e9ances d&rsquo;entra\u00eenement.<\/p>\n<p>&nbsp;<\/p>\n<hr \/>\n<p>&nbsp;<\/p>\n<p>Arme et ses accessoires non fournis.<\/p>\n","protected":false},"excerpt":{"rendered":"<p>Chargeur d&rsquo;entra\u00eenement pour Glock gen 3 4 5 &#8211; 9&#215;19 Le chargeur d&rsquo;entra\u00eenement pour Glock haute visibilit\u00e9 est un accessoire essentiel pour les professionnels qui souhaitent effectuer leurs entrainements en toute s\u00e9curit\u00e9. Il vous permettra d&rsquo;effectuer des exercices de drill \u00e0 sec et manipulation d&rsquo;arme en toute s\u00e9curit\u00e9 et efficacit\u00e9. Ce chargeur factice haute visibilit\u00e9 [&hellip;]<\/p>\n","protected":false},"featured_media":1297,"comment_status":"open","ping_status":"closed","template":"","meta":{"ocean_post_layout":"","ocean_both_sidebars_style":"","ocean_both_sidebars_content_width":0,"ocean_both_sidebars_sidebars_width":0,"ocean_sidebar":"0","ocean_second_sidebar":"0","ocean_disable_margins":"enable","ocean_add_body_class":"","ocean_shortcode_before_top_bar":"","ocean_shortcode_after_top_bar":"","ocean_shortcode_before_header":"","ocean_shortcode_after_header":"","ocean_has_shortcode":"","ocean_shortcode_after_title":"","ocean_shortcode_before_footer_widgets":"","ocean_shortcode_after_footer_widgets":"","ocean_shortcode_before_footer_bottom":"","ocean_shortcode_after_footer_bottom":"","ocean_display_top_bar":"default","ocean_display_header":"default","ocean_header_style":"","ocean_center_header_left_menu":"0","ocean_custom_header_template":"0","ocean_custom_logo":0,"ocean_custom_retina_logo":0,"ocean_custom_logo_max_width":0,"ocean_custom_logo_tablet_max_width":0,"ocean_custom_logo_mobile_max_width":0,"ocean_custom_logo_max_height":0,"ocean_custom_logo_tablet_max_height":0,"ocean_custom_logo_mobile_max_height":0,"ocean_header_custom_menu":"0","ocean_menu_typo_font_family":"0","ocean_menu_typo_font_subset":"","ocean_menu_typo_font_size":0,"ocean_menu_typo_font_size_tablet":0,"ocean_menu_typo_font_size_mobile":0,"ocean_menu_typo_font_size_unit":"px","ocean_menu_typo_font_weight":"","ocean_menu_typo_font_weight_tablet":"","ocean_menu_typo_font_weight_mobile":"","ocean_menu_typo_transform":"","ocean_menu_typo_transform_tablet":"","ocean_menu_typo_transform_mobile":"","ocean_menu_typo_line_height":0,"ocean_menu_typo_line_height_tablet":0,"ocean_menu_typo_line_height_mobile":0,"ocean_menu_typo_line_height_unit":"","ocean_menu_typo_spacing":0,"ocean_menu_typo_spacing_tablet":0,"ocean_menu_typo_spacing_mobile":0,"ocean_menu_typo_spacing_unit":"","ocean_menu_link_color":"","ocean_menu_link_color_hover":"","ocean_menu_link_color_active":"","ocean_menu_link_background":"","ocean_menu_link_hover_background":"","ocean_menu_link_active_background":"","ocean_menu_social_links_bg":"","ocean_menu_social_hover_links_bg":"","ocean_menu_social_links_color":"","ocean_menu_social_hover_links_color":"","ocean_disable_title":"default","ocean_disable_heading":"default","ocean_post_title":"","ocean_post_subheading":"","ocean_post_title_style":"","ocean_post_title_background_color":"","ocean_post_title_background":0,"ocean_post_title_bg_image_position":"","ocean_post_title_bg_image_attachment":"","ocean_post_title_bg_image_repeat":"","ocean_post_title_bg_image_size":"","ocean_post_title_height":0,"ocean_post_title_bg_overlay":0.5,"ocean_post_title_bg_overlay_color":"","ocean_disable_breadcrumbs":"default","ocean_breadcrumbs_color":"","ocean_breadcrumbs_separator_color":"","ocean_breadcrumbs_links_color":"","ocean_breadcrumbs_links_hover_color":"","ocean_display_footer_widgets":"default","ocean_display_footer_bottom":"default","ocean_custom_footer_template":"0"},"product_brand":[],"product_cat":[43],"product_tag":[],"class_list":{"0":"post-583","1":"product","2":"type-product","3":"status-publish","4":"has-post-thumbnail","6":"product_cat-ragwinn-tactics","7":"product_shipping_class-produit-leger-500g","9":"entry","10":"has-media","12":"first","13":"onbackorder","14":"taxable","15":"shipping-taxable","16":"purchasable","17":"product-type-simple","18":"col","19":"span_1_of_4","20":"owp-content-center","21":"item-entry","22":"owp-thumbs-layout-horizontal","23":"owp-btn-big","24":"owp-tabs-layout-horizontal"},"_links":{"self":[{"href":"https:\/\/ragwinn.com\/fr\/wp-json\/wp\/v2\/product\/583","targetHints":{"allow":["GET"]}}],"collection":[{"href":"https:\/\/ragwinn.com\/fr\/wp-json\/wp\/v2\/product"}],"about":[{"href":"https:\/\/ragwinn.com\/fr\/wp-json\/wp\/v2\/types\/product"}],"replies":[{"embeddable":true,"href":"https:\/\/ragwinn.com\/fr\/wp-json\/wp\/v2\/comments?post=583"}],"version-history":[{"count":0,"href":"https:\/\/ragwinn.com\/fr\/wp-json\/wp\/v2\/product\/583\/revisions"}],"wp:featuredmedia":[{"embeddable":true,"href":"https:\/\/ragwinn.com\/fr\/wp-json\/wp\/v2\/media\/1297"}],"wp:attachment":[{"href":"https:\/\/ragwinn.com\/fr\/wp-json\/wp\/v2\/media?parent=583"}],"wp:term":[{"taxonomy":"product_brand","embeddable":true,"href":"https:\/\/ragwinn.com\/fr\/wp-json\/wp\/v2\/product_brand?post=583"},{"taxonomy":"product_cat","embeddable":true,"href":"https:\/\/ragwinn.com\/fr\/wp-json\/wp\/v2\/product_cat?post=583"},{"taxonomy":"product_tag","embeddable":true,"href":"https:\/\/ragwinn.com\/fr\/wp-json\/wp\/v2\/product_tag?post=583"}],"curies":[{"name":"wp","href":"https:\/\/api.w.org\/{rel}","templated":true}]}}