{"id":4264,"date":"2026-03-23T15:54:29","date_gmt":"2026-03-23T14:54:29","guid":{"rendered":"https:\/\/ragwinn.com\/?post_type=product&#038;p=4264"},"modified":"2026-04-08T10:53:26","modified_gmt":"2026-04-08T08:53:26","slug":"magwell-hk-g95-hk-416-a7","status":"publish","type":"product","link":"https:\/\/ragwinn.com\/fr\/produit\/magwell-hk-g95-hk-416-a7","title":{"rendered":"Magwell HK G95 &#8211; HK416 A7"},"content":{"rendered":"<h1 class=\"text-text-100 mt-3 -mb-1 text-[1.375rem] font-bold\" style=\"text-align: center;\"><strong>Magwell HK G95 (HK416 A7)<\/strong><\/h1>\n<h2 class=\"text-text-100 mt-3 -mb-1 text-[1.125rem] font-bold\" style=\"text-align: center;\"><strong>\u00bb Augmentez votre vitesse de rechargement avec le magwell HK G95 \u00ab<\/strong><\/h2>\n<p class=\"font-claude-response-body break-words whitespace-normal leading-[1.7]\">Con\u00e7u exclusivement pour le HK G95 \u2014 d\u00e9signation Bundeswehr du HK416 A7 \u2014 en dotation de l&rsquo;Arm\u00e9e Allemande.<\/p>\n<p class=\"font-claude-response-body break-words whitespace-normal leading-[1.7]\">Le magwell HK G95 permet un rechargement rapide et fiable, pour une efficacit\u00e9 maximale m\u00eame dans les conditions les plus extr\u00eames. Gr\u00e2ce \u00e0 son angle d&rsquo;insertion sp\u00e9cialement \u00e9tudi\u00e9 pour la g\u00e9om\u00e9trie du puits de chargeur du HK416 A7, cet accessoire guide votre chargeur directement dans l&rsquo;arme.<\/p>\n<h2 class=\"text-text-100 mt-3 -mb-1 text-[1.125rem] font-bold\" style=\"text-align: center;\"><strong>Pourquoi choisir notre magwell HK G95 ?<\/strong><\/h2>\n<ul class=\"[li_&amp;]:mb-0 [li_&amp;]:mt-1 [li_&amp;]:gap-1 [&amp;:not(:last-child)_ul]:pb-1 [&amp;:not(:last-child)_ol]:pb-1 list-disc flex flex-col gap-1 pl-8 mb-3\">\n<li class=\"whitespace-normal break-words pl-2\"><strong>Vitesse de rechargement am\u00e9lior\u00e9e<\/strong> : Gr\u00e2ce \u00e0 ses 90 degr\u00e9s d&rsquo;angle \u00e0 l&rsquo;entr\u00e9e et son angle d&rsquo;insertion 250 % plus large que celui du puit de chargeur d&rsquo;origine, ce magwell pour HK416 A7 permet un rechargement acc\u00e9l\u00e9r\u00e9 et sans effort.<\/li>\n<li class=\"whitespace-normal break-words pl-2\"><strong>Gain de temps d\u00e9cisif<\/strong> : Restez op\u00e9rationnel en rechargeant plus rapidement afin de reprendre le tir dans les plus brefs d\u00e9lais.<\/li>\n<li class=\"whitespace-normal break-words pl-2\"><strong>Compatibilit\u00e9 optimale<\/strong> : Fonctionne avec les chargeurs PMAG (Gen 1-2-3), STANAG, AMEND2 et autres.<\/li>\n<li class=\"whitespace-normal break-words pl-2\"><strong>Discr\u00e9tion IR<\/strong> : Fabriqu\u00e9 dans un mat\u00e9riau sombre absorbant les rayons infrarouges, ce magwell HK G95 garantit une discr\u00e9tion de jour comme de nuit \u2014 id\u00e9al pour les missions nocturnes et les op\u00e9rations sp\u00e9ciales de la Bundeswehr.<\/li>\n<\/ul>\n<h2 class=\"text-text-100 mt-3 -mb-1 text-[1.125rem] font-bold\" style=\"text-align: center;\"><strong>Un accessoire HK416 A7 efficace et durable<\/strong><\/h2>\n<ul class=\"[li_&amp;]:mb-0 [li_&amp;]:mt-1 [li_&amp;]:gap-1 [&amp;:not(:last-child)_ul]:pb-1 [&amp;:not(:last-child)_ol]:pb-1 list-disc flex flex-col gap-1 pl-8 mb-3\">\n<li class=\"whitespace-normal break-words pl-2\"><strong>Installation rapide et s\u00e9curis\u00e9e<\/strong> : La conception du magwell garantit une fixation stable gr\u00e2ce \u00e0 deux vis inox \u2014 aucun risque de blocage du puit de chargeur suite \u00e0 un mouvement de l&rsquo;accessoire.<\/li>\n<li class=\"whitespace-normal break-words pl-2\"><strong>Robustesse exceptionnelle<\/strong> : Fabriqu\u00e9 en nylon renforc\u00e9 de fibres de carbone, il r\u00e9siste \u00e0 des temp\u00e9ratures extr\u00eames (\u221250 \u00b0C \u00e0 +160 \u00b0C), aux impacts violents ainsi qu&rsquo;aux UV et solvants.<\/li>\n<li class=\"whitespace-normal break-words pl-2\"><strong>Ergonomique et ambidextre<\/strong> : Con\u00e7u pour tous les utilisateurs, droitiers comme gauchers, avec un profil compact et l\u00e9ger.<\/li>\n<\/ul>\n<h2 class=\"text-text-100 mt-3 -mb-1 text-[1.125rem] font-bold\" style=\"text-align: center;\"><strong>Un magwell HK G95 personnalisable<\/strong><\/h2>\n<ul class=\"[li_&amp;]:mb-0 [li_&amp;]:mt-1 [li_&amp;]:gap-1 [&amp;:not(:last-child)_ul]:pb-1 [&amp;:not(:last-child)_ol]:pb-1 list-disc flex flex-col gap-1 pl-8 mb-3\">\n<li class=\"whitespace-normal break-words pl-2\"><strong>Camouflable<\/strong> : Peignez votre magwell selon vos besoins et la doctrine camouflage de votre unit\u00e9.<\/li>\n<li class=\"whitespace-normal break-words pl-2\"><strong>Inscription personnalis\u00e9e<\/strong> : Texte, logo ou toute autre inscription sur demande. Faites de votre \u00e9quipement une pi\u00e8ce unique.<\/li>\n<\/ul>\n<h3 class=\"text-text-100 mt-3 -mb-1 text-[1.125rem] font-bold\" style=\"text-align: center;\"><strong>Test\u00e9 et approuv\u00e9 par des professionnels<\/strong><\/h3>\n<p class=\"font-claude-response-body break-words whitespace-normal leading-[1.7]\">Ce magwell HK G95 est test\u00e9 et approuv\u00e9 par des op\u00e9rateurs du KSK de la Bundeswehr. Il fait partie de la gamme Ragwinn Solutions, con\u00e7ue pour les professionnels les plus exigeants \u2014 militaires et forces sp\u00e9ciales.<\/p>\n<h3 class=\"text-text-100 mt-3 -mb-1 text-[1.125rem] font-bold\" style=\"text-align: center;\"><strong>Caract\u00e9ristiques techniques<\/strong><\/h3>\n<ul class=\"[li_&amp;]:mb-0 [li_&amp;]:mt-1 [li_&amp;]:gap-1 [&amp;:not(:last-child)_ul]:pb-1 [&amp;:not(:last-child)_ol]:pb-1 list-disc flex flex-col gap-1 pl-8 mb-3\">\n<li class=\"whitespace-normal break-words pl-2\"><strong>Poids<\/strong> : \u2264 22 g<\/li>\n<li class=\"whitespace-normal break-words pl-2\"><strong>R\u00e9sistance thermique<\/strong> : \u221250 \u00b0C \u00e0 +160 \u00b0C<\/li>\n<li class=\"whitespace-normal break-words pl-2\"><strong>R\u00e9sistance<\/strong> : solvants, UV et absorption IR \u2014 une protection maximale, quel que soit l&rsquo;environnement.<\/li>\n<\/ul>\n<p class=\"font-claude-response-body break-words whitespace-normal leading-[1.7]\" style=\"text-align: center;\"><strong>Ne laissez pas le hasard d\u00e9cider \u00e0 votre place et faites la diff\u00e9rence \u2014 commandez votre magwell HK G95 d\u00e8s maintenant.<\/strong><\/p>\n<hr class=\"border-border-200 border-t-0.5 my-3 mx-1.5\" \/>\n<p class=\"font-claude-response-body break-words whitespace-normal leading-[1.7]\">Disponible \u00e9galement en version magwell AR15 Mil-Spec.<\/p>\n<p class=\"font-claude-response-body break-words whitespace-normal leading-[1.7]\">Disponible en version d\u00e9di\u00e9e \u00e0 la France : <a class=\"underline underline underline-offset-2 decoration-1 decoration-current\/40 hover:decoration-current focus:decoration-current\" href=\"https:\/\/ragwinn.com\/produit\/magwell-hk416-f-mr223-f-accessoire\">magwell HK416 F<\/a>.<\/p>\n<p class=\"font-claude-response-body break-words whitespace-normal leading-[1.7]\">D\u00e9couvrez \u00e9galement nos autres <a href=\"https:\/\/ragwinn.com\/fr\/categorie-produit\/ragwinn-tactics\">accessoires HK416 &#8211; AR15<\/a>.<\/p>\n<p class=\"font-claude-response-body break-words whitespace-normal leading-[1.7]\">Plus d&rsquo;informations sur ce qu&rsquo;est un Magazinschacht <a class=\"underline underline underline-offset-2 decoration-1 decoration-current\/40 hover:decoration-current focus:decoration-current\" href=\"https:\/\/crealib3d.com\/quest-ce-quun-magwell-et-pourquoi-en-utiliser\" target=\"_blank\" rel=\"noopener\">ici<\/a> (en fran\u00e7ais) et <a class=\"underline underline underline-offset-2 decoration-1 decoration-current\/40 hover:decoration-current focus:decoration-current\" href=\"https:\/\/www.anrkydexholsters.com\/what-is-a-magwell-why-do-they-matter\/\" target=\"_blank\" rel=\"noopener\">ici<\/a> (en anglais).<\/p>\n","protected":false},"excerpt":{"rendered":"<p>Magwell HK G95 &amp; HK416 A7.<br \/>\nCon\u00e7u pour le fusil d&rsquo;assaut allemand en dotation de la Bundeswehr.<br \/>\n&#8211; Brevet d\u00e9pos\u00e9 &#8211;<\/p>\n","protected":false},"featured_media":4290,"comment_status":"open","ping_status":"closed","template":"","meta":{"ocean_post_layout":"","ocean_both_sidebars_style":"","ocean_both_sidebars_content_width":0,"ocean_both_sidebars_sidebars_width":0,"ocean_sidebar":"0","ocean_second_sidebar":"0","ocean_disable_margins":"enable","ocean_add_body_class":"","ocean_shortcode_before_top_bar":"","ocean_shortcode_after_top_bar":"","ocean_shortcode_before_header":"","ocean_shortcode_after_header":"","ocean_has_shortcode":"","ocean_shortcode_after_title":"","ocean_shortcode_before_footer_widgets":"","ocean_shortcode_after_footer_widgets":"","ocean_shortcode_before_footer_bottom":"","ocean_shortcode_after_footer_bottom":"","ocean_display_top_bar":"default","ocean_display_header":"default","ocean_header_style":"","ocean_center_header_left_menu":"0","ocean_custom_header_template":"0","ocean_custom_logo":0,"ocean_custom_retina_logo":0,"ocean_custom_logo_max_width":0,"ocean_custom_logo_tablet_max_width":0,"ocean_custom_logo_mobile_max_width":0,"ocean_custom_logo_max_height":0,"ocean_custom_logo_tablet_max_height":0,"ocean_custom_logo_mobile_max_height":0,"ocean_header_custom_menu":"0","ocean_menu_typo_font_family":"0","ocean_menu_typo_font_subset":"","ocean_menu_typo_font_size":0,"ocean_menu_typo_font_size_tablet":0,"ocean_menu_typo_font_size_mobile":0,"ocean_menu_typo_font_size_unit":"px","ocean_menu_typo_font_weight":"","ocean_menu_typo_font_weight_tablet":"","ocean_menu_typo_font_weight_mobile":"","ocean_menu_typo_transform":"","ocean_menu_typo_transform_tablet":"","ocean_menu_typo_transform_mobile":"","ocean_menu_typo_line_height":0,"ocean_menu_typo_line_height_tablet":0,"ocean_menu_typo_line_height_mobile":0,"ocean_menu_typo_line_height_unit":"","ocean_menu_typo_spacing":0,"ocean_menu_typo_spacing_tablet":0,"ocean_menu_typo_spacing_mobile":0,"ocean_menu_typo_spacing_unit":"","ocean_menu_link_color":"","ocean_menu_link_color_hover":"","ocean_menu_link_color_active":"","ocean_menu_link_background":"","ocean_menu_link_hover_background":"","ocean_menu_link_active_background":"","ocean_menu_social_links_bg":"","ocean_menu_social_hover_links_bg":"","ocean_menu_social_links_color":"","ocean_menu_social_hover_links_color":"","ocean_disable_title":"default","ocean_disable_heading":"default","ocean_post_title":"","ocean_post_subheading":"","ocean_post_title_style":"","ocean_post_title_background_color":"","ocean_post_title_background":0,"ocean_post_title_bg_image_position":"","ocean_post_title_bg_image_attachment":"","ocean_post_title_bg_image_repeat":"","ocean_post_title_bg_image_size":"","ocean_post_title_height":0,"ocean_post_title_bg_overlay":0.5,"ocean_post_title_bg_overlay_color":"","ocean_disable_breadcrumbs":"default","ocean_breadcrumbs_color":"","ocean_breadcrumbs_separator_color":"","ocean_breadcrumbs_links_color":"","ocean_breadcrumbs_links_hover_color":"","ocean_display_footer_widgets":"default","ocean_display_footer_bottom":"default","ocean_custom_footer_template":"0"},"product_brand":[],"product_cat":[17,85,16,43],"product_tag":[33,31,44,77,118],"class_list":{"0":"post-4264","1":"product","2":"type-product","3":"status-publish","4":"has-post-thumbnail","6":"product_cat-ragwinn-hobby","7":"product_cat-magwell","8":"product_cat-non-classe","9":"product_cat-ragwinn-tactics","10":"product_tag-armee","11":"product_tag-hk416","12":"product_tag-hk416f","13":"product_tag-magwell","14":"product_tag-upgrade","15":"product_shipping_class-produit-leger-500g","17":"entry","18":"has-media","20":"first","21":"instock","22":"sale","23":"featured","24":"taxable","25":"shipping-taxable","26":"purchasable","27":"product-type-simple","28":"col","29":"span_1_of_4","30":"owp-content-center","31":"item-entry","32":"owp-thumbs-layout-horizontal","33":"owp-btn-big","34":"owp-tabs-layout-horizontal"},"_links":{"self":[{"href":"https:\/\/ragwinn.com\/fr\/wp-json\/wp\/v2\/product\/4264","targetHints":{"allow":["GET"]}}],"collection":[{"href":"https:\/\/ragwinn.com\/fr\/wp-json\/wp\/v2\/product"}],"about":[{"href":"https:\/\/ragwinn.com\/fr\/wp-json\/wp\/v2\/types\/product"}],"replies":[{"embeddable":true,"href":"https:\/\/ragwinn.com\/fr\/wp-json\/wp\/v2\/comments?post=4264"}],"version-history":[{"count":6,"href":"https:\/\/ragwinn.com\/fr\/wp-json\/wp\/v2\/product\/4264\/revisions"}],"predecessor-version":[{"id":4293,"href":"https:\/\/ragwinn.com\/fr\/wp-json\/wp\/v2\/product\/4264\/revisions\/4293"}],"wp:featuredmedia":[{"embeddable":true,"href":"https:\/\/ragwinn.com\/fr\/wp-json\/wp\/v2\/media\/4290"}],"wp:attachment":[{"href":"https:\/\/ragwinn.com\/fr\/wp-json\/wp\/v2\/media?parent=4264"}],"wp:term":[{"taxonomy":"product_brand","embeddable":true,"href":"https:\/\/ragwinn.com\/fr\/wp-json\/wp\/v2\/product_brand?post=4264"},{"taxonomy":"product_cat","embeddable":true,"href":"https:\/\/ragwinn.com\/fr\/wp-json\/wp\/v2\/product_cat?post=4264"},{"taxonomy":"product_tag","embeddable":true,"href":"https:\/\/ragwinn.com\/fr\/wp-json\/wp\/v2\/product_tag?post=4264"}],"curies":[{"name":"wp","href":"https:\/\/api.w.org\/{rel}","templated":true}]}}