{"id":3742,"date":"2025-12-06T13:30:13","date_gmt":"2025-12-06T12:30:13","guid":{"rendered":"https:\/\/ragwinn.com\/?post_type=product&#038;p=3742"},"modified":"2026-03-15T12:46:04","modified_gmt":"2026-03-15T11:46:04","slug":"magwell-scar-h","status":"publish","type":"product","link":"https:\/\/ragwinn.com\/fr\/produit\/magwell-scar-h","title":{"rendered":"Magwell SCAR H"},"content":{"rendered":"<h1 style=\"text-align: center;\"><strong data-start=\"299\" data-end=\"322\">Magwell SCAR H<\/strong><\/h1>\n<h2 style=\"text-align: center;\"><strong>\u00bb <\/strong><em data-start=\"329\" data-end=\"399\">Rechargement rapide dans toutes les situations <\/em><strong>\u00ab<\/strong><\/h2>\n<p data-start=\"401\" data-end=\"702\">Con\u00e7u sp\u00e9cialement pour la plateforme Scar H, le magwell est parfaitement compatible avec les variantes du SCAR H, notamment le SCAR H PR, en dotation des tireurs d&rsquo;\u00e9lite de l&rsquo;Arm\u00e9e Fran\u00e7aise.<br \/>\nLa surface d&rsquo;entr\u00e9e et l&rsquo;angle du magwell ont \u00e9t\u00e9 pens\u00e9s pour :<br \/>\n&#8211; Optimiser le rechargement de l&rsquo;arme en position couch\u00e9e &#8211; o\u00f9 l\u2019angle d\u2019insertion peut devenir critique,<br \/>\n&#8211; Optimiser le rechargement de l&rsquo;arme en position debout, o\u00f9 la vitesse de remise en ordre de bataille peut faire la diff\u00e9rence,<br \/>\n&#8211; Offrir au tireur un avantage crucial sur sa cible, lui assurant tranquilit\u00e9 d&rsquo;esprit et efficacit\u00e9 sur le terrain.<\/p>\n<p data-start=\"401\" data-end=\"702\">Gr\u00e2ce \u00e0 son architecture \u00e9tudi\u00e9e pour les chargeurs 7,62 mm SCAR H FN HERSTAL, ce magwell vous garantit une insertion fluide et imm\u00e9diate, m\u00eame dans les conditions les plus exigeantes.<\/p>\n<h2 style=\"text-align: center;\" data-start=\"880\" data-end=\"931\"><strong data-start=\"883\" data-end=\"931\">Pourquoi utiliser le magwell SCAR H ?<\/strong><\/h2>\n<h3 data-start=\"933\" data-end=\"980\">\ud83d\udd39 <strong data-start=\"940\" data-end=\"978\">Rechargement vraiment rapide<\/strong><\/h3>\n<p data-start=\"981\" data-end=\"1229\">Gr\u00e2ce \u00e0 une surface d&rsquo;entr\u00e9e de plus de 90 degr\u00e9s et un angle d\u2019insertion \u00e9largi, le magwell guide naturellement le chargeur dans le puits, r\u00e9duisant le temps de rechargement.<\/p>\n<h3 data-start=\"1231\" data-end=\"1270\">\ud83d\udd39 <strong data-start=\"1238\" data-end=\"1268\">Gain de temps op\u00e9rationnel<\/strong><\/h3>\n<p data-start=\"1271\" data-end=\"1440\">Qui dit rechargement rapide dit retour en ordre de bataille rapide : un indispensable pour une arme destin\u00e9e autant \u00e0 la pr\u00e9cision qu\u2019au tir de combat rapproch\u00e9.<\/p>\n<h3 data-start=\"1442\" data-end=\"1476\">\ud83d\udd39 <strong data-start=\"1449\" data-end=\"1474\">Compatibilit\u00e9 \u00e9tendue<\/strong><\/h3>\n<p data-start=\"1477\" data-end=\"1606\">SCAR H, SCAR H PR, SCAR H TPR, MK17, SCAR 17S et SCAR 20S, ce magwell prendra naturellement place sur votre fusil de pr\u00e9cision.<\/p>\n<h3 data-start=\"1608\" data-end=\"1640\">\ud83d\udd39 <strong data-start=\"1615\" data-end=\"1638\">Discr\u00e9tion maximale<\/strong><\/h3>\n<p data-start=\"1641\" data-end=\"1829\">Fabriqu\u00e9 dans un mat\u00e9riau sombre absorbant les rayons infrarouges (IR), il est discret, l\u00e9ger (26 g), ce qui le rend id\u00e9al pour les op\u00e9rations de nuit et dans les environnements o\u00f9 votre signature infrarouge doit \u00eatre dissimul\u00e9e.<\/p>\n<h3 style=\"text-align: center;\" data-start=\"1836\" data-end=\"1882\"><strong data-start=\"1839\" data-end=\"1882\">Con\u00e7u pour durer, pens\u00e9 pour le terrain<\/strong><\/h3>\n<h3 data-start=\"1884\" data-end=\"1929\">\ud83d\udd39 <strong data-start=\"1891\" data-end=\"1927\">Installation rapide et s\u00e9curis\u00e9e<\/strong><\/h3>\n<p data-start=\"1930\" data-end=\"2049\">Montage fiable gr\u00e2ce \u00e0 deux vis (fournies), garantissant une parfaite tenue sans risque de perturbation du puits de chargeur.<\/p>\n<h3 data-start=\"2051\" data-end=\"2082\">\ud83d\udd39 <strong data-start=\"2058\" data-end=\"2080\">Robustesse \u00e9tudi\u00e9e<\/strong><\/h3>\n<p data-start=\"2083\" data-end=\"2140\">Fabriqu\u00e9 en France dans un nylon renforc\u00e9 en fibres de carbone, il r\u00e9siste :<br \/>\n&#8211; aux chocs violents et r\u00e9p\u00eat\u00e9s,<br \/>\n&#8211; aux temp\u00e9ratures extr\u00eames de -40\u00b0C \u00e0 +160\u00b0C,<br \/>\n&#8211; aux solvants et UV.<\/p>\n<p data-start=\"2249\" data-end=\"2361\">Parfait pour les environnements op\u00e9rationnels vari\u00e9s.<\/p>\n<h3 data-start=\"2363\" data-end=\"2400\">\ud83d\udd39 <strong data-start=\"2370\" data-end=\"2398\">Ergonomique &amp; ambidextre<\/strong><\/h3>\n<p data-start=\"2401\" data-end=\"2566\">Profil compact, poids ma\u00eetris\u00e9 et utilisation fluide pour droitiers comme gauchers. Id\u00e9al aussi bien pour un tireur en appui que pour un aller au contact direct.<\/p>\n<hr data-start=\"2568\" data-end=\"2571\" \/>\n<h3 data-start=\"2363\" data-end=\"2400\">\ud83d\udd39 <strong data-start=\"2370\" data-end=\"2398\">Personnalisable<\/strong><\/h3>\n<p data-start=\"2610\" data-end=\"2728\">Le magwell SCAR H peut parfaitement \u00eatre peint afin de l&rsquo;int\u00e9grer au camouflage de l&rsquo;armement et de l&rsquo;op\u00e9rateur.<\/p>\n<hr data-start=\"2819\" data-end=\"2822\" \/>\n<h2 style=\"text-align: center;\" data-start=\"2824\" data-end=\"2871\"><strong data-start=\"2827\" data-end=\"2871\">Test\u00e9 et approuv\u00e9 par des professionnels<\/strong><\/h2>\n<p data-start=\"2873\" data-end=\"3117\">Con\u00e7u et \u00e9valu\u00e9 avec des militaires d&rsquo;actives, tireurs de pr\u00e9cision et tireurs d&rsquo;\u00e9lite, utilisant la plateforme SCAR.<br \/>\nIl fait partie de la gamme Ragwinn Solutions, con\u00e7ue pour r\u00e9pondre aux exigences du terrain op\u00e9rationnel moderne.<\/p>\n<hr data-start=\"3119\" data-end=\"3122\" \/>\n<h2 style=\"text-align: center;\" data-start=\"3124\" data-end=\"3158\"><strong data-start=\"3127\" data-end=\"3158\">Caract\u00e9ristiques techniques<\/strong><\/h2>\n<ul data-start=\"3160\" data-end=\"3343\">\n<li data-start=\"3160\" data-end=\"3182\">\n<p data-start=\"3162\" data-end=\"3182\"><strong data-start=\"3162\" data-end=\"3173\">Poids :<\/strong> 49 g<\/p>\n<\/li>\n<li data-start=\"3183\" data-end=\"3228\">\n<p data-start=\"3185\" data-end=\"3228\"><strong data-start=\"3185\" data-end=\"3211\">R\u00e9sistance thermique :<\/strong> -40\u00b0C \u00e0 +160\u00b0C<\/p>\n<\/li>\n<li data-start=\"3229\" data-end=\"3291\">\n<p data-start=\"3231\" data-end=\"3291\"><strong data-start=\"3231\" data-end=\"3289\">R\u00e9sistance aux solvants, aux UV et aux rayonnements IR<\/strong><\/p>\n<\/li>\n<li data-start=\"3292\" data-end=\"3343\">\n<p data-start=\"3294\" data-end=\"3343\"><strong data-start=\"3294\" data-end=\"3308\">Mat\u00e9riau :<\/strong> Polym\u00e8re renforc\u00e9 fibres de carbone<\/p>\n<\/li>\n<\/ul>\n<p style=\"text-align: center;\"><strong data-start=\"3350\" data-end=\"3461\">Faites la diff\u00e9rence, optimisez votre SCAR : commandez votre magwell SCAR H PR d\u00e8s maintenant.<\/strong><\/p>\n<p data-start=\"3463\" data-end=\"3492\">Disponible \u00e9galement :<\/p>\n<ul data-start=\"3493\" data-end=\"3567\">\n<li data-start=\"3493\" data-end=\"3521\"><a href=\"https:\/\/ragwinn.com\/produit\/magwell-hk416-f-mr223-f-accessoire\" target=\"_blank\" rel=\"noopener\">Magwell HK 416 F<\/a><\/li>\n<li data-start=\"3493\" data-end=\"3521\"><a href=\"https:\/\/: https:\/\/ragwinn.com\/produit\/magwell-hk417\" target=\"_blank\" rel=\"noopener\">Magwell HK 417<\/a><\/li>\n<li data-start=\"3493\" data-end=\"3521\"><a href=\"https:\/\/ragwinn.com\/produit\/magwellar15\" target=\"_blank\" rel=\"noopener\">Magwell AR15<\/a><\/li>\n<\/ul>\n<p>En apprendre plus sur les magwells <a href=\"https:\/\/crealib3d.com\/quest-ce-quun-magwell-et-pourquoi-en-utiliser\" target=\"_blank\" rel=\"noopener\">ici<\/a> (en fran\u00e7ais) et <a href=\"https:\/\/www.anrkydexholsters.com\/what-is-a-magwell-why-do-they-matter\/\" target=\"_blank\" rel=\"noopener\">ici<\/a> (en anglais).<\/p>\n","protected":false},"excerpt":{"rendered":"<p>Magwell SCAR H : optimisez vos rechargements en appui ou au contact.<br \/>\nCompatible avec les diff\u00e9rentes variantes de SCAR H dont le SCAR H PR.<br \/>\nRapidit\u00e9, robustesse, discretion : con\u00e7u pour le terrain.<\/p>\n","protected":false},"featured_media":4246,"comment_status":"open","ping_status":"closed","template":"","meta":{"ocean_post_layout":"","ocean_both_sidebars_style":"","ocean_both_sidebars_content_width":0,"ocean_both_sidebars_sidebars_width":0,"ocean_sidebar":"0","ocean_second_sidebar":"0","ocean_disable_margins":"enable","ocean_add_body_class":"","ocean_shortcode_before_top_bar":"","ocean_shortcode_after_top_bar":"","ocean_shortcode_before_header":"","ocean_shortcode_after_header":"","ocean_has_shortcode":"","ocean_shortcode_after_title":"","ocean_shortcode_before_footer_widgets":"","ocean_shortcode_after_footer_widgets":"","ocean_shortcode_before_footer_bottom":"","ocean_shortcode_after_footer_bottom":"","ocean_display_top_bar":"default","ocean_display_header":"default","ocean_header_style":"","ocean_center_header_left_menu":"0","ocean_custom_header_template":"0","ocean_custom_logo":0,"ocean_custom_retina_logo":0,"ocean_custom_logo_max_width":0,"ocean_custom_logo_tablet_max_width":0,"ocean_custom_logo_mobile_max_width":0,"ocean_custom_logo_max_height":0,"ocean_custom_logo_tablet_max_height":0,"ocean_custom_logo_mobile_max_height":0,"ocean_header_custom_menu":"0","ocean_menu_typo_font_family":"0","ocean_menu_typo_font_subset":"","ocean_menu_typo_font_size":0,"ocean_menu_typo_font_size_tablet":0,"ocean_menu_typo_font_size_mobile":0,"ocean_menu_typo_font_size_unit":"px","ocean_menu_typo_font_weight":"","ocean_menu_typo_font_weight_tablet":"","ocean_menu_typo_font_weight_mobile":"","ocean_menu_typo_transform":"","ocean_menu_typo_transform_tablet":"","ocean_menu_typo_transform_mobile":"","ocean_menu_typo_line_height":0,"ocean_menu_typo_line_height_tablet":0,"ocean_menu_typo_line_height_mobile":0,"ocean_menu_typo_line_height_unit":"","ocean_menu_typo_spacing":0,"ocean_menu_typo_spacing_tablet":0,"ocean_menu_typo_spacing_mobile":0,"ocean_menu_typo_spacing_unit":"","ocean_menu_link_color":"","ocean_menu_link_color_hover":"","ocean_menu_link_color_active":"","ocean_menu_link_background":"","ocean_menu_link_hover_background":"","ocean_menu_link_active_background":"","ocean_menu_social_links_bg":"","ocean_menu_social_hover_links_bg":"","ocean_menu_social_links_color":"","ocean_menu_social_hover_links_color":"","ocean_disable_title":"default","ocean_disable_heading":"default","ocean_post_title":"","ocean_post_subheading":"","ocean_post_title_style":"","ocean_post_title_background_color":"","ocean_post_title_background":0,"ocean_post_title_bg_image_position":"","ocean_post_title_bg_image_attachment":"","ocean_post_title_bg_image_repeat":"","ocean_post_title_bg_image_size":"","ocean_post_title_height":0,"ocean_post_title_bg_overlay":0.5,"ocean_post_title_bg_overlay_color":"","ocean_disable_breadcrumbs":"default","ocean_breadcrumbs_color":"","ocean_breadcrumbs_separator_color":"","ocean_breadcrumbs_links_color":"","ocean_breadcrumbs_links_hover_color":"","ocean_display_footer_widgets":"default","ocean_display_footer_bottom":"default","ocean_custom_footer_template":"0"},"product_brand":[],"product_cat":[16],"product_tag":[],"class_list":{"0":"post-3742","1":"product","2":"type-product","3":"status-publish","4":"has-post-thumbnail","6":"product_cat-non-classe","7":"product_shipping_class-produit-leger-500g","9":"entry","10":"has-media","12":"first","13":"instock","14":"taxable","15":"shipping-taxable","16":"purchasable","17":"product-type-simple","18":"col","19":"span_1_of_4","20":"owp-content-center","21":"item-entry","22":"owp-thumbs-layout-horizontal","23":"owp-btn-big","24":"owp-tabs-layout-horizontal"},"_links":{"self":[{"href":"https:\/\/ragwinn.com\/fr\/wp-json\/wp\/v2\/product\/3742","targetHints":{"allow":["GET"]}}],"collection":[{"href":"https:\/\/ragwinn.com\/fr\/wp-json\/wp\/v2\/product"}],"about":[{"href":"https:\/\/ragwinn.com\/fr\/wp-json\/wp\/v2\/types\/product"}],"replies":[{"embeddable":true,"href":"https:\/\/ragwinn.com\/fr\/wp-json\/wp\/v2\/comments?post=3742"}],"version-history":[{"count":9,"href":"https:\/\/ragwinn.com\/fr\/wp-json\/wp\/v2\/product\/3742\/revisions"}],"predecessor-version":[{"id":4249,"href":"https:\/\/ragwinn.com\/fr\/wp-json\/wp\/v2\/product\/3742\/revisions\/4249"}],"wp:featuredmedia":[{"embeddable":true,"href":"https:\/\/ragwinn.com\/fr\/wp-json\/wp\/v2\/media\/4246"}],"wp:attachment":[{"href":"https:\/\/ragwinn.com\/fr\/wp-json\/wp\/v2\/media?parent=3742"}],"wp:term":[{"taxonomy":"product_brand","embeddable":true,"href":"https:\/\/ragwinn.com\/fr\/wp-json\/wp\/v2\/product_brand?post=3742"},{"taxonomy":"product_cat","embeddable":true,"href":"https:\/\/ragwinn.com\/fr\/wp-json\/wp\/v2\/product_cat?post=3742"},{"taxonomy":"product_tag","embeddable":true,"href":"https:\/\/ragwinn.com\/fr\/wp-json\/wp\/v2\/product_tag?post=3742"}],"curies":[{"name":"wp","href":"https:\/\/api.w.org\/{rel}","templated":true}]}}