{"id":357,"date":"2024-01-09T15:48:58","date_gmt":"2024-01-09T14:48:58","guid":{"rendered":"https:\/\/ragwinn.com\/?post_type=product&#038;p=357"},"modified":"2026-05-04T18:47:36","modified_gmt":"2026-05-04T16:47:36","slug":"holster-armedepoing-coffre-fort","status":"publish","type":"product","link":"https:\/\/ragwinn.com\/fr\/produit\/holster-armedepoing-coffre-fort","title":{"rendered":"Holster aimant\u00e9 arme de poing coffre-fort"},"content":{"rendered":"<h2>Un holster aimant\u00e9 pour arme de poing: un gain de place dans votre coffre-fort<\/h2>\n<p>Ce holster pour arme de poingest un accessoire essentiel pour les tireurs sportifs qui souhaitent conserver leur arme en toute s\u00e9curit\u00e9, et optimiser l&rsquo;espace disponible ! Con\u00e7u pour s&rsquo;adapter aux pistolets:<\/p>\n<ul>\n<li>Glock 9&#215;19 double colonne (17, 19, 19X, 45 etc),<\/li>\n<li>FNS-9,<\/li>\n<li>Sig P226,<\/li>\n<li>et d&rsquo;autres mod\u00e8les d&rsquo;armes de poing&#8230;<\/li>\n<\/ul>\n<p>Vous pouvez choisir le mod\u00e8le qui vous convient le mieux parmi 3 versions :<\/p>\n<p>&#8211; Face droite aimant\u00e9e, id\u00e9ale pour la contreporte,<\/p>\n<p>&#8211; Face gauche aimant\u00e9e, pour un stockage bien organis\u00e9,<\/p>\n<p>&#8211; Face sup\u00e9rieure aimant\u00e9e, parfaite pour optimiser l&rsquo;espace du coffre et offrir une protection optimale \u00e0 votre arme.<\/p>\n<h2>L&rsquo;accessoire parfait pour organiser votre coffre<\/h2>\n<p>Les aimants n\u00e9odymes offrent une adh\u00e9rence parfaite sur une surface m\u00e9tallique. Le mat\u00e9riau de qualit\u00e9 dont est fait le holster pour coffre-fort a \u00e9t\u00e9 \u00e9tudi\u00e9 afin de prot\u00e9ger votre arme tout en la pr\u00e9servant des coups : votre arme sera soigneusement stock\u00e9e et prot\u00e9g\u00e9e.<\/p>\n<p>Cet accessoire vous offrira un gain consid\u00e9rable de place dans votre coffre.<\/p>\n","protected":false},"excerpt":{"rendered":"<p>Si la disposition des coffres-forts n&rsquo;est pas toujours optimale, ce holster pour arme de poing vous permettra de ranger en toute s\u00e9curit\u00e9 votre arme au coffre.<\/p>\n<p>Disponible en diff\u00e9rentes versions :<\/p>\n<ul>\n<li>Face droite aimant\u00e9e, id\u00e9al pour un rangement de la contreporte de votre coffre,<\/li>\n<li>Face gauche aimant\u00e9e, pour un coffre bien organis\u00e9,<\/li>\n<li>Face sup\u00e9rieure aimant\u00e9e, pour un rangement de votre arme en hauteur.<\/li>\n<\/ul>\n","protected":false},"featured_media":1313,"comment_status":"open","ping_status":"closed","template":"","meta":{"ocean_post_layout":"","ocean_both_sidebars_style":"","ocean_both_sidebars_content_width":0,"ocean_both_sidebars_sidebars_width":0,"ocean_sidebar":"0","ocean_second_sidebar":"0","ocean_disable_margins":"enable","ocean_add_body_class":"","ocean_shortcode_before_top_bar":"","ocean_shortcode_after_top_bar":"","ocean_shortcode_before_header":"","ocean_shortcode_after_header":"","ocean_has_shortcode":"","ocean_shortcode_after_title":"","ocean_shortcode_before_footer_widgets":"","ocean_shortcode_after_footer_widgets":"","ocean_shortcode_before_footer_bottom":"","ocean_shortcode_after_footer_bottom":"","ocean_display_top_bar":"default","ocean_display_header":"default","ocean_header_style":"","ocean_center_header_left_menu":"0","ocean_custom_header_template":"0","ocean_custom_logo":0,"ocean_custom_retina_logo":0,"ocean_custom_logo_max_width":0,"ocean_custom_logo_tablet_max_width":0,"ocean_custom_logo_mobile_max_width":0,"ocean_custom_logo_max_height":0,"ocean_custom_logo_tablet_max_height":0,"ocean_custom_logo_mobile_max_height":0,"ocean_header_custom_menu":"0","ocean_menu_typo_font_family":"0","ocean_menu_typo_font_subset":"","ocean_menu_typo_font_size":0,"ocean_menu_typo_font_size_tablet":0,"ocean_menu_typo_font_size_mobile":0,"ocean_menu_typo_font_size_unit":"px","ocean_menu_typo_font_weight":"","ocean_menu_typo_font_weight_tablet":"","ocean_menu_typo_font_weight_mobile":"","ocean_menu_typo_transform":"","ocean_menu_typo_transform_tablet":"","ocean_menu_typo_transform_mobile":"","ocean_menu_typo_line_height":0,"ocean_menu_typo_line_height_tablet":0,"ocean_menu_typo_line_height_mobile":0,"ocean_menu_typo_line_height_unit":"","ocean_menu_typo_spacing":0,"ocean_menu_typo_spacing_tablet":0,"ocean_menu_typo_spacing_mobile":0,"ocean_menu_typo_spacing_unit":"","ocean_menu_link_color":"","ocean_menu_link_color_hover":"","ocean_menu_link_color_active":"","ocean_menu_link_background":"","ocean_menu_link_hover_background":"","ocean_menu_link_active_background":"","ocean_menu_social_links_bg":"","ocean_menu_social_hover_links_bg":"","ocean_menu_social_links_color":"","ocean_menu_social_hover_links_color":"","ocean_disable_title":"default","ocean_disable_heading":"default","ocean_post_title":"","ocean_post_subheading":"","ocean_post_title_style":"","ocean_post_title_background_color":"","ocean_post_title_background":0,"ocean_post_title_bg_image_position":"","ocean_post_title_bg_image_attachment":"","ocean_post_title_bg_image_repeat":"","ocean_post_title_bg_image_size":"","ocean_post_title_height":0,"ocean_post_title_bg_overlay":0.5,"ocean_post_title_bg_overlay_color":"","ocean_disable_breadcrumbs":"default","ocean_breadcrumbs_color":"","ocean_breadcrumbs_separator_color":"","ocean_breadcrumbs_links_color":"","ocean_breadcrumbs_links_hover_color":"","ocean_display_footer_widgets":"default","ocean_display_footer_bottom":"default","ocean_custom_footer_template":"0"},"product_brand":[],"product_cat":[17],"product_tag":[28,22,29,30],"class_list":{"0":"post-357","1":"product","2":"type-product","3":"status-publish","4":"has-post-thumbnail","6":"product_cat-ragwinn-hobby","7":"product_tag-coffre-fort","8":"product_tag-glock","9":"product_tag-rangement","10":"product_tag-stockage","11":"product_shipping_class-produit-leger-500g","13":"entry","14":"has-media","16":"first","17":"instock","18":"taxable","19":"shipping-taxable","20":"purchasable","21":"product-type-variable","22":"has-rating","23":"col","24":"span_1_of_4","25":"owp-content-center","26":"item-entry","27":"owp-thumbs-layout-horizontal","28":"owp-btn-big","29":"owp-tabs-layout-horizontal"},"_links":{"self":[{"href":"https:\/\/ragwinn.com\/fr\/wp-json\/wp\/v2\/product\/357","targetHints":{"allow":["GET"]}}],"collection":[{"href":"https:\/\/ragwinn.com\/fr\/wp-json\/wp\/v2\/product"}],"about":[{"href":"https:\/\/ragwinn.com\/fr\/wp-json\/wp\/v2\/types\/product"}],"replies":[{"embeddable":true,"href":"https:\/\/ragwinn.com\/fr\/wp-json\/wp\/v2\/comments?post=357"}],"version-history":[{"count":2,"href":"https:\/\/ragwinn.com\/fr\/wp-json\/wp\/v2\/product\/357\/revisions"}],"predecessor-version":[{"id":3644,"href":"https:\/\/ragwinn.com\/fr\/wp-json\/wp\/v2\/product\/357\/revisions\/3644"}],"wp:featuredmedia":[{"embeddable":true,"href":"https:\/\/ragwinn.com\/fr\/wp-json\/wp\/v2\/media\/1313"}],"wp:attachment":[{"href":"https:\/\/ragwinn.com\/fr\/wp-json\/wp\/v2\/media?parent=357"}],"wp:term":[{"taxonomy":"product_brand","embeddable":true,"href":"https:\/\/ragwinn.com\/fr\/wp-json\/wp\/v2\/product_brand?post=357"},{"taxonomy":"product_cat","embeddable":true,"href":"https:\/\/ragwinn.com\/fr\/wp-json\/wp\/v2\/product_cat?post=357"},{"taxonomy":"product_tag","embeddable":true,"href":"https:\/\/ragwinn.com\/fr\/wp-json\/wp\/v2\/product_tag?post=357"}],"curies":[{"name":"wp","href":"https:\/\/api.w.org\/{rel}","templated":true}]}}