{"id":356,"date":"2024-01-09T15:28:31","date_gmt":"2024-01-09T14:28:31","guid":{"rendered":"https:\/\/ragwinn.com\/?post_type=product&#038;p=356"},"modified":"2026-05-04T18:45:50","modified_gmt":"2026-05-04T16:45:50","slug":"talon-2-glock-17-19-45","status":"publish","type":"product","link":"https:\/\/ragwinn.com\/fr\/produit\/talon-2-glock-17-19-45","title":{"rendered":"Talon +2 Glock 17, 19, 45 &#8211; gen 4, 5, 6"},"content":{"rendered":"<h1 style=\"text-align: center;\"><strong>Talon +2 glock chargeur 17, 19, 26, 45 \u2013 Personnalisable<\/strong><\/h1>\r\nCe talon disponible e vous permet d\u2019ajouter 2 munitions suppl\u00e9mentaires dans votre chargeur Glock en conservant le ressort d\u2019origine.\r\nSa forme est \u00e9tudi\u00e9e pour vous offrir une prise en main confortable et ergonomique.\r\nLa face inf\u00e9rieure de l\u2019extension vous permet de num\u00e9roter vos chargeurs pour les diff\u00e9rencier lors des s\u00e9ances de tir.\r\n<h2 style=\"text-align: center;\"><strong>Caract\u00e9ristiques principales :<\/strong><\/h2>\r\n<ul>\r\n \t<li><strong>Prise en main am\u00e9lior\u00e9e<\/strong> : Le grip sur la face avant et les \u00e9videments sur les c\u00f4t\u00e9s offrent une prise en main ergonomique. Vous pourrez recharger votre arme rapidement et sans effort, avec ou sans gants,<\/li>\r\n \t<li><strong>Compatibilit\u00e9 \u00e9tendue<\/strong> : Compatible avec les chargeurs Glock gen4, gen5 et gen6 des mod\u00e8les 17, 19, 19X, 26, 34, 45 chambr\u00e9s en 9x19mm. Non compatible avec les chargeurs slimline,<\/li>\r\n \t<li><strong>Installation facile<\/strong> : Retirez simplement le talon d\u2019origine, comprimez le ressort et installez le nouveau talon. Vous disposez d\u00e9sormais d&rsquo;un chargeur accueillant 2 munitions suppl\u00e9mentaires,<\/li>\r\n \t<li><strong>Fabrication de qualit\u00e9 <\/strong>: Con\u00e7u et fabriqu\u00e9 en France dans un polym\u00e8re renforc\u00e9, sa composition le rend \u00e0 la fois l\u00e9ger et r\u00e9sistant.<\/li>\r\n<\/ul>\r\n<h2 style=\"text-align: center;\"><strong>Personnalisation de votre talon +2 Glock :<\/strong><\/h2>\r\n<ul>\r\n \t<li><strong>Num\u00e9rotable<\/strong> : L\u2019extension +2 vous offre la possibilit\u00e9 de num\u00e9roter vos chargeurs. Utilisez un feutre \u00ab posca \u00bb ou un crayon gras dans les emplacements pr\u00e9vus pour identifier facilement chaque chargeur,<\/li>\r\n \t<li><strong>Peinture personnalis\u00e9e<\/strong> : Afin de personnaliser davantage votre chargeur, vous pouvez le peindre avec un pinceau ou une bombe. Ainsi, vous pourrez assortir le talon \u00e0 la couleur de votre arme.<\/li>\r\n<\/ul>\r\n&nbsp;\r\n<h3><strong>Disponible \u00e9galement :<\/strong><\/h3>\r\n<ul>\r\n \t<li><a href=\"https:\/\/ragwinn.com\/produit\/magwell-glock-17-45-34-gen-5\" target=\"_blank\" rel=\"noopener\"><strong>Magwell Glock 17\/45 Gen 5<\/strong><\/a> : D\u00e9couvrez notre magwell pour Glock 17, 34 et 45 (gen5) avec un angle d\u2019insertion optimis\u00e9 pour un rechargement hyper fluide.<\/li>\r\n \t<li><a href=\"https:\/\/ragwinn.com\/produit\/magwell-pour-glock-43x\" target=\"_blank\" rel=\"noopener\"><strong>Magwell Glock 43X<\/strong><\/a> : Am\u00e9liorez la prise en main et votre vitesse de rechargement du Glock slimline avec notre <a href=\"https:\/\/crealib3d.com\/quest-ce-quun-magwell-et-pourquoi-en-utiliser\" target=\"_blank\" rel=\"noopener\">magwell<\/a>.<\/li>\r\n \t<li><a href=\"https:\/\/ragwinn.com\/produit\/talon-2-pmag-magpul-gl9-glock-17-19-19x-26-45\" target=\"_blank\" rel=\"noopener\"><strong>Talon +2 Magpul<\/strong><\/a> : L&rsquo;extension de chargeur +2, pour chargeur Magpul.<\/li>\r\n<\/ul>\r\n&nbsp;\r\n\r\n<em>Note : Seuls le talon de chargeur et l\u2019insert sont fournis. L&rsquo;utilisation de l&rsquo;insert est facultative bien que recommand\u00e9e.<\/em>\r\n\r\n&nbsp;\r\n\r\nAttention :\r\nVeuillez consulter la r\u00e9glementation en vigueur dans votre pays\/r\u00e9gion avant de commander.\r\nEn France, en novembre 2024, la capacit\u00e9 maximale d&rsquo;un chargeur d&rsquo;arme de poing class\u00e9e en cat\u00e9gorie B-1 ne peut exc\u00e9der 20 munitions. Au-del\u00e0, le chargeur est reclass\u00e9 en cat\u00e9gorie A1 8, reserv\u00e9e aux tireurs TSV (<a href=\"https:\/\/www.legifrance.gouv.fr\/codes\/article_lc\/LEGIARTI000037144152\" target=\"_blank\" rel=\"noopener\">R312-45-1<\/a>).\r\n\r\n<!-- \/wp:post-content -->","protected":false},"excerpt":{"rendered":"<p>Ce talon +2 Glock pour chargeur d&rsquo;origine permet d&rsquo;ajouter 2 munitions suppl\u00e9mentaires en conservant le ressort d&rsquo;origine.<\/p>\n<p>La prise en main est parfaitement \u00e9tudi\u00e9e pour un usage avec ou sans gants.<\/p>\n<p>La face inf\u00e9rieure permet, gr\u00e2ce \u00e0 un feutre type \u201cPosca\u201d ou crayon gras*, de num\u00e9roter les chargeurs.<\/p>\n<p>Mod\u00e8le pl\u00e9biscit\u00e9 par les professionnels.<\/p>\n","protected":false},"featured_media":4140,"comment_status":"open","ping_status":"closed","template":"","meta":{"ocean_post_layout":"","ocean_both_sidebars_style":"","ocean_both_sidebars_content_width":0,"ocean_both_sidebars_sidebars_width":0,"ocean_sidebar":"0","ocean_second_sidebar":"0","ocean_disable_margins":"enable","ocean_add_body_class":"","ocean_shortcode_before_top_bar":"","ocean_shortcode_after_top_bar":"","ocean_shortcode_before_header":"","ocean_shortcode_after_header":"","ocean_has_shortcode":"","ocean_shortcode_after_title":"","ocean_shortcode_before_footer_widgets":"","ocean_shortcode_after_footer_widgets":"","ocean_shortcode_before_footer_bottom":"","ocean_shortcode_after_footer_bottom":"","ocean_display_top_bar":"default","ocean_display_header":"default","ocean_header_style":"","ocean_center_header_left_menu":"0","ocean_custom_header_template":"0","ocean_custom_logo":0,"ocean_custom_retina_logo":0,"ocean_custom_logo_max_width":0,"ocean_custom_logo_tablet_max_width":0,"ocean_custom_logo_mobile_max_width":0,"ocean_custom_logo_max_height":0,"ocean_custom_logo_tablet_max_height":0,"ocean_custom_logo_mobile_max_height":0,"ocean_header_custom_menu":"0","ocean_menu_typo_font_family":"0","ocean_menu_typo_font_subset":"","ocean_menu_typo_font_size":0,"ocean_menu_typo_font_size_tablet":0,"ocean_menu_typo_font_size_mobile":0,"ocean_menu_typo_font_size_unit":"px","ocean_menu_typo_font_weight":"","ocean_menu_typo_font_weight_tablet":"","ocean_menu_typo_font_weight_mobile":"","ocean_menu_typo_transform":"","ocean_menu_typo_transform_tablet":"","ocean_menu_typo_transform_mobile":"","ocean_menu_typo_line_height":0,"ocean_menu_typo_line_height_tablet":0,"ocean_menu_typo_line_height_mobile":0,"ocean_menu_typo_line_height_unit":"","ocean_menu_typo_spacing":0,"ocean_menu_typo_spacing_tablet":0,"ocean_menu_typo_spacing_mobile":0,"ocean_menu_typo_spacing_unit":"","ocean_menu_link_color":"","ocean_menu_link_color_hover":"","ocean_menu_link_color_active":"","ocean_menu_link_background":"","ocean_menu_link_hover_background":"","ocean_menu_link_active_background":"","ocean_menu_social_links_bg":"","ocean_menu_social_hover_links_bg":"","ocean_menu_social_links_color":"","ocean_menu_social_hover_links_color":"","ocean_disable_title":"default","ocean_disable_heading":"default","ocean_post_title":"","ocean_post_subheading":"","ocean_post_title_style":"","ocean_post_title_background_color":"","ocean_post_title_background":0,"ocean_post_title_bg_image_position":"","ocean_post_title_bg_image_attachment":"","ocean_post_title_bg_image_repeat":"","ocean_post_title_bg_image_size":"","ocean_post_title_height":0,"ocean_post_title_bg_overlay":0.5,"ocean_post_title_bg_overlay_color":"","ocean_disable_breadcrumbs":"default","ocean_breadcrumbs_color":"","ocean_breadcrumbs_separator_color":"","ocean_breadcrumbs_links_color":"","ocean_breadcrumbs_links_hover_color":"","ocean_display_footer_widgets":"default","ocean_display_footer_bottom":"default","ocean_custom_footer_template":"0"},"product_brand":[],"product_cat":[104,17,43],"product_tag":[24,25,23,22],"class_list":{"0":"post-356","1":"product","2":"type-product","3":"status-publish","4":"has-post-thumbnail","6":"product_cat-extension-chargeur","7":"product_cat-ragwinn-hobby","8":"product_cat-ragwinn-tactics","9":"product_tag-chargeur","10":"product_tag-chargeur-2","11":"product_tag-extension","12":"product_tag-glock","13":"product_shipping_class-produit-leger-500g","15":"entry","16":"has-media","18":"first","19":"instock","20":"sale","21":"taxable","22":"shipping-taxable","23":"purchasable","24":"product-type-simple","25":"has-rating","26":"col","27":"span_1_of_4","28":"owp-content-center","29":"item-entry","30":"owp-thumbs-layout-horizontal","31":"owp-btn-big","32":"owp-tabs-layout-horizontal"},"_links":{"self":[{"href":"https:\/\/ragwinn.com\/fr\/wp-json\/wp\/v2\/product\/356","targetHints":{"allow":["GET"]}}],"collection":[{"href":"https:\/\/ragwinn.com\/fr\/wp-json\/wp\/v2\/product"}],"about":[{"href":"https:\/\/ragwinn.com\/fr\/wp-json\/wp\/v2\/types\/product"}],"replies":[{"embeddable":true,"href":"https:\/\/ragwinn.com\/fr\/wp-json\/wp\/v2\/comments?post=356"}],"version-history":[{"count":8,"href":"https:\/\/ragwinn.com\/fr\/wp-json\/wp\/v2\/product\/356\/revisions"}],"predecessor-version":[{"id":4077,"href":"https:\/\/ragwinn.com\/fr\/wp-json\/wp\/v2\/product\/356\/revisions\/4077"}],"wp:featuredmedia":[{"embeddable":true,"href":"https:\/\/ragwinn.com\/fr\/wp-json\/wp\/v2\/media\/4140"}],"wp:attachment":[{"href":"https:\/\/ragwinn.com\/fr\/wp-json\/wp\/v2\/media?parent=356"}],"wp:term":[{"taxonomy":"product_brand","embeddable":true,"href":"https:\/\/ragwinn.com\/fr\/wp-json\/wp\/v2\/product_brand?post=356"},{"taxonomy":"product_cat","embeddable":true,"href":"https:\/\/ragwinn.com\/fr\/wp-json\/wp\/v2\/product_cat?post=356"},{"taxonomy":"product_tag","embeddable":true,"href":"https:\/\/ragwinn.com\/fr\/wp-json\/wp\/v2\/product_tag?post=356"}],"curies":[{"name":"wp","href":"https:\/\/api.w.org\/{rel}","templated":true}]}}