{"id":1652,"date":"2024-12-02T12:09:08","date_gmt":"2024-12-02T11:09:08","guid":{"rendered":"https:\/\/ragwinn.com\/?post_type=product&#038;p=1652"},"modified":"2026-05-04T18:47:22","modified_gmt":"2026-05-04T16:47:22","slug":"talon-4-chargeur-glock-17-19-26-45","status":"publish","type":"product","link":"https:\/\/ragwinn.com\/fr\/produit\/talon-4-chargeur-glock-17-19-26-45","title":{"rendered":"Talon +4 chargeur Glock 17, 19, 26, 45"},"content":{"rendered":"<h1 style=\"text-align: center;\"><strong>Talon\u00a0<\/strong><strong>+4 chargeur Glock<\/strong><\/h1>\n<p data-start=\"232\" data-end=\"522\">Cet accessoire vous permet d\u2019augmenter la capacit\u00e9 de votre chargeur de 4 cartouches suppl\u00e9mentaires en conservant le ressort d\u2019origine.<br \/>\nSa forme est \u00e9tudi\u00e9e pour vous offrir une prise en main ergonomique.<br \/>\nLa face inf\u00e9rieure de l\u2019extension vous permet de num\u00e9roter vos chargeurs.<\/p>\n<h2 style=\"text-align: center;\" data-start=\"746\" data-end=\"816\"><strong data-start=\"750\" data-end=\"814\">Pourquoi choisir notre extension de chargeur +4 pour Glock ?<\/strong><\/h2>\n<ul>\n<li><strong data-start=\"819\" data-end=\"841\">Augmentation de la capacit\u00e9 <\/strong>: Ajouter 4 munitions suppl\u00e9mentaires \u00e0 votre chargeur actuel, id\u00e9al pour les comp\u00e9titions et les situations r\u00e9\u00e9lles,<\/li>\n<li><strong data-start=\"937\" data-end=\"964\">Prise en main am\u00e9lior\u00e9e<\/strong> : Le design des parties lat\u00e9rales de l&rsquo;extension permet une extraction facile du chargeur,<\/li>\n<li><strong>Fabrication qualitative <\/strong>: Fabriqu\u00e9 en France dans un polym\u00e8re renforc\u00e9, r\u00e9sistant aux chocs et \u00e0 l\u2019usure,<\/li>\n<li><strong>Num\u00e9rotable<\/strong> : La face inf\u00e9rieure du talon permet de num\u00e9roter votre chargeur en utilisant un feutre \u00ab posca \u00bb ou un crayon gras,<\/li>\n<li><strong data-start=\"1147\" data-end=\"1170\">Installation facile<\/strong> : Montage rapide, sans modification du chargeur.<\/li>\n<\/ul>\n<p><em>Note : Seuls le talon de chargeur et l\u2019insert sont fournis.<\/em><\/p>\n<p>Compatible avec Glock 17, Glock 19, Glock 22, Glock 34, Glock 45 &#8211; gen4, 5 et 6 &#8211; et autres mod\u00e8les avec chargeurs double-colonne.<br data-start=\"2132\" data-end=\"2135\" \/>Non compatible Glock 43, Glock 48 et autres mod\u00e8les \u00e0 chargeur monofil (simple colonne).<\/p>\n<p>Attention :<br \/>\nVeuillez consulter la r\u00e9glementation en vigueur dans votre pays\/r\u00e9gion avant de commander.<br \/>\nEn France, en novembre 2024, la capacit\u00e9 maximale d&rsquo;un chargeur d&rsquo;arme de poing class\u00e9e en cat\u00e9gorie B-1 ne peut exc\u00e9der 20 munitions. Au-del\u00e0, le chargeur est reclass\u00e9 en cat\u00e9gorie A1 8, reserv\u00e9e aux tireurs TSV (<a href=\"https:\/\/www.legifrance.gouv.fr\/codes\/article_lc\/LEGIARTI000037144152\" target=\"_blank\" rel=\"noopener\">R312-45-1<\/a>).<\/p>\n","protected":false},"excerpt":{"rendered":"<p data-start=\"0\" data-end=\"92\">Ce talon augmente la capacit\u00e9 de votre chargeur Glock de 4 cartouches suppl\u00e9mentaires.<\/p>\n<p data-start=\"194\" data-end=\"358\">La base du talon est sp\u00e9cialement con\u00e7ue pour permettre de num\u00e9roter facilement vos chargeurs.<\/p>\n","protected":false},"featured_media":1862,"comment_status":"open","ping_status":"closed","template":"","meta":{"ocean_post_layout":"","ocean_both_sidebars_style":"","ocean_both_sidebars_content_width":0,"ocean_both_sidebars_sidebars_width":0,"ocean_sidebar":"0","ocean_second_sidebar":"0","ocean_disable_margins":"enable","ocean_add_body_class":"","ocean_shortcode_before_top_bar":"","ocean_shortcode_after_top_bar":"","ocean_shortcode_before_header":"","ocean_shortcode_after_header":"","ocean_has_shortcode":"","ocean_shortcode_after_title":"","ocean_shortcode_before_footer_widgets":"","ocean_shortcode_after_footer_widgets":"","ocean_shortcode_before_footer_bottom":"","ocean_shortcode_after_footer_bottom":"","ocean_display_top_bar":"default","ocean_display_header":"default","ocean_header_style":"","ocean_center_header_left_menu":"0","ocean_custom_header_template":"0","ocean_custom_logo":0,"ocean_custom_retina_logo":0,"ocean_custom_logo_max_width":0,"ocean_custom_logo_tablet_max_width":0,"ocean_custom_logo_mobile_max_width":0,"ocean_custom_logo_max_height":0,"ocean_custom_logo_tablet_max_height":0,"ocean_custom_logo_mobile_max_height":0,"ocean_header_custom_menu":"0","ocean_menu_typo_font_family":"0","ocean_menu_typo_font_subset":"","ocean_menu_typo_font_size":0,"ocean_menu_typo_font_size_tablet":0,"ocean_menu_typo_font_size_mobile":0,"ocean_menu_typo_font_size_unit":"px","ocean_menu_typo_font_weight":"","ocean_menu_typo_font_weight_tablet":"","ocean_menu_typo_font_weight_mobile":"","ocean_menu_typo_transform":"","ocean_menu_typo_transform_tablet":"","ocean_menu_typo_transform_mobile":"","ocean_menu_typo_line_height":0,"ocean_menu_typo_line_height_tablet":0,"ocean_menu_typo_line_height_mobile":0,"ocean_menu_typo_line_height_unit":"","ocean_menu_typo_spacing":0,"ocean_menu_typo_spacing_tablet":0,"ocean_menu_typo_spacing_mobile":0,"ocean_menu_typo_spacing_unit":"","ocean_menu_link_color":"","ocean_menu_link_color_hover":"","ocean_menu_link_color_active":"","ocean_menu_link_background":"","ocean_menu_link_hover_background":"","ocean_menu_link_active_background":"","ocean_menu_social_links_bg":"","ocean_menu_social_hover_links_bg":"","ocean_menu_social_links_color":"","ocean_menu_social_hover_links_color":"","ocean_disable_title":"default","ocean_disable_heading":"default","ocean_post_title":"","ocean_post_subheading":"","ocean_post_title_style":"","ocean_post_title_background_color":"","ocean_post_title_background":0,"ocean_post_title_bg_image_position":"","ocean_post_title_bg_image_attachment":"","ocean_post_title_bg_image_repeat":"","ocean_post_title_bg_image_size":"","ocean_post_title_height":0,"ocean_post_title_bg_overlay":0.5,"ocean_post_title_bg_overlay_color":"","ocean_disable_breadcrumbs":"default","ocean_breadcrumbs_color":"","ocean_breadcrumbs_separator_color":"","ocean_breadcrumbs_links_color":"","ocean_breadcrumbs_links_hover_color":"","ocean_display_footer_widgets":"default","ocean_display_footer_bottom":"default","ocean_custom_footer_template":"0"},"product_brand":[],"product_cat":[104,17],"product_tag":[],"class_list":{"0":"post-1652","1":"product","2":"type-product","3":"status-publish","4":"has-post-thumbnail","6":"product_cat-extension-chargeur","7":"product_cat-ragwinn-hobby","8":"product_shipping_class-produit-leger-500g","10":"entry","11":"has-media","13":"first","14":"instock","15":"sale","16":"taxable","17":"shipping-taxable","18":"purchasable","19":"product-type-simple","20":"col","21":"span_1_of_4","22":"owp-content-center","23":"item-entry","24":"owp-thumbs-layout-horizontal","25":"owp-btn-big","26":"owp-tabs-layout-horizontal"},"_links":{"self":[{"href":"https:\/\/ragwinn.com\/fr\/wp-json\/wp\/v2\/product\/1652","targetHints":{"allow":["GET"]}}],"collection":[{"href":"https:\/\/ragwinn.com\/fr\/wp-json\/wp\/v2\/product"}],"about":[{"href":"https:\/\/ragwinn.com\/fr\/wp-json\/wp\/v2\/types\/product"}],"replies":[{"embeddable":true,"href":"https:\/\/ragwinn.com\/fr\/wp-json\/wp\/v2\/comments?post=1652"}],"version-history":[{"count":2,"href":"https:\/\/ragwinn.com\/fr\/wp-json\/wp\/v2\/product\/1652\/revisions"}],"predecessor-version":[{"id":4037,"href":"https:\/\/ragwinn.com\/fr\/wp-json\/wp\/v2\/product\/1652\/revisions\/4037"}],"wp:featuredmedia":[{"embeddable":true,"href":"https:\/\/ragwinn.com\/fr\/wp-json\/wp\/v2\/media\/1862"}],"wp:attachment":[{"href":"https:\/\/ragwinn.com\/fr\/wp-json\/wp\/v2\/media?parent=1652"}],"wp:term":[{"taxonomy":"product_brand","embeddable":true,"href":"https:\/\/ragwinn.com\/fr\/wp-json\/wp\/v2\/product_brand?post=1652"},{"taxonomy":"product_cat","embeddable":true,"href":"https:\/\/ragwinn.com\/fr\/wp-json\/wp\/v2\/product_cat?post=1652"},{"taxonomy":"product_tag","embeddable":true,"href":"https:\/\/ragwinn.com\/fr\/wp-json\/wp\/v2\/product_tag?post=1652"}],"curies":[{"name":"wp","href":"https:\/\/api.w.org\/{rel}","templated":true}]}}