{"id":1423,"date":"2024-07-16T11:54:01","date_gmt":"2024-07-16T09:54:01","guid":{"rendered":"https:\/\/ragwinn.com\/?post_type=product&#038;p=1423"},"modified":"2026-05-04T18:44:32","modified_gmt":"2026-05-04T16:44:32","slug":"support-aimante-arme-de-poing","status":"publish","type":"product","link":"https:\/\/ragwinn.com\/fr\/produit\/support-aimante-arme-de-poing","title":{"rendered":"Support aimant\u00e9 arme de poing"},"content":{"rendered":"<h1 style=\"text-align: center;\">Support aimant\u00e9 arme de poing<\/h1>\n<p>Ce support aimant\u00e9 vous permet de ranger proprement votre arme de poing dans votre coffre.<\/p>\n<h2 style=\"text-align: center;\"><strong>Le meilleur accessoire pour organiser vos armes<\/strong><\/h2>\n<h3><strong>Caract\u00e9ristiques principales du support aimant\u00e9 <\/strong>:<\/h3>\n<ul>\n<li><strong>Gain d\u2019espace<\/strong>: Ce support vous permet gagner de l&rsquo;espace dans votre coffre-fort en rangeant votre arme de poing de mani\u00e8re verticale comme horizontale. Rangez par exemple votre arme le long d\u2019une paroi (ou de la contreporte), ou sous une tablette.<\/li>\n<li><strong>Gain de confort<\/strong>: En positionnant votre arme comme bon vous semble vous gagnez en confort visuel et en confort d\u2019utilisation.<\/li>\n<li><strong>Armes \u00e9quip\u00e9es<\/strong>: Le support est pr\u00e9vu pour \u00eatre utilis\u00e9 avec votre arme, qu\u2019elle soit d\u2019origine ou accessoiris\u00e9e. Votre arme \u00e9quip\u00e9e d\u2019une optique, d\u2019organes de vis\u00e9e r\u00e9hauss\u00e9s et d\u2019un frein de bouche sera ainsi rang\u00e9e dans votre coffre,<\/li>\n<li><strong>Aimants puissants<\/strong>: les aimants du support sont suffisamment puissants pour maintenir votre arme de poing en place,<\/li>\n<li><strong>Respectueux du canon<\/strong>: vous pouvez utiliser le support sans craindre pour votre canon. Le mat\u00e9riau de la tige est adapt\u00e9 pour un stockage en contact direct avec le canon de l\u2019arme.<\/li>\n<li><strong>Compatible avec votre arme\u00a0<\/strong>: Le support est compatible avec les calibres de 9x19mm et calibres sup\u00e9rieurs. Il est \u00e9galement utilisable avec de nombreuses marques telles que Glock, Sig Sauer, Beretta, Ruger et autres.<\/li>\n<\/ul>\n<p>&nbsp;<\/p>\n<h3><strong>Compl\u00e9tez l&rsquo;optimisation de votre coffre avec nos <\/strong>:<\/h3>\n<ul>\n<li>Support de chargeur d&rsquo;armes de poing (Glock, Sig Sauer etc),<\/li>\n<li>Support de chargeur d&rsquo;AR15 (Pmag, Amend2 etc).<\/li>\n<\/ul>\n","protected":false},"excerpt":{"rendered":"<p>Ce support aimant\u00e9 d&rsquo;arme de poing vous permet de gagner de l&rsquo;espace dans votre coffre-fort en rangeant votre arme de mani\u00e8re verticale comme horizontale.<\/p>\n","protected":false},"featured_media":4137,"comment_status":"open","ping_status":"closed","template":"","meta":{"ocean_post_layout":"","ocean_both_sidebars_style":"","ocean_both_sidebars_content_width":0,"ocean_both_sidebars_sidebars_width":0,"ocean_sidebar":"0","ocean_second_sidebar":"0","ocean_disable_margins":"enable","ocean_add_body_class":"","ocean_shortcode_before_top_bar":"","ocean_shortcode_after_top_bar":"","ocean_shortcode_before_header":"","ocean_shortcode_after_header":"","ocean_has_shortcode":"","ocean_shortcode_after_title":"","ocean_shortcode_before_footer_widgets":"","ocean_shortcode_after_footer_widgets":"","ocean_shortcode_before_footer_bottom":"","ocean_shortcode_after_footer_bottom":"","ocean_display_top_bar":"default","ocean_display_header":"default","ocean_header_style":"","ocean_center_header_left_menu":"0","ocean_custom_header_template":"0","ocean_custom_logo":0,"ocean_custom_retina_logo":0,"ocean_custom_logo_max_width":0,"ocean_custom_logo_tablet_max_width":0,"ocean_custom_logo_mobile_max_width":0,"ocean_custom_logo_max_height":0,"ocean_custom_logo_tablet_max_height":0,"ocean_custom_logo_mobile_max_height":0,"ocean_header_custom_menu":"0","ocean_menu_typo_font_family":"0","ocean_menu_typo_font_subset":"","ocean_menu_typo_font_size":0,"ocean_menu_typo_font_size_tablet":0,"ocean_menu_typo_font_size_mobile":0,"ocean_menu_typo_font_size_unit":"px","ocean_menu_typo_font_weight":"","ocean_menu_typo_font_weight_tablet":"","ocean_menu_typo_font_weight_mobile":"","ocean_menu_typo_transform":"","ocean_menu_typo_transform_tablet":"","ocean_menu_typo_transform_mobile":"","ocean_menu_typo_line_height":0,"ocean_menu_typo_line_height_tablet":0,"ocean_menu_typo_line_height_mobile":0,"ocean_menu_typo_line_height_unit":"","ocean_menu_typo_spacing":0,"ocean_menu_typo_spacing_tablet":0,"ocean_menu_typo_spacing_mobile":0,"ocean_menu_typo_spacing_unit":"","ocean_menu_link_color":"","ocean_menu_link_color_hover":"","ocean_menu_link_color_active":"","ocean_menu_link_background":"","ocean_menu_link_hover_background":"","ocean_menu_link_active_background":"","ocean_menu_social_links_bg":"","ocean_menu_social_hover_links_bg":"","ocean_menu_social_links_color":"","ocean_menu_social_hover_links_color":"","ocean_disable_title":"default","ocean_disable_heading":"default","ocean_post_title":"","ocean_post_subheading":"","ocean_post_title_style":"","ocean_post_title_background_color":"","ocean_post_title_background":0,"ocean_post_title_bg_image_position":"","ocean_post_title_bg_image_attachment":"","ocean_post_title_bg_image_repeat":"","ocean_post_title_bg_image_size":"","ocean_post_title_height":0,"ocean_post_title_bg_overlay":0.5,"ocean_post_title_bg_overlay_color":"","ocean_disable_breadcrumbs":"default","ocean_breadcrumbs_color":"","ocean_breadcrumbs_separator_color":"","ocean_breadcrumbs_links_color":"","ocean_breadcrumbs_links_hover_color":"","ocean_display_footer_widgets":"default","ocean_display_footer_bottom":"default","ocean_custom_footer_template":"0"},"product_brand":[],"product_cat":[133,17],"product_tag":[],"class_list":{"0":"post-1423","1":"product","2":"type-product","3":"status-publish","4":"has-post-thumbnail","6":"product_cat-accessoire-coffre-fort","7":"product_cat-ragwinn-hobby","8":"product_shipping_class-produit-leger-500g","10":"entry","11":"has-media","13":"first","14":"instock","15":"sale","16":"featured","17":"taxable","18":"shipping-taxable","19":"purchasable","20":"product-type-simple","21":"has-rating","22":"col","23":"span_1_of_4","24":"owp-content-center","25":"item-entry","26":"owp-thumbs-layout-horizontal","27":"owp-btn-big","28":"owp-tabs-layout-horizontal"},"_links":{"self":[{"href":"https:\/\/ragwinn.com\/fr\/wp-json\/wp\/v2\/product\/1423","targetHints":{"allow":["GET"]}}],"collection":[{"href":"https:\/\/ragwinn.com\/fr\/wp-json\/wp\/v2\/product"}],"about":[{"href":"https:\/\/ragwinn.com\/fr\/wp-json\/wp\/v2\/types\/product"}],"replies":[{"embeddable":true,"href":"https:\/\/ragwinn.com\/fr\/wp-json\/wp\/v2\/comments?post=1423"}],"version-history":[{"count":3,"href":"https:\/\/ragwinn.com\/fr\/wp-json\/wp\/v2\/product\/1423\/revisions"}],"predecessor-version":[{"id":3636,"href":"https:\/\/ragwinn.com\/fr\/wp-json\/wp\/v2\/product\/1423\/revisions\/3636"}],"wp:featuredmedia":[{"embeddable":true,"href":"https:\/\/ragwinn.com\/fr\/wp-json\/wp\/v2\/media\/4137"}],"wp:attachment":[{"href":"https:\/\/ragwinn.com\/fr\/wp-json\/wp\/v2\/media?parent=1423"}],"wp:term":[{"taxonomy":"product_brand","embeddable":true,"href":"https:\/\/ragwinn.com\/fr\/wp-json\/wp\/v2\/product_brand?post=1423"},{"taxonomy":"product_cat","embeddable":true,"href":"https:\/\/ragwinn.com\/fr\/wp-json\/wp\/v2\/product_cat?post=1423"},{"taxonomy":"product_tag","embeddable":true,"href":"https:\/\/ragwinn.com\/fr\/wp-json\/wp\/v2\/product_tag?post=1423"}],"curies":[{"name":"wp","href":"https:\/\/api.w.org\/{rel}","templated":true}]}}