{"id":1100,"date":"2024-04-28T12:41:13","date_gmt":"2024-04-28T10:41:13","guid":{"rendered":"https:\/\/ragwinn.com\/?page_id=1100"},"modified":"2025-12-10T19:46:43","modified_gmt":"2025-12-10T18:46:43","slug":"a-propos","status":"publish","type":"page","link":"https:\/\/ragwinn.com\/fr\/a-propos","title":{"rendered":"A propos"},"content":{"rendered":"\t\t<div data-elementor-type=\"wp-page\" data-elementor-id=\"1100\" class=\"elementor elementor-1100\">\n\t\t\t\t\t\t<section class=\"elementor-section elementor-top-section elementor-element elementor-element-0a7704d elementor-section-boxed elementor-section-height-default elementor-section-height-default\" data-id=\"0a7704d\" data-element_type=\"section\" data-e-type=\"section\">\n\t\t\t\t\t\t<div class=\"elementor-container elementor-column-gap-default\">\n\t\t\t\t\t<div class=\"elementor-column elementor-col-100 elementor-top-column elementor-element elementor-element-3d66a73\" data-id=\"3d66a73\" data-element_type=\"column\" data-e-type=\"column\">\n\t\t\t<div class=\"elementor-widget-wrap elementor-element-populated\">\n\t\t\t\t\t\t<div class=\"elementor-element elementor-element-2e5b735 elementor-widget elementor-widget-heading\" data-id=\"2e5b735\" data-element_type=\"widget\" data-e-type=\"widget\" data-widget_type=\"heading.default\">\n\t\t\t\t<div class=\"elementor-widget-container\">\n\t\t\t\t\t<h2 class=\"elementor-heading-title elementor-size-default\">Ragwinn en quelques mots<\/h2>\t\t\t\t<\/div>\n\t\t\t\t<\/div>\n\t\t\t\t\t<\/div>\n\t\t<\/div>\n\t\t\t\t\t<\/div>\n\t\t<\/section>\n\t\t\t\t<section class=\"elementor-section elementor-top-section elementor-element elementor-element-90f8226 elementor-section-boxed elementor-section-height-default elementor-section-height-default\" data-id=\"90f8226\" data-element_type=\"section\" data-e-type=\"section\">\n\t\t\t\t\t\t<div class=\"elementor-container elementor-column-gap-default\">\n\t\t\t\t\t<div class=\"elementor-column elementor-col-100 elementor-top-column elementor-element elementor-element-9a84fde\" data-id=\"9a84fde\" data-element_type=\"column\" data-e-type=\"column\">\n\t\t\t<div class=\"elementor-widget-wrap elementor-element-populated\">\n\t\t\t\t\t\t<div class=\"elementor-element elementor-element-77484ed elementor-widget elementor-widget-text-editor\" data-id=\"77484ed\" data-element_type=\"widget\" data-e-type=\"widget\" data-widget_type=\"text-editor.default\">\n\t\t\t\t<div class=\"elementor-widget-container\">\n\t\t\t\t\t\t\t\t\t<p>Ragwinn est n\u00e9 de la volont\u00e9 d\u2019apporter une v\u00e9ritable innovation fran\u00e7aise dans l\u2019offre et la personnalisation d\u2019accessoires pour armes \u00e0 feu.<\/p><p>Apr\u00e8s plusieurs ann\u00e9es de recherches, un passionn\u00e9 et sp\u00e9cialiste de l\u2019innovation a cr\u00e9\u00e9 en 2024 la marque Ragwinn, d\u00e9di\u00e9e \u00e0 la conception et \u00e0 la production d\u2019accessoires destin\u00e9s aux militaires, forces de l\u2019ordre et tireurs sportifs.<\/p><p>La conception et la fabrication de nos produits en France sont au c\u0153ur de nos engagements.<\/p><p>Nous accordons une attention particuli\u00e8re aux retours d\u2019exp\u00e9rience et aux \u00e9changes constants avec des op\u00e9rateurs, armuriers et tireurs actifs.<\/p><p>Nous avons \u00e0 c\u0153ur de proposer des produits qui apportent un b\u00e9n\u00e9fice concret au quotidien.<\/p>\t\t\t\t\t\t\t\t<\/div>\n\t\t\t\t<\/div>\n\t\t\t\t\t<\/div>\n\t\t<\/div>\n\t\t\t\t\t<\/div>\n\t\t<\/section>\n\t\t\t\t<section class=\"elementor-section elementor-top-section elementor-element elementor-element-d3f9778 elementor-section-boxed elementor-section-height-default elementor-section-height-default\" data-id=\"d3f9778\" data-element_type=\"section\" data-e-type=\"section\">\n\t\t\t\t\t\t<div class=\"elementor-container elementor-column-gap-default\">\n\t\t\t\t\t<div class=\"elementor-column elementor-col-100 elementor-top-column elementor-element elementor-element-edcf8a2\" data-id=\"edcf8a2\" data-element_type=\"column\" data-e-type=\"column\">\n\t\t\t<div class=\"elementor-widget-wrap elementor-element-populated\">\n\t\t\t\t\t\t<div class=\"elementor-element elementor-element-ef33b5a elementor-widget elementor-widget-heading\" data-id=\"ef33b5a\" data-element_type=\"widget\" data-e-type=\"widget\" data-widget_type=\"heading.default\">\n\t\t\t\t<div class=\"elementor-widget-container\">\n\t\t\t\t\t<h2 class=\"elementor-heading-title elementor-size-default\">L'offre de Ragwinn<\/h2>\t\t\t\t<\/div>\n\t\t\t\t<\/div>\n\t\t\t\t\t<\/div>\n\t\t<\/div>\n\t\t\t\t\t<\/div>\n\t\t<\/section>\n\t\t\t\t<section class=\"elementor-section elementor-top-section elementor-element elementor-element-5c960bdf0 elementor-section-boxed elementor-section-height-default elementor-section-height-default\" data-id=\"5c960bdf0\" data-element_type=\"section\" data-e-type=\"section\">\n\t\t\t\t\t\t<div class=\"elementor-container elementor-column-gap-default\">\n\t\t\t\t\t<div class=\"elementor-column elementor-col-100 elementor-top-column elementor-element elementor-element-57dcc3f2\" data-id=\"57dcc3f2\" data-element_type=\"column\" data-e-type=\"column\">\n\t\t\t<div class=\"elementor-widget-wrap elementor-element-populated\">\n\t\t\t\t\t\t<div class=\"elementor-element elementor-element-7804753 elementor-widget elementor-widget-heading\" data-id=\"7804753\" data-element_type=\"widget\" data-e-type=\"widget\" data-widget_type=\"heading.default\">\n\t\t\t\t<div class=\"elementor-widget-container\">\n\t\t\t\t\t<h3 class=\"elementor-heading-title elementor-size-default\">Notre centre de production<\/h3>\t\t\t\t<\/div>\n\t\t\t\t<\/div>\n\t\t\t\t<div class=\"elementor-element elementor-element-8190edf elementor-widget elementor-widget-text-editor\" data-id=\"8190edf\" data-element_type=\"widget\" data-e-type=\"widget\" data-widget_type=\"text-editor.default\">\n\t\t\t\t<div class=\"elementor-widget-container\">\n\t\t\t\t\t\t\t\t\t<p>Situ\u00e9 en Ile-de-France, l&#8217;emplacement de notre atelier permet \u00e0 notre \u00e9quipe de se d\u00e9placer rapidement dans tout l&rsquo;hexagone ainsi qu&rsquo;\u00e0 l&rsquo;\u00e9tranger afin de vous rencontrer, d&rsquo;\u00e9tudier vos besoins et de vous apporter des solutions sur-mesure pour concr\u00e9tiser ensemble vos projets.<\/p>\t\t\t\t\t\t\t\t<\/div>\n\t\t\t\t<\/div>\n\t\t\t\t\t<\/div>\n\t\t<\/div>\n\t\t\t\t\t<\/div>\n\t\t<\/section>\n\t\t\t\t<\/div>\n\t\t","protected":false},"excerpt":{"rendered":"<p>Ragwinn en quelques mots Ragwinn est n\u00e9 de la volont\u00e9 d\u2019apporter une v\u00e9ritable innovation fran\u00e7aise dans l\u2019offre et la personnalisation d\u2019accessoires pour armes \u00e0 feu. Apr\u00e8s plusieurs ann\u00e9es de recherches, un passionn\u00e9 et sp\u00e9cialiste de l\u2019innovation a cr\u00e9\u00e9 en 2024 la marque Ragwinn, d\u00e9di\u00e9e \u00e0 la conception et \u00e0 la production d\u2019accessoires destin\u00e9s aux militaires, [&hellip;]<\/p>\n","protected":false},"author":1,"featured_media":0,"parent":0,"menu_order":0,"comment_status":"closed","ping_status":"closed","template":"","meta":{"ocean_post_layout":"","ocean_both_sidebars_style":"","ocean_both_sidebars_content_width":0,"ocean_both_sidebars_sidebars_width":0,"ocean_sidebar":"","ocean_second_sidebar":"","ocean_disable_margins":"enable","ocean_add_body_class":"","ocean_shortcode_before_top_bar":"","ocean_shortcode_after_top_bar":"","ocean_shortcode_before_header":"","ocean_shortcode_after_header":"","ocean_has_shortcode":"","ocean_shortcode_after_title":"","ocean_shortcode_before_footer_widgets":"","ocean_shortcode_after_footer_widgets":"","ocean_shortcode_before_footer_bottom":"","ocean_shortcode_after_footer_bottom":"","ocean_display_top_bar":"default","ocean_display_header":"default","ocean_header_style":"","ocean_center_header_left_menu":"","ocean_custom_header_template":"","ocean_custom_logo":0,"ocean_custom_retina_logo":0,"ocean_custom_logo_max_width":0,"ocean_custom_logo_tablet_max_width":0,"ocean_custom_logo_mobile_max_width":0,"ocean_custom_logo_max_height":0,"ocean_custom_logo_tablet_max_height":0,"ocean_custom_logo_mobile_max_height":0,"ocean_header_custom_menu":"","ocean_menu_typo_font_family":"","ocean_menu_typo_font_subset":"","ocean_menu_typo_font_size":0,"ocean_menu_typo_font_size_tablet":0,"ocean_menu_typo_font_size_mobile":0,"ocean_menu_typo_font_size_unit":"px","ocean_menu_typo_font_weight":"","ocean_menu_typo_font_weight_tablet":"","ocean_menu_typo_font_weight_mobile":"","ocean_menu_typo_transform":"","ocean_menu_typo_transform_tablet":"","ocean_menu_typo_transform_mobile":"","ocean_menu_typo_line_height":0,"ocean_menu_typo_line_height_tablet":0,"ocean_menu_typo_line_height_mobile":0,"ocean_menu_typo_line_height_unit":"","ocean_menu_typo_spacing":0,"ocean_menu_typo_spacing_tablet":0,"ocean_menu_typo_spacing_mobile":0,"ocean_menu_typo_spacing_unit":"","ocean_menu_link_color":"","ocean_menu_link_color_hover":"","ocean_menu_link_color_active":"","ocean_menu_link_background":"","ocean_menu_link_hover_background":"","ocean_menu_link_active_background":"","ocean_menu_social_links_bg":"","ocean_menu_social_hover_links_bg":"","ocean_menu_social_links_color":"","ocean_menu_social_hover_links_color":"","ocean_disable_title":"default","ocean_disable_heading":"default","ocean_post_title":"","ocean_post_subheading":"","ocean_post_title_style":"","ocean_post_title_background_color":"","ocean_post_title_background":0,"ocean_post_title_bg_image_position":"","ocean_post_title_bg_image_attachment":"","ocean_post_title_bg_image_repeat":"","ocean_post_title_bg_image_size":"","ocean_post_title_height":0,"ocean_post_title_bg_overlay":0.5,"ocean_post_title_bg_overlay_color":"","ocean_disable_breadcrumbs":"default","ocean_breadcrumbs_color":"","ocean_breadcrumbs_separator_color":"","ocean_breadcrumbs_links_color":"","ocean_breadcrumbs_links_hover_color":"","ocean_display_footer_widgets":"default","ocean_display_footer_bottom":"default","ocean_custom_footer_template":"","footnotes":""},"class_list":["post-1100","page","type-page","status-publish","hentry","entry","owp-thumbs-layout-horizontal","owp-btn-big","owp-tabs-layout-horizontal","has-no-thumbnails"],"_links":{"self":[{"href":"https:\/\/ragwinn.com\/fr\/wp-json\/wp\/v2\/pages\/1100","targetHints":{"allow":["GET"]}}],"collection":[{"href":"https:\/\/ragwinn.com\/fr\/wp-json\/wp\/v2\/pages"}],"about":[{"href":"https:\/\/ragwinn.com\/fr\/wp-json\/wp\/v2\/types\/page"}],"author":[{"embeddable":true,"href":"https:\/\/ragwinn.com\/fr\/wp-json\/wp\/v2\/users\/1"}],"replies":[{"embeddable":true,"href":"https:\/\/ragwinn.com\/fr\/wp-json\/wp\/v2\/comments?post=1100"}],"version-history":[{"count":3,"href":"https:\/\/ragwinn.com\/fr\/wp-json\/wp\/v2\/pages\/1100\/revisions"}],"predecessor-version":[{"id":3784,"href":"https:\/\/ragwinn.com\/fr\/wp-json\/wp\/v2\/pages\/1100\/revisions\/3784"}],"wp:attachment":[{"href":"https:\/\/ragwinn.com\/fr\/wp-json\/wp\/v2\/media?parent=1100"}],"curies":[{"name":"wp","href":"https:\/\/api.w.org\/{rel}","templated":true}]}}