{"id":904,"date":"2024-04-09T18:14:34","date_gmt":"2024-04-09T16:14:34","guid":{"rendered":"https:\/\/ragwinn.com\/?post_type=product&#038;p=904"},"modified":"2026-04-27T16:08:25","modified_gmt":"2026-04-27T14:08:25","slug":"magwell-hk416-f-accesorio","status":"publish","type":"product","link":"https:\/\/ragwinn.com\/es\/produit\/magwell-hk416-f-accessoire","title":{"rendered":"Magwell HK416 F"},"content":{"rendered":"<h1 style=\"text-align: center;\"><strong>Magwell HK416 F<br \/>\n<\/strong><\/h1>\n<h2 style=\"text-align: center;\"><strong>\u00a0\" <span style=\"text-decoration: underline;\">Aumenta tu velocidad de recarga con el magwell del HK416<\/span><\/strong><strong> \"\u00a0<\/strong><em><strong><br \/>\n<\/strong><\/em><\/h2>\n<p>Dise\u00f1ado para el HK416 F-S\/F-C del Ej\u00e9rcito franc\u00e9s.<\/p>\n<p>La garganta del cargador del HK416 permite un reabastecimiento r\u00e1pido para una alta eficiencia, incluso en las condiciones m\u00e1s dif\u00edciles.<br \/>\nGracias a su \u00e1ngulo de inserci\u00f3n especialmente dise\u00f1ado, este accesorio introduce el cargador directamente en el alojamiento del arma.<\/p>\n<h2 style=\"text-align: center;\"><strong>\u00bfPor qu\u00e9 elegir nuestro magwell HK416?<\/strong><\/h2>\n<ul>\n<li><strong>Velocidad de recarga mejorada<\/strong> Gracias a sus 90 grados de \u00e1ngulo en la entrada y su \u00e1ngulo de inserci\u00f3n 250 % m\u00e1s ancho que el del pozo del cargador original, este magwell HK 416 permite una recarga acelerada y sin esfuerzo,<\/li>\n<li><strong>Ahorro decisivo de tiempo<\/strong> Mantente operativo recargando m\u00e1s r\u00e1pido para poder reanudar los disparos lo antes posible,<\/li>\n<li><strong>Compatibilidad \u00f3ptima<\/strong> Funciona con cargadores PMAG (Gen 2-3), STANAG, AMEND2 y otros,<\/li>\n<li><strong>Discreci\u00f3n<\/strong> Fabricado en material oscuro que absorbe los rayos infrarrojos IR, este magwell garantiza sigilo de d\u00eda y de noche, ideal para cada misi\u00f3n.<\/li>\n<\/ul>\n<p>&nbsp;<\/p>\n<h2 style=\"text-align: center;\"><strong>Un accesorio 416 pr\u00e1ctico y duradero<\/strong><\/h2>\n<ul>\n<li><strong>Instalaci\u00f3n r\u00e1pida y segura<\/strong> El dise\u00f1o del pozo del cargador garantiza una instalaci\u00f3n segura gracias a dos tornillos de acero inoxidable (no hay riesgo de que el pozo del cargador se atasque como resultado del movimiento del pozo del cargador),<\/li>\n<li><strong>Robustez excepcional<\/strong> Fabricado con nailon reforzado con fibra de carbono, es resistente a temperaturas extremas (de -50 \u00b0C a +160 \u00b0C), impactos violentos, rayos UV y disolventes,<\/li>\n<li><strong>Ergon\u00f3mico y ambidiestro <\/strong>Dise\u00f1ado para todos los usuarios, ya sean diestros o zurdos, con un perfil compacto y ligero.<\/li>\n<\/ul>\n<p>&nbsp;<\/p>\n<h3 style=\"text-align: center;\"><strong>Compartimento para el cargador personalizable y atractivo<\/strong><\/h3>\n<ul>\n<li><strong>Camuflaje<\/strong> Pinta tu magwell para adaptarlo a tus necesidades,<\/li>\n<li><strong>Registro personalizado<\/strong> Texto, logotipo u otra inscripci\u00f3n a petici\u00f3n. Haga que su equipo sea \u00fanico.<\/li>\n<\/ul>\n<p>&nbsp;<\/p>\n<h3 style=\"text-align: center;\"><strong>Probado y aprobado por profesionales<\/strong><\/h3>\n<p>Este magwell ha sido probado y aprobado por operadores de regimientos especializados y convencionales. Forma parte de la gama Ragwinn Solutions, que ofrece accesorios de alta gama para los profesionales m\u00e1s exigentes.<\/p>\n<p>&nbsp;<\/p>\n<h3 style=\"text-align: center;\"><strong>Especificaciones t\u00e9cnicas<\/strong><\/h3>\n<ul>\n<li><strong>Peso<\/strong> : <span class=\"NA6bn BxUVEf ILfuVd\" lang=\"en\"><span class=\"hgKElc pOOWX\">\u2264<\/span><\/span> 22g<\/li>\n<li><strong>Temperaturas extremas<\/strong> Resistente de -50\u00b0C a +160\u00b0C<\/li>\n<li><strong>Resistencia a disolventes, UV e IR<\/strong> : M\u00e1xima protecci\u00f3n, sea cual sea el entorno.<\/li>\n<\/ul>\n<p>&nbsp;<\/p>\n<h4 style=\"text-align: center;\"><span style=\"color: #ffffff;\"><strong>No deje que el azar marque la diferencia, pida ahora su magwell.<\/strong><\/span><\/h4>\n<hr \/>\n<p>Tambi\u00e9n disponible:<\/p>\n<ul>\n<li><a href=\"https:\/\/ragwinn.com\/es\/producto\/magwell-hk-g95-hk-416-a7\/\" target=\"_blank\" rel=\"noopener\">Magwell HK G95<\/a>,<\/li>\n<li><a href=\"https:\/\/ragwinn.com\/es\/producto\/magwellar15\/\" target=\"_blank\" rel=\"noopener\">Magwell AR15<\/a>.<\/li>\n<\/ul>\n<p>El magwell 416 tambi\u00e9n se ofrece en un paquete del ej\u00e9rcito franc\u00e9s con el <a href=\"https:\/\/ragwinn.com\/es\/producto\/magwell-glock-17-45-34-gen-5\/\" target=\"_blank\" rel=\"noopener\">Guardam Cag\u00f3n Glock 17<\/a>.<\/p>\n<p>Descubra tambi\u00e9n nuestro <a href=\"https:\/\/ragwinn.com\/es\/categoria-producto\/tacticas-de-ragwinn\/\" target=\"_blank\" rel=\"noopener\">otros accesorios HK416 y AR15<\/a>.<\/p>\n<p>M\u00e1s informaci\u00f3n sobre el magwell <a href=\"https:\/\/crealib3d.com\/quest-ce-quun-magwell-et-pourquoi-en-utiliser\" target=\"_blank\" rel=\"noopener\">aqu\u00ed<\/a> (en franc\u00e9s) y <a href=\"https:\/\/www.anrkydexholsters.com\/what-is-a-magwell-why-do-they-matter\/\" target=\"_blank\" rel=\"noopener\">aqu\u00ed<\/a> (en ingl\u00e9s).<\/p>","protected":false},"excerpt":{"rendered":"<p style=\"padding-left: 40px;\">Magwell para HK416 F y MR223 F.<br \/>\nDise\u00f1ado para el HK416 F-S\/F-C del ej\u00e9rcito franc\u00e9s.<br \/>\n- Patente pendiente -<\/p>","protected":false},"featured_media":4103,"comment_status":"open","ping_status":"closed","template":"","meta":{"ocean_post_layout":"","ocean_both_sidebars_style":"","ocean_both_sidebars_content_width":0,"ocean_both_sidebars_sidebars_width":0,"ocean_sidebar":"0","ocean_second_sidebar":"0","ocean_disable_margins":"enable","ocean_add_body_class":"","ocean_shortcode_before_top_bar":"","ocean_shortcode_after_top_bar":"","ocean_shortcode_before_header":"","ocean_shortcode_after_header":"","ocean_has_shortcode":"","ocean_shortcode_after_title":"","ocean_shortcode_before_footer_widgets":"","ocean_shortcode_after_footer_widgets":"","ocean_shortcode_before_footer_bottom":"","ocean_shortcode_after_footer_bottom":"","ocean_display_top_bar":"default","ocean_display_header":"default","ocean_header_style":"","ocean_center_header_left_menu":"0","ocean_custom_header_template":"0","ocean_custom_logo":0,"ocean_custom_retina_logo":0,"ocean_custom_logo_max_width":0,"ocean_custom_logo_tablet_max_width":0,"ocean_custom_logo_mobile_max_width":0,"ocean_custom_logo_max_height":0,"ocean_custom_logo_tablet_max_height":0,"ocean_custom_logo_mobile_max_height":0,"ocean_header_custom_menu":"0","ocean_menu_typo_font_family":"0","ocean_menu_typo_font_subset":"","ocean_menu_typo_font_size":0,"ocean_menu_typo_font_size_tablet":0,"ocean_menu_typo_font_size_mobile":0,"ocean_menu_typo_font_size_unit":"px","ocean_menu_typo_font_weight":"","ocean_menu_typo_font_weight_tablet":"","ocean_menu_typo_font_weight_mobile":"","ocean_menu_typo_transform":"","ocean_menu_typo_transform_tablet":"","ocean_menu_typo_transform_mobile":"","ocean_menu_typo_line_height":0,"ocean_menu_typo_line_height_tablet":0,"ocean_menu_typo_line_height_mobile":0,"ocean_menu_typo_line_height_unit":"","ocean_menu_typo_spacing":0,"ocean_menu_typo_spacing_tablet":0,"ocean_menu_typo_spacing_mobile":0,"ocean_menu_typo_spacing_unit":"","ocean_menu_link_color":"","ocean_menu_link_color_hover":"","ocean_menu_link_color_active":"","ocean_menu_link_background":"","ocean_menu_link_hover_background":"","ocean_menu_link_active_background":"","ocean_menu_social_links_bg":"","ocean_menu_social_hover_links_bg":"","ocean_menu_social_links_color":"","ocean_menu_social_hover_links_color":"","ocean_disable_title":"default","ocean_disable_heading":"default","ocean_post_title":"","ocean_post_subheading":"","ocean_post_title_style":"","ocean_post_title_background_color":"","ocean_post_title_background":0,"ocean_post_title_bg_image_position":"","ocean_post_title_bg_image_attachment":"","ocean_post_title_bg_image_repeat":"","ocean_post_title_bg_image_size":"","ocean_post_title_height":0,"ocean_post_title_bg_overlay":0.5,"ocean_post_title_bg_overlay_color":"","ocean_disable_breadcrumbs":"default","ocean_breadcrumbs_color":"","ocean_breadcrumbs_separator_color":"","ocean_breadcrumbs_links_color":"","ocean_breadcrumbs_links_hover_color":"","ocean_display_footer_widgets":"default","ocean_display_footer_bottom":"default","ocean_custom_footer_template":"0"},"product_brand":[],"product_cat":[17,85,16,43],"product_tag":[132,33,31,44,77,118],"class_list":{"0":"post-904","1":"product","2":"type-product","3":"status-publish","4":"has-post-thumbnail","6":"product_cat-ragwinn-hobby","7":"product_cat-magwell","8":"product_cat-non-classe","9":"product_cat-ragwinn-tactics","10":"product_tag-accessoire","11":"product_tag-armee","12":"product_tag-hk416","13":"product_tag-hk416f","14":"product_tag-magwell","15":"product_tag-upgrade","16":"product_shipping_class-produit-leger-500g","18":"entry","19":"has-media","21":"first","22":"instock","23":"sale","24":"featured","25":"taxable","26":"shipping-taxable","27":"purchasable","28":"product-type-simple","29":"has-rating","30":"col","31":"span_1_of_4","32":"owp-content-center","33":"item-entry","34":"owp-thumbs-layout-horizontal","35":"owp-btn-big","36":"owp-tabs-layout-horizontal"},"_links":{"self":[{"href":"https:\/\/ragwinn.com\/es\/wp-json\/wp\/v2\/product\/904","targetHints":{"allow":["GET"]}}],"collection":[{"href":"https:\/\/ragwinn.com\/es\/wp-json\/wp\/v2\/product"}],"about":[{"href":"https:\/\/ragwinn.com\/es\/wp-json\/wp\/v2\/types\/product"}],"replies":[{"embeddable":true,"href":"https:\/\/ragwinn.com\/es\/wp-json\/wp\/v2\/comments?post=904"}],"version-history":[{"count":8,"href":"https:\/\/ragwinn.com\/es\/wp-json\/wp\/v2\/product\/904\/revisions"}],"predecessor-version":[{"id":4301,"href":"https:\/\/ragwinn.com\/es\/wp-json\/wp\/v2\/product\/904\/revisions\/4301"}],"wp:featuredmedia":[{"embeddable":true,"href":"https:\/\/ragwinn.com\/es\/wp-json\/wp\/v2\/media\/4103"}],"wp:attachment":[{"href":"https:\/\/ragwinn.com\/es\/wp-json\/wp\/v2\/media?parent=904"}],"wp:term":[{"taxonomy":"product_brand","embeddable":true,"href":"https:\/\/ragwinn.com\/es\/wp-json\/wp\/v2\/product_brand?post=904"},{"taxonomy":"product_cat","embeddable":true,"href":"https:\/\/ragwinn.com\/es\/wp-json\/wp\/v2\/product_cat?post=904"},{"taxonomy":"product_tag","embeddable":true,"href":"https:\/\/ragwinn.com\/es\/wp-json\/wp\/v2\/product_tag?post=904"}],"curies":[{"name":"wp","href":"https:\/\/api.w.org\/{rel}","templated":true}]}}