{"id":736,"date":"2024-04-09T09:57:56","date_gmt":"2024-04-09T07:57:56","guid":{"rendered":"https:\/\/ragwinn.com\/?post_type=product&#038;p=736"},"modified":"2026-04-29T14:45:55","modified_gmt":"2026-04-29T12:45:55","slug":"magwell-ar15","status":"publish","type":"product","link":"https:\/\/ragwinn.com\/es\/produit\/magwell-ar15","title":{"rendered":"Magwell AR15"},"content":{"rendered":"<h1 style=\"text-align: center;\"><strong>Magwell AR15<\/strong><\/h1>\n<h2 style=\"text-align: center;\"><strong>\u00a0\"\u00a0<u>Aumente su velocidad de recarga<\/u>\u00a0\"\u00a0<\/strong><\/h2>\n<p>Dise\u00f1ado para AR15 Mil-Spec.<\/p>\n<p>Gracias a su \u00e1ngulo especialmente dise\u00f1ado, el magwell AR15 puede recargarse r\u00e1pida y eficazmente.<br \/>\nCon su generoso \u00e1ngulo de inserci\u00f3n, gu\u00eda el cargador directamente en el hueco del arma.<\/p>\n<h2 style=\"text-align: center;\"><strong>\u00bfPor qu\u00e9 elegir nuestro magwell?<\/strong><\/h2>\n<ul>\n<li><strong>Velocidad de recarga mejorada<\/strong>\u00a0Gracias a su \u00e1ngulo de inserci\u00f3n de 250 %, que es m\u00e1s amplio que el de los pozos de cargador MilSpec, y a su \u00e1ngulo de entrada de 90 grados, este pozo de cargador hace que la recarga sea m\u00e1s r\u00e1pida y sin esfuerzo,<\/li>\n<li><strong>Ahorro decisivo de tiempo<\/strong> Mant\u00e9ngase operativo recargando r\u00e1pidamente y reanude el disparo lo antes posible,<\/li>\n<li><strong>Totalmente modular\u00a0<\/strong>Para adaptarse a su AR15, el soporte del cargador se suministra con varias placas. \u00c9stas le permiten ajustar la longitud del almac\u00e9n y su altura al hueco del cargador de su arma*. La instalaci\u00f3n es r\u00e1pida y no requiere ninguna modificaci\u00f3n del arma.<strong>,<\/strong><\/li>\n<li><strong>Compatibilidad \u00f3ptima<\/strong>\u00a0Funciona con PMAG (Gen 1-2-3), STANAG, AMEND2 y otros cargadores,<\/li>\n<li><strong>Discreci\u00f3n<\/strong>\u00a0Dise\u00f1ado para uso operativo, fabricado con un material oscuro que absorbe los rayos IR, este magwell garantiza la eficacia y la discreci\u00f3n de d\u00eda y de noche, por lo que es ideal para misiones nocturnas.<\/li>\n<\/ul>\n<p>&nbsp;<\/p>\n<h3 style=\"text-align: center;\"><strong>Un accesorio pr\u00e1ctico y duradero para AR15<\/strong><\/h3>\n<ul>\n<li><strong>Instalaci\u00f3n r\u00e1pida y sencilla<\/strong>\u00a0El magwell para el AR15 se fija con los dos tornillos incluidos, sin dejar rastro en su arma,<\/li>\n<li><strong>Mantenimiento simplificado<\/strong>\u00a0Se desmonta f\u00e1cilmente para limpiar el arma y sus componentes,<\/li>\n<li><strong>Robustez excepcional<\/strong> Fabricado con nailon reforzado con fibra de carbono, es resistente a temperaturas extremas (de -50 \u00b0C a +160 \u00b0C), impactos violentos, rayos UV y disolventes,<\/li>\n<li><strong>Ergon\u00f3mico y ambidiestro\u00a0<\/strong>Dise\u00f1ado para todos los usuarios, ya sean diestros o zurdos, con un perfil compacto y ligero.<\/li>\n<\/ul>\n<p>&nbsp;<\/p>\n<h3 style=\"text-align: center;\"><strong>Compartimento para el cargador personalizable y atractivo<\/strong><\/h3>\n<ul>\n<li><strong>Camuflable en caso necesario<\/strong>\u00a0Pinta tu magwell como prefieras,<\/li>\n<li><strong>Registro personalizado<\/strong>\u00a0Texto, logotipo u otra inscripci\u00f3n a petici\u00f3n. Haga que su equipo sea \u00fanico.<\/li>\n<\/ul>\n<p>&nbsp;<\/p>\n<h3 style=\"text-align: center;\"><strong>Probado y aprobado por profesionales<\/strong><\/h3>\n<p>Este cargador ha sido probado y aprobado por instructores de tiro t\u00e1ctico, armeros y operadores de unidades especializadas. Forma parte de la gama Ragwinn Solutions, que ofrece accesorios de alta gama para los profesionales m\u00e1s exigentes.<\/p>\n<p>&nbsp;<\/p>\n<h3 style=\"text-align: center;\"><strong>Especificaciones t\u00e9cnicas<\/strong><\/h3>\n<ul>\n<li><strong>Peso<\/strong> : <span class=\"NA6bn BxUVEf ILfuVd\" lang=\"en\"><span class=\"hgKElc pOOWX\">\u2264<\/span><\/span> 22g<\/li>\n<li><strong>Temperaturas extremas<\/strong> Resistente de -50\u00b0C a +160\u00b0C<\/li>\n<li><strong>Resistencia a disolventes, UV e IR<\/strong>\u00a0: M\u00e1xima protecci\u00f3n, sea cual sea el entorno.<\/li>\n<\/ul>\n<p>&nbsp;<\/p>\n<h4 style=\"text-align: center;\"><strong>Optimice sus recargas encargando ahora su cargador.<\/strong><\/h4>\n<p>Tambi\u00e9n disponible para\u00a0<a href=\"https:\/\/ragwinn.com\/es\/producto\/magwell-hk416-f-mr223-f-accesorio\/\" target=\"_blank\" rel=\"noopener\">HK416 F<\/a>.<\/p>\n<p>Descubra tambi\u00e9n nuestro\u00a0<a href=\"https:\/\/ragwinn.com\/es\/categoria-producto\/tacticas-de-ragwinn\/\">otros accesorios para AR15 y HK416<\/a> como el <a href=\"https:\/\/ragwinn.com\/es\/producto\/talon-5-pmag-ar15\/\" target=\"_blank\" rel=\"noopener\">tal\u00f3n +5 PMAG<\/a>.<\/p>\n<p>M\u00e1s informaci\u00f3n sobre el magwell <a href=\"https:\/\/crealib3d.com\/quest-ce-quun-magwell-et-pourquoi-en-utiliser\" target=\"_blank\" rel=\"noopener\">aqu\u00ed<\/a>\u00a0(en franc\u00e9s) y\u00a0<a href=\"https:\/\/www.anrkydexholsters.com\/what-is-a-magwell-why-do-they-matter\/\" target=\"_blank\" rel=\"noopener\">aqu\u00ed<\/a>\u00a0(en ingl\u00e9s).<\/p>\n<p>* Compatible con m\u00e1s de 90% AR15s (Daniel D\u00e9fense, BCM, Alpen Arms, Aero Precision, etc). Armas y accesorios no vendidos.<\/p>","protected":false},"excerpt":{"rendered":"<p>Magwell AR15 MIL-SPEC<br \/>\nSe coloca alrededor del hueco original del cargador para aumentar considerablemente el \u00e1ngulo de inserci\u00f3n del cargador.<br \/>\nSe suministra con varios insertos para ajustar el magwell perfectamente a su AR15.<br \/>\nFabricado en Francia.<\/p>","protected":false},"featured_media":4100,"comment_status":"open","ping_status":"closed","template":"","meta":{"ocean_post_layout":"","ocean_both_sidebars_style":"","ocean_both_sidebars_content_width":0,"ocean_both_sidebars_sidebars_width":0,"ocean_sidebar":"0","ocean_second_sidebar":"0","ocean_disable_margins":"enable","ocean_add_body_class":"","ocean_shortcode_before_top_bar":"","ocean_shortcode_after_top_bar":"","ocean_shortcode_before_header":"","ocean_shortcode_after_header":"","ocean_has_shortcode":"","ocean_shortcode_after_title":"","ocean_shortcode_before_footer_widgets":"","ocean_shortcode_after_footer_widgets":"","ocean_shortcode_before_footer_bottom":"","ocean_shortcode_after_footer_bottom":"","ocean_display_top_bar":"default","ocean_display_header":"default","ocean_header_style":"","ocean_center_header_left_menu":"0","ocean_custom_header_template":"0","ocean_custom_logo":0,"ocean_custom_retina_logo":0,"ocean_custom_logo_max_width":0,"ocean_custom_logo_tablet_max_width":0,"ocean_custom_logo_mobile_max_width":0,"ocean_custom_logo_max_height":0,"ocean_custom_logo_tablet_max_height":0,"ocean_custom_logo_mobile_max_height":0,"ocean_header_custom_menu":"0","ocean_menu_typo_font_family":"0","ocean_menu_typo_font_subset":"","ocean_menu_typo_font_size":0,"ocean_menu_typo_font_size_tablet":0,"ocean_menu_typo_font_size_mobile":0,"ocean_menu_typo_font_size_unit":"px","ocean_menu_typo_font_weight":"","ocean_menu_typo_font_weight_tablet":"","ocean_menu_typo_font_weight_mobile":"","ocean_menu_typo_transform":"","ocean_menu_typo_transform_tablet":"","ocean_menu_typo_transform_mobile":"","ocean_menu_typo_line_height":0,"ocean_menu_typo_line_height_tablet":0,"ocean_menu_typo_line_height_mobile":0,"ocean_menu_typo_line_height_unit":"","ocean_menu_typo_spacing":0,"ocean_menu_typo_spacing_tablet":0,"ocean_menu_typo_spacing_mobile":0,"ocean_menu_typo_spacing_unit":"","ocean_menu_link_color":"","ocean_menu_link_color_hover":"","ocean_menu_link_color_active":"","ocean_menu_link_background":"","ocean_menu_link_hover_background":"","ocean_menu_link_active_background":"","ocean_menu_social_links_bg":"","ocean_menu_social_hover_links_bg":"","ocean_menu_social_links_color":"","ocean_menu_social_hover_links_color":"","ocean_disable_title":"default","ocean_disable_heading":"default","ocean_post_title":"","ocean_post_subheading":"","ocean_post_title_style":"","ocean_post_title_background_color":"","ocean_post_title_background":0,"ocean_post_title_bg_image_position":"","ocean_post_title_bg_image_attachment":"","ocean_post_title_bg_image_repeat":"","ocean_post_title_bg_image_size":"","ocean_post_title_height":0,"ocean_post_title_bg_overlay":0.5,"ocean_post_title_bg_overlay_color":"","ocean_disable_breadcrumbs":"default","ocean_breadcrumbs_color":"","ocean_breadcrumbs_separator_color":"","ocean_breadcrumbs_links_color":"","ocean_breadcrumbs_links_hover_color":"","ocean_display_footer_widgets":"default","ocean_display_footer_bottom":"default","ocean_custom_footer_template":"0"},"product_brand":[],"product_cat":[43,85,17],"product_tag":[20,116,77,117],"class_list":{"0":"post-736","1":"product","2":"type-product","3":"status-publish","4":"has-post-thumbnail","6":"product_cat-ragwinn-tactics","7":"product_cat-magwell","8":"product_cat-ragwinn-hobby","9":"product_tag-ar15","10":"product_tag-custom","11":"product_tag-magwell","12":"product_tag-reloading","13":"product_shipping_class-produit-leger-500g","15":"entry","16":"has-media","18":"first","19":"onbackorder","20":"sale","21":"featured","22":"taxable","23":"shipping-taxable","24":"purchasable","25":"product-type-simple","26":"has-rating","27":"col","28":"span_1_of_4","29":"owp-content-center","30":"item-entry","31":"owp-thumbs-layout-horizontal","32":"owp-btn-big","33":"owp-tabs-layout-horizontal"},"_links":{"self":[{"href":"https:\/\/ragwinn.com\/es\/wp-json\/wp\/v2\/product\/736","targetHints":{"allow":["GET"]}}],"collection":[{"href":"https:\/\/ragwinn.com\/es\/wp-json\/wp\/v2\/product"}],"about":[{"href":"https:\/\/ragwinn.com\/es\/wp-json\/wp\/v2\/types\/product"}],"replies":[{"embeddable":true,"href":"https:\/\/ragwinn.com\/es\/wp-json\/wp\/v2\/comments?post=736"}],"version-history":[{"count":10,"href":"https:\/\/ragwinn.com\/es\/wp-json\/wp\/v2\/product\/736\/revisions"}],"predecessor-version":[{"id":4101,"href":"https:\/\/ragwinn.com\/es\/wp-json\/wp\/v2\/product\/736\/revisions\/4101"}],"wp:featuredmedia":[{"embeddable":true,"href":"https:\/\/ragwinn.com\/es\/wp-json\/wp\/v2\/media\/4100"}],"wp:attachment":[{"href":"https:\/\/ragwinn.com\/es\/wp-json\/wp\/v2\/media?parent=736"}],"wp:term":[{"taxonomy":"product_brand","embeddable":true,"href":"https:\/\/ragwinn.com\/es\/wp-json\/wp\/v2\/product_brand?post=736"},{"taxonomy":"product_cat","embeddable":true,"href":"https:\/\/ragwinn.com\/es\/wp-json\/wp\/v2\/product_cat?post=736"},{"taxonomy":"product_tag","embeddable":true,"href":"https:\/\/ragwinn.com\/es\/wp-json\/wp\/v2\/product_tag?post=736"}],"curies":[{"name":"wp","href":"https:\/\/api.w.org\/{rel}","templated":true}]}}