{"id":3757,"date":"2025-12-07T18:15:48","date_gmt":"2025-12-07T17:15:48","guid":{"rendered":"https:\/\/ragwinn.com\/?post_type=product&#038;p=3757"},"modified":"2026-04-08T12:42:27","modified_gmt":"2026-04-08T10:42:27","slug":"tacon-5-hk-417","status":"publish","type":"product","link":"https:\/\/ragwinn.com\/es\/produit\/talon-5-hk-417","title":{"rendered":"Tal\u00f3n +5 HK 417"},"content":{"rendered":"<h1 style=\"text-align: center\"><strong>Tal\u00f3n +5 <\/strong>HK 417<\/h1>\n<p>Encaja en el lugar del alojamiento original del cargador de su HK 417 y aumenta la capacidad del cargador en 5 cartuchos.<\/p>\n<h2 style=\"text-align: center\"><strong>Caracter\u00edsticas principales del tac\u00f3n +5 HK417:<\/strong><\/h2>\n<ul>\n<li><strong>Manejo sofisticado <\/strong>La forma de la extensi\u00f3n mejora el agarre del cargador, facilitando su extracci\u00f3n del bolsillo.<\/li>\n<li><strong>Numerable<\/strong> Numeraci\u00f3n de los cargadores: En la parte inferior de la prolongaci\u00f3n hay espacios para numerar los cargadores. Puede hacerlo con un rotulador Posca* o un l\u00e1piz graso*. La numeraci\u00f3n de los cargadores facilita su identificaci\u00f3n en cualquier situaci\u00f3n.<\/li>\n<li><strong>Fabricaci\u00f3n de calidad <\/strong>Fabricado en Francia a partir de policarbonato reforzado con fibra de carbono, el tal\u00f3n +5 HK417 es resistente a los impactos y soporta temperaturas extremas (-40\u00b0 +160\u00b0C).<\/li>\n<li><strong>Colores<\/strong> Negro mate.<\/li>\n<\/ul>\n<p>&nbsp;<\/p>\n<h3 style=\"text-align: center\"><strong>Tambi\u00e9n disponible:<\/strong><\/h3>\n<ul>\n<li><a href=\"https:\/\/ragwinn.com\/es\/producto\/magwell-hk416-f-mr223-f-accesorio\/\" target=\"_blank\" rel=\"noopener\"><strong>Magwell para <\/strong><strong>HK416 F<\/strong><\/a>\u00a0Manejo y velocidad de recarga mejorados en AR15 con nuestro <a href=\"https:\/\/crealib3d.com\/quest-ce-quun-magwell-et-pourquoi-en-utiliser\" target=\"_blank\" rel=\"noreferrer noopener\">magwell<\/a>.<\/li>\n<li><a href=\"https:\/\/ragwinn.com\/es\/producto\/magwellar15\/\" target=\"_blank\" rel=\"noopener\"><strong>Alojamiento para AR15<\/strong><\/a> Recarga suave gracias a la gran superficie de entrada del magwell.<\/li>\n<li><a href=\"https:\/\/ragwinn.com\/es\/producto\/talon-2-cargador-glock-9x19\/\" target=\"_blank\" rel=\"noopener\"><strong>Tal\u00f3n +2 cargador Glock<\/strong><\/a> Descubra nuestro cargador +2 para Glock 9\u00d719 doble columna.<\/li>\n<\/ul>\n<p>&nbsp;<\/p>\n<p><em>Nota: S\u00f3lo se suministran el soporte del cargador y los tornillos.<br \/>\n<\/em><span style=\"text-decoration: underline\">ATENCI\u00d3N<\/span> Tenga en cuenta la normativa vigente en su pa\u00eds\/regi\u00f3n el d\u00eda de la compra.<br \/>\nEn Francia, en noviembre de 2024, la normativa vigente estipula que la capacidad m\u00e1xima de un cargador para un arma clasificada en la categor\u00eda B-4 no puede superar los 30 disparos. <span data-olk-copy-source=\"MessageBody\"> S\u00f3lo los tiradores TSV pueden tener sistemas de alimentaci\u00f3n de mayor capacidad (<a href=\"https:\/\/www.legifrance.gouv.fr\/codes\/article_lc\/LEGIARTI000045148049\" target=\"_blank\" rel=\"noopener\">R312-45<\/a>).<\/span><\/p>","protected":false},"excerpt":{"rendered":"<p>Aumente la capacidad de sus cargadores HK 417 en 5 cartuchos con este taco +5 HK 417, conservando el muelle original.<br \/>\nInstalaci\u00f3n en menos de 20 segundos, tornillos y pernos incluidos.<\/p>","protected":false},"featured_media":4099,"comment_status":"open","ping_status":"closed","template":"","meta":{"ocean_post_layout":"","ocean_both_sidebars_style":"","ocean_both_sidebars_content_width":0,"ocean_both_sidebars_sidebars_width":0,"ocean_sidebar":"0","ocean_second_sidebar":"0","ocean_disable_margins":"enable","ocean_add_body_class":"","ocean_shortcode_before_top_bar":"","ocean_shortcode_after_top_bar":"","ocean_shortcode_before_header":"","ocean_shortcode_after_header":"","ocean_has_shortcode":"","ocean_shortcode_after_title":"","ocean_shortcode_before_footer_widgets":"","ocean_shortcode_after_footer_widgets":"","ocean_shortcode_before_footer_bottom":"","ocean_shortcode_after_footer_bottom":"","ocean_display_top_bar":"default","ocean_display_header":"default","ocean_header_style":"","ocean_center_header_left_menu":"0","ocean_custom_header_template":"0","ocean_custom_logo":0,"ocean_custom_retina_logo":0,"ocean_custom_logo_max_width":0,"ocean_custom_logo_tablet_max_width":0,"ocean_custom_logo_mobile_max_width":0,"ocean_custom_logo_max_height":0,"ocean_custom_logo_tablet_max_height":0,"ocean_custom_logo_mobile_max_height":0,"ocean_header_custom_menu":"0","ocean_menu_typo_font_family":"0","ocean_menu_typo_font_subset":"","ocean_menu_typo_font_size":0,"ocean_menu_typo_font_size_tablet":0,"ocean_menu_typo_font_size_mobile":0,"ocean_menu_typo_font_size_unit":"px","ocean_menu_typo_font_weight":"","ocean_menu_typo_font_weight_tablet":"","ocean_menu_typo_font_weight_mobile":"","ocean_menu_typo_transform":"","ocean_menu_typo_transform_tablet":"","ocean_menu_typo_transform_mobile":"","ocean_menu_typo_line_height":0,"ocean_menu_typo_line_height_tablet":0,"ocean_menu_typo_line_height_mobile":0,"ocean_menu_typo_line_height_unit":"","ocean_menu_typo_spacing":0,"ocean_menu_typo_spacing_tablet":0,"ocean_menu_typo_spacing_mobile":0,"ocean_menu_typo_spacing_unit":"","ocean_menu_link_color":"","ocean_menu_link_color_hover":"","ocean_menu_link_color_active":"","ocean_menu_link_background":"","ocean_menu_link_hover_background":"","ocean_menu_link_active_background":"","ocean_menu_social_links_bg":"","ocean_menu_social_hover_links_bg":"","ocean_menu_social_links_color":"","ocean_menu_social_hover_links_color":"","ocean_disable_title":"default","ocean_disable_heading":"default","ocean_post_title":"","ocean_post_subheading":"","ocean_post_title_style":"","ocean_post_title_background_color":"","ocean_post_title_background":0,"ocean_post_title_bg_image_position":"","ocean_post_title_bg_image_attachment":"","ocean_post_title_bg_image_repeat":"","ocean_post_title_bg_image_size":"","ocean_post_title_height":0,"ocean_post_title_bg_overlay":0.5,"ocean_post_title_bg_overlay_color":"","ocean_disable_breadcrumbs":"default","ocean_breadcrumbs_color":"","ocean_breadcrumbs_separator_color":"","ocean_breadcrumbs_links_color":"","ocean_breadcrumbs_links_hover_color":"","ocean_display_footer_widgets":"default","ocean_display_footer_bottom":"default","ocean_custom_footer_template":"0"},"product_brand":[],"product_cat":[16,104,43],"product_tag":[24,23,119,120,121,118],"class_list":{"0":"post-3757","1":"product","2":"type-product","3":"status-publish","4":"has-post-thumbnail","6":"product_cat-non-classe","7":"product_cat-extension-chargeur","8":"product_cat-ragwinn-tactics","9":"product_tag-chargeur","10":"product_tag-extension","11":"product_tag-hecklerkoch","12":"product_tag-thp","13":"product_tag-tireur-delite","14":"product_tag-upgrade","15":"product_shipping_class-produit-leger-500g","17":"entry","18":"has-media","20":"first","21":"instock","22":"taxable","23":"shipping-taxable","24":"purchasable","25":"product-type-simple","26":"col","27":"span_1_of_4","28":"owp-content-center","29":"item-entry","30":"owp-thumbs-layout-horizontal","31":"owp-btn-big","32":"owp-tabs-layout-horizontal"},"_links":{"self":[{"href":"https:\/\/ragwinn.com\/es\/wp-json\/wp\/v2\/product\/3757","targetHints":{"allow":["GET"]}}],"collection":[{"href":"https:\/\/ragwinn.com\/es\/wp-json\/wp\/v2\/product"}],"about":[{"href":"https:\/\/ragwinn.com\/es\/wp-json\/wp\/v2\/types\/product"}],"replies":[{"embeddable":true,"href":"https:\/\/ragwinn.com\/es\/wp-json\/wp\/v2\/comments?post=3757"}],"version-history":[{"count":6,"href":"https:\/\/ragwinn.com\/es\/wp-json\/wp\/v2\/product\/3757\/revisions"}],"predecessor-version":[{"id":4298,"href":"https:\/\/ragwinn.com\/es\/wp-json\/wp\/v2\/product\/3757\/revisions\/4298"}],"wp:featuredmedia":[{"embeddable":true,"href":"https:\/\/ragwinn.com\/es\/wp-json\/wp\/v2\/media\/4099"}],"wp:attachment":[{"href":"https:\/\/ragwinn.com\/es\/wp-json\/wp\/v2\/media?parent=3757"}],"wp:term":[{"taxonomy":"product_brand","embeddable":true,"href":"https:\/\/ragwinn.com\/es\/wp-json\/wp\/v2\/product_brand?post=3757"},{"taxonomy":"product_cat","embeddable":true,"href":"https:\/\/ragwinn.com\/es\/wp-json\/wp\/v2\/product_cat?post=3757"},{"taxonomy":"product_tag","embeddable":true,"href":"https:\/\/ragwinn.com\/es\/wp-json\/wp\/v2\/product_tag?post=3757"}],"curies":[{"name":"wp","href":"https:\/\/api.w.org\/{rel}","templated":true}]}}