{"id":3742,"date":"2025-12-06T13:30:13","date_gmt":"2025-12-06T12:30:13","guid":{"rendered":"https:\/\/ragwinn.com\/?post_type=product&#038;p=3742"},"modified":"2026-03-15T12:46:04","modified_gmt":"2026-03-15T11:46:04","slug":"magwell-cicatriz-h","status":"publish","type":"product","link":"https:\/\/ragwinn.com\/es\/produit\/magwell-scar-h","title":{"rendered":"Magwell SCAR H"},"content":{"rendered":"<h1 style=\"text-align: center;\"><strong data-start=\"299\" data-end=\"322\">Magwell SCAR H<\/strong><\/h1>\n<h2 style=\"text-align: center;\"><strong>\" <\/strong><em data-start=\"329\" data-end=\"399\">Recarga r\u00e1pida en cualquier situaci\u00f3n <\/em><strong>\"<\/strong><\/h2>\n<p data-start=\"401\" data-end=\"702\">Dise\u00f1ado espec\u00edficamente para la plataforma Scar H, el cargador es totalmente compatible con las variantes SCAR H, incluida la SCAR H PR, utilizada por los francotiradores del ej\u00e9rcito franc\u00e9s.<br \/>\nLa superficie de entrada y el \u00e1ngulo del magwell se han dise\u00f1ado para :<br \/>\n- Optimiza la recarga del arma en posici\u00f3n prona, donde el \u00e1ngulo de inserci\u00f3n puede llegar a ser cr\u00edtico,<br \/>\n- Optimiza la recarga de armas en posici\u00f3n de pie, donde la velocidad con la que vuelves al orden de batalla puede marcar la diferencia,<br \/>\n- Proporcionando a los tiradores una ventaja crucial sobre sus objetivos, garantizando tranquilidad y eficacia sobre el terreno.<\/p>\n<p data-start=\"401\" data-end=\"702\">Gracias a su arquitectura dise\u00f1ada para cargadores FN HERSTAL SCAR H de 7,62 mm, este almac\u00e9n garantiza una inserci\u00f3n suave e inmediata, incluso en las condiciones m\u00e1s exigentes.<\/p>\n<h2 style=\"text-align: center;\" data-start=\"880\" data-end=\"931\"><strong data-start=\"883\" data-end=\"931\">\u00bfPor qu\u00e9 utilizar el magwell SCAR H?<\/strong><\/h2>\n<h3 data-start=\"933\" data-end=\"980\">\ud83d\udd39 <strong data-start=\"940\" data-end=\"978\">Recarga muy r\u00e1pida<\/strong><\/h3>\n<p data-start=\"981\" data-end=\"1229\">Con una superficie de entrada de m\u00e1s de 90 grados y un \u00e1ngulo de inserci\u00f3n m\u00e1s amplio, el magwell gu\u00eda de forma natural al cargador dentro del pozo, reduciendo el tiempo de recarga.<\/p>\n<h3 data-start=\"1231\" data-end=\"1270\">\ud83d\udd39 <strong data-start=\"1238\" data-end=\"1268\">Ahorro de tiempo operativo<\/strong><\/h3>\n<p data-start=\"1271\" data-end=\"1440\">Una recarga r\u00e1pida significa un r\u00e1pido retorno al orden de batalla: una necesidad para un arma dise\u00f1ada tanto para el tiro de precisi\u00f3n como para el combate cuerpo a cuerpo.<\/p>\n<h3 data-start=\"1442\" data-end=\"1476\">\ud83d\udd39 <strong data-start=\"1449\" data-end=\"1474\">Compatibilidad ampliada<\/strong><\/h3>\n<p data-start=\"1477\" data-end=\"1606\">SCAR H, SCAR H PR, SCAR H TPR, MK17, SCAR 17S y SCAR 20S, este cargador se adaptar\u00e1 de forma natural a su rifle de precisi\u00f3n.<\/p>\n<h3 data-start=\"1608\" data-end=\"1640\">\ud83d\udd39 <strong data-start=\"1615\" data-end=\"1638\">M\u00e1xima discreci\u00f3n<\/strong><\/h3>\n<p data-start=\"1641\" data-end=\"1829\">Fabricado con un material oscuro que absorbe los rayos infrarrojos (IR), es discreto y ligero (26 g), por lo que resulta ideal para operaciones nocturnas y en entornos en los que es necesario ocultar su firma infrarroja.<\/p>\n<h3 style=\"text-align: center;\" data-start=\"1836\" data-end=\"1882\"><strong data-start=\"1839\" data-end=\"1882\">Fabricado para durar, dise\u00f1ado para el campo<\/strong><\/h3>\n<h3 data-start=\"1884\" data-end=\"1929\">\ud83d\udd39 <strong data-start=\"1891\" data-end=\"1927\">Instalaci\u00f3n r\u00e1pida y segura<\/strong><\/h3>\n<p data-start=\"1930\" data-end=\"2049\">Montaje fiable gracias a dos tornillos (suministrados), que garantizan un ajuste perfecto sin riesgo de perturbar el eje del cargador.<\/p>\n<h3 data-start=\"2051\" data-end=\"2082\">\ud83d\udd39 <strong data-start=\"2058\" data-end=\"2080\">Robustez estudiada<\/strong><\/h3>\n<p data-start=\"2083\" data-end=\"2140\">Fabricado en Francia con nailon reforzado con fibra de carbono, resiste :<br \/>\n- a impactos violentos y repetidos,<br \/>\n- temperaturas extremas de -40\u00b0C a +160\u00b0C,<br \/>\n- a los disolventes y a los rayos UV.<\/p>\n<p data-start=\"2249\" data-end=\"2361\">Perfecto para una gran variedad de entornos operativos.<\/p>\n<h3 data-start=\"2363\" data-end=\"2400\">\ud83d\udd39 <strong data-start=\"2370\" data-end=\"2398\">Ergon\u00f3mico y ambidiestro<\/strong><\/h3>\n<p data-start=\"2401\" data-end=\"2566\">Perfil compacto, peso controlado y facilidad de uso para tiradores diestros y zurdos. Ideal tanto para tiradores apoyados como para tiradores de contacto directo.<\/p>\n<hr data-start=\"2568\" data-end=\"2571\" \/>\n<h3 data-start=\"2363\" data-end=\"2400\">\ud83d\udd39 <strong data-start=\"2370\" data-end=\"2398\">Personalizable<\/strong><\/h3>\n<p data-start=\"2610\" data-end=\"2728\">El almac\u00e9n del SCAR H se puede pintar para que coincida con el camuflaje de las armas y el operador.<\/p>\n<hr data-start=\"2819\" data-end=\"2822\" \/>\n<h2 style=\"text-align: center;\" data-start=\"2824\" data-end=\"2871\"><strong data-start=\"2827\" data-end=\"2871\">Probado y aprobado por profesionales<\/strong><\/h2>\n<p data-start=\"2873\" data-end=\"3117\">Dise\u00f1ado y probado con militares en activo, tiradores de precisi\u00f3n y francotiradores, utilizando la plataforma SCAR.<br \/>\nForma parte de la gama Ragwinn Solutions, dise\u00f1ada para responder a las exigencias del \u00e1mbito operativo moderno.<\/p>\n<hr data-start=\"3119\" data-end=\"3122\" \/>\n<h2 style=\"text-align: center;\" data-start=\"3124\" data-end=\"3158\"><strong data-start=\"3127\" data-end=\"3158\">Especificaciones t\u00e9cnicas<\/strong><\/h2>\n<ul data-start=\"3160\" data-end=\"3343\">\n<li data-start=\"3160\" data-end=\"3182\">\n<p data-start=\"3162\" data-end=\"3182\"><strong data-start=\"3162\" data-end=\"3173\">Peso :<\/strong> 49 g<\/p>\n<\/li>\n<li data-start=\"3183\" data-end=\"3228\">\n<p data-start=\"3185\" data-end=\"3228\"><strong data-start=\"3185\" data-end=\"3211\">Resistencia t\u00e9rmica :<\/strong> -40\u00b0C a +160\u00b0C<\/p>\n<\/li>\n<li data-start=\"3229\" data-end=\"3291\">\n<p data-start=\"3231\" data-end=\"3291\"><strong data-start=\"3231\" data-end=\"3289\">Resistencia a los disolventes y a la radiaci\u00f3n UV e IR<\/strong><\/p>\n<\/li>\n<li data-start=\"3292\" data-end=\"3343\">\n<p data-start=\"3294\" data-end=\"3343\"><strong data-start=\"3294\" data-end=\"3308\">Material :<\/strong> Pol\u00edmero reforzado con fibra de carbono<\/p>\n<\/li>\n<\/ul>\n<p style=\"text-align: center;\"><strong data-start=\"3350\" data-end=\"3461\">Marque la diferencia, optimice su SCAR: pida ahora su magwell SCAR H PR.<\/strong><\/p>\n<p data-start=\"3463\" data-end=\"3492\">Tambi\u00e9n disponible:<\/p>\n<ul data-start=\"3493\" data-end=\"3567\">\n<li data-start=\"3493\" data-end=\"3521\"><a href=\"https:\/\/ragwinn.com\/es\/producto\/magwell-hk416-f-mr223-f-accesorio\/\" target=\"_blank\" rel=\"noopener\">Magwell HK 416 F<\/a><\/li>\n<li data-start=\"3493\" data-end=\"3521\"><a href=\"https:\/\/: https:\/\/ragwinn.com\/produit\/magwell-hk417\" target=\"_blank\" rel=\"noopener\">Magwell HK 417<\/a><\/li>\n<li data-start=\"3493\" data-end=\"3521\"><a href=\"https:\/\/ragwinn.com\/es\/producto\/magwellar15\/\" target=\"_blank\" rel=\"noopener\">Magwell AR15<\/a><\/li>\n<\/ul>\n<p>M\u00e1s informaci\u00f3n sobre magwells <a href=\"https:\/\/crealib3d.com\/quest-ce-quun-magwell-et-pourquoi-en-utiliser\" target=\"_blank\" rel=\"noopener\">aqu\u00ed<\/a> (en franc\u00e9s) y <a href=\"https:\/\/www.anrkydexholsters.com\/what-is-a-magwell-why-do-they-matter\/\" target=\"_blank\" rel=\"noopener\">aqu\u00ed<\/a> (en ingl\u00e9s).<\/p>","protected":false},"excerpt":{"rendered":"<p>Magwell SCAR H: optimice sus recargas con asistencia o contacto.<br \/>\nCompatible con todas las variantes de SCAR H, incluida la SCAR H PR.<br \/>\nR\u00e1pido, robusto, discreto: dise\u00f1ado para el campo.<\/p>","protected":false},"featured_media":4246,"comment_status":"open","ping_status":"closed","template":"","meta":{"ocean_post_layout":"","ocean_both_sidebars_style":"","ocean_both_sidebars_content_width":0,"ocean_both_sidebars_sidebars_width":0,"ocean_sidebar":"0","ocean_second_sidebar":"0","ocean_disable_margins":"enable","ocean_add_body_class":"","ocean_shortcode_before_top_bar":"","ocean_shortcode_after_top_bar":"","ocean_shortcode_before_header":"","ocean_shortcode_after_header":"","ocean_has_shortcode":"","ocean_shortcode_after_title":"","ocean_shortcode_before_footer_widgets":"","ocean_shortcode_after_footer_widgets":"","ocean_shortcode_before_footer_bottom":"","ocean_shortcode_after_footer_bottom":"","ocean_display_top_bar":"default","ocean_display_header":"default","ocean_header_style":"","ocean_center_header_left_menu":"0","ocean_custom_header_template":"0","ocean_custom_logo":0,"ocean_custom_retina_logo":0,"ocean_custom_logo_max_width":0,"ocean_custom_logo_tablet_max_width":0,"ocean_custom_logo_mobile_max_width":0,"ocean_custom_logo_max_height":0,"ocean_custom_logo_tablet_max_height":0,"ocean_custom_logo_mobile_max_height":0,"ocean_header_custom_menu":"0","ocean_menu_typo_font_family":"0","ocean_menu_typo_font_subset":"","ocean_menu_typo_font_size":0,"ocean_menu_typo_font_size_tablet":0,"ocean_menu_typo_font_size_mobile":0,"ocean_menu_typo_font_size_unit":"px","ocean_menu_typo_font_weight":"","ocean_menu_typo_font_weight_tablet":"","ocean_menu_typo_font_weight_mobile":"","ocean_menu_typo_transform":"","ocean_menu_typo_transform_tablet":"","ocean_menu_typo_transform_mobile":"","ocean_menu_typo_line_height":0,"ocean_menu_typo_line_height_tablet":0,"ocean_menu_typo_line_height_mobile":0,"ocean_menu_typo_line_height_unit":"","ocean_menu_typo_spacing":0,"ocean_menu_typo_spacing_tablet":0,"ocean_menu_typo_spacing_mobile":0,"ocean_menu_typo_spacing_unit":"","ocean_menu_link_color":"","ocean_menu_link_color_hover":"","ocean_menu_link_color_active":"","ocean_menu_link_background":"","ocean_menu_link_hover_background":"","ocean_menu_link_active_background":"","ocean_menu_social_links_bg":"","ocean_menu_social_hover_links_bg":"","ocean_menu_social_links_color":"","ocean_menu_social_hover_links_color":"","ocean_disable_title":"default","ocean_disable_heading":"default","ocean_post_title":"","ocean_post_subheading":"","ocean_post_title_style":"","ocean_post_title_background_color":"","ocean_post_title_background":0,"ocean_post_title_bg_image_position":"","ocean_post_title_bg_image_attachment":"","ocean_post_title_bg_image_repeat":"","ocean_post_title_bg_image_size":"","ocean_post_title_height":0,"ocean_post_title_bg_overlay":0.5,"ocean_post_title_bg_overlay_color":"","ocean_disable_breadcrumbs":"default","ocean_breadcrumbs_color":"","ocean_breadcrumbs_separator_color":"","ocean_breadcrumbs_links_color":"","ocean_breadcrumbs_links_hover_color":"","ocean_display_footer_widgets":"default","ocean_display_footer_bottom":"default","ocean_custom_footer_template":"0"},"product_brand":[],"product_cat":[16],"product_tag":[],"class_list":{"0":"post-3742","1":"product","2":"type-product","3":"status-publish","4":"has-post-thumbnail","6":"product_cat-non-classe","7":"product_shipping_class-produit-leger-500g","9":"entry","10":"has-media","12":"first","13":"instock","14":"taxable","15":"shipping-taxable","16":"purchasable","17":"product-type-simple","18":"col","19":"span_1_of_4","20":"owp-content-center","21":"item-entry","22":"owp-thumbs-layout-horizontal","23":"owp-btn-big","24":"owp-tabs-layout-horizontal"},"_links":{"self":[{"href":"https:\/\/ragwinn.com\/es\/wp-json\/wp\/v2\/product\/3742","targetHints":{"allow":["GET"]}}],"collection":[{"href":"https:\/\/ragwinn.com\/es\/wp-json\/wp\/v2\/product"}],"about":[{"href":"https:\/\/ragwinn.com\/es\/wp-json\/wp\/v2\/types\/product"}],"replies":[{"embeddable":true,"href":"https:\/\/ragwinn.com\/es\/wp-json\/wp\/v2\/comments?post=3742"}],"version-history":[{"count":9,"href":"https:\/\/ragwinn.com\/es\/wp-json\/wp\/v2\/product\/3742\/revisions"}],"predecessor-version":[{"id":4249,"href":"https:\/\/ragwinn.com\/es\/wp-json\/wp\/v2\/product\/3742\/revisions\/4249"}],"wp:featuredmedia":[{"embeddable":true,"href":"https:\/\/ragwinn.com\/es\/wp-json\/wp\/v2\/media\/4246"}],"wp:attachment":[{"href":"https:\/\/ragwinn.com\/es\/wp-json\/wp\/v2\/media?parent=3742"}],"wp:term":[{"taxonomy":"product_brand","embeddable":true,"href":"https:\/\/ragwinn.com\/es\/wp-json\/wp\/v2\/product_brand?post=3742"},{"taxonomy":"product_cat","embeddable":true,"href":"https:\/\/ragwinn.com\/es\/wp-json\/wp\/v2\/product_cat?post=3742"},{"taxonomy":"product_tag","embeddable":true,"href":"https:\/\/ragwinn.com\/es\/wp-json\/wp\/v2\/product_tag?post=3742"}],"curies":[{"name":"wp","href":"https:\/\/api.w.org\/{rel}","templated":true}]}}