{"id":357,"date":"2024-01-09T15:48:58","date_gmt":"2024-01-09T14:48:58","guid":{"rendered":"https:\/\/ragwinn.com\/?post_type=product&#038;p=357"},"modified":"2025-12-03T15:07:57","modified_gmt":"2025-12-03T14:07:57","slug":"funda-armadaepoing-safe","status":"publish","type":"product","link":"https:\/\/ragwinn.com\/es\/produit\/holster-armedepoing-coffre-fort","title":{"rendered":"Funda magn\u00e9tica para pistola"},"content":{"rendered":"<h2>Una funda magn\u00e9tica para pistolas: un ahorro de espacio en su caja fuerte<\/h2>\n<p>Esta funda para pistola es un accesorio esencial para los tiradores deportivos que quieren mantener su arma segura y aprovechar al m\u00e1ximo el espacio disponible. Dise\u00f1ada para pistolas:<\/p>\n<ul>\n<li>Glock 9\u00d719 doble columna (17, 19, 19X, 45 etc),<\/li>\n<li>FNS-9,<\/li>\n<li>Sig P226,<\/li>\n<li>y otros modelos de pistolas...<\/li>\n<\/ul>\n<p>Puede elegir el modelo que m\u00e1s le convenga entre 3 versiones:<\/p>\n<p>- Lado magn\u00e9tico recto, ideal para la contrapuerta,<\/p>\n<p>- Lado izquierdo imantado para un almacenamiento organizado,<\/p>\n<p>- Parte superior imantada, perfecta para optimizar el espacio del maletero y ofrecer una protecci\u00f3n \u00f3ptima para su arma.<\/p>\n<h2>El accesorio perfecto para organizar tu maletero<\/h2>\n<p>Los imanes de neodimio ofrecen una adherencia perfecta a una superficie met\u00e1lica. El material de alta calidad de la funda segura ha sido dise\u00f1ado para proteger su arma a la vez que la mantiene a salvo de golpes: su arma estar\u00e1 cuidadosamente guardada y protegida.<\/p>\n<p>Este accesorio le ahorrar\u00e1 un espacio considerable en el maletero.<\/p>","protected":false},"excerpt":{"rendered":"<p>Si la disposici\u00f3n de las cajas fuertes no siempre es \u00f3ptima, esta funda para pistola le permitir\u00e1 guardar su arma de forma segura en la caja fuerte.<\/p>\n<p>Disponible en diferentes versiones:<\/p>\n<ul>\n<li>Lado derecho magn\u00e9tico, ideal para guardar la puerta del maletero,<\/li>\n<li>Lado izquierdo imantado para un malet\u00edn bien organizado,<\/li>\n<li>Parte superior magn\u00e9tica, para guardar el arma en alto.<\/li>\n<\/ul>","protected":false},"featured_media":1313,"comment_status":"open","ping_status":"closed","template":"","meta":{"ocean_post_layout":"","ocean_both_sidebars_style":"","ocean_both_sidebars_content_width":0,"ocean_both_sidebars_sidebars_width":0,"ocean_sidebar":"0","ocean_second_sidebar":"0","ocean_disable_margins":"enable","ocean_add_body_class":"","ocean_shortcode_before_top_bar":"","ocean_shortcode_after_top_bar":"","ocean_shortcode_before_header":"","ocean_shortcode_after_header":"","ocean_has_shortcode":"","ocean_shortcode_after_title":"","ocean_shortcode_before_footer_widgets":"","ocean_shortcode_after_footer_widgets":"","ocean_shortcode_before_footer_bottom":"","ocean_shortcode_after_footer_bottom":"","ocean_display_top_bar":"default","ocean_display_header":"default","ocean_header_style":"","ocean_center_header_left_menu":"0","ocean_custom_header_template":"0","ocean_custom_logo":0,"ocean_custom_retina_logo":0,"ocean_custom_logo_max_width":0,"ocean_custom_logo_tablet_max_width":0,"ocean_custom_logo_mobile_max_width":0,"ocean_custom_logo_max_height":0,"ocean_custom_logo_tablet_max_height":0,"ocean_custom_logo_mobile_max_height":0,"ocean_header_custom_menu":"0","ocean_menu_typo_font_family":"0","ocean_menu_typo_font_subset":"","ocean_menu_typo_font_size":0,"ocean_menu_typo_font_size_tablet":0,"ocean_menu_typo_font_size_mobile":0,"ocean_menu_typo_font_size_unit":"px","ocean_menu_typo_font_weight":"","ocean_menu_typo_font_weight_tablet":"","ocean_menu_typo_font_weight_mobile":"","ocean_menu_typo_transform":"","ocean_menu_typo_transform_tablet":"","ocean_menu_typo_transform_mobile":"","ocean_menu_typo_line_height":0,"ocean_menu_typo_line_height_tablet":0,"ocean_menu_typo_line_height_mobile":0,"ocean_menu_typo_line_height_unit":"","ocean_menu_typo_spacing":0,"ocean_menu_typo_spacing_tablet":0,"ocean_menu_typo_spacing_mobile":0,"ocean_menu_typo_spacing_unit":"","ocean_menu_link_color":"","ocean_menu_link_color_hover":"","ocean_menu_link_color_active":"","ocean_menu_link_background":"","ocean_menu_link_hover_background":"","ocean_menu_link_active_background":"","ocean_menu_social_links_bg":"","ocean_menu_social_hover_links_bg":"","ocean_menu_social_links_color":"","ocean_menu_social_hover_links_color":"","ocean_disable_title":"default","ocean_disable_heading":"default","ocean_post_title":"","ocean_post_subheading":"","ocean_post_title_style":"","ocean_post_title_background_color":"","ocean_post_title_background":0,"ocean_post_title_bg_image_position":"","ocean_post_title_bg_image_attachment":"","ocean_post_title_bg_image_repeat":"","ocean_post_title_bg_image_size":"","ocean_post_title_height":0,"ocean_post_title_bg_overlay":0.5,"ocean_post_title_bg_overlay_color":"","ocean_disable_breadcrumbs":"default","ocean_breadcrumbs_color":"","ocean_breadcrumbs_separator_color":"","ocean_breadcrumbs_links_color":"","ocean_breadcrumbs_links_hover_color":"","ocean_display_footer_widgets":"default","ocean_display_footer_bottom":"default","ocean_custom_footer_template":"0"},"product_brand":[],"product_cat":[16,17],"product_tag":[28,22,29,30],"class_list":{"0":"post-357","1":"product","2":"type-product","3":"status-publish","4":"has-post-thumbnail","6":"product_cat-non-classe","7":"product_cat-ragwinn-hobby","8":"product_tag-coffre-fort","9":"product_tag-glock","10":"product_tag-rangement","11":"product_tag-stockage","12":"product_shipping_class-produit-leger-500g","14":"entry","15":"has-media","17":"first","18":"instock","19":"taxable","20":"shipping-taxable","21":"purchasable","22":"product-type-variable","23":"has-rating","24":"col","25":"span_1_of_4","26":"owp-content-center","27":"item-entry","28":"owp-thumbs-layout-horizontal","29":"owp-btn-big","30":"owp-tabs-layout-horizontal"},"_links":{"self":[{"href":"https:\/\/ragwinn.com\/es\/wp-json\/wp\/v2\/product\/357","targetHints":{"allow":["GET"]}}],"collection":[{"href":"https:\/\/ragwinn.com\/es\/wp-json\/wp\/v2\/product"}],"about":[{"href":"https:\/\/ragwinn.com\/es\/wp-json\/wp\/v2\/types\/product"}],"replies":[{"embeddable":true,"href":"https:\/\/ragwinn.com\/es\/wp-json\/wp\/v2\/comments?post=357"}],"version-history":[{"count":1,"href":"https:\/\/ragwinn.com\/es\/wp-json\/wp\/v2\/product\/357\/revisions"}],"predecessor-version":[{"id":3644,"href":"https:\/\/ragwinn.com\/es\/wp-json\/wp\/v2\/product\/357\/revisions\/3644"}],"wp:featuredmedia":[{"embeddable":true,"href":"https:\/\/ragwinn.com\/es\/wp-json\/wp\/v2\/media\/1313"}],"wp:attachment":[{"href":"https:\/\/ragwinn.com\/es\/wp-json\/wp\/v2\/media?parent=357"}],"wp:term":[{"taxonomy":"product_brand","embeddable":true,"href":"https:\/\/ragwinn.com\/es\/wp-json\/wp\/v2\/product_brand?post=357"},{"taxonomy":"product_cat","embeddable":true,"href":"https:\/\/ragwinn.com\/es\/wp-json\/wp\/v2\/product_cat?post=357"},{"taxonomy":"product_tag","embeddable":true,"href":"https:\/\/ragwinn.com\/es\/wp-json\/wp\/v2\/product_tag?post=357"}],"curies":[{"name":"wp","href":"https:\/\/api.w.org\/{rel}","templated":true}]}}