{"id":356,"date":"2024-01-09T15:28:31","date_gmt":"2024-01-09T14:28:31","guid":{"rendered":"https:\/\/ragwinn.com\/?post_type=product&#038;p=356"},"modified":"2026-02-04T21:44:53","modified_gmt":"2026-02-04T20:44:53","slug":"talon-2-glock-17-19-45","status":"publish","type":"product","link":"https:\/\/ragwinn.com\/es\/produit\/talon-2-glock-17-19-45","title":{"rendered":"Tal\u00f3n +2 Glock 17, 19, 45 - gen 4, 5, 6"},"content":{"rendered":"<h1 style=\"text-align: center;\"><strong>Cargador glock Heel +2 17, 19, 26, 45 - Personalizable<\/strong><\/h1>\r\nEste taco le permite a\u00f1adir 2 cartuchos adicionales a su cargador Glock conservando el muelle original.\r\nSu forma est\u00e1 dise\u00f1ada para un agarre c\u00f3modo y ergon\u00f3mico.\r\nLa parte inferior de la extensi\u00f3n le permite numerar sus cargadores para distinguirlos durante las sesiones de tiro.\r\n<h2 style=\"text-align: center;\"><strong>Caracter\u00edsticas principales:<\/strong><\/h2>\r\n<ul>\r\n \t<li><strong>Agarre mejorado<\/strong> La empu\u00f1adura en la parte delantera y los rebajes en los laterales proporcionan un agarre ergon\u00f3mico. Podr\u00e1 recargar su arma r\u00e1pidamente y sin esfuerzo, con o sin guantes,<\/li>\r\n \t<li><strong>Compatibilidad ampliada<\/strong> Compatible con cargadores Glock gen4, gen5 y gen6 modelos 17, 19, 19X, 26, 34, 45 con rec\u00e1mara de 9x19mm. No compatible con cargadores slimline,<\/li>\r\n \t<li><strong>F\u00e1cil de instalar<\/strong> Simplemente retire el taco original, comprima el muelle e instale el nuevo taco. Ahora dispone de un cargador con capacidad para 2 cartuchos adicionales,<\/li>\r\n \t<li><strong>Fabricaci\u00f3n de calidad <\/strong>Dise\u00f1ado y fabricado en Francia a partir de un pol\u00edmero reforzado, su composici\u00f3n lo hace a la vez ligero y resistente.<\/li>\r\n<\/ul>\r\n<h2 style=\"text-align: center;\"><strong>Personalice su tal\u00f3n +2 Glock :<\/strong><\/h2>\r\n<ul>\r\n \t<li><strong>Numerable<\/strong> La extensi\u00f3n +2 le permite numerar sus cargadores. Utiliza un rotulador \"posca\" o un l\u00e1piz graso en los espacios previstos para identificar f\u00e1cilmente cada cargador,<\/li>\r\n \t<li><strong>Pintura personalizada<\/strong> Para personalizar a\u00fan m\u00e1s tu cargador, puedes pintarlo con un pincel o un bote de spray. De ese modo, podr\u00e1s hacer coincidir el tal\u00f3n con el color de tu arma.<\/li>\r\n<\/ul>\r\n&nbsp;\r\n<h3><strong>Tambi\u00e9n disponible:<\/strong><\/h3>\r\n<ul>\r\n \t<li><a href=\"https:\/\/ragwinn.com\/es\/producto\/magwell-glock-17-45-34-gen-5\/\" target=\"_blank\" rel=\"noopener\"><strong>Magwell Glock 17\/45 Gen 5<\/strong><\/a> Descubra nuestro cargador para Glock 17, 34 y 45 (gen5) con un \u00e1ngulo de inserci\u00f3n optimizado para una recarga supersuave.<\/li>\r\n \t<li><a href=\"https:\/\/ragwinn.com\/es\/producto\/magwell-pour-glock-43x\/\" target=\"_blank\" rel=\"noopener\"><strong>Magwell Glock 43X<\/strong><\/a> : Mejore el agarre y la velocidad de recarga de su Glock slimline con nuestro <a href=\"https:\/\/crealib3d.com\/quest-ce-quun-magwell-et-pourquoi-en-utiliser\" target=\"_blank\" rel=\"noopener\">magwell<\/a>.<\/li>\r\n \t<li><a href=\"https:\/\/ragwinn.com\/es\/producto\/talon-2-pmag-magpul-gl9-glock-17-19-19x-26-45\/\" target=\"_blank\" rel=\"noopener\"><strong>Tal\u00f3n +2 Magpul<\/strong><\/a> La extensi\u00f3n de cargador +2 para cargadores Magpul.<\/li>\r\n<\/ul>\r\n&nbsp;\r\n\r\n<em>Nota: S\u00f3lo se suministran el tal\u00f3n cargador y el inserto. El uso del inserto es opcional pero recomendable.<\/em>\r\n\r\n&nbsp;\r\n\r\nAdvertencia:\r\nPor favor, compruebe la normativa vigente en su pa\u00eds\/regi\u00f3n antes de realizar el pedido.\r\nEn Francia, en noviembre de 2024, la capacidad m\u00e1xima de un cargador de pistola clasificado en la categor\u00eda B-1 no puede superar los 20 cartuchos. M\u00e1s all\u00e1, el cargador se reclasifica en la categor\u00eda A1 8, reservada a los tiradores TSV (<a href=\"https:\/\/www.legifrance.gouv.fr\/codes\/article_lc\/LEGIARTI000037144152\" target=\"_blank\" rel=\"noopener\">R312-45-1<\/a>).\r\n\r\n<!-- \/wp:post-content -->","protected":false},"excerpt":{"rendered":"<p>Este tal\u00f3n +2 Glock para el cargador original le permite a\u00f1adir 2 cartuchos adicionales conservando el muelle original.<\/p>\n<p>La empu\u00f1adura est\u00e1 perfectamente dise\u00f1ada para su uso con o sin guantes.<\/p>\n<p>En la parte inferior, los cargadores pueden numerarse con un rotulador Posca o un l\u00e1piz graso*.<\/p>\n<p>Un modelo favorecido por los profesionales.<\/p>","protected":false},"featured_media":4140,"comment_status":"open","ping_status":"closed","template":"","meta":{"ocean_post_layout":"","ocean_both_sidebars_style":"","ocean_both_sidebars_content_width":0,"ocean_both_sidebars_sidebars_width":0,"ocean_sidebar":"0","ocean_second_sidebar":"0","ocean_disable_margins":"enable","ocean_add_body_class":"","ocean_shortcode_before_top_bar":"","ocean_shortcode_after_top_bar":"","ocean_shortcode_before_header":"","ocean_shortcode_after_header":"","ocean_has_shortcode":"","ocean_shortcode_after_title":"","ocean_shortcode_before_footer_widgets":"","ocean_shortcode_after_footer_widgets":"","ocean_shortcode_before_footer_bottom":"","ocean_shortcode_after_footer_bottom":"","ocean_display_top_bar":"default","ocean_display_header":"default","ocean_header_style":"","ocean_center_header_left_menu":"0","ocean_custom_header_template":"0","ocean_custom_logo":0,"ocean_custom_retina_logo":0,"ocean_custom_logo_max_width":0,"ocean_custom_logo_tablet_max_width":0,"ocean_custom_logo_mobile_max_width":0,"ocean_custom_logo_max_height":0,"ocean_custom_logo_tablet_max_height":0,"ocean_custom_logo_mobile_max_height":0,"ocean_header_custom_menu":"0","ocean_menu_typo_font_family":"0","ocean_menu_typo_font_subset":"","ocean_menu_typo_font_size":0,"ocean_menu_typo_font_size_tablet":0,"ocean_menu_typo_font_size_mobile":0,"ocean_menu_typo_font_size_unit":"px","ocean_menu_typo_font_weight":"","ocean_menu_typo_font_weight_tablet":"","ocean_menu_typo_font_weight_mobile":"","ocean_menu_typo_transform":"","ocean_menu_typo_transform_tablet":"","ocean_menu_typo_transform_mobile":"","ocean_menu_typo_line_height":0,"ocean_menu_typo_line_height_tablet":0,"ocean_menu_typo_line_height_mobile":0,"ocean_menu_typo_line_height_unit":"","ocean_menu_typo_spacing":0,"ocean_menu_typo_spacing_tablet":0,"ocean_menu_typo_spacing_mobile":0,"ocean_menu_typo_spacing_unit":"","ocean_menu_link_color":"","ocean_menu_link_color_hover":"","ocean_menu_link_color_active":"","ocean_menu_link_background":"","ocean_menu_link_hover_background":"","ocean_menu_link_active_background":"","ocean_menu_social_links_bg":"","ocean_menu_social_hover_links_bg":"","ocean_menu_social_links_color":"","ocean_menu_social_hover_links_color":"","ocean_disable_title":"default","ocean_disable_heading":"default","ocean_post_title":"","ocean_post_subheading":"","ocean_post_title_style":"","ocean_post_title_background_color":"","ocean_post_title_background":0,"ocean_post_title_bg_image_position":"","ocean_post_title_bg_image_attachment":"","ocean_post_title_bg_image_repeat":"","ocean_post_title_bg_image_size":"","ocean_post_title_height":0,"ocean_post_title_bg_overlay":0.5,"ocean_post_title_bg_overlay_color":"","ocean_disable_breadcrumbs":"default","ocean_breadcrumbs_color":"","ocean_breadcrumbs_separator_color":"","ocean_breadcrumbs_links_color":"","ocean_breadcrumbs_links_hover_color":"","ocean_display_footer_widgets":"default","ocean_display_footer_bottom":"default","ocean_custom_footer_template":"0"},"product_brand":[],"product_cat":[104,16,17,43],"product_tag":[24,25,23,22],"class_list":{"0":"post-356","1":"product","2":"type-product","3":"status-publish","4":"has-post-thumbnail","6":"product_cat-extension-chargeur","7":"product_cat-non-classe","8":"product_cat-ragwinn-hobby","9":"product_cat-ragwinn-tactics","10":"product_tag-chargeur","11":"product_tag-chargeur-2","12":"product_tag-extension","13":"product_tag-glock","14":"product_shipping_class-produit-leger-500g","16":"entry","17":"has-media","19":"first","20":"instock","21":"sale","22":"taxable","23":"shipping-taxable","24":"purchasable","25":"product-type-simple","26":"has-rating","27":"col","28":"span_1_of_4","29":"owp-content-center","30":"item-entry","31":"owp-thumbs-layout-horizontal","32":"owp-btn-big","33":"owp-tabs-layout-horizontal"},"_links":{"self":[{"href":"https:\/\/ragwinn.com\/es\/wp-json\/wp\/v2\/product\/356","targetHints":{"allow":["GET"]}}],"collection":[{"href":"https:\/\/ragwinn.com\/es\/wp-json\/wp\/v2\/product"}],"about":[{"href":"https:\/\/ragwinn.com\/es\/wp-json\/wp\/v2\/types\/product"}],"replies":[{"embeddable":true,"href":"https:\/\/ragwinn.com\/es\/wp-json\/wp\/v2\/comments?post=356"}],"version-history":[{"count":8,"href":"https:\/\/ragwinn.com\/es\/wp-json\/wp\/v2\/product\/356\/revisions"}],"predecessor-version":[{"id":4077,"href":"https:\/\/ragwinn.com\/es\/wp-json\/wp\/v2\/product\/356\/revisions\/4077"}],"wp:featuredmedia":[{"embeddable":true,"href":"https:\/\/ragwinn.com\/es\/wp-json\/wp\/v2\/media\/4140"}],"wp:attachment":[{"href":"https:\/\/ragwinn.com\/es\/wp-json\/wp\/v2\/media?parent=356"}],"wp:term":[{"taxonomy":"product_brand","embeddable":true,"href":"https:\/\/ragwinn.com\/es\/wp-json\/wp\/v2\/product_brand?post=356"},{"taxonomy":"product_cat","embeddable":true,"href":"https:\/\/ragwinn.com\/es\/wp-json\/wp\/v2\/product_cat?post=356"},{"taxonomy":"product_tag","embeddable":true,"href":"https:\/\/ragwinn.com\/es\/wp-json\/wp\/v2\/product_tag?post=356"}],"curies":[{"name":"wp","href":"https:\/\/api.w.org\/{rel}","templated":true}]}}