{"id":3147,"date":"2025-08-26T20:03:13","date_gmt":"2025-08-26T18:03:13","guid":{"rendered":"https:\/\/ragwinn.com\/?post_type=product&#038;p=3147"},"modified":"2026-03-30T16:29:47","modified_gmt":"2026-03-30T14:29:47","slug":"cartuchera-lbd-40-bt-gl06-porta-municiones","status":"publish","type":"product","link":"https:\/\/ragwinn.com\/es\/produit\/cartouchiere-lbd-40-bt-gl06-porte-munitions","title":{"rendered":"Portacargador LBD 40 \u2013 B&amp;T GL06 \u2013 portamuniciones"},"content":{"rendered":"<h1 style=\"text-align: center;\" data-start=\"287\" data-end=\"351\">Cintur\u00f3n de cartuchos LBD 40 mm para lanzador B&amp;T GL06<\/h1>\n<p data-start=\"353\" data-end=\"689\">Este cintur\u00f3n de cartuchos de 40 mm ha sido dise\u00f1ado para ahorrar tiempo a los agentes del orden y mejorar su eficacia sobre el terreno.<br data-start=\"517\" data-end=\"520\" \/>Tanto si eres polic\u00eda, gendarme o guardia de seguridad privada, este accesorio te permite llevar<strong data-start=\"547\" data-end=\"576\"> 3 cartuchos de munici\u00f3n de 40 mm<\/strong> en la empu\u00f1adura del arma, garantizando al mismo tiempo un acceso r\u00e1pido durante las operaciones.<\/p>\n<p data-start=\"691\" data-end=\"949\">La versi\u00f3n \"izquierda\" de la cartuchera permite abatir la culata del LBD sin desmontarla, adapt\u00e1ndose a su configuraci\u00f3n operativa.<br data-start=\"789\" data-end=\"792\" \/>Fabricado en <strong data-start=\"805\" data-end=\"830\">nylon ultrarresistente<\/strong>este cintur\u00f3n de cartuchos es <strong data-start=\"855\" data-end=\"899\">dise\u00f1ado y fabricado \u00edntegramente en Francia<\/strong>garantizando calidad, durabilidad y trazabilidad.<\/p>\n<hr data-start=\"951\" data-end=\"954\" \/>\n<h2 style=\"text-align: center;\" data-start=\"956\" data-end=\"1017\">Caracter\u00edsticas t\u00e9cnicas de la cinta de cartuchos LBD 40 mm<\/h2>\n<ul data-start=\"1018\" data-end=\"1524\">\n<li data-start=\"1018\" data-end=\"1107\">\n<p data-start=\"1020\" data-end=\"1107\"><strong data-start=\"1020\" data-end=\"1034\">Capacidad :<\/strong> 3 cartuchos de munici\u00f3n de calibre 40 mm para el lanzador <a href=\"https:\/\/bt-ag.ch\/en\/produkt\/bt-launcher-gl06-black-cal-40-mm\/\" target=\"_blank\" rel=\"noopener\">GL06<\/a><\/p>\n<\/li>\n<li data-start=\"1108\" data-end=\"1155\">\n<p data-start=\"1110\" data-end=\"1155\"><strong data-start=\"1110\" data-end=\"1136\">Versatilidad :<\/strong> Permite plegar la culata LBD sin herramientas<\/p>\n<\/li>\n<li data-start=\"1156\" data-end=\"1219\">\n<p data-start=\"1158\" data-end=\"1219\"><strong data-start=\"1158\" data-end=\"1172\">Montaje :<\/strong> 3 tornillos suministrados<\/p>\n<\/li>\n<li data-start=\"1220\" data-end=\"1280\">\n<p data-start=\"1222\" data-end=\"1280\"><strong data-start=\"1222\" data-end=\"1237\">Retenci\u00f3n :<\/strong> Pasivo<\/p>\n<\/li>\n<li data-start=\"1281\" data-end=\"1364\">\n<p data-start=\"1283\" data-end=\"1364\"><strong data-start=\"1283\" data-end=\"1297\">Material :<\/strong> Nylon reforzado con fibra de carbono, resistente a impactos, disolventes y temperaturas extremas (-40\u00b0 \/ 160\u00b0C)<\/p>\n<\/li>\n<li data-start=\"1365\" data-end=\"1410\">\n<p data-start=\"1367\" data-end=\"1410\"><strong data-start=\"1367\" data-end=\"1384\">Fabricaci\u00f3n :<\/strong> 100 % fabricado en Francia<\/p>\n<\/li>\n<li data-start=\"1411\" data-end=\"1449\">\n<p data-start=\"1413\" data-end=\"1449\"><strong data-start=\"1413\" data-end=\"1437\">Peso :<\/strong> <span class=\"NA6bn BxUVEf ILfuVd\" lang=\"en\"><span class=\"hgKElc pOOWX\">\u2264<\/span><\/span> 170 g<\/p>\n<\/li>\n<li data-start=\"1450\" data-end=\"1524\">\n<p data-start=\"1452\" data-end=\"1524\"><strong data-start=\"1452\" data-end=\"1465\">Colores :<\/strong> Negro<\/p>\n<\/li>\n<\/ul>\n<hr data-start=\"1526\" data-end=\"1529\" \/>\n<h3 style=\"text-align: center;\" data-start=\"1531\" data-end=\"1554\">Principales ventajas :<\/h3>\n<ul data-start=\"1555\" data-end=\"1953\">\n<li data-start=\"1555\" data-end=\"1622\">\n<p data-start=\"1557\" data-end=\"1622\">\u2705 Transporte seguro de su <strong data-start=\"1585\" data-end=\"1604\">Munici\u00f3n de 40 mm<\/strong> de viaje<\/p>\n<\/li>\n<li data-start=\"1623\" data-end=\"1681\">\n<p data-start=\"1625\" data-end=\"1681\">\u2705 Acceso r\u00e1pido para una recarga eficaz en condiciones de estr\u00e9s.<\/p>\n<\/li>\n<li data-start=\"1682\" data-end=\"1799\">\n<p data-start=\"1684\" data-end=\"1799\">Producto <strong data-start=\"1694\" data-end=\"1715\">robusto y fiable<\/strong>adaptados a entornos exigentes (urbanos, policiales, zonas sensibles)<\/p>\n<\/li>\n<li data-start=\"1800\" data-end=\"1873\">\n<p data-start=\"1802\" data-end=\"1873\">\u2705 Versi\u00f3n <strong data-start=\"1812\" data-end=\"1835\">zurdo o diestro<\/strong> ergonom\u00eda perfecta para los tiradores<\/p>\n<\/li>\n<li data-start=\"1874\" data-end=\"1953\">\n<p data-start=\"1876\" data-end=\"1953\">\u2705 Dise\u00f1o 100 % Franc\u00e9s: apoyo a la innovaci\u00f3n en Francia y a la calidad<\/p>\n<\/li>\n<\/ul>\n<hr data-start=\"1955\" data-end=\"1958\" \/>\n<h3 style=\"text-align: center;\" data-start=\"1960\" data-end=\"1991\">Usuarios afectados:<\/h3>\n<ul data-start=\"1992\" data-end=\"2171\">\n<li data-start=\"1992\" data-end=\"2036\">\n<p data-start=\"1994\" data-end=\"2036\">Fuerzas y cuerpos de seguridad - Polic\u00eda Nacional (BAC, CRS, etc.) y Polic\u00eda Municipal, Gendarmer\u00eda Nacional (PSIG, PI2G, GM, etc.).<\/p>\n<\/li>\n<li data-start=\"2076\" data-end=\"2119\">\n<p data-start=\"2078\" data-end=\"2119\">Unidades de intervenci\u00f3n especializadas (BRI, GIGN, RAID, etc.).<\/p>\n<\/li>\n<\/ul>\n<hr \/>\n<p>Descubra tambi\u00e9n nuestro <a href=\"https:\/\/ragwinn.com\/es\/producto\/talon-3-sig-sauer-sp2022\/\" target=\"_blank\" rel=\"noopener\">tal\u00f3n +3 para Sig Pro 2022<\/a> para a\u00f1adir 3 cartuchos extra a su cargador manteniendo el muelle original.<\/p>","protected":false},"excerpt":{"rendered":"<p>Portacartucho de 40 mm para LBD GL06.<br \/>\nDisponible en 3 versiones:<br \/>\n- A la izquierda de la culata (3 vueltas + culata plegable).<br \/>\n- A la derecha de la culata (3 cartuchos f\u00e1cilmente accesibles).<br \/>\n- Ambos lados de la culata (6 cartuchos al alcance de la mano para una mayor eficacia operativa).<\/p>","protected":false},"featured_media":3208,"comment_status":"open","ping_status":"closed","template":"","meta":{"ocean_post_layout":"","ocean_both_sidebars_style":"","ocean_both_sidebars_content_width":0,"ocean_both_sidebars_sidebars_width":0,"ocean_sidebar":"0","ocean_second_sidebar":"0","ocean_disable_margins":"enable","ocean_add_body_class":"","ocean_shortcode_before_top_bar":"","ocean_shortcode_after_top_bar":"","ocean_shortcode_before_header":"","ocean_shortcode_after_header":"","ocean_has_shortcode":"","ocean_shortcode_after_title":"","ocean_shortcode_before_footer_widgets":"","ocean_shortcode_after_footer_widgets":"","ocean_shortcode_before_footer_bottom":"","ocean_shortcode_after_footer_bottom":"","ocean_display_top_bar":"default","ocean_display_header":"default","ocean_header_style":"","ocean_center_header_left_menu":"0","ocean_custom_header_template":"0","ocean_custom_logo":0,"ocean_custom_retina_logo":0,"ocean_custom_logo_max_width":0,"ocean_custom_logo_tablet_max_width":0,"ocean_custom_logo_mobile_max_width":0,"ocean_custom_logo_max_height":0,"ocean_custom_logo_tablet_max_height":0,"ocean_custom_logo_mobile_max_height":0,"ocean_header_custom_menu":"0","ocean_menu_typo_font_family":"0","ocean_menu_typo_font_subset":"","ocean_menu_typo_font_size":0,"ocean_menu_typo_font_size_tablet":0,"ocean_menu_typo_font_size_mobile":0,"ocean_menu_typo_font_size_unit":"px","ocean_menu_typo_font_weight":"","ocean_menu_typo_font_weight_tablet":"","ocean_menu_typo_font_weight_mobile":"","ocean_menu_typo_transform":"","ocean_menu_typo_transform_tablet":"","ocean_menu_typo_transform_mobile":"","ocean_menu_typo_line_height":0,"ocean_menu_typo_line_height_tablet":0,"ocean_menu_typo_line_height_mobile":0,"ocean_menu_typo_line_height_unit":"","ocean_menu_typo_spacing":0,"ocean_menu_typo_spacing_tablet":0,"ocean_menu_typo_spacing_mobile":0,"ocean_menu_typo_spacing_unit":"","ocean_menu_link_color":"","ocean_menu_link_color_hover":"","ocean_menu_link_color_active":"","ocean_menu_link_background":"","ocean_menu_link_hover_background":"","ocean_menu_link_active_background":"","ocean_menu_social_links_bg":"","ocean_menu_social_hover_links_bg":"","ocean_menu_social_links_color":"","ocean_menu_social_hover_links_color":"","ocean_disable_title":"default","ocean_disable_heading":"default","ocean_post_title":"","ocean_post_subheading":"","ocean_post_title_style":"","ocean_post_title_background_color":"","ocean_post_title_background":0,"ocean_post_title_bg_image_position":"","ocean_post_title_bg_image_attachment":"","ocean_post_title_bg_image_repeat":"","ocean_post_title_bg_image_size":"","ocean_post_title_height":0,"ocean_post_title_bg_overlay":0.5,"ocean_post_title_bg_overlay_color":"","ocean_disable_breadcrumbs":"default","ocean_breadcrumbs_color":"","ocean_breadcrumbs_separator_color":"","ocean_breadcrumbs_links_color":"","ocean_breadcrumbs_links_hover_color":"","ocean_display_footer_widgets":"default","ocean_display_footer_bottom":"default","ocean_custom_footer_template":"0"},"product_brand":[],"product_cat":[104,16,43],"product_tag":[95,125,123,86,124],"class_list":{"0":"post-3147","1":"product","2":"type-product","3":"status-publish","4":"has-post-thumbnail","6":"product_cat-extension-chargeur","7":"product_cat-non-classe","8":"product_cat-ragwinn-tactics","9":"product_tag-gendarmerie","10":"product_tag-maintien-de-lordre","11":"product_tag-munitions","12":"product_tag-police","13":"product_tag-rechargement","14":"product_shipping_class-produit-leger-500g","16":"entry","17":"has-media","19":"first","20":"instock","21":"taxable","22":"shipping-taxable","23":"purchasable","24":"product-type-variable","25":"has-default-attributes","26":"col","27":"span_1_of_4","28":"owp-content-center","29":"item-entry","30":"owp-thumbs-layout-horizontal","31":"owp-btn-big","32":"owp-tabs-layout-horizontal"},"_links":{"self":[{"href":"https:\/\/ragwinn.com\/es\/wp-json\/wp\/v2\/product\/3147","targetHints":{"allow":["GET"]}}],"collection":[{"href":"https:\/\/ragwinn.com\/es\/wp-json\/wp\/v2\/product"}],"about":[{"href":"https:\/\/ragwinn.com\/es\/wp-json\/wp\/v2\/types\/product"}],"replies":[{"embeddable":true,"href":"https:\/\/ragwinn.com\/es\/wp-json\/wp\/v2\/comments?post=3147"}],"version-history":[{"count":4,"href":"https:\/\/ragwinn.com\/es\/wp-json\/wp\/v2\/product\/3147\/revisions"}],"predecessor-version":[{"id":4262,"href":"https:\/\/ragwinn.com\/es\/wp-json\/wp\/v2\/product\/3147\/revisions\/4262"}],"wp:featuredmedia":[{"embeddable":true,"href":"https:\/\/ragwinn.com\/es\/wp-json\/wp\/v2\/media\/3208"}],"wp:attachment":[{"href":"https:\/\/ragwinn.com\/es\/wp-json\/wp\/v2\/media?parent=3147"}],"wp:term":[{"taxonomy":"product_brand","embeddable":true,"href":"https:\/\/ragwinn.com\/es\/wp-json\/wp\/v2\/product_brand?post=3147"},{"taxonomy":"product_cat","embeddable":true,"href":"https:\/\/ragwinn.com\/es\/wp-json\/wp\/v2\/product_cat?post=3147"},{"taxonomy":"product_tag","embeddable":true,"href":"https:\/\/ragwinn.com\/es\/wp-json\/wp\/v2\/product_tag?post=3147"}],"curies":[{"name":"wp","href":"https:\/\/api.w.org\/{rel}","templated":true}]}}