{"id":2657,"date":"2025-03-12T11:33:33","date_gmt":"2025-03-12T10:33:33","guid":{"rendered":"https:\/\/ragwinn.com\/?post_type=product&#038;p=2657"},"modified":"2026-02-08T18:54:30","modified_gmt":"2026-02-08T17:54:30","slug":"magwell-glock-19-gen-5","status":"publish","type":"product","link":"https:\/\/ragwinn.com\/es\/produit\/magwell-glock-19-gen-5","title":{"rendered":"Magwell Glock 19"},"content":{"rendered":"<h1 style=\"text-align: center\" data-pm-slice=\"1 1 []\"><strong>Magwell Glock 19<\/strong><\/h1>\n<h3 style=\"text-align: center\"><strong>\" <\/strong><strong>Optimiza tus recargas y tu agarre <\/strong><strong>\"<\/strong><\/h3>\n<p>Mejore la velocidad y fluidez de sus recargas con este magwell para Glock 19 Gen 5.<br \/>\nGracias a su superficie de entrada generosamente acampanada, este alojamiento del cargador optimiza la inserci\u00f3n del cargador en el pozo del arma, ofreciendo una recarga r\u00e1pida, fluida e instintiva.<br \/>\nDise\u00f1ado tanto para uso operativo como deportivo, mejora el agarre y ayuda a bajar el eje del ca\u00f1\u00f3n, optimizando el control del retroceso y la precisi\u00f3n de tiro.<\/p>\n<h2 style=\"text-align: center\"><strong>\u00bfPor qu\u00e9 elegir nuestro soporte de cargador para Glock 19 Gen 5?<\/strong><\/h2>\n<ul>\n<li><strong>Recarga acelerada<\/strong> Su dise\u00f1o en forma de embudo (hasta un \u00e1ngulo de 95\u00b0) gu\u00eda el cargador de forma natural para una inserci\u00f3n r\u00e1pida.<\/li>\n<li><strong>Dise\u00f1ado para el tirador:<\/strong> Compatible con correa dorsal y de mano, gracias al espacio previsto.<\/li>\n<li><strong>Compatibilidad ampliada<\/strong> Funciona con Glock, Magpul GL9 PMAG (<a href=\"https:\/\/ragwinn.com\/es\/producto\/talon-2-pmag-magpul-gl9-glock-17-19-19x-26-45\/\" target=\"_blank\" rel=\"noopener\">+2 tacones disponibles aqu\u00ed<\/a>), Fab Defense y Sgm Tactical.<\/li>\n<li><strong>Instalaci\u00f3n r\u00e1pida y segura<\/strong> Se monta atornill\u00e1ndolo, sin modificar el arma.<\/li>\n<li><strong>Robustez y ligereza<\/strong> Fabricado en Francia a partir de un pol\u00edmero reforzado, resiste los golpes, las temperaturas extremas (de -40\u00b0C a +160\u00b0C), los disolventes y los rayos UV, y pesa menos de 9 g.<\/li>\n<li><strong>Dise\u00f1ado para uso operativo<\/strong> Probado y aprobado por varias unidades de tiro e instructores, y apreciado por algunos profesionales por su aspecto discreto.<\/li>\n<\/ul>\n<h2 style=\"text-align: center\"><strong>Instalaci\u00f3n r\u00e1pida en 4 pasos :<\/strong><\/h2>\n<ol start=\"1\" data-spread=\"false\">\n<li>Inserte el inserto en la culata de la Glock 19 Gen 5.<\/li>\n<li>Coloque el alojamiento del cargador de la Glock 19 alrededor de la cavidad del cargador.<\/li>\n<li>Emp\u00fajelo hacia atr\u00e1s hasta que encaje en el inserto.<\/li>\n<li>Apriete la zona trasera y el tornillo hasta alcanzar la resistencia mec\u00e1nica.<\/li>\n<\/ol>\n<p>El almac\u00e9n est\u00e1 listo para su uso.<\/p>\n<h2 style=\"text-align: center\"><strong>Compatibilidad con Magwell :<\/strong><\/h2>\n<p>Compatible con los modelos Glock 19 y 23 Gen 5.<strong><br \/>\n<\/strong>Versi\u00f3n Magwell <a href=\"https:\/\/ragwinn.com\/es\/producto\/magwell-glock-17-45-34-gen-5\/\" target=\"_blank\" rel=\"noopener\">Glock 17, 45 y 34 Gen5 disponibles aqu\u00ed<\/a>.<br \/>\nVersi\u00f3n Magwell <a href=\"https:\/\/ragwinn.com\/es\/producto\/magwell-glock-43x\/\" target=\"_blank\" rel=\"noopener\">Glock 43X disponible aqu\u00ed<\/a>.<br \/>\nNo compatible con Glock 17\/19X\/34\/45 Gen 5, Glock calibre .45 y generaciones 1 a 4.<\/p>\n<h3 style=\"text-align: center\"><strong>Un accesorio esencial para los propietarios de una Glock 19<\/strong><\/h3>\n<p>Tanto si es usted un profesional como un tirador \u00e1vido, este soporte de cargador para Glock 19 Gen5 es un aliado a tener en cuenta. Su ergonom\u00eda optimizada mejora el agarre y el control del arma, mientras que sus dimensiones de perfil bajo y el material que absorbe los rayos infrarrojos (IR) ser\u00e1n una ventaja para las misiones discretas.<\/p>\n<p>M\u00e1s informaci\u00f3n <a href=\"https:\/\/ragwinn.com\/es\/producto\/talon-2-cargador-glock-9x19\/\" target=\"_blank\" rel=\"noopener\">cargador para Glock<\/a> y <a href=\"https:\/\/ragwinn.com\/es\/producto\/talon-2-pmag-magpul-gl9-glock-17-19-19x-26-45\/\" target=\"_blank\" rel=\"noopener\">Magpul PMAG 17 GL9<\/a> para aumentar su capacidad.<\/p>\n<p>M\u00e1s informaci\u00f3n sobre c\u00f3mo elegir el alojamiento del cargador <a href=\"https:\/\/crealib3d.com\/quest-ce-quun-magwell-et-pourquoi-en-utiliser\" target=\"_blank\" rel=\"noreferrer noopener\">aqu\u00ed<\/a>\u00a0(en franc\u00e9s) y\u00a0<a href=\"https:\/\/www.anrkydexholsters.com\/what-is-a-magwell-why-do-they-matter\/\" target=\"_blank\" rel=\"noreferrer noopener\">aqu\u00ed<\/a>\u00a0(en ingl\u00e9s).<\/p>\n<p style=\"text-align: center\"><strong>Equipe su Glock 19 Gen 5 con el magwell Ragwinn y sea m\u00e1s eficiente cada vez que recarga.<\/strong><\/p>","protected":false},"excerpt":{"rendered":"<p>El alojamiento del cargador para Glock 19 Gen 5 optimiza sus recargas ofreciendo un \u00e1ngulo de inserci\u00f3n del cargador mejorado.<br \/>\nCompatible con Glock 19 y 23 Gen5, permite el uso de backstrap y correa de mano.<br \/>\nEl dise\u00f1o del dep\u00f3sito de munici\u00f3n est\u00e1 optimizado para su uso operativo.<\/p>","protected":false},"featured_media":2659,"comment_status":"open","ping_status":"closed","template":"","meta":{"ocean_post_layout":"","ocean_both_sidebars_style":"","ocean_both_sidebars_content_width":0,"ocean_both_sidebars_sidebars_width":0,"ocean_sidebar":"0","ocean_second_sidebar":"0","ocean_disable_margins":"enable","ocean_add_body_class":"","ocean_shortcode_before_top_bar":"","ocean_shortcode_after_top_bar":"","ocean_shortcode_before_header":"","ocean_shortcode_after_header":"","ocean_has_shortcode":"","ocean_shortcode_after_title":"","ocean_shortcode_before_footer_widgets":"","ocean_shortcode_after_footer_widgets":"","ocean_shortcode_before_footer_bottom":"","ocean_shortcode_after_footer_bottom":"","ocean_display_top_bar":"default","ocean_display_header":"default","ocean_header_style":"","ocean_center_header_left_menu":"0","ocean_custom_header_template":"0","ocean_custom_logo":0,"ocean_custom_retina_logo":0,"ocean_custom_logo_max_width":0,"ocean_custom_logo_tablet_max_width":0,"ocean_custom_logo_mobile_max_width":0,"ocean_custom_logo_max_height":0,"ocean_custom_logo_tablet_max_height":0,"ocean_custom_logo_mobile_max_height":0,"ocean_header_custom_menu":"0","ocean_menu_typo_font_family":"0","ocean_menu_typo_font_subset":"","ocean_menu_typo_font_size":0,"ocean_menu_typo_font_size_tablet":0,"ocean_menu_typo_font_size_mobile":0,"ocean_menu_typo_font_size_unit":"px","ocean_menu_typo_font_weight":"","ocean_menu_typo_font_weight_tablet":"","ocean_menu_typo_font_weight_mobile":"","ocean_menu_typo_transform":"","ocean_menu_typo_transform_tablet":"","ocean_menu_typo_transform_mobile":"","ocean_menu_typo_line_height":0,"ocean_menu_typo_line_height_tablet":0,"ocean_menu_typo_line_height_mobile":0,"ocean_menu_typo_line_height_unit":"","ocean_menu_typo_spacing":0,"ocean_menu_typo_spacing_tablet":0,"ocean_menu_typo_spacing_mobile":0,"ocean_menu_typo_spacing_unit":"","ocean_menu_link_color":"","ocean_menu_link_color_hover":"","ocean_menu_link_color_active":"","ocean_menu_link_background":"","ocean_menu_link_hover_background":"","ocean_menu_link_active_background":"","ocean_menu_social_links_bg":"","ocean_menu_social_hover_links_bg":"","ocean_menu_social_links_color":"","ocean_menu_social_hover_links_color":"","ocean_disable_title":"default","ocean_disable_heading":"default","ocean_post_title":"","ocean_post_subheading":"","ocean_post_title_style":"","ocean_post_title_background_color":"","ocean_post_title_background":0,"ocean_post_title_bg_image_position":"","ocean_post_title_bg_image_attachment":"","ocean_post_title_bg_image_repeat":"","ocean_post_title_bg_image_size":"","ocean_post_title_height":0,"ocean_post_title_bg_overlay":0.5,"ocean_post_title_bg_overlay_color":"","ocean_disable_breadcrumbs":"default","ocean_breadcrumbs_color":"","ocean_breadcrumbs_separator_color":"","ocean_breadcrumbs_links_color":"","ocean_breadcrumbs_links_hover_color":"","ocean_display_footer_widgets":"default","ocean_display_footer_bottom":"default","ocean_custom_footer_template":"0"},"product_brand":[],"product_cat":[16,85,43],"product_tag":[33,22,77,86],"class_list":{"0":"post-2657","1":"product","2":"type-product","3":"status-publish","4":"has-post-thumbnail","6":"product_cat-non-classe","7":"product_cat-magwell","8":"product_cat-ragwinn-tactics","9":"product_tag-armee","10":"product_tag-glock","11":"product_tag-magwell","12":"product_tag-police","13":"product_shipping_class-produit-leger-500g","15":"entry","16":"has-media","18":"first","19":"instock","20":"taxable","21":"shipping-taxable","22":"purchasable","23":"product-type-simple","24":"col","25":"span_1_of_4","26":"owp-content-center","27":"item-entry","28":"owp-thumbs-layout-horizontal","29":"owp-btn-big","30":"owp-tabs-layout-horizontal"},"_links":{"self":[{"href":"https:\/\/ragwinn.com\/es\/wp-json\/wp\/v2\/product\/2657","targetHints":{"allow":["GET"]}}],"collection":[{"href":"https:\/\/ragwinn.com\/es\/wp-json\/wp\/v2\/product"}],"about":[{"href":"https:\/\/ragwinn.com\/es\/wp-json\/wp\/v2\/types\/product"}],"replies":[{"embeddable":true,"href":"https:\/\/ragwinn.com\/es\/wp-json\/wp\/v2\/comments?post=2657"}],"version-history":[{"count":2,"href":"https:\/\/ragwinn.com\/es\/wp-json\/wp\/v2\/product\/2657\/revisions"}],"predecessor-version":[{"id":3629,"href":"https:\/\/ragwinn.com\/es\/wp-json\/wp\/v2\/product\/2657\/revisions\/3629"}],"wp:featuredmedia":[{"embeddable":true,"href":"https:\/\/ragwinn.com\/es\/wp-json\/wp\/v2\/media\/2659"}],"wp:attachment":[{"href":"https:\/\/ragwinn.com\/es\/wp-json\/wp\/v2\/media?parent=2657"}],"wp:term":[{"taxonomy":"product_brand","embeddable":true,"href":"https:\/\/ragwinn.com\/es\/wp-json\/wp\/v2\/product_brand?post=2657"},{"taxonomy":"product_cat","embeddable":true,"href":"https:\/\/ragwinn.com\/es\/wp-json\/wp\/v2\/product_cat?post=2657"},{"taxonomy":"product_tag","embeddable":true,"href":"https:\/\/ragwinn.com\/es\/wp-json\/wp\/v2\/product_tag?post=2657"}],"curies":[{"name":"wp","href":"https:\/\/api.w.org\/{rel}","templated":true}]}}