{"id":2420,"date":"2025-02-19T11:28:17","date_gmt":"2025-02-19T10:28:17","guid":{"rendered":"https:\/\/ragwinn.com\/?post_type=product&#038;p=2420"},"modified":"2026-03-03T10:16:43","modified_gmt":"2026-03-03T09:16:43","slug":"tacon-3-sp2022","status":"publish","type":"product","link":"https:\/\/ragwinn.com\/es\/produit\/talon-3-sp2022","title":{"rendered":"Tal\u00f3n +3 SP2022"},"content":{"rendered":"<h1 style=\"text-align: center;\"><strong>Tal\u00f3n +3 SP2022<\/strong><\/h1>\n<p data-start=\"232\" data-end=\"522\">Maximice la capacidad de su cargador a\u00f1adiendo 3 cartuchos adicionales y conservando el muelle original.<br \/>\nDise\u00f1ado para una ergonom\u00eda \u00f3ptima, este accesorio mejora el agarre y facilita la extracci\u00f3n del cargador.<br \/>\nSu fondo texturizado tambi\u00e9n permite escribir un n\u00famero en \u00e9l para identificarlo r\u00e1pidamente.<\/p>\n<h2 style=\"text-align: center;\" data-start=\"746\" data-end=\"816\"><strong data-start=\"750\" data-end=\"814\">\u00bfPor qu\u00e9 elegir nuestra extensi\u00f3n de cargador para SP2022?<\/strong><\/h2>\n<ul>\n<li><strong data-start=\"507\" data-end=\"529\">Mayor capacidad<\/strong> A\u00f1ade 3 cartuchos a tu cargador, una ventaja tanto en competici\u00f3n como en situaciones complicadas.<\/li>\n<li><strong data-start=\"627\" data-end=\"650\">Ergonom\u00eda optimizada<\/strong> Su dise\u00f1o lateral facilita su manejo y extracci\u00f3n.<\/li>\n<li><strong data-start=\"718\" data-end=\"741\">Construcci\u00f3n robusta<\/strong> Dise\u00f1ado en Francia con un pol\u00edmero reforzado que resiste los impactos y el desgaste.<\/li>\n<li><strong data-start=\"825\" data-end=\"844\">Personalizable<\/strong> Numera tus revistas con un rotulador Posca o un l\u00e1piz graso.<\/li>\n<li><strong data-start=\"919\" data-end=\"942\">Instalaci\u00f3n r\u00e1pida<\/strong> Se monta f\u00e1cilmente con un tornillo, sin modificar el cargador original.<\/li>\n<\/ul>\n<p><em>Nota: S\u00f3lo se suministran el soporte del cargador y los tornillos.<\/em><\/p>\n<p>Descubra tambi\u00e9n nuestro <a href=\"https:\/\/ragwinn.com\/es\/etiqueta-producto\/extension\/\" target=\"_blank\" rel=\"noopener\">Extensiones de cargador para Glock.<\/a><\/p>\n<p>Tenga en cuenta lo siguiente:<br \/>\nConsulte la normativa vigente en su pa\u00eds o regi\u00f3n antes de realizar el pedido.<br \/>\nEn Francia, en noviembre de 2024, la capacidad m\u00e1xima de un cargador de pistola clasificado en la categor\u00eda B-1 no podr\u00e1 superar los 20 cartuchos. M\u00e1s all\u00e1, el cargador se reclasificar\u00e1 en la categor\u00eda A1 8, reservada a los tiradores de TSV (<a href=\"https:\/\/www.legifrance.gouv.fr\/codes\/article_lc\/LEGIARTI000037144152\" target=\"_blank\" rel=\"noreferrer noopener\">R312-45-1<\/a>).<br \/>\nProducto dise\u00f1ado para su uso en soportes de tipo FFT.<br \/>\nAgentes de polic\u00eda, gendarmes, militares o aduaneros, comprueben la reglamentaci\u00f3n relativa a las modificaciones de las armas administrativas antes de a\u00f1adir un resguardo +3 SP2022.<br \/>\n<strong>Este producto est\u00e1 destinado exclusivamente a su uso en campos de tiro de tipo FFT.<\/strong>.<\/p>","protected":false},"excerpt":{"rendered":"<div class=\"woocommerce-product-details__short-description\">\n<p data-start=\"0\" data-end=\"92\">Este tal\u00f3n aumenta la capacidad de su cargador SP2022 en 3 cartuchos adicionales.<\/p>\n<p data-start=\"194\" data-end=\"358\">La base del tal\u00f3n est\u00e1 especialmente dise\u00f1ada para permitirle numerar sus cargadores.<\/p>\n<\/div>","protected":false},"featured_media":2727,"comment_status":"open","ping_status":"closed","template":"","meta":{"ocean_post_layout":"","ocean_both_sidebars_style":"","ocean_both_sidebars_content_width":0,"ocean_both_sidebars_sidebars_width":0,"ocean_sidebar":"0","ocean_second_sidebar":"0","ocean_disable_margins":"enable","ocean_add_body_class":"","ocean_shortcode_before_top_bar":"","ocean_shortcode_after_top_bar":"","ocean_shortcode_before_header":"","ocean_shortcode_after_header":"","ocean_has_shortcode":"","ocean_shortcode_after_title":"","ocean_shortcode_before_footer_widgets":"","ocean_shortcode_after_footer_widgets":"","ocean_shortcode_before_footer_bottom":"","ocean_shortcode_after_footer_bottom":"","ocean_display_top_bar":"default","ocean_display_header":"default","ocean_header_style":"","ocean_center_header_left_menu":"0","ocean_custom_header_template":"0","ocean_custom_logo":0,"ocean_custom_retina_logo":0,"ocean_custom_logo_max_width":0,"ocean_custom_logo_tablet_max_width":0,"ocean_custom_logo_mobile_max_width":0,"ocean_custom_logo_max_height":0,"ocean_custom_logo_tablet_max_height":0,"ocean_custom_logo_mobile_max_height":0,"ocean_header_custom_menu":"0","ocean_menu_typo_font_family":"0","ocean_menu_typo_font_subset":"","ocean_menu_typo_font_size":0,"ocean_menu_typo_font_size_tablet":0,"ocean_menu_typo_font_size_mobile":0,"ocean_menu_typo_font_size_unit":"px","ocean_menu_typo_font_weight":"","ocean_menu_typo_font_weight_tablet":"","ocean_menu_typo_font_weight_mobile":"","ocean_menu_typo_transform":"","ocean_menu_typo_transform_tablet":"","ocean_menu_typo_transform_mobile":"","ocean_menu_typo_line_height":0,"ocean_menu_typo_line_height_tablet":0,"ocean_menu_typo_line_height_mobile":0,"ocean_menu_typo_line_height_unit":"","ocean_menu_typo_spacing":0,"ocean_menu_typo_spacing_tablet":0,"ocean_menu_typo_spacing_mobile":0,"ocean_menu_typo_spacing_unit":"","ocean_menu_link_color":"","ocean_menu_link_color_hover":"","ocean_menu_link_color_active":"","ocean_menu_link_background":"","ocean_menu_link_hover_background":"","ocean_menu_link_active_background":"","ocean_menu_social_links_bg":"","ocean_menu_social_hover_links_bg":"","ocean_menu_social_links_color":"","ocean_menu_social_hover_links_color":"","ocean_disable_title":"default","ocean_disable_heading":"default","ocean_post_title":"","ocean_post_subheading":"","ocean_post_title_style":"","ocean_post_title_background_color":"","ocean_post_title_background":0,"ocean_post_title_bg_image_position":"","ocean_post_title_bg_image_attachment":"","ocean_post_title_bg_image_repeat":"","ocean_post_title_bg_image_size":"","ocean_post_title_height":0,"ocean_post_title_bg_overlay":0.5,"ocean_post_title_bg_overlay_color":"","ocean_disable_breadcrumbs":"default","ocean_breadcrumbs_color":"","ocean_breadcrumbs_separator_color":"","ocean_breadcrumbs_links_color":"","ocean_breadcrumbs_links_hover_color":"","ocean_display_footer_widgets":"default","ocean_display_footer_bottom":"default","ocean_custom_footer_template":"0"},"product_brand":[],"product_cat":[16,17],"product_tag":[],"class_list":{"0":"post-2420","1":"product","2":"type-product","3":"status-publish","4":"has-post-thumbnail","6":"product_cat-non-classe","7":"product_cat-ragwinn-hobby","8":"product_shipping_class-produit-leger-500g","10":"entry","11":"has-media","13":"first","14":"instock","15":"sale","16":"taxable","17":"shipping-taxable","18":"purchasable","19":"product-type-simple","20":"has-rating","21":"col","22":"span_1_of_4","23":"owp-content-center","24":"item-entry","25":"owp-thumbs-layout-horizontal","26":"owp-btn-big","27":"owp-tabs-layout-horizontal"},"_links":{"self":[{"href":"https:\/\/ragwinn.com\/es\/wp-json\/wp\/v2\/product\/2420","targetHints":{"allow":["GET"]}}],"collection":[{"href":"https:\/\/ragwinn.com\/es\/wp-json\/wp\/v2\/product"}],"about":[{"href":"https:\/\/ragwinn.com\/es\/wp-json\/wp\/v2\/types\/product"}],"replies":[{"embeddable":true,"href":"https:\/\/ragwinn.com\/es\/wp-json\/wp\/v2\/comments?post=2420"}],"version-history":[{"count":8,"href":"https:\/\/ragwinn.com\/es\/wp-json\/wp\/v2\/product\/2420\/revisions"}],"predecessor-version":[{"id":4230,"href":"https:\/\/ragwinn.com\/es\/wp-json\/wp\/v2\/product\/2420\/revisions\/4230"}],"wp:featuredmedia":[{"embeddable":true,"href":"https:\/\/ragwinn.com\/es\/wp-json\/wp\/v2\/media\/2727"}],"wp:attachment":[{"href":"https:\/\/ragwinn.com\/es\/wp-json\/wp\/v2\/media?parent=2420"}],"wp:term":[{"taxonomy":"product_brand","embeddable":true,"href":"https:\/\/ragwinn.com\/es\/wp-json\/wp\/v2\/product_brand?post=2420"},{"taxonomy":"product_cat","embeddable":true,"href":"https:\/\/ragwinn.com\/es\/wp-json\/wp\/v2\/product_cat?post=2420"},{"taxonomy":"product_tag","embeddable":true,"href":"https:\/\/ragwinn.com\/es\/wp-json\/wp\/v2\/product_tag?post=2420"}],"curies":[{"name":"wp","href":"https:\/\/api.w.org\/{rel}","templated":true}]}}