{"id":2324,"date":"2025-02-14T10:24:24","date_gmt":"2025-02-14T09:24:24","guid":{"rendered":"https:\/\/ragwinn.com\/?post_type=product&#038;p=2324"},"modified":"2026-03-18T01:08:15","modified_gmt":"2026-03-18T00:08:15","slug":"magwell-glock-17-45-34-gen-5","status":"publish","type":"product","link":"https:\/\/ragwinn.com\/es\/produit\/magwell-glock-17-45-34-gen-5","title":{"rendered":"Magwell Glock 17"},"content":{"rendered":"<h1 style=\"text-align: center;\"><strong>Magwell Glock 17<\/strong><\/h1>\n<h3 style=\"text-align: center;\"><strong>\" <\/strong>Optimice su rendimiento con un cargador dise\u00f1ado para uso operativo <strong>\"<\/strong><\/h3>\n<p>Mejore la velocidad y fluidez de sus recargas con este soporte de cargador para Glock 17.<br \/>\nSu dise\u00f1o de embudo optimizado gu\u00eda el cargador de forma natural hacia el interior del arma, permitiendo una recarga r\u00e1pida y precisa.<br \/>\nCompatible con la correa dorsal y la correa de mano, se instala r\u00e1pidamente sin modificaciones.<\/p>\n<h2 style=\"text-align: center;\"><strong>\u00bfPor qu\u00e9 elegir nuestro cargador para su Glock?<\/strong><\/h2>\n<ul>\n<li><strong>Recarga r\u00e1pida<\/strong> Guiado fluido del cargador para un cambio de carga seguro e instintivo.<\/li>\n<li><strong>Compatibilidad ampliada<\/strong> Funciona con Glock, Magpul GL9 PMAG, Fab Defense y otros cargadores.<\/li>\n<li><strong>Ergonom\u00eda optimizada<\/strong> Adaptado a las correas traseras para un confort m\u00e1ximo en funci\u00f3n de su agarre.<\/li>\n<li><strong>Fijaci\u00f3n segura<\/strong> Fijaci\u00f3n por tornillos, con ranura para correa para su uso con fundas de los niveles de retenci\u00f3n 1 a 4.<\/li>\n<li><strong>Robustez y ligereza<\/strong> Fabricada en Francia con pol\u00edmero reforzado, resiste los golpes, las temperaturas extremas (de -40\u00b0C a +160\u00b0C), los disolventes y los rayos UV, y pesa menos de 9 g.<\/li>\n<li><strong>Probado y aprobado<\/strong> Validado por unidades especializadas e instructores de tiro de combate.<\/li>\n<\/ul>\n<h2><\/h2>\n<h2 style=\"text-align: center;\"><strong>Instalaci\u00f3n r\u00e1pida y sin modificaciones de la Glock 17<\/strong><\/h2>\n<p>Instalaci\u00f3n r\u00e1pida en 4 pasos:<\/p>\n<ol>\n<li>Inserte el inserto en la culata del arma,<\/li>\n<li>Coloque el compartimento del cargador alrededor del pozo del cargador,<\/li>\n<li>Emp\u00fajelo hacia atr\u00e1s hasta que encaje en el inserto,<\/li>\n<li>Apriete a mano la zona trasera y el tornillo hasta alcanzar la resistencia mec\u00e1nica.<\/li>\n<\/ol>\n<p>Su cargador ya est\u00e1 listo para usar.<\/p>\n<p>Compatible con los modelos Glock 17, 45 y 34 Gen5.<br \/>\n<a href=\"https:\/\/ragwinn.com\/es\/producto\/magwell-glock-19-gen-5\/\" target=\"_blank\" rel=\"noopener\">Magwell Glock 19 y 23 gen 5 disponible aqu\u00ed<\/a>y para <a href=\"https:\/\/ragwinn.com\/es\/producto\/magwell-glock-43x\/\" target=\"_blank\" rel=\"noopener\">Glock 43x aqu\u00ed<\/a>.<\/p>\n<h2 style=\"text-align: center;\"><strong>Un accesorio fiable para tiradores exigentes<\/strong><\/h2>\n<p>Dise\u00f1ado para un uso intensivo, este magwell combina ligereza, durabilidad y eficacia.<br \/>\nSu material absorbe los rayos infrarrojos (IR), por lo que es ideal para misiones nocturnas.<br \/>\nTanto si eres profesional como aficionado, mejorar\u00e1 tu rendimiento y te ayudar\u00e1 en cualquier circunstancia.<\/p>\n<hr \/>\n<p>Descubra tambi\u00e9n nuestro <a href=\"https:\/\/ragwinn.com\/es\/producto\/talon-2-4-chargeur-glock-9x19\/\" target=\"_blank\" rel=\"noopener\">Extensi\u00f3n de cargador para Glock<\/a>y nuestro <a href=\"https:\/\/ragwinn.com\/es\/categoria-producto\/tacticas-de-ragwinn\/\">Extensi\u00f3n cargador Magpul PMAG 17 GL9<\/a>.<\/p>\n<p>M\u00e1s informaci\u00f3n sobre el magwell\u00a0<a href=\"https:\/\/crealib3d.com\/quest-ce-quun-magwell-et-pourquoi-en-utiliser\" target=\"_blank\" rel=\"noopener\">aqu\u00ed<\/a>\u00a0(en franc\u00e9s) y\u00a0<a href=\"https:\/\/www.anrkydexholsters.com\/what-is-a-magwell-why-do-they-matter\/\" target=\"_blank\" rel=\"noopener\">aqu\u00ed<\/a>\u00a0(en ingl\u00e9s).<\/p>\n<p>Compatibilidad: No compatible con Glock 19\/19X\/23, Glock calibre .45 y Glock generaci\u00f3n 1 a 4.<br \/>\n<em>Pendiente de patente<\/em><\/p>","protected":false},"excerpt":{"rendered":"<p>Magwell Glock 17 dise\u00f1ado para optimizar su recarga gracias a su dise\u00f1o acampanado.<br \/>\nCompatible con Glock 17, 45 y 34 Gen 5.<br \/>\nCompatible con correa dorsal y de mano, para todas las situaciones.<\/p>","protected":false},"featured_media":4120,"comment_status":"open","ping_status":"closed","template":"","meta":{"ocean_post_layout":"","ocean_both_sidebars_style":"","ocean_both_sidebars_content_width":0,"ocean_both_sidebars_sidebars_width":0,"ocean_sidebar":"0","ocean_second_sidebar":"0","ocean_disable_margins":"enable","ocean_add_body_class":"","ocean_shortcode_before_top_bar":"","ocean_shortcode_after_top_bar":"","ocean_shortcode_before_header":"","ocean_shortcode_after_header":"","ocean_has_shortcode":"","ocean_shortcode_after_title":"","ocean_shortcode_before_footer_widgets":"","ocean_shortcode_after_footer_widgets":"","ocean_shortcode_before_footer_bottom":"","ocean_shortcode_after_footer_bottom":"","ocean_display_top_bar":"default","ocean_display_header":"default","ocean_header_style":"","ocean_center_header_left_menu":"0","ocean_custom_header_template":"0","ocean_custom_logo":0,"ocean_custom_retina_logo":0,"ocean_custom_logo_max_width":0,"ocean_custom_logo_tablet_max_width":0,"ocean_custom_logo_mobile_max_width":0,"ocean_custom_logo_max_height":0,"ocean_custom_logo_tablet_max_height":0,"ocean_custom_logo_mobile_max_height":0,"ocean_header_custom_menu":"0","ocean_menu_typo_font_family":"0","ocean_menu_typo_font_subset":"","ocean_menu_typo_font_size":0,"ocean_menu_typo_font_size_tablet":0,"ocean_menu_typo_font_size_mobile":0,"ocean_menu_typo_font_size_unit":"px","ocean_menu_typo_font_weight":"","ocean_menu_typo_font_weight_tablet":"","ocean_menu_typo_font_weight_mobile":"","ocean_menu_typo_transform":"","ocean_menu_typo_transform_tablet":"","ocean_menu_typo_transform_mobile":"","ocean_menu_typo_line_height":0,"ocean_menu_typo_line_height_tablet":0,"ocean_menu_typo_line_height_mobile":0,"ocean_menu_typo_line_height_unit":"","ocean_menu_typo_spacing":0,"ocean_menu_typo_spacing_tablet":0,"ocean_menu_typo_spacing_mobile":0,"ocean_menu_typo_spacing_unit":"","ocean_menu_link_color":"","ocean_menu_link_color_hover":"","ocean_menu_link_color_active":"","ocean_menu_link_background":"","ocean_menu_link_hover_background":"","ocean_menu_link_active_background":"","ocean_menu_social_links_bg":"","ocean_menu_social_hover_links_bg":"","ocean_menu_social_links_color":"","ocean_menu_social_hover_links_color":"","ocean_disable_title":"default","ocean_disable_heading":"default","ocean_post_title":"","ocean_post_subheading":"","ocean_post_title_style":"","ocean_post_title_background_color":"","ocean_post_title_background":0,"ocean_post_title_bg_image_position":"","ocean_post_title_bg_image_attachment":"","ocean_post_title_bg_image_repeat":"","ocean_post_title_bg_image_size":"","ocean_post_title_height":0,"ocean_post_title_bg_overlay":0.5,"ocean_post_title_bg_overlay_color":"","ocean_disable_breadcrumbs":"default","ocean_breadcrumbs_color":"","ocean_breadcrumbs_separator_color":"","ocean_breadcrumbs_links_color":"","ocean_breadcrumbs_links_hover_color":"","ocean_display_footer_widgets":"default","ocean_display_footer_bottom":"default","ocean_custom_footer_template":"0"},"product_brand":[],"product_cat":[16,85,43],"product_tag":[33,77,86],"class_list":{"0":"post-2324","1":"product","2":"type-product","3":"status-publish","4":"has-post-thumbnail","6":"product_cat-non-classe","7":"product_cat-magwell","8":"product_cat-ragwinn-tactics","9":"product_tag-armee","10":"product_tag-magwell","11":"product_tag-police","12":"product_shipping_class-produit-leger-500g","14":"entry","15":"has-media","17":"first","18":"onbackorder","19":"taxable","20":"shipping-taxable","21":"purchasable","22":"product-type-simple","23":"col","24":"span_1_of_4","25":"owp-content-center","26":"item-entry","27":"owp-thumbs-layout-horizontal","28":"owp-btn-big","29":"owp-tabs-layout-horizontal"},"_links":{"self":[{"href":"https:\/\/ragwinn.com\/es\/wp-json\/wp\/v2\/product\/2324","targetHints":{"allow":["GET"]}}],"collection":[{"href":"https:\/\/ragwinn.com\/es\/wp-json\/wp\/v2\/product"}],"about":[{"href":"https:\/\/ragwinn.com\/es\/wp-json\/wp\/v2\/types\/product"}],"replies":[{"embeddable":true,"href":"https:\/\/ragwinn.com\/es\/wp-json\/wp\/v2\/comments?post=2324"}],"version-history":[{"count":1,"href":"https:\/\/ragwinn.com\/es\/wp-json\/wp\/v2\/product\/2324\/revisions"}],"predecessor-version":[{"id":3514,"href":"https:\/\/ragwinn.com\/es\/wp-json\/wp\/v2\/product\/2324\/revisions\/3514"}],"wp:featuredmedia":[{"embeddable":true,"href":"https:\/\/ragwinn.com\/es\/wp-json\/wp\/v2\/media\/4120"}],"wp:attachment":[{"href":"https:\/\/ragwinn.com\/es\/wp-json\/wp\/v2\/media?parent=2324"}],"wp:term":[{"taxonomy":"product_brand","embeddable":true,"href":"https:\/\/ragwinn.com\/es\/wp-json\/wp\/v2\/product_brand?post=2324"},{"taxonomy":"product_cat","embeddable":true,"href":"https:\/\/ragwinn.com\/es\/wp-json\/wp\/v2\/product_cat?post=2324"},{"taxonomy":"product_tag","embeddable":true,"href":"https:\/\/ragwinn.com\/es\/wp-json\/wp\/v2\/product_tag?post=2324"}],"curies":[{"name":"wp","href":"https:\/\/api.w.org\/{rel}","templated":true}]}}