{"id":1423,"date":"2024-07-16T11:54:01","date_gmt":"2024-07-16T09:54:01","guid":{"rendered":"https:\/\/ragwinn.com\/?post_type=product&#038;p=1423"},"modified":"2026-03-27T17:37:02","modified_gmt":"2026-03-27T16:37:02","slug":"soporte-magnetico-para-pistola","status":"publish","type":"product","link":"https:\/\/ragwinn.com\/es\/produit\/support-aimante-arme-de-poing","title":{"rendered":"Soporte magn\u00e9tico para pistola"},"content":{"rendered":"<h1 style=\"text-align: center;\">Soporte magn\u00e9tico para pistola<\/h1>\n<p>Este soporte magn\u00e9tico le permite guardar su pistola de forma ordenada en el maletero.<\/p>\n<h2 style=\"text-align: center;\"><strong>El mejor accesorio para organizar tus armas<\/strong><\/h2>\n<h3><strong>Caracter\u00edsticas principales del soporte magn\u00e9tico <\/strong>:<\/h3>\n<ul>\n<li><strong>Ahorro de espacio<\/strong>Este soporte le permite ahorrar espacio en su caja fuerte guardando su arma en vertical o en horizontal. Por ejemplo, guarde su arma a lo largo de una pared (o de la contrapuerta), o debajo de una estanter\u00eda.<\/li>\n<li><strong>Mayor comodidad<\/strong>Al colocar su arma como desee, ganar\u00e1 en comodidad visual y facilidad de uso.<\/li>\n<li><strong>Armas equipadas<\/strong>El soporte est\u00e1 dise\u00f1ado para ser utilizado con su arma, ya sea original o con accesorios. Su arma, equipada con \u00f3ptica, miras elevadas y freno de boca, puede guardarse en el maletero,<\/li>\n<li><strong>Imanes potentes<\/strong>Los imanes del soporte son lo suficientemente fuertes como para mantener el arma en su sitio,<\/li>\n<li><strong>Respetuoso con el canon<\/strong>Puede utilizar el soporte sin preocuparse de da\u00f1ar el ca\u00f1\u00f3n. El material de la varilla es adecuado para el almacenamiento en contacto directo con el ca\u00f1\u00f3n del arma.<\/li>\n<li><strong>Compatible con su arma\u00a0<\/strong>La montura es compatible con calibres 9x19mm y mayores. Tambi\u00e9n se puede utilizar con muchas marcas como Glock, Sig Sauer, Beretta, Ruger y otras.<\/li>\n<\/ul>\n<p>&nbsp;<\/p>\n<h3><strong>Complete la optimizaci\u00f3n de su caja fuerte con nuestro <\/strong>:<\/h3>\n<ul>\n<li>Portacargadores para pistolas (Glock, Sig Sauer, etc.),<\/li>\n<li>Soporte para cargadores AR15 (Pmag, Amend2 etc).<\/li>\n<\/ul>","protected":false},"excerpt":{"rendered":"<p>Este soporte magn\u00e9tico para armas de fuego le permite ahorrar espacio en su caja fuerte guardando su arma vertical u horizontalmente.<\/p>","protected":false},"featured_media":4137,"comment_status":"open","ping_status":"closed","template":"","meta":{"ocean_post_layout":"","ocean_both_sidebars_style":"","ocean_both_sidebars_content_width":0,"ocean_both_sidebars_sidebars_width":0,"ocean_sidebar":"0","ocean_second_sidebar":"0","ocean_disable_margins":"enable","ocean_add_body_class":"","ocean_shortcode_before_top_bar":"","ocean_shortcode_after_top_bar":"","ocean_shortcode_before_header":"","ocean_shortcode_after_header":"","ocean_has_shortcode":"","ocean_shortcode_after_title":"","ocean_shortcode_before_footer_widgets":"","ocean_shortcode_after_footer_widgets":"","ocean_shortcode_before_footer_bottom":"","ocean_shortcode_after_footer_bottom":"","ocean_display_top_bar":"default","ocean_display_header":"default","ocean_header_style":"","ocean_center_header_left_menu":"0","ocean_custom_header_template":"0","ocean_custom_logo":0,"ocean_custom_retina_logo":0,"ocean_custom_logo_max_width":0,"ocean_custom_logo_tablet_max_width":0,"ocean_custom_logo_mobile_max_width":0,"ocean_custom_logo_max_height":0,"ocean_custom_logo_tablet_max_height":0,"ocean_custom_logo_mobile_max_height":0,"ocean_header_custom_menu":"0","ocean_menu_typo_font_family":"0","ocean_menu_typo_font_subset":"","ocean_menu_typo_font_size":0,"ocean_menu_typo_font_size_tablet":0,"ocean_menu_typo_font_size_mobile":0,"ocean_menu_typo_font_size_unit":"px","ocean_menu_typo_font_weight":"","ocean_menu_typo_font_weight_tablet":"","ocean_menu_typo_font_weight_mobile":"","ocean_menu_typo_transform":"","ocean_menu_typo_transform_tablet":"","ocean_menu_typo_transform_mobile":"","ocean_menu_typo_line_height":0,"ocean_menu_typo_line_height_tablet":0,"ocean_menu_typo_line_height_mobile":0,"ocean_menu_typo_line_height_unit":"","ocean_menu_typo_spacing":0,"ocean_menu_typo_spacing_tablet":0,"ocean_menu_typo_spacing_mobile":0,"ocean_menu_typo_spacing_unit":"","ocean_menu_link_color":"","ocean_menu_link_color_hover":"","ocean_menu_link_color_active":"","ocean_menu_link_background":"","ocean_menu_link_hover_background":"","ocean_menu_link_active_background":"","ocean_menu_social_links_bg":"","ocean_menu_social_hover_links_bg":"","ocean_menu_social_links_color":"","ocean_menu_social_hover_links_color":"","ocean_disable_title":"default","ocean_disable_heading":"default","ocean_post_title":"","ocean_post_subheading":"","ocean_post_title_style":"","ocean_post_title_background_color":"","ocean_post_title_background":0,"ocean_post_title_bg_image_position":"","ocean_post_title_bg_image_attachment":"","ocean_post_title_bg_image_repeat":"","ocean_post_title_bg_image_size":"","ocean_post_title_height":0,"ocean_post_title_bg_overlay":0.5,"ocean_post_title_bg_overlay_color":"","ocean_disable_breadcrumbs":"default","ocean_breadcrumbs_color":"","ocean_breadcrumbs_separator_color":"","ocean_breadcrumbs_links_color":"","ocean_breadcrumbs_links_hover_color":"","ocean_display_footer_widgets":"default","ocean_display_footer_bottom":"default","ocean_custom_footer_template":"0"},"product_brand":[],"product_cat":[16,17],"product_tag":[],"class_list":{"0":"post-1423","1":"product","2":"type-product","3":"status-publish","4":"has-post-thumbnail","6":"product_cat-non-classe","7":"product_cat-ragwinn-hobby","8":"product_shipping_class-produit-leger-500g","10":"entry","11":"has-media","13":"first","14":"instock","15":"sale","16":"featured","17":"taxable","18":"shipping-taxable","19":"purchasable","20":"product-type-simple","21":"has-rating","22":"col","23":"span_1_of_4","24":"owp-content-center","25":"item-entry","26":"owp-thumbs-layout-horizontal","27":"owp-btn-big","28":"owp-tabs-layout-horizontal"},"_links":{"self":[{"href":"https:\/\/ragwinn.com\/es\/wp-json\/wp\/v2\/product\/1423","targetHints":{"allow":["GET"]}}],"collection":[{"href":"https:\/\/ragwinn.com\/es\/wp-json\/wp\/v2\/product"}],"about":[{"href":"https:\/\/ragwinn.com\/es\/wp-json\/wp\/v2\/types\/product"}],"replies":[{"embeddable":true,"href":"https:\/\/ragwinn.com\/es\/wp-json\/wp\/v2\/comments?post=1423"}],"version-history":[{"count":3,"href":"https:\/\/ragwinn.com\/es\/wp-json\/wp\/v2\/product\/1423\/revisions"}],"predecessor-version":[{"id":3636,"href":"https:\/\/ragwinn.com\/es\/wp-json\/wp\/v2\/product\/1423\/revisions\/3636"}],"wp:featuredmedia":[{"embeddable":true,"href":"https:\/\/ragwinn.com\/es\/wp-json\/wp\/v2\/media\/4137"}],"wp:attachment":[{"href":"https:\/\/ragwinn.com\/es\/wp-json\/wp\/v2\/media?parent=1423"}],"wp:term":[{"taxonomy":"product_brand","embeddable":true,"href":"https:\/\/ragwinn.com\/es\/wp-json\/wp\/v2\/product_brand?post=1423"},{"taxonomy":"product_cat","embeddable":true,"href":"https:\/\/ragwinn.com\/es\/wp-json\/wp\/v2\/product_cat?post=1423"},{"taxonomy":"product_tag","embeddable":true,"href":"https:\/\/ragwinn.com\/es\/wp-json\/wp\/v2\/product_tag?post=1423"}],"curies":[{"name":"wp","href":"https:\/\/api.w.org\/{rel}","templated":true}]}}