{"id":3,"date":"2023-12-02T17:26:16","date_gmt":"2023-12-02T16:26:16","guid":{"rendered":"http:\/\/ragwinn.com\/?page_id=3"},"modified":"2025-02-28T14:45:52","modified_gmt":"2025-02-28T13:45:52","slug":"politica-de-privacidad","status":"publish","type":"page","link":"https:\/\/ragwinn.com\/es\/politique-de-confidentialite","title":{"rendered":"Pol\u00edtica de privacidad"},"content":{"rendered":"<div data-elementor-type=\"wp-page\" data-elementor-id=\"3\" class=\"elementor elementor-3\">\n\t\t\t\t\t\t<section class=\"elementor-section elementor-top-section elementor-element elementor-element-0e0592a elementor-section-boxed elementor-section-height-default elementor-section-height-default\" data-id=\"0e0592a\" data-element_type=\"section\" data-e-type=\"section\">\n\t\t\t\t\t\t<div class=\"elementor-container elementor-column-gap-default\">\n\t\t\t\t\t<div class=\"elementor-column elementor-col-100 elementor-top-column elementor-element elementor-element-f89a129\" data-id=\"f89a129\" data-element_type=\"column\" data-e-type=\"column\">\n\t\t\t<div class=\"elementor-widget-wrap elementor-element-populated\">\n\t\t\t\t\t\t<div class=\"elementor-element elementor-element-e36f608 elementor-widget elementor-widget-heading\" data-id=\"e36f608\" data-element_type=\"widget\" data-e-type=\"widget\" data-widget_type=\"heading.default\">\n\t\t\t\t<div class=\"elementor-widget-container\">\n\t\t\t\t\t<h1 class=\"elementor-heading-title elementor-size-default\">Pol\u00edtica de protecci\u00f3n de datos<\/h1>\t\t\t\t<\/div>\n\t\t\t\t<\/div>\n\t\t\t\t\t<\/div>\n\t\t<\/div>\n\t\t\t\t\t<\/div>\n\t\t<\/section>\n\t\t\t\t<section class=\"elementor-section elementor-top-section elementor-element elementor-element-01761f7 elementor-section-boxed elementor-section-height-default elementor-section-height-default\" data-id=\"01761f7\" data-element_type=\"section\" data-e-type=\"section\">\n\t\t\t\t\t\t<div class=\"elementor-container elementor-column-gap-default\">\n\t\t\t\t\t<div class=\"elementor-column elementor-col-100 elementor-top-column elementor-element elementor-element-c4f8a19\" data-id=\"c4f8a19\" data-element_type=\"column\" data-e-type=\"column\">\n\t\t\t<div class=\"elementor-widget-wrap elementor-element-populated\">\n\t\t\t\t\t\t<div class=\"elementor-element elementor-element-e3d2bf3 elementor-widget elementor-widget-text-editor\" data-id=\"e3d2bf3\" data-element_type=\"widget\" data-e-type=\"widget\" data-widget_type=\"text-editor.default\">\n\t\t\t\t<div class=\"elementor-widget-container\">\n\t\t\t\t\t\t\t\t\t<p>El administrador de la p\u00e1gina web Ragwinn.com, SARL IVERN, se toma muy en serio el respeto de la vida privada y la protecci\u00f3n de los datos de car\u00e1cter personal, en cumplimiento de las disposiciones aplicables y, en particular, del Reglamento europeo 2016\/679 de 27 de abril de 2016 y de la Ley n.\u00ba 78-17 de 6 de enero de 1978, conocida como Ley Inform\u00e1tica y Libertades, y de cualquier ley o reglamento que la complete o sustituya. La presente pol\u00edtica de protecci\u00f3n de datos personales tiene por objeto informarle sobre la forma en que la empresa trata los datos personales.<\/p>\t\t\t\t\t\t\t\t<\/div>\n\t\t\t\t<\/div>\n\t\t\t\t\t<\/div>\n\t\t<\/div>\n\t\t\t\t\t<\/div>\n\t\t<\/section>\n\t\t\t\t<section class=\"elementor-section elementor-top-section elementor-element elementor-element-143ca8f3 elementor-section-boxed elementor-section-height-default elementor-section-height-default\" data-id=\"143ca8f3\" data-element_type=\"section\" data-e-type=\"section\">\n\t\t\t\t\t\t<div class=\"elementor-container elementor-column-gap-default\">\n\t\t\t\t\t<div class=\"elementor-column elementor-col-100 elementor-top-column elementor-element elementor-element-37385692\" data-id=\"37385692\" data-element_type=\"column\" data-e-type=\"column\">\n\t\t\t<div class=\"elementor-widget-wrap elementor-element-populated\">\n\t\t\t\t\t\t<div class=\"elementor-element elementor-element-e8016ef elementor-widget elementor-widget-heading\" data-id=\"e8016ef\" data-element_type=\"widget\" data-e-type=\"widget\" data-widget_type=\"heading.default\">\n\t\t\t\t<div class=\"elementor-widget-container\">\n\t\t\t\t\t<h2 class=\"elementor-heading-title elementor-size-default\">Art\u00edculo 1 - Protecci\u00f3n de datos personales<\/h2>\t\t\t\t<\/div>\n\t\t\t\t<\/div>\n\t\t\t\t<div class=\"elementor-element elementor-element-271e8b19 elementor-widget elementor-widget-text-editor\" data-id=\"271e8b19\" data-element_type=\"widget\" data-e-type=\"widget\" data-widget_type=\"text-editor.default\">\n\t\t\t\t<div class=\"elementor-widget-container\">\n\t\t\t\t\t\t\t\t\t\n<h3 class=\"wp-block-heading\">1.1 Recogida de datos personales<\/h3>\n<p>En este sitio se recogen los siguientes datos personales:<\/p>\n<p><b>Abrir una cuenta<\/b><\/p>\n<p>Cuando se crea la cuenta del usuario, se registran sus apellidos, nombre, direcci\u00f3n de correo electr\u00f3nico y fecha de nacimiento.<\/p>\n<p><b>Conexi\u00f3n<\/b><\/p>\n<p>Cuando los usuarios se conectan al sitio, se registran sus apellidos, nombres, datos de conexi\u00f3n, datos de uso, datos de localizaci\u00f3n y datos de pago.<\/p>\n<p><b>Perfil<\/b><\/p>\n<p>Cuando utilice los servicios ofrecidos en el sitio, se le pedir\u00e1 que rellene un perfil, que puede incluir una direcci\u00f3n y un n\u00famero de tel\u00e9fono.<\/p>\n<p><b>Pago<\/b><\/p>\n<p>Como parte del proceso de pago de los productos y servicios ofrecidos en el sitio, \u00e9ste registra datos financieros relativos a la cuenta bancaria o tarjeta de cr\u00e9dito del usuario.<\/p>\n<p><b>Comunicaci\u00f3n<\/b><\/p>\n<p>Cuando el sitio se utiliza para comunicarse con otros miembros, los datos relativos a las comunicaciones de los usuarios se almacenan temporalmente.<\/p>\n<p><b>Cookies<\/b><\/p>\n<p>Las cookies se utilizan como parte del uso del sitio. Los usuarios pueden desactivar las cookies mediante la configuraci\u00f3n de su navegador.<\/p>\n<h3>1.2 Utilizaci\u00f3n de datos personales<\/h3>\n<p>Los datos personales recogidos de los usuarios se utilizan para proporcionar y mejorar los servicios del sitio y para mantener un entorno seguro. M\u00e1s concretamente, se utilizan para los siguientes fines<\/p>\n<p>acceso y utilizaci\u00f3n del sitio por el usuario ;<\/p>\n<p>gesti\u00f3n de las operaciones y optimizaci\u00f3n de las instalaciones;<\/p>\n<p>organizaci\u00f3n de las condiciones de utilizaci\u00f3n de los servicios de pago ;<\/p>\n<p>verificaci\u00f3n, identificaci\u00f3n y autenticaci\u00f3n de los datos transmitidos por el usuario ;<\/p>\n<p>ofrecer al usuario la posibilidad de comunicarse con otros usuarios del sitio;<\/p>\n<p>aplicaci\u00f3n de la asistencia al usuario ;<\/p>\n<p>personalizar los servicios mostrando anuncios basados en el historial de navegaci\u00f3n y las preferencias del usuario;<\/p>\n<p>prevenci\u00f3n y detecci\u00f3n de fraudes, software malicioso y gesti\u00f3n de incidentes de seguridad;<\/p>\n<p>gestionar los posibles litigios con los usuarios;<\/p>\n<p>env\u00edo de informaci\u00f3n comercial y publicitaria basada en las preferencias del usuario.<\/p>\n<h3>1.3 Compartir datos personales con terceros<\/h3>\n<p>Los datos personales pueden compartirse con terceras empresas en los siguientes casos:<\/p>\n<p>cuando el usuario utiliza servicios de pago, el sitio web trabaja con terceras empresas bancarias y financieras con las que ha firmado contratos para implementar estos servicios;<\/p>\n<p>cuando el usuario publique informaci\u00f3n accesible al p\u00fablico en las zonas de comentarios libres del sitio;<\/p>\n<p>cuando el usuario autoriza al sitio web de un tercero a acceder a sus datos;<\/p>\n<p>cuando el sitio utiliza los servicios de proveedores de servicios para prestar servicios de asistencia al usuario, publicidad y pago. Estos proveedores de servicios tienen acceso limitado a los datos del usuario a efectos de la prestaci\u00f3n de estos servicios, y est\u00e1n obligados contractualmente a utilizarlos de conformidad con lo dispuesto en la normativa aplicable en materia de protecci\u00f3n de datos personales;<\/p>\n<p>si as\u00ed lo exige la ley, el sitio podr\u00e1 transmitir datos para el seguimiento de reclamaciones contra el sitio y para el cumplimiento de procedimientos administrativos y judiciales;<\/p>\n<p>si el sitio participa en una fusi\u00f3n, adquisici\u00f3n, transferencia de activos o suspensi\u00f3n de pagos, puede verse obligado a transferir o compartir la totalidad o parte de sus activos, incluidos los datos personales. En tal caso, se informar\u00e1 a los usuarios antes de transferir datos personales a terceros.<\/p>\n<h3>1.4 Transferencia de datos personales<\/h3>\n<p>Debido a la organizaci\u00f3n de la empresa responsable del sitio, dentro de un grupo internacional, el usuario autoriza al sitio a transferir, almacenar y procesar su informaci\u00f3n en la Uni\u00f3n Europea.<\/p>\n<h3>1.5 Seguridad y confidencialidad<\/h3>\n<p>El sitio aplica medidas de seguridad organizativas, t\u00e9cnicas, inform\u00e1ticas y f\u00edsicas digitales para proteger los datos personales contra la alteraci\u00f3n, la destrucci\u00f3n y el acceso no autorizado. No obstante, debe tenerse en cuenta que Internet no es un entorno completamente seguro y que el sitio no puede garantizar la seguridad de la transmisi\u00f3n o el almacenamiento de informaci\u00f3n en Internet.<code><\/code><\/p>\n\t\t\t\t\t\t\t\t<\/div>\n\t\t\t\t<\/div>\n\t\t\t\t<div class=\"elementor-element elementor-element-21da63a elementor-widget elementor-widget-shortcode\" data-id=\"21da63a\" data-element_type=\"widget\" data-e-type=\"widget\" data-widget_type=\"shortcode.default\">\n\t\t\t\t<div class=\"elementor-widget-container\">\n\t\t\t\t\t\t\t<div class=\"elementor-shortcode\"><p id=\"matomo_opted_out_intro\" style=\"display:none;\">Opt-out completo; sus visitas a este sitio web no ser\u00e1n registradas por la herramienta Web Analytics. Tenga en cuenta que si borra las cookies, elimina la cookie de inhabilitaci\u00f3n o cambia de ordenador o de navegador, tendr\u00e1 que volver a realizar el procedimiento de inhabilitaci\u00f3n.<\/p><p id=\"matomo_opted_in_intro\" >Usted puede elegir evitar que este sitio web agregue y analice las acciones que usted realiza aqu\u00ed. Si lo hace, proteger\u00e1 su privacidad, pero tambi\u00e9n evitar\u00e1 que el propietario aprenda de sus acciones y cree una mejor experiencia para usted y otros usuarios.<\/p><form action=\"\">\n        <input type=\"checkbox\" id=\"matomo_optout_checkbox\" checked=\"checked\"\/>\n        <label for=\"matomo_optout_checkbox\"><strong>\n        <span id=\"matomo_opted_in_label\" >No est\u00e1 excluido. Desmarque esta casilla para excluirse.<\/span>\n\t\t<span id=\"matomo_opted_out_label\" style=\"display:none;\">Actualmente est\u00e1 excluido. Marque esta casilla para darse de alta.<\/span>\n        <\/strong><\/label><input type=\"hidden\" name=\"trp-form-language\" value=\"es\"\/><\/form><noscript><p><strong style=\"color: #ff0000;\">Esta funci\u00f3n de exclusi\u00f3n requiere JavaScript.<\/strong><\/p><\/noscript><p id=\"matomo_outout_err_cookies\" style=\"display: none;\"><strong>La funci\u00f3n de inhabilitaci\u00f3n del seguimiento requiere que las cookies est\u00e9n activadas.<\/strong><\/p><\/div>\n\t\t\t\t\t\t<\/div>\n\t\t\t\t<\/div>\n\t\t\t\t<div class=\"elementor-element elementor-element-d7e1ff6 elementor-widget elementor-widget-text-editor\" data-id=\"d7e1ff6\" data-element_type=\"widget\" data-e-type=\"widget\" data-widget_type=\"text-editor.default\">\n\t\t\t\t<div class=\"elementor-widget-container\">\n\t\t\t\t\t\t\t\t\t<h3>1.6 Aplicaci\u00f3n de los derechos de los usuarios<\/h3>\n<p>De conformidad con la normativa aplicable a los datos personales, los usuarios tienen los siguientes derechos:<\/p>\n<p>Pueden actualizar o eliminar sus datos personales accediendo a su cuenta y configurando los ajustes de la misma;<\/p>\n<p>pueden eliminar su cuenta escribiendo a la siguiente direcci\u00f3n de correo electr\u00f3nico: contact@ragwinn.com. Tenga en cuenta que la informaci\u00f3n compartida con otros usuarios, como las publicaciones en foros, puede seguir siendo visible para el p\u00fablico en el sitio, incluso despu\u00e9s de haber eliminado su cuenta;<\/p>\n<p>pueden ejercer su derecho de acceso a sus datos personales escribiendo a la siguiente direcci\u00f3n de correo electr\u00f3nico: contact@ragwinn.com. En este caso, antes de ejercer este derecho, el sitio podr\u00e1 solicitar una prueba de la identidad del usuario con el fin de verificar su exactitud;<\/p>\n<p>si los datos personales que obran en su poder son inexactos, podr\u00e1n solicitar su actualizaci\u00f3n escribiendo a la siguiente direcci\u00f3n de correo electr\u00f3nico: contact@ragwinn.com<\/p>\n<p>los usuarios pueden solicitar la supresi\u00f3n de sus datos personales, de conformidad con la legislaci\u00f3n aplicable en materia de protecci\u00f3n de datos, escribiendo a la siguiente direcci\u00f3n de correo electr\u00f3nico: contact@ragwinn.com<\/p>\n<h3>1.7 Evoluci\u00f3n de esta cl\u00e1usula<\/h3>\n<p>El sitio se reserva el derecho de modificar en cualquier momento la presente cl\u00e1usula relativa a la protecci\u00f3n de datos personales. En caso de modificaci\u00f3n de la presente cl\u00e1usula de protecci\u00f3n de datos personales, el sitio se compromete a publicar la nueva versi\u00f3n en su sitio. Asimismo, el sitio informar\u00e1 a los usuarios de la modificaci\u00f3n por correo electr\u00f3nico al menos 15 d\u00edas antes de la fecha de entrada en vigor. Si el usuario no est\u00e1 de acuerdo con los t\u00e9rminos de la nueva redacci\u00f3n de la cl\u00e1usula de protecci\u00f3n de datos personales, podr\u00e1 eliminar su cuenta.<\/p>\t\t\t\t\t\t\t\t<\/div>\n\t\t\t\t<\/div>\n\t\t\t\t\t<\/div>\n\t\t<\/div>\n\t\t\t\t\t<\/div>\n\t\t<\/section>\n\t\t\t\t<\/div>","protected":false},"excerpt":{"rendered":"<p>Politique de protection des donn\u00e9es L&rsquo;administrateur SARL IVERN du site Ragwinn.com prend au s\u00e9rieux le respect de la vie priv\u00e9e et la protection des donn\u00e9es \u00e0 caract\u00e8re personnel dans le respect des dispositions applicables et notamment du R\u00e8glement Europ\u00e9en 2016\/679 du 27 avril 2016 et la loi n\u00b078-17 du 6 janvier 1978 dite loi Informatique [&hellip;]<\/p>\n","protected":false},"author":1,"featured_media":0,"parent":0,"menu_order":0,"comment_status":"closed","ping_status":"open","template":"","meta":{"ocean_post_layout":"","ocean_both_sidebars_style":"","ocean_both_sidebars_content_width":0,"ocean_both_sidebars_sidebars_width":0,"ocean_sidebar":"","ocean_second_sidebar":"","ocean_disable_margins":"enable","ocean_add_body_class":"","ocean_shortcode_before_top_bar":"","ocean_shortcode_after_top_bar":"","ocean_shortcode_before_header":"","ocean_shortcode_after_header":"","ocean_has_shortcode":"","ocean_shortcode_after_title":"","ocean_shortcode_before_footer_widgets":"","ocean_shortcode_after_footer_widgets":"","ocean_shortcode_before_footer_bottom":"","ocean_shortcode_after_footer_bottom":"","ocean_display_top_bar":"default","ocean_display_header":"default","ocean_header_style":"","ocean_center_header_left_menu":"","ocean_custom_header_template":"","ocean_custom_logo":0,"ocean_custom_retina_logo":0,"ocean_custom_logo_max_width":0,"ocean_custom_logo_tablet_max_width":0,"ocean_custom_logo_mobile_max_width":0,"ocean_custom_logo_max_height":0,"ocean_custom_logo_tablet_max_height":0,"ocean_custom_logo_mobile_max_height":0,"ocean_header_custom_menu":"","ocean_menu_typo_font_family":"","ocean_menu_typo_font_subset":"","ocean_menu_typo_font_size":0,"ocean_menu_typo_font_size_tablet":0,"ocean_menu_typo_font_size_mobile":0,"ocean_menu_typo_font_size_unit":"px","ocean_menu_typo_font_weight":"","ocean_menu_typo_font_weight_tablet":"","ocean_menu_typo_font_weight_mobile":"","ocean_menu_typo_transform":"","ocean_menu_typo_transform_tablet":"","ocean_menu_typo_transform_mobile":"","ocean_menu_typo_line_height":0,"ocean_menu_typo_line_height_tablet":0,"ocean_menu_typo_line_height_mobile":0,"ocean_menu_typo_line_height_unit":"","ocean_menu_typo_spacing":0,"ocean_menu_typo_spacing_tablet":0,"ocean_menu_typo_spacing_mobile":0,"ocean_menu_typo_spacing_unit":"","ocean_menu_link_color":"","ocean_menu_link_color_hover":"","ocean_menu_link_color_active":"","ocean_menu_link_background":"","ocean_menu_link_hover_background":"","ocean_menu_link_active_background":"","ocean_menu_social_links_bg":"","ocean_menu_social_hover_links_bg":"","ocean_menu_social_links_color":"","ocean_menu_social_hover_links_color":"","ocean_disable_title":"default","ocean_disable_heading":"default","ocean_post_title":"","ocean_post_subheading":"","ocean_post_title_style":"","ocean_post_title_background_color":"","ocean_post_title_background":0,"ocean_post_title_bg_image_position":"","ocean_post_title_bg_image_attachment":"","ocean_post_title_bg_image_repeat":"","ocean_post_title_bg_image_size":"","ocean_post_title_height":0,"ocean_post_title_bg_overlay":0.5,"ocean_post_title_bg_overlay_color":"","ocean_disable_breadcrumbs":"default","ocean_breadcrumbs_color":"","ocean_breadcrumbs_separator_color":"","ocean_breadcrumbs_links_color":"","ocean_breadcrumbs_links_hover_color":"","ocean_display_footer_widgets":"default","ocean_display_footer_bottom":"default","ocean_custom_footer_template":"","footnotes":""},"class_list":["post-3","page","type-page","status-publish","hentry","entry","owp-thumbs-layout-horizontal","owp-btn-big","owp-tabs-layout-horizontal","has-no-thumbnails"],"_links":{"self":[{"href":"https:\/\/ragwinn.com\/es\/wp-json\/wp\/v2\/pages\/3","targetHints":{"allow":["GET"]}}],"collection":[{"href":"https:\/\/ragwinn.com\/es\/wp-json\/wp\/v2\/pages"}],"about":[{"href":"https:\/\/ragwinn.com\/es\/wp-json\/wp\/v2\/types\/page"}],"author":[{"embeddable":true,"href":"https:\/\/ragwinn.com\/es\/wp-json\/wp\/v2\/users\/1"}],"replies":[{"embeddable":true,"href":"https:\/\/ragwinn.com\/es\/wp-json\/wp\/v2\/comments?post=3"}],"version-history":[{"count":0,"href":"https:\/\/ragwinn.com\/es\/wp-json\/wp\/v2\/pages\/3\/revisions"}],"wp:attachment":[{"href":"https:\/\/ragwinn.com\/es\/wp-json\/wp\/v2\/media?parent=3"}],"curies":[{"name":"wp","href":"https:\/\/api.w.org\/{rel}","templated":true}]}}