{"id":3,"date":"2023-12-02T17:26:16","date_gmt":"2023-12-02T16:26:16","guid":{"rendered":"http:\/\/ragwinn.com\/?page_id=3"},"modified":"2025-02-28T14:45:52","modified_gmt":"2025-02-28T13:45:52","slug":"privacy-policy","status":"publish","type":"page","link":"https:\/\/ragwinn.com\/en\/politique-de-confidentialite","title":{"rendered":"Privacy policy"},"content":{"rendered":"<div data-elementor-type=\"wp-page\" data-elementor-id=\"3\" class=\"elementor elementor-3\">\n\t\t\t\t\t\t<section class=\"elementor-section elementor-top-section elementor-element elementor-element-0e0592a elementor-section-boxed elementor-section-height-default elementor-section-height-default\" data-id=\"0e0592a\" data-element_type=\"section\" data-e-type=\"section\">\n\t\t\t\t\t\t<div class=\"elementor-container elementor-column-gap-default\">\n\t\t\t\t\t<div class=\"elementor-column elementor-col-100 elementor-top-column elementor-element elementor-element-f89a129\" data-id=\"f89a129\" data-element_type=\"column\" data-e-type=\"column\">\n\t\t\t<div class=\"elementor-widget-wrap elementor-element-populated\">\n\t\t\t\t\t\t<div class=\"elementor-element elementor-element-e36f608 elementor-widget elementor-widget-heading\" data-id=\"e36f608\" data-element_type=\"widget\" data-e-type=\"widget\" data-widget_type=\"heading.default\">\n\t\t\t\t<div class=\"elementor-widget-container\">\n\t\t\t\t\t<h1 class=\"elementor-heading-title elementor-size-default\">Data protection policy<\/h1>\t\t\t\t<\/div>\n\t\t\t\t<\/div>\n\t\t\t\t\t<\/div>\n\t\t<\/div>\n\t\t\t\t\t<\/div>\n\t\t<\/section>\n\t\t\t\t<section class=\"elementor-section elementor-top-section elementor-element elementor-element-01761f7 elementor-section-boxed elementor-section-height-default elementor-section-height-default\" data-id=\"01761f7\" data-element_type=\"section\" data-e-type=\"section\">\n\t\t\t\t\t\t<div class=\"elementor-container elementor-column-gap-default\">\n\t\t\t\t\t<div class=\"elementor-column elementor-col-100 elementor-top-column elementor-element elementor-element-c4f8a19\" data-id=\"c4f8a19\" data-element_type=\"column\" data-e-type=\"column\">\n\t\t\t<div class=\"elementor-widget-wrap elementor-element-populated\">\n\t\t\t\t\t\t<div class=\"elementor-element elementor-element-e3d2bf3 elementor-widget elementor-widget-text-editor\" data-id=\"e3d2bf3\" data-element_type=\"widget\" data-e-type=\"widget\" data-widget_type=\"text-editor.default\">\n\t\t\t\t<div class=\"elementor-widget-container\">\n\t\t\t\t\t\t\t\t\t<p>The administrator SARL IVERN of the Ragwinn.com website takes seriously the respect of privacy and the protection of personal data in compliance with the applicable provisions and in particular the European Regulation 2016\/679 of April 27, 2016 and the law n\u00b078-17 of January 6, 1978 known as the Data Protection Act and any law or regulation that would supplement or replace it. The purpose of this personal data protection policy is to inform you about how the company handles personal data.<\/p>\t\t\t\t\t\t\t\t<\/div>\n\t\t\t\t<\/div>\n\t\t\t\t\t<\/div>\n\t\t<\/div>\n\t\t\t\t\t<\/div>\n\t\t<\/section>\n\t\t\t\t<section class=\"elementor-section elementor-top-section elementor-element elementor-element-143ca8f3 elementor-section-boxed elementor-section-height-default elementor-section-height-default\" data-id=\"143ca8f3\" data-element_type=\"section\" data-e-type=\"section\">\n\t\t\t\t\t\t<div class=\"elementor-container elementor-column-gap-default\">\n\t\t\t\t\t<div class=\"elementor-column elementor-col-100 elementor-top-column elementor-element elementor-element-37385692\" data-id=\"37385692\" data-element_type=\"column\" data-e-type=\"column\">\n\t\t\t<div class=\"elementor-widget-wrap elementor-element-populated\">\n\t\t\t\t\t\t<div class=\"elementor-element elementor-element-e8016ef elementor-widget elementor-widget-heading\" data-id=\"e8016ef\" data-element_type=\"widget\" data-e-type=\"widget\" data-widget_type=\"heading.default\">\n\t\t\t\t<div class=\"elementor-widget-container\">\n\t\t\t\t\t<h2 class=\"elementor-heading-title elementor-size-default\">Article 1 - Protection of personal data<\/h2>\t\t\t\t<\/div>\n\t\t\t\t<\/div>\n\t\t\t\t<div class=\"elementor-element elementor-element-271e8b19 elementor-widget elementor-widget-text-editor\" data-id=\"271e8b19\" data-element_type=\"widget\" data-e-type=\"widget\" data-widget_type=\"text-editor.default\">\n\t\t\t\t<div class=\"elementor-widget-container\">\n\t\t\t\t\t\t\t\t\t\n<h3 class=\"wp-block-heading\">1.1 Collection of personal data<\/h3>\n<p>The personal data collected on this site are as follows:<\/p>\n<p><b>Opening an account<\/b><\/p>\n<p>When a user's account is created, his or her surname, first name, e-mail address and date of birth.<\/p>\n<p><b>Connection<\/b><\/p>\n<p>When the user connects to the site, it records his or her surname, first name, connection data, usage data, location data and payment data.<\/p>\n<p><b>Profile<\/b><\/p>\n<p>When you use the services provided on the site, you can fill in a profile, which may include an address and telephone number.<\/p>\n<p><b>Payment<\/b><\/p>\n<p>In the context of payment for products and services offered on the site, the latter records financial data relating to the user's bank account or credit card.<\/p>\n<p><b>Communication<\/b><\/p>\n<p>When the site is used to communicate with other members, data concerning the user's communications is stored temporarily.<\/p>\n<p><b>Cookies<\/b><\/p>\n<p>Cookies are used for the use of the site. Users can deactivate cookies via their browser settings.<\/p>\n<h3>1.2 Use of personal data<\/h3>\n<p>The personal data collected from users is used to provide and improve the site's services and to maintain a secure environment. More specifically, it is used for the following purposes:<\/p>\n<p>access and use of the site by the user ;<\/p>\n<p>site operation and optimization ;<\/p>\n<p>organization of conditions for the use of payment services ;<\/p>\n<p>verification, identification and authentication of data transmitted by the user ;<\/p>\n<p>offer the user the possibility of communicating with other users of the site;<\/p>\n<p>implementation of user assistance ;<\/p>\n<p>personalize services by displaying advertisements based on the user's browsing history and preferences;<\/p>\n<p>prevention and detection of fraud, malware and security incident management ;<\/p>\n<p>management of any disputes with users ;<\/p>\n<p>sending commercial and advertising information, according to the user's preferences.<\/p>\n<h3>1.3 Sharing personal data with third parties<\/h3>\n<p>Personal data may be shared with third-party companies in the following cases:<\/p>\n<p>when the user uses payment services, the site works with third-party banking and financial companies with which it has signed contracts;<\/p>\n<p>when the user publishes information accessible to the public in the free comment areas of the site;<\/p>\n<p>when the user authorizes a third-party website to access his\/her data;<\/p>\n<p>when the site uses the services of service providers to provide user support, advertising and payment services. These service providers have limited access to user data for the purposes of providing these services, and are contractually obliged to use it in accordance with the provisions of the applicable regulations on the protection of personal data;<\/p>\n<p>if required by law, the site may transmit data in order to follow up on claims made against the site and to comply with administrative and legal procedures;<\/p>\n<p>if the site is involved in a merger, acquisition, sale of assets or receivership, it may be required to sell or share all or part of its assets, including personal data. In this case, users will be informed before any personal data is transferred to a third party.<\/p>\n<h3>1.4 Transfer of personal data<\/h3>\n<p>Due to the organization of the company responsible for the site, within an international group, the user authorizes the site to transfer, store and process his\/her information in the European Union.<\/p>\n<h3>1.5 Security and confidentiality<\/h3>\n<p>The site implements organizational, technical, software and physical digital security measures to protect personal data against alteration, destruction and unauthorized access. However, it should be noted that the Internet is not a completely secure environment, and the site cannot guarantee the security of data transmission or storage over the Internet.<code><\/code><\/p>\n\t\t\t\t\t\t\t\t<\/div>\n\t\t\t\t<\/div>\n\t\t\t\t<div class=\"elementor-element elementor-element-21da63a elementor-widget elementor-widget-shortcode\" data-id=\"21da63a\" data-element_type=\"widget\" data-e-type=\"widget\" data-widget_type=\"shortcode.default\">\n\t\t\t\t<div class=\"elementor-widget-container\">\n\t\t\t\t\t\t\t<div class=\"elementor-shortcode\"><p id=\"matomo_opted_out_intro\" style=\"display:none;\">Opt-out complete; your visits to this website will not be recorded by the Web Analytics tool. Note that if you clear your cookies, delete the opt-out cookie, or if you change computers or Web browsers, you will need to perform the opt-out procedure again.<\/p><p id=\"matomo_opted_in_intro\" >You may choose to prevent this website from aggregating and analyzing the actions you take here. Doing so will protect your privacy, but will also prevent the owner from learning from your actions and creating a better experience for you and other users.<\/p><form action=\"\">\n        <input type=\"checkbox\" id=\"matomo_optout_checkbox\" checked=\"checked\"\/>\n        <label for=\"matomo_optout_checkbox\"><strong>\n        <span id=\"matomo_opted_in_label\" >You are not opted out. Uncheck this box to opt-out.<\/span>\n\t\t<span id=\"matomo_opted_out_label\" style=\"display:none;\">You are currently opted out. Check this box to opt-in.<\/span>\n        <\/strong><\/label><input type=\"hidden\" name=\"trp-form-language\" value=\"en\"\/><\/form><noscript><p><strong style=\"color: #ff0000;\">This opt out feature requires JavaScript.<\/strong><\/p><\/noscript><p id=\"matomo_outout_err_cookies\" style=\"display: none;\"><strong>The tracking opt-out feature requires cookies to be enabled.<\/strong><\/p><\/div>\n\t\t\t\t\t\t<\/div>\n\t\t\t\t<\/div>\n\t\t\t\t<div class=\"elementor-element elementor-element-d7e1ff6 elementor-widget elementor-widget-text-editor\" data-id=\"d7e1ff6\" data-element_type=\"widget\" data-e-type=\"widget\" data-widget_type=\"text-editor.default\">\n\t\t\t\t<div class=\"elementor-widget-container\">\n\t\t\t\t\t\t\t\t\t<h3>1.6 Implementing user rights<\/h3>\n<p>Pursuant to the regulations applicable to personal data, users have the following rights:<\/p>\n<p>They can update or delete their personal data by logging into their account and configuring its settings;<\/p>\n<p>they can delete their account by writing to the following e-mail address: contact@ragwinn.com. Please note that information shared with other users, such as forum postings, may remain publicly visible on the site, even after their account has been deleted;<\/p>\n<p>they may exercise their right of access to their personal data by writing to the following e-mail address: contact@ragwinn.com. In this case, before exercising this right, the site may request proof of the user's identity in order to verify its accuracy;<\/p>\n<p>if the personal data held by the site is inaccurate, they may request that the information be updated, by writing to the following e-mail address: contact@ragwinn.com<\/p>\n<p>users may request the deletion of their personal data, in accordance with applicable data protection laws, by writing to the following e-mail address: contact@ragwinn.com<\/p>\n<h3>1.7 Evolution of this clause<\/h3>\n<p>The site reserves the right to modify the present personal data protection clause at any time. If a modification is made to the present personal data protection clause, the site undertakes to publish the new version on its site. The site will also inform users of the modification by e-mail, at least 15 days before the effective date. If the user does not agree with the terms of the new wording of the personal data protection clause, he\/she may delete his\/her account.<\/p>\t\t\t\t\t\t\t\t<\/div>\n\t\t\t\t<\/div>\n\t\t\t\t\t<\/div>\n\t\t<\/div>\n\t\t\t\t\t<\/div>\n\t\t<\/section>\n\t\t\t\t<\/div>","protected":false},"excerpt":{"rendered":"<p>Politique de protection des donn\u00e9es L&rsquo;administrateur SARL IVERN du site Ragwinn.com prend au s\u00e9rieux le respect de la vie priv\u00e9e et la protection des donn\u00e9es \u00e0 caract\u00e8re personnel dans le respect des dispositions applicables et notamment du R\u00e8glement Europ\u00e9en 2016\/679 du 27 avril 2016 et la loi n\u00b078-17 du 6 janvier 1978 dite loi Informatique [&hellip;]<\/p>\n","protected":false},"author":1,"featured_media":0,"parent":0,"menu_order":0,"comment_status":"closed","ping_status":"open","template":"","meta":{"ocean_post_layout":"","ocean_both_sidebars_style":"","ocean_both_sidebars_content_width":0,"ocean_both_sidebars_sidebars_width":0,"ocean_sidebar":"","ocean_second_sidebar":"","ocean_disable_margins":"enable","ocean_add_body_class":"","ocean_shortcode_before_top_bar":"","ocean_shortcode_after_top_bar":"","ocean_shortcode_before_header":"","ocean_shortcode_after_header":"","ocean_has_shortcode":"","ocean_shortcode_after_title":"","ocean_shortcode_before_footer_widgets":"","ocean_shortcode_after_footer_widgets":"","ocean_shortcode_before_footer_bottom":"","ocean_shortcode_after_footer_bottom":"","ocean_display_top_bar":"default","ocean_display_header":"default","ocean_header_style":"","ocean_center_header_left_menu":"","ocean_custom_header_template":"","ocean_custom_logo":0,"ocean_custom_retina_logo":0,"ocean_custom_logo_max_width":0,"ocean_custom_logo_tablet_max_width":0,"ocean_custom_logo_mobile_max_width":0,"ocean_custom_logo_max_height":0,"ocean_custom_logo_tablet_max_height":0,"ocean_custom_logo_mobile_max_height":0,"ocean_header_custom_menu":"","ocean_menu_typo_font_family":"","ocean_menu_typo_font_subset":"","ocean_menu_typo_font_size":0,"ocean_menu_typo_font_size_tablet":0,"ocean_menu_typo_font_size_mobile":0,"ocean_menu_typo_font_size_unit":"px","ocean_menu_typo_font_weight":"","ocean_menu_typo_font_weight_tablet":"","ocean_menu_typo_font_weight_mobile":"","ocean_menu_typo_transform":"","ocean_menu_typo_transform_tablet":"","ocean_menu_typo_transform_mobile":"","ocean_menu_typo_line_height":0,"ocean_menu_typo_line_height_tablet":0,"ocean_menu_typo_line_height_mobile":0,"ocean_menu_typo_line_height_unit":"","ocean_menu_typo_spacing":0,"ocean_menu_typo_spacing_tablet":0,"ocean_menu_typo_spacing_mobile":0,"ocean_menu_typo_spacing_unit":"","ocean_menu_link_color":"","ocean_menu_link_color_hover":"","ocean_menu_link_color_active":"","ocean_menu_link_background":"","ocean_menu_link_hover_background":"","ocean_menu_link_active_background":"","ocean_menu_social_links_bg":"","ocean_menu_social_hover_links_bg":"","ocean_menu_social_links_color":"","ocean_menu_social_hover_links_color":"","ocean_disable_title":"default","ocean_disable_heading":"default","ocean_post_title":"","ocean_post_subheading":"","ocean_post_title_style":"","ocean_post_title_background_color":"","ocean_post_title_background":0,"ocean_post_title_bg_image_position":"","ocean_post_title_bg_image_attachment":"","ocean_post_title_bg_image_repeat":"","ocean_post_title_bg_image_size":"","ocean_post_title_height":0,"ocean_post_title_bg_overlay":0.5,"ocean_post_title_bg_overlay_color":"","ocean_disable_breadcrumbs":"default","ocean_breadcrumbs_color":"","ocean_breadcrumbs_separator_color":"","ocean_breadcrumbs_links_color":"","ocean_breadcrumbs_links_hover_color":"","ocean_display_footer_widgets":"default","ocean_display_footer_bottom":"default","ocean_custom_footer_template":"","footnotes":""},"class_list":["post-3","page","type-page","status-publish","hentry","entry","owp-thumbs-layout-horizontal","owp-btn-big","owp-tabs-layout-horizontal","has-no-thumbnails"],"_links":{"self":[{"href":"https:\/\/ragwinn.com\/en\/wp-json\/wp\/v2\/pages\/3","targetHints":{"allow":["GET"]}}],"collection":[{"href":"https:\/\/ragwinn.com\/en\/wp-json\/wp\/v2\/pages"}],"about":[{"href":"https:\/\/ragwinn.com\/en\/wp-json\/wp\/v2\/types\/page"}],"author":[{"embeddable":true,"href":"https:\/\/ragwinn.com\/en\/wp-json\/wp\/v2\/users\/1"}],"replies":[{"embeddable":true,"href":"https:\/\/ragwinn.com\/en\/wp-json\/wp\/v2\/comments?post=3"}],"version-history":[{"count":0,"href":"https:\/\/ragwinn.com\/en\/wp-json\/wp\/v2\/pages\/3\/revisions"}],"wp:attachment":[{"href":"https:\/\/ragwinn.com\/en\/wp-json\/wp\/v2\/media?parent=3"}],"curies":[{"name":"wp","href":"https:\/\/api.w.org\/{rel}","templated":true}]}}