{"id":904,"date":"2024-04-09T18:14:34","date_gmt":"2024-04-09T16:14:34","guid":{"rendered":"https:\/\/ragwinn.com\/?post_type=product&#038;p=904"},"modified":"2026-05-04T19:36:28","modified_gmt":"2026-05-04T17:36:28","slug":"magwell-hk416-f-accessoire","status":"publish","type":"product","link":"https:\/\/ragwinn.com\/de_ch\/produit\/magwell-hk416-f-accessoire","title":{"rendered":"Magwell HK416 F"},"content":{"rendered":"<h1 style=\"text-align: center;\"><strong>Magwell HK416 F<br \/>\n<\/strong><\/h1>\n<h2 style=\"text-align: center;\"><strong>\u00a0\" <span style=\"text-decoration: underline;\">Augmentez votre vitesse de rechargement avec le magwell HK416<\/span><\/strong><strong> \"\u00a0<\/strong><em><strong><br \/>\n<\/strong><\/em><\/h2>\n<p>Con\u00e7u pour le HK416 F-S\/F-C de l\u2019Arm\u00e9e Fran\u00e7aise.<\/p>\n<p>Le magwell HK416 permet un rechargement rapide pour une grande efficacit\u00e9, m\u00eame dans les conditions les plus difficiles.<br \/>\nAvec son angle d&rsquo;insertion sp\u00e9cialement \u00e9tudi\u00e9 cet accessoire guidera votre chargeur directement dans le puit de votre arme.<\/p>\n<h2 style=\"text-align: center;\"><strong>Pourquoi choisir notre magwell HK416 ?<\/strong><\/h2>\n<ul>\n<li><strong>Verbesserte Nachladegeschwindigkeit<\/strong> : Gr\u00e2ce \u00e0 ses 90 degr\u00e9s d&rsquo;angle \u00e0 l&rsquo;entr\u00e9e et son angle d\u2019insertion 250 % plus large que celui du puit de chargeur d\u2019origine, ce magwell HK 416 permet un rechargement acc\u00e9l\u00e9r\u00e9 et sans effort,<\/li>\n<li><strong>Entscheidende Zeitersparnis<\/strong> : Restez op\u00e9rationnel en rechargeant plus rapidement afin de reprendre le tir dans les plus brefs d\u00e9lais,<\/li>\n<li><strong>Optimale Kompatibilit\u00e4t<\/strong> : Fonctionne avec les chargeurs PMAG (Gen 2-3), STANAG, AMEND2 et autres,<\/li>\n<li><strong>Diskretion<\/strong> : Fabriqu\u00e9 dans un mat\u00e9riau sombre absorbant les rayons infrarouges IR, ce magwell garantit une discr\u00e9tion de jour comme de nuit, id\u00e9al pour chaque mission.<\/li>\n<\/ul>\n<p>&nbsp;<\/p>\n<h2 style=\"text-align: center;\"><strong>Un accessoire 416 pratique et durable<\/strong><\/h2>\n<ul>\n<li><strong>Schnelle und sichere Installation<\/strong> : La conception du magwell garantie une installation s\u00e9curis\u00e9e gr\u00e2ce \u00e0 deux vis inox (aucun risque de blocage du puit de chargeur suite \u00e0 un mouvement du magwell),<\/li>\n<li><strong>Au\u00dfergew\u00f6hnliche Robustheit<\/strong> : Hergestellt aus kohlefaserverst\u00e4rktem Nylon, widersteht es extremen Temperaturen (-50\u00b0C bis +160\u00b0C), heftigen St\u00f6\u00dfen sowie UV- und L\u00f6sungsmitteln,<\/li>\n<li><strong>Ergonomisch und beidh\u00e4ndig <\/strong>: Entwickelt f\u00fcr alle Nutzer, egal ob Rechts- oder Linksh\u00e4nder, mit einem kompakten und leichten Profil.<\/li>\n<\/ul>\n<p>&nbsp;<\/p>\n<h3 style=\"text-align: center;\"><strong>Ein anpassbares und \u00e4sthetisches Magwell<\/strong><\/h3>\n<ul>\n<li><strong>Tarnbar<\/strong> : Peignez votre magwell selon vos besoin,<\/li>\n<li><strong>Pers\u00f6nliche Anmeldung<\/strong> : Text, Logo oder andere Beschriftungen auf Anfrage. Machen Sie Ihre Ausr\u00fcstung zu einem Einzelst\u00fcck.<\/li>\n<\/ul>\n<p>&nbsp;<\/p>\n<h3 style=\"text-align: center;\"><strong>Von Fachleuten getestet und f\u00fcr gut befunden<\/strong><\/h3>\n<p>Ce magwell est test\u00e9 et approuv\u00e9 par des op\u00e9rateurs de r\u00e9giments sp\u00e9cialis\u00e9s et conventionnels. Il fait partie de la gamme Ragwinn Solutions, offrant des accessoires haut de gamme pour les professionnels les plus exigeants.<\/p>\n<p>&nbsp;<\/p>\n<h3 style=\"text-align: center;\"><strong>Technische Daten<\/strong><\/h3>\n<ul>\n<li><strong>Gewicht<\/strong> : <span class=\"NA6bn BxUVEf ILfuVd\" lang=\"en\"><span class=\"hgKElc pOOWX\">\u2264<\/span><\/span> 22g<\/li>\n<li><strong>Extreme Temperaturen<\/strong> : Best\u00e4ndig von -50\u00b0C bis +160\u00b0C<\/li>\n<li><strong>L\u00f6sungsmittel-, UV- und IR-Best\u00e4ndigkeit<\/strong> : Maximaler Schutz, egal in welcher Umgebung.<\/li>\n<\/ul>\n<p>&nbsp;<\/p>\n<h4 style=\"text-align: center;\"><span style=\"color: #ffffff;\"><strong>Ne laissez pas le hasard d\u00e9cider \u00e0 votre place et faites la diff\u00e9rence, commandez votre magwell d\u00e8s maintenant.<\/strong><\/span><\/h4>\n<hr \/>\n<p>Auch verf\u00fcgbar :<\/p>\n<ul>\n<li><a href=\"https:\/\/ragwinn.com\/de_ch\/produit\/magwell-hk-g95-hk-416-a7\/\" target=\"_blank\" rel=\"noopener\">Magwell HK G95<\/a>,<\/li>\n<li><a href=\"https:\/\/ragwinn.com\/de_ch\/produit\/magwellar15\/\" target=\"_blank\" rel=\"noopener\">Magwell AR15<\/a>.<\/li>\n<\/ul>\n<p>Le magwell 416 est aussi propos\u00e9 en pack Arm\u00e9e Fran\u00e7aise avec le <a href=\"https:\/\/ragwinn.com\/de_ch\/produit\/magwell-glock-17-45-34-gen-5\/\" target=\"_blank\" rel=\"noopener\">magwell Glock 17<\/a>.<\/p>\n<p>Entdecken Sie auch unsere <a href=\"https:\/\/ragwinn.com\/de_ch\/categorie-produit\/ragwinn-tactics\/\" target=\"_blank\" rel=\"noopener\">autres accessoires HK416 et AR15<\/a>.<\/p>\n<p>Plus d&rsquo;informations sur ce qu&rsquo;est un magwell <a href=\"https:\/\/crealib3d.com\/quest-ce-quun-magwell-et-pourquoi-en-utiliser\" target=\"_blank\" rel=\"noopener\">hier<\/a> (auf Franz\u00f6sisch) und <a href=\"https:\/\/www.anrkydexholsters.com\/what-is-a-magwell-why-do-they-matter\/\" target=\"_blank\" rel=\"noopener\">hier<\/a> (auf Englisch).<\/p>","protected":false},"excerpt":{"rendered":"<p style=\"padding-left: 40px;\">Magwell pour HK416 F et MR223 F.<br \/>\nCon\u00e7u pour le HK416 F-S\/F-C en dotation de l&rsquo;Arm\u00e9e Fran\u00e7aise.<br \/>\n\u2013 Patent angemeldet \u2013<\/p>","protected":false},"featured_media":4103,"comment_status":"open","ping_status":"closed","template":"","meta":{"ocean_post_layout":"","ocean_both_sidebars_style":"","ocean_both_sidebars_content_width":0,"ocean_both_sidebars_sidebars_width":0,"ocean_sidebar":"0","ocean_second_sidebar":"0","ocean_disable_margins":"enable","ocean_add_body_class":"","ocean_shortcode_before_top_bar":"","ocean_shortcode_after_top_bar":"","ocean_shortcode_before_header":"","ocean_shortcode_after_header":"","ocean_has_shortcode":"","ocean_shortcode_after_title":"","ocean_shortcode_before_footer_widgets":"","ocean_shortcode_after_footer_widgets":"","ocean_shortcode_before_footer_bottom":"","ocean_shortcode_after_footer_bottom":"","ocean_display_top_bar":"default","ocean_display_header":"default","ocean_header_style":"","ocean_center_header_left_menu":"0","ocean_custom_header_template":"0","ocean_custom_logo":0,"ocean_custom_retina_logo":0,"ocean_custom_logo_max_width":0,"ocean_custom_logo_tablet_max_width":0,"ocean_custom_logo_mobile_max_width":0,"ocean_custom_logo_max_height":0,"ocean_custom_logo_tablet_max_height":0,"ocean_custom_logo_mobile_max_height":0,"ocean_header_custom_menu":"0","ocean_menu_typo_font_family":"0","ocean_menu_typo_font_subset":"","ocean_menu_typo_font_size":0,"ocean_menu_typo_font_size_tablet":0,"ocean_menu_typo_font_size_mobile":0,"ocean_menu_typo_font_size_unit":"px","ocean_menu_typo_font_weight":"","ocean_menu_typo_font_weight_tablet":"","ocean_menu_typo_font_weight_mobile":"","ocean_menu_typo_transform":"","ocean_menu_typo_transform_tablet":"","ocean_menu_typo_transform_mobile":"","ocean_menu_typo_line_height":0,"ocean_menu_typo_line_height_tablet":0,"ocean_menu_typo_line_height_mobile":0,"ocean_menu_typo_line_height_unit":"","ocean_menu_typo_spacing":0,"ocean_menu_typo_spacing_tablet":0,"ocean_menu_typo_spacing_mobile":0,"ocean_menu_typo_spacing_unit":"","ocean_menu_link_color":"","ocean_menu_link_color_hover":"","ocean_menu_link_color_active":"","ocean_menu_link_background":"","ocean_menu_link_hover_background":"","ocean_menu_link_active_background":"","ocean_menu_social_links_bg":"","ocean_menu_social_hover_links_bg":"","ocean_menu_social_links_color":"","ocean_menu_social_hover_links_color":"","ocean_disable_title":"default","ocean_disable_heading":"default","ocean_post_title":"","ocean_post_subheading":"","ocean_post_title_style":"","ocean_post_title_background_color":"","ocean_post_title_background":0,"ocean_post_title_bg_image_position":"","ocean_post_title_bg_image_attachment":"","ocean_post_title_bg_image_repeat":"","ocean_post_title_bg_image_size":"","ocean_post_title_height":0,"ocean_post_title_bg_overlay":0.5,"ocean_post_title_bg_overlay_color":"","ocean_disable_breadcrumbs":"default","ocean_breadcrumbs_color":"","ocean_breadcrumbs_separator_color":"","ocean_breadcrumbs_links_color":"","ocean_breadcrumbs_links_hover_color":"","ocean_display_footer_widgets":"default","ocean_display_footer_bottom":"default","ocean_custom_footer_template":"0"},"product_brand":[],"product_cat":[17,85,43],"product_tag":[132,33,31,44,77,118],"class_list":{"0":"post-904","1":"product","2":"type-product","3":"status-publish","4":"has-post-thumbnail","6":"product_cat-ragwinn-hobby","7":"product_cat-magwell","8":"product_cat-ragwinn-tactics","9":"product_tag-accessoire","10":"product_tag-armee","11":"product_tag-hk416","12":"product_tag-hk416f","13":"product_tag-magwell","14":"product_tag-upgrade","15":"product_shipping_class-produit-leger-500g","17":"entry","18":"has-media","20":"first","21":"instock","22":"sale","23":"featured","24":"taxable","25":"shipping-taxable","26":"purchasable","27":"product-type-simple","28":"has-rating","29":"col","30":"span_1_of_4","31":"owp-content-center","32":"item-entry","33":"owp-thumbs-layout-horizontal","34":"owp-btn-big","35":"owp-tabs-layout-horizontal"},"_links":{"self":[{"href":"https:\/\/ragwinn.com\/de_ch\/wp-json\/wp\/v2\/product\/904","targetHints":{"allow":["GET"]}}],"collection":[{"href":"https:\/\/ragwinn.com\/de_ch\/wp-json\/wp\/v2\/product"}],"about":[{"href":"https:\/\/ragwinn.com\/de_ch\/wp-json\/wp\/v2\/types\/product"}],"replies":[{"embeddable":true,"href":"https:\/\/ragwinn.com\/de_ch\/wp-json\/wp\/v2\/comments?post=904"}],"version-history":[{"count":10,"href":"https:\/\/ragwinn.com\/de_ch\/wp-json\/wp\/v2\/product\/904\/revisions"}],"predecessor-version":[{"id":4367,"href":"https:\/\/ragwinn.com\/de_ch\/wp-json\/wp\/v2\/product\/904\/revisions\/4367"}],"wp:featuredmedia":[{"embeddable":true,"href":"https:\/\/ragwinn.com\/de_ch\/wp-json\/wp\/v2\/media\/4103"}],"wp:attachment":[{"href":"https:\/\/ragwinn.com\/de_ch\/wp-json\/wp\/v2\/media?parent=904"}],"wp:term":[{"taxonomy":"product_brand","embeddable":true,"href":"https:\/\/ragwinn.com\/de_ch\/wp-json\/wp\/v2\/product_brand?post=904"},{"taxonomy":"product_cat","embeddable":true,"href":"https:\/\/ragwinn.com\/de_ch\/wp-json\/wp\/v2\/product_cat?post=904"},{"taxonomy":"product_tag","embeddable":true,"href":"https:\/\/ragwinn.com\/de_ch\/wp-json\/wp\/v2\/product_tag?post=904"}],"curies":[{"name":"wp","href":"https:\/\/api.w.org\/{rel}","templated":true}]}}