{"id":736,"date":"2024-04-09T09:57:56","date_gmt":"2024-04-09T07:57:56","guid":{"rendered":"https:\/\/ragwinn.com\/?post_type=product&#038;p=736"},"modified":"2026-05-07T14:39:24","modified_gmt":"2026-05-07T12:39:24","slug":"magwell-ar15","status":"publish","type":"product","link":"https:\/\/ragwinn.com\/de_ch\/produit\/magwell-ar15","title":{"rendered":"Magwell AR15"},"content":{"rendered":"<h1 style=\"text-align: center;\"><strong>Magwell AR15<\/strong><\/h1>\n<h2 style=\"text-align: center;\"><strong>\u00a0\"\u00a0<u>Erh\u00f6hen Sie Ihre Nachladegeschwindigkeit<\/u>\u00a0\"\u00a0<\/strong><\/h2>\n<p>Le magwell AR15 con\u00e7u pour votre AR15 Mil-Spec.<\/p>\n<p>Dank seines speziell entwickelten Winkels erm\u00f6glicht der Magwell AR15 ein schnelles Nachladen, was die Effizienz steigert.<br \/>\nAvec son angle d\u2019insertion g\u00e9n\u00e9reux il guidera directement votre chargeur dans le puits de votre arme.<\/p>\n<h2 style=\"text-align: center;\"><strong>Pourquoi choisir notre magwell AR15 ?<\/strong><\/h2>\n<ul>\n<li><strong>Verbesserte Nachladegeschwindigkeit<\/strong>\u00a0: Mit einem 250 % gr\u00f6\u00dferen Einf\u00fchrwinkel als bei MilSpec-Magazinsch\u00e4chten und einem 90-Grad-Winkel am Eingang erm\u00f6glicht dieses Magwell ein schnelleres und m\u00fcheloseres Nachladen,<\/li>\n<li><strong>Entscheidende Zeitersparnis<\/strong> : Bleiben Sie durch schnelles Nachladen einsatzbereit und nehmen Sie Ihren Schuss so schnell wie m\u00f6glich wieder auf,<\/li>\n<li><strong>Vollst\u00e4ndig modulierbar\u00a0<\/strong>: Afin de s\u2019adapter \u00e0 votre AR15, le magwell est fourni avec plusieurs plaquettes. Ces derni\u00e8res vous permettront d\u2019ajuster la longueur du magwell ainsi que sa hauteur au puit de chargeur de votre arme*, L\u2019installation est rapide et ne n\u00e9cessite aucune modification de l\u2019arme<strong>,<\/strong><\/li>\n<li><strong>Optimale Kompatibilit\u00e4t<\/strong>\u00a0: Funktioniert mit PMAG (Gen 1-2-3), STANAG, AMEND2 und anderen Magazinen,<\/li>\n<li><strong>Diskretion<\/strong>\u00a0: Entwickelt f\u00fcr den operativen Einsatz, hergestellt aus einem dunklen, IR-Infrarotstrahlen absorbierenden Material, garantiert dieses Magwell Effizienz und Diskretion bei Tag und Nacht und ist ideal f\u00fcr Nachtmissionen.<\/li>\n<\/ul>\n<p>&nbsp;<\/p>\n<h3 style=\"text-align: center;\"><strong>Un accessoire AR15 pratique et durable<\/strong><\/h3>\n<ul>\n<li><strong>Einfache und schnelle Installation<\/strong>\u00a0: Das Magwell f\u00fcr AR15 wird mit den beiden mitgelieferten Schrauben befestigt, ohne Spuren an Ihrer Waffe zu hinterlassen,<\/li>\n<li><strong>Vereinfachte Wartung<\/strong>\u00a0: Er l\u00e4sst sich leicht auseinandernehmen, um Ihre Waffe und ihre Bestandteile zu reinigen,<\/li>\n<li><strong>Au\u00dfergew\u00f6hnliche Robustheit<\/strong> : Hergestellt aus kohlefaserverst\u00e4rktem Nylon, widersteht es extremen Temperaturen (-50\u00b0C bis +160\u00b0C), heftigen St\u00f6\u00dfen sowie UV- und L\u00f6sungsmitteln,<\/li>\n<li><strong>Ergonomisch und beidh\u00e4ndig\u00a0<\/strong>: Entwickelt f\u00fcr alle Nutzer, egal ob Rechts- oder Linksh\u00e4nder, mit einem kompakten und leichten Profil.<\/li>\n<\/ul>\n<p>&nbsp;<\/p>\n<h3 style=\"text-align: center;\"><strong>Un magwell AR15 personnalisable<\/strong><\/h3>\n<ul>\n<li><strong>Bei Bedarf tarnbar<\/strong>\u00a0: Bemale dein Magwell nach deinen Vorlieben,<\/li>\n<li><strong>Pers\u00f6nliche Anmeldung<\/strong>\u00a0: Text, Logo oder andere Beschriftungen auf Anfrage. Machen Sie Ihre Ausr\u00fcstung zu einem Einzelst\u00fcck.<\/li>\n<\/ul>\n<p>&nbsp;<\/p>\n<h3 style=\"text-align: center;\"><strong>Von Fachleuten getestet und f\u00fcr gut befunden<\/strong><\/h3>\n<p>Dieses Magwell wurde von Ausbildern f\u00fcr taktisches Schie\u00dfen, Waffenschmieden und Betreibern von Spezialeinheiten getestet und f\u00fcr gut befunden. Es ist Teil der Ragwinn Solutions-Produktreihe, die hochwertiges Zubeh\u00f6r f\u00fcr die anspruchsvollsten Profis bietet.<\/p>\n<p>&nbsp;<\/p>\n<h3 style=\"text-align: center;\"><strong>Caract\u00e9ristiques techniques du mawgell AR15<\/strong><\/h3>\n<ul>\n<li><strong>Gewicht<\/strong> : <span class=\"NA6bn BxUVEf ILfuVd\" lang=\"en\"><span class=\"hgKElc pOOWX\">\u2264<\/span><\/span> 22g<\/li>\n<li><strong>Extreme Temperaturen<\/strong> : Best\u00e4ndig von -50\u00b0C bis +160\u00b0C<\/li>\n<li><strong>L\u00f6sungsmittel-, UV- und IR-Best\u00e4ndigkeit<\/strong>\u00a0: Maximaler Schutz, egal in welcher Umgebung.<\/li>\n<\/ul>\n<p>&nbsp;<\/p>\n<h4 style=\"text-align: center;\"><strong>Optimieren Sie Ihre Nachf\u00fcllungen, indem Sie Ihr Magwell jetzt bestellen.<\/strong><\/h4>\n<p>Auch erh\u00e4ltlich f\u00fcr\u00a0<a href=\"https:\/\/ragwinn.com\/de_ch\/produit\/magwell-hk416-f-mr223-f-accessoire\/\" target=\"_blank\" rel=\"noopener\">HK416 F<\/a>.<\/p>\n<p>Entdecken Sie auch unsere\u00a0<a href=\"https:\/\/ragwinn.com\/de_ch\/categorie-produit\/ragwinn-tactics\/\">weiteres Zubeh\u00f6r f\u00fcr AR15 und HK416<\/a> comme le <a href=\"https:\/\/ragwinn.com\/de_ch\/produit\/ladegerat-erweiterung-5-pmag-ar15\/\" target=\"_blank\" rel=\"noopener\">talon +5 PMAG<\/a>.<\/p>\n<p>Weitere Informationen dar\u00fcber, was ein Magwell ist <a href=\"https:\/\/crealib3d.com\/quest-ce-quun-magwell-et-pourquoi-en-utiliser\" target=\"_blank\" rel=\"noopener\">hier<\/a>\u00a0(auf Franz\u00f6sisch) und\u00a0<a href=\"https:\/\/www.anrkydexholsters.com\/what-is-a-magwell-why-do-they-matter\/\" target=\"_blank\" rel=\"noopener\">hier<\/a>\u00a0(auf Englisch).<\/p>\n<p>* Compatible avec plus de 90% des AR15 (Daniel D\u00e9fense, BCM, Alpen Arms, Aero Precision, etc). Armes et ses accessoires non-vendus.<\/p>","protected":false},"excerpt":{"rendered":"<p>Magwell AR15 MIL-SPEC<br \/>\nSe positionne autour du puits de chargeur d&rsquo;origine pour augmenter fortement l&rsquo;angle d&rsquo;insertion du chargeur.<br \/>\nWird mit mehreren Pl\u00e4ttchen geliefert, um den Magwell perfekt an Ihren AR15 anzupassen.<br \/>\nFabriqu\u00e9 en France.<\/p>","protected":false},"featured_media":4100,"comment_status":"open","ping_status":"closed","template":"","meta":{"ocean_post_layout":"","ocean_both_sidebars_style":"","ocean_both_sidebars_content_width":0,"ocean_both_sidebars_sidebars_width":0,"ocean_sidebar":"0","ocean_second_sidebar":"0","ocean_disable_margins":"enable","ocean_add_body_class":"","ocean_shortcode_before_top_bar":"","ocean_shortcode_after_top_bar":"","ocean_shortcode_before_header":"","ocean_shortcode_after_header":"","ocean_has_shortcode":"","ocean_shortcode_after_title":"","ocean_shortcode_before_footer_widgets":"","ocean_shortcode_after_footer_widgets":"","ocean_shortcode_before_footer_bottom":"","ocean_shortcode_after_footer_bottom":"","ocean_display_top_bar":"default","ocean_display_header":"default","ocean_header_style":"","ocean_center_header_left_menu":"0","ocean_custom_header_template":"0","ocean_custom_logo":0,"ocean_custom_retina_logo":0,"ocean_custom_logo_max_width":0,"ocean_custom_logo_tablet_max_width":0,"ocean_custom_logo_mobile_max_width":0,"ocean_custom_logo_max_height":0,"ocean_custom_logo_tablet_max_height":0,"ocean_custom_logo_mobile_max_height":0,"ocean_header_custom_menu":"0","ocean_menu_typo_font_family":"0","ocean_menu_typo_font_subset":"","ocean_menu_typo_font_size":0,"ocean_menu_typo_font_size_tablet":0,"ocean_menu_typo_font_size_mobile":0,"ocean_menu_typo_font_size_unit":"px","ocean_menu_typo_font_weight":"","ocean_menu_typo_font_weight_tablet":"","ocean_menu_typo_font_weight_mobile":"","ocean_menu_typo_transform":"","ocean_menu_typo_transform_tablet":"","ocean_menu_typo_transform_mobile":"","ocean_menu_typo_line_height":0,"ocean_menu_typo_line_height_tablet":0,"ocean_menu_typo_line_height_mobile":0,"ocean_menu_typo_line_height_unit":"","ocean_menu_typo_spacing":0,"ocean_menu_typo_spacing_tablet":0,"ocean_menu_typo_spacing_mobile":0,"ocean_menu_typo_spacing_unit":"","ocean_menu_link_color":"","ocean_menu_link_color_hover":"","ocean_menu_link_color_active":"","ocean_menu_link_background":"","ocean_menu_link_hover_background":"","ocean_menu_link_active_background":"","ocean_menu_social_links_bg":"","ocean_menu_social_hover_links_bg":"","ocean_menu_social_links_color":"","ocean_menu_social_hover_links_color":"","ocean_disable_title":"default","ocean_disable_heading":"default","ocean_post_title":"","ocean_post_subheading":"","ocean_post_title_style":"","ocean_post_title_background_color":"","ocean_post_title_background":0,"ocean_post_title_bg_image_position":"","ocean_post_title_bg_image_attachment":"","ocean_post_title_bg_image_repeat":"","ocean_post_title_bg_image_size":"","ocean_post_title_height":0,"ocean_post_title_bg_overlay":0.5,"ocean_post_title_bg_overlay_color":"","ocean_disable_breadcrumbs":"default","ocean_breadcrumbs_color":"","ocean_breadcrumbs_separator_color":"","ocean_breadcrumbs_links_color":"","ocean_breadcrumbs_links_hover_color":"","ocean_display_footer_widgets":"default","ocean_display_footer_bottom":"default","ocean_custom_footer_template":"0"},"product_brand":[],"product_cat":[43,85,17],"product_tag":[20,116,77,117],"class_list":{"0":"post-736","1":"product","2":"type-product","3":"status-publish","4":"has-post-thumbnail","6":"product_cat-ragwinn-tactics","7":"product_cat-magwell","8":"product_cat-ragwinn-hobby","9":"product_tag-ar15","10":"product_tag-custom","11":"product_tag-magwell","12":"product_tag-reloading","13":"product_shipping_class-produit-leger-500g","15":"entry","16":"has-media","18":"first","19":"onbackorder","20":"sale","21":"featured","22":"taxable","23":"shipping-taxable","24":"purchasable","25":"product-type-simple","26":"has-rating","27":"col","28":"span_1_of_4","29":"owp-content-center","30":"item-entry","31":"owp-thumbs-layout-horizontal","32":"owp-btn-big","33":"owp-tabs-layout-horizontal"},"_links":{"self":[{"href":"https:\/\/ragwinn.com\/de_ch\/wp-json\/wp\/v2\/product\/736","targetHints":{"allow":["GET"]}}],"collection":[{"href":"https:\/\/ragwinn.com\/de_ch\/wp-json\/wp\/v2\/product"}],"about":[{"href":"https:\/\/ragwinn.com\/de_ch\/wp-json\/wp\/v2\/types\/product"}],"replies":[{"embeddable":true,"href":"https:\/\/ragwinn.com\/de_ch\/wp-json\/wp\/v2\/comments?post=736"}],"version-history":[{"count":11,"href":"https:\/\/ragwinn.com\/de_ch\/wp-json\/wp\/v2\/product\/736\/revisions"}],"predecessor-version":[{"id":4397,"href":"https:\/\/ragwinn.com\/de_ch\/wp-json\/wp\/v2\/product\/736\/revisions\/4397"}],"wp:featuredmedia":[{"embeddable":true,"href":"https:\/\/ragwinn.com\/de_ch\/wp-json\/wp\/v2\/media\/4100"}],"wp:attachment":[{"href":"https:\/\/ragwinn.com\/de_ch\/wp-json\/wp\/v2\/media?parent=736"}],"wp:term":[{"taxonomy":"product_brand","embeddable":true,"href":"https:\/\/ragwinn.com\/de_ch\/wp-json\/wp\/v2\/product_brand?post=736"},{"taxonomy":"product_cat","embeddable":true,"href":"https:\/\/ragwinn.com\/de_ch\/wp-json\/wp\/v2\/product_cat?post=736"},{"taxonomy":"product_tag","embeddable":true,"href":"https:\/\/ragwinn.com\/de_ch\/wp-json\/wp\/v2\/product_tag?post=736"}],"curies":[{"name":"wp","href":"https:\/\/api.w.org\/{rel}","templated":true}]}}