{"id":2657,"date":"2025-03-12T11:33:33","date_gmt":"2025-03-12T10:33:33","guid":{"rendered":"https:\/\/ragwinn.com\/?post_type=product&#038;p=2657"},"modified":"2026-05-05T18:03:08","modified_gmt":"2026-05-05T16:03:08","slug":"magwell-glock-19-gen-5","status":"publish","type":"product","link":"https:\/\/ragwinn.com\/de_ch\/produit\/magwell-glock-19-gen-5","title":{"rendered":"Magwell Glock 19"},"content":{"rendered":"<h1 style=\"text-align: center;\" data-pm-slice=\"1 1 []\"><strong>Magwell Glock 19<\/strong><\/h1>\n<h3 style=\"text-align: center;\"><strong>\" <\/strong><strong>Optimisez vos rechargements et votre grip <\/strong><strong>\"<\/strong><\/h3>\n<p>Am\u00e9liorez la rapidit\u00e9 et la fluidit\u00e9 de vos rechargements avec ce magwell pour Glock 19 Gen 5.<br \/>\nGr\u00e2ce \u00e0 sa surface d&rsquo;entr\u00e9e g\u00e9n\u00e9reusement \u00e9vas\u00e9e, ce magwell optimise l&rsquo;insertion du chargeur dans le puits de l\u2019arme, offrant un rechargement rapide, fluide et instinctif.<br \/>\nCon\u00e7u pour un usage op\u00e9rationnel ou sportif, il am\u00e9liore la prise en main et contribue \u00e0 abaisser l\u2019axe du canon, optimisant ainsi le contr\u00f4le du recul et la pr\u00e9cision du tir.<\/p>\n<h2 style=\"text-align: center;\"><strong>Pourquoi choisir notre magwell Glock 19 Gen 5 ?<\/strong><\/h2>\n<ul>\n<li><strong>Rechargement acc\u00e9l\u00e9r\u00e9<\/strong> : Son design en entonnoir (jusqu&rsquo;\u00e0 95\u00b0 d&rsquo;angle) guide naturellement le chargeur pour une insertion rapide.<\/li>\n<li><strong>Etudi\u00e9 pour le tireur :<\/strong> Compatible avec l&rsquo;utilisation d&rsquo;un backstrap et d&rsquo;une dragonne gr\u00e2ce \u00e0 l&#8217;emplacement pr\u00e9vu.<\/li>\n<li><strong>Erweiterte Kompatibilit\u00e4t<\/strong> : Fonctionne avec les chargeurs Glock, Magpul GL9 PMAG (<a href=\"https:\/\/ragwinn.com\/de_ch\/produit\/talon-2-pmag-magpul-gl9-glock-17-19-19x-26-45\/\" target=\"_blank\" rel=\"noopener\">talons +2 disponibles ici<\/a>), Fab Defense et Sgm Tactical.<\/li>\n<li><strong>Schnelle und sichere Installation<\/strong> : Montage par vissage, sans modification de l\u2019arme.<\/li>\n<li><strong>Robustheit &amp; Leichtigkeit<\/strong> : Fabriqu\u00e9 en France dans un polym\u00e8re renforc\u00e9, il r\u00e9siste aux chocs, temp\u00e9ratures extr\u00eames (-40\u00b0C \u00e0 +160\u00b0C), solvants et UV, avec un poids inf\u00e9rieur \u00e0 9g.<\/li>\n<li><strong>Con\u00e7u pour l\u2019op\u00e9rationnel<\/strong> : Test\u00e9 et approuv\u00e9 par plusieurs unit\u00e9s et instructeurs de tir, appr\u00e9ci\u00e9 par certains professionnels pour son aspect low profile.<\/li>\n<\/ul>\n<h2 style=\"text-align: center;\"><strong>Installation rapide en 4 \u00e9tapes :<\/strong><\/h2>\n<ol start=\"1\" data-spread=\"false\">\n<li>Ins\u00e9rez l\u2019insert dans la crosse du Glock 19 Gen 5.<\/li>\n<li>Positionnez le magwell Glock 19 autour du puits de chargeur.<\/li>\n<li>Poussez-le vers l\u2019arri\u00e8re jusqu\u2019\u00e0 mise en contrainte avec l\u2019insert.<\/li>\n<li>Serrez la zone arri\u00e8re et vissez jusqu\u2019\u00e0 r\u00e9sistance m\u00e9canique.<\/li>\n<\/ol>\n<p>Votre magwell est pr\u00eat \u00e0 l&#8217;emploi !<\/p>\n<h2 style=\"text-align: center;\"><strong>Compatibilit\u00e9 du magwell :<\/strong><\/h2>\n<p>Compatible avec les mod\u00e8les Glock 19 et 23 Gen 5.<strong><br \/>\n<\/strong>Version magwell <a href=\"https:\/\/ragwinn.com\/de_ch\/produit\/magwell-glock-17-45-34-gen-5\/\" target=\"_blank\" rel=\"noopener\">Glock 17, 45 et 34 Gen5 disponible ici<\/a>.<br \/>\nVersion magwell <a href=\"https:\/\/ragwinn.com\/de_ch\/produit\/magwell-glock-43x\/\" target=\"_blank\" rel=\"noopener\">Glock 43X disponible ici<\/a>.<br \/>\nNon compatible avec les Glock 17\/19X\/34\/45 Gen 5, les Glock en calibre .45 et les g\u00e9n\u00e9rations 1 \u00e0 4.<\/p>\n<h3 style=\"text-align: center;\"><strong>Un accessoire indispensable pour les possesseurs de Glock 19<\/strong><\/h3>\n<p>Que vous soyez professionnel ou passionn\u00e9 de tir, ce magwell Glock 19 Gen5 est un alli\u00e9 de choix. Son ergonomie optimis\u00e9e am\u00e9liore la prise en main et le contr\u00f4le de l\u2019arme, tandis que ses dimensions low profile et son mat\u00e9riau absorbant les rayons infrarouges (IR) seront un atout pour les missions discr\u00e8tes.<\/p>\n<p>D\u00e9couvrez \u00e9galement nos extensions de <a href=\"https:\/\/ragwinn.com\/de_ch\/produit\/ladegerat-erweiterung-2-magazin-glock-9x19\/\" target=\"_blank\" rel=\"noopener\">chargeur pour Glock<\/a> und <a href=\"https:\/\/ragwinn.com\/de_ch\/produit\/talon-2-pmag-magpul-gl9-glock-17-19-19x-26-45\/\" target=\"_blank\" rel=\"noopener\">Magpul PMAG 17 GL9<\/a> pour augmenter la capacit\u00e9 de celui-ci.<\/p>\n<p>Plus d\u2019informations sur comment choisir son magwell <a href=\"https:\/\/crealib3d.com\/quest-ce-quun-magwell-et-pourquoi-en-utiliser\" target=\"_blank\" rel=\"noreferrer noopener\">hier<\/a>\u00a0(auf Franz\u00f6sisch) und\u00a0<a href=\"https:\/\/www.anrkydexholsters.com\/what-is-a-magwell-why-do-they-matter\/\" target=\"_blank\" rel=\"noreferrer noopener\">hier<\/a>\u00a0(auf Englisch).<\/p>\n<p style=\"text-align: center;\"><strong>\u00c9quipez votre Glock 19 Gen 5 avec le magwell Ragwinn et gagnez en efficacit\u00e9 \u00e0 chaque rechargement<\/strong><\/p>","protected":false},"excerpt":{"rendered":"<p>Le magwell pour Glock 19 Gen 5 optimise vos rechargements en offrant un angle d&rsquo;insertion des chargeur am\u00e9lior\u00e9.<br \/>\nCompatible avec les Glock 19 et 23 Gen5, permet l&rsquo;utilisation de backstrap et dragonne.<br \/>\nLa conception du magwell est optimis\u00e9e pour un usage op\u00e9rationnel.<\/p>","protected":false},"featured_media":2659,"comment_status":"open","ping_status":"closed","template":"","meta":{"ocean_post_layout":"","ocean_both_sidebars_style":"","ocean_both_sidebars_content_width":0,"ocean_both_sidebars_sidebars_width":0,"ocean_sidebar":"0","ocean_second_sidebar":"0","ocean_disable_margins":"enable","ocean_add_body_class":"","ocean_shortcode_before_top_bar":"","ocean_shortcode_after_top_bar":"","ocean_shortcode_before_header":"","ocean_shortcode_after_header":"","ocean_has_shortcode":"","ocean_shortcode_after_title":"","ocean_shortcode_before_footer_widgets":"","ocean_shortcode_after_footer_widgets":"","ocean_shortcode_before_footer_bottom":"","ocean_shortcode_after_footer_bottom":"","ocean_display_top_bar":"default","ocean_display_header":"default","ocean_header_style":"","ocean_center_header_left_menu":"0","ocean_custom_header_template":"0","ocean_custom_logo":0,"ocean_custom_retina_logo":0,"ocean_custom_logo_max_width":0,"ocean_custom_logo_tablet_max_width":0,"ocean_custom_logo_mobile_max_width":0,"ocean_custom_logo_max_height":0,"ocean_custom_logo_tablet_max_height":0,"ocean_custom_logo_mobile_max_height":0,"ocean_header_custom_menu":"0","ocean_menu_typo_font_family":"0","ocean_menu_typo_font_subset":"","ocean_menu_typo_font_size":0,"ocean_menu_typo_font_size_tablet":0,"ocean_menu_typo_font_size_mobile":0,"ocean_menu_typo_font_size_unit":"px","ocean_menu_typo_font_weight":"","ocean_menu_typo_font_weight_tablet":"","ocean_menu_typo_font_weight_mobile":"","ocean_menu_typo_transform":"","ocean_menu_typo_transform_tablet":"","ocean_menu_typo_transform_mobile":"","ocean_menu_typo_line_height":0,"ocean_menu_typo_line_height_tablet":0,"ocean_menu_typo_line_height_mobile":0,"ocean_menu_typo_line_height_unit":"","ocean_menu_typo_spacing":0,"ocean_menu_typo_spacing_tablet":0,"ocean_menu_typo_spacing_mobile":0,"ocean_menu_typo_spacing_unit":"","ocean_menu_link_color":"","ocean_menu_link_color_hover":"","ocean_menu_link_color_active":"","ocean_menu_link_background":"","ocean_menu_link_hover_background":"","ocean_menu_link_active_background":"","ocean_menu_social_links_bg":"","ocean_menu_social_hover_links_bg":"","ocean_menu_social_links_color":"","ocean_menu_social_hover_links_color":"","ocean_disable_title":"default","ocean_disable_heading":"default","ocean_post_title":"","ocean_post_subheading":"","ocean_post_title_style":"","ocean_post_title_background_color":"","ocean_post_title_background":0,"ocean_post_title_bg_image_position":"","ocean_post_title_bg_image_attachment":"","ocean_post_title_bg_image_repeat":"","ocean_post_title_bg_image_size":"","ocean_post_title_height":0,"ocean_post_title_bg_overlay":0.5,"ocean_post_title_bg_overlay_color":"","ocean_disable_breadcrumbs":"default","ocean_breadcrumbs_color":"","ocean_breadcrumbs_separator_color":"","ocean_breadcrumbs_links_color":"","ocean_breadcrumbs_links_hover_color":"","ocean_display_footer_widgets":"default","ocean_display_footer_bottom":"default","ocean_custom_footer_template":"0"},"product_brand":[],"product_cat":[85,43],"product_tag":[33,22,77,86],"class_list":{"0":"post-2657","1":"product","2":"type-product","3":"status-publish","4":"has-post-thumbnail","6":"product_cat-magwell","7":"product_cat-ragwinn-tactics","8":"product_tag-armee","9":"product_tag-glock","10":"product_tag-magwell","11":"product_tag-police","12":"product_shipping_class-produit-leger-500g","14":"entry","15":"has-media","17":"first","18":"instock","19":"taxable","20":"shipping-taxable","21":"purchasable","22":"product-type-simple","23":"col","24":"span_1_of_4","25":"owp-content-center","26":"item-entry","27":"owp-thumbs-layout-horizontal","28":"owp-btn-big","29":"owp-tabs-layout-horizontal"},"_links":{"self":[{"href":"https:\/\/ragwinn.com\/de_ch\/wp-json\/wp\/v2\/product\/2657","targetHints":{"allow":["GET"]}}],"collection":[{"href":"https:\/\/ragwinn.com\/de_ch\/wp-json\/wp\/v2\/product"}],"about":[{"href":"https:\/\/ragwinn.com\/de_ch\/wp-json\/wp\/v2\/types\/product"}],"replies":[{"embeddable":true,"href":"https:\/\/ragwinn.com\/de_ch\/wp-json\/wp\/v2\/comments?post=2657"}],"version-history":[{"count":3,"href":"https:\/\/ragwinn.com\/de_ch\/wp-json\/wp\/v2\/product\/2657\/revisions"}],"predecessor-version":[{"id":4355,"href":"https:\/\/ragwinn.com\/de_ch\/wp-json\/wp\/v2\/product\/2657\/revisions\/4355"}],"wp:featuredmedia":[{"embeddable":true,"href":"https:\/\/ragwinn.com\/de_ch\/wp-json\/wp\/v2\/media\/2659"}],"wp:attachment":[{"href":"https:\/\/ragwinn.com\/de_ch\/wp-json\/wp\/v2\/media?parent=2657"}],"wp:term":[{"taxonomy":"product_brand","embeddable":true,"href":"https:\/\/ragwinn.com\/de_ch\/wp-json\/wp\/v2\/product_brand?post=2657"},{"taxonomy":"product_cat","embeddable":true,"href":"https:\/\/ragwinn.com\/de_ch\/wp-json\/wp\/v2\/product_cat?post=2657"},{"taxonomy":"product_tag","embeddable":true,"href":"https:\/\/ragwinn.com\/de_ch\/wp-json\/wp\/v2\/product_tag?post=2657"}],"curies":[{"name":"wp","href":"https:\/\/api.w.org\/{rel}","templated":true}]}}