{"id":1423,"date":"2024-07-16T11:54:01","date_gmt":"2024-07-16T09:54:01","guid":{"rendered":"https:\/\/ragwinn.com\/?post_type=product&#038;p=1423"},"modified":"2026-05-04T18:44:32","modified_gmt":"2026-05-04T16:44:32","slug":"magnethalter-fur-handfeuerwaffen","status":"publish","type":"product","link":"https:\/\/ragwinn.com\/de_ch\/produit\/support-aimante-arme-de-poing","title":{"rendered":"Magnethalterung Handfeuerwaffe"},"content":{"rendered":"<h1 style=\"text-align: center;\">Magnethalterung Handfeuerwaffe<\/h1>\n<p>Mit dieser Magnethalterung k\u00f6nnen Sie Ihre Handfeuerwaffe sauber in Ihrem Kofferraum verstauen.<\/p>\n<h2 style=\"text-align: center;\"><strong>Das beste Zubeh\u00f6r, um Ihre Waffen zu organisieren<\/strong><\/h2>\n<h3><strong>Caract\u00e9ristiques principales du support aimant\u00e9 <\/strong>:<\/h3>\n<ul>\n<li><strong>Platz sparen<\/strong>Platzsparende Aufbewahrung: Mit diesem St\u00e4nder k\u00f6nnen Sie in Ihrem Tresor Platz sparen, indem Sie Ihre Handfeuerwaffe sowohl vertikal als auch horizontal aufbewahren. Bewahren Sie Ihre Waffe zum Beispiel entlang einer Wand (oder der Gegent\u00fcr) oder unter einem Regal auf.<\/li>\n<li><strong>Gewinn an Komfort<\/strong>: Wenn Sie Ihre Waffe so positionieren, wie Sie es f\u00fcr richtig halten, gewinnen Sie an Seh- und Bedienungskomfort.<\/li>\n<li><strong>Ausger\u00fcstete Waffen<\/strong>Der St\u00e4nder ist f\u00fcr die Verwendung mit Ihrer Waffe vorgesehen, unabh\u00e4ngig davon, ob es sich um eine Originalwaffe oder um eine mit Zubeh\u00f6r ausgestattete Waffe handelt. Ihre Waffe, die mit Optik, erh\u00f6hten Zielorganen und M\u00fcndungsbremse ausgestattet ist, wird so in Ihrem Kofferraum aufbewahrt,<\/li>\n<li><strong>Starke Magnete<\/strong>: Die Magnete in der Halterung sind stark genug, um Ihre Handfeuerwaffe an Ort und Stelle zu halten,<\/li>\n<li><strong>Respektvoll gegen\u00fcber dem Kanon<\/strong>: Sie k\u00f6nnen die Halterung verwenden, ohne Angst um Ihren Lauf haben zu m\u00fcssen. Das Material des Schafts ist f\u00fcr die Lagerung in direktem Kontakt mit dem Lauf der Waffe geeignet.<\/li>\n<li><strong>Kompatibel mit Ihrer Waffe\u00a0<\/strong>: Der St\u00e4nder ist mit Kalibern von 9x19 mm und dar\u00fcber kompatibel. Au\u00dferdem ist er mit vielen Marken wie Glock, Sig Sauer, Beretta, Ruger und anderen verwendbar.<\/li>\n<\/ul>\n<p>&nbsp;<\/p>\n<h3><strong>Vervollst\u00e4ndigen Sie die Optimierung Ihrer Truhe mit unseren <\/strong>:<\/h3>\n<ul>\n<li>Magazinhalter f\u00fcr Handfeuerwaffen (Glock, Sig Sauer etc.),<\/li>\n<li>Unterst\u00fctzung von AR15-Ladeger\u00e4ten (Pmag, Amend2 etc.).<\/li>\n<\/ul>","protected":false},"excerpt":{"rendered":"<p>Mit diesem magnetischen Handfeuerwaffenhalter k\u00f6nnen Sie in Ihrem Tresor Platz sparen, indem Sie Ihre Waffe sowohl vertikal als auch horizontal aufbewahren.<\/p>","protected":false},"featured_media":4137,"comment_status":"open","ping_status":"closed","template":"","meta":{"ocean_post_layout":"","ocean_both_sidebars_style":"","ocean_both_sidebars_content_width":0,"ocean_both_sidebars_sidebars_width":0,"ocean_sidebar":"0","ocean_second_sidebar":"0","ocean_disable_margins":"enable","ocean_add_body_class":"","ocean_shortcode_before_top_bar":"","ocean_shortcode_after_top_bar":"","ocean_shortcode_before_header":"","ocean_shortcode_after_header":"","ocean_has_shortcode":"","ocean_shortcode_after_title":"","ocean_shortcode_before_footer_widgets":"","ocean_shortcode_after_footer_widgets":"","ocean_shortcode_before_footer_bottom":"","ocean_shortcode_after_footer_bottom":"","ocean_display_top_bar":"default","ocean_display_header":"default","ocean_header_style":"","ocean_center_header_left_menu":"0","ocean_custom_header_template":"0","ocean_custom_logo":0,"ocean_custom_retina_logo":0,"ocean_custom_logo_max_width":0,"ocean_custom_logo_tablet_max_width":0,"ocean_custom_logo_mobile_max_width":0,"ocean_custom_logo_max_height":0,"ocean_custom_logo_tablet_max_height":0,"ocean_custom_logo_mobile_max_height":0,"ocean_header_custom_menu":"0","ocean_menu_typo_font_family":"0","ocean_menu_typo_font_subset":"","ocean_menu_typo_font_size":0,"ocean_menu_typo_font_size_tablet":0,"ocean_menu_typo_font_size_mobile":0,"ocean_menu_typo_font_size_unit":"px","ocean_menu_typo_font_weight":"","ocean_menu_typo_font_weight_tablet":"","ocean_menu_typo_font_weight_mobile":"","ocean_menu_typo_transform":"","ocean_menu_typo_transform_tablet":"","ocean_menu_typo_transform_mobile":"","ocean_menu_typo_line_height":0,"ocean_menu_typo_line_height_tablet":0,"ocean_menu_typo_line_height_mobile":0,"ocean_menu_typo_line_height_unit":"","ocean_menu_typo_spacing":0,"ocean_menu_typo_spacing_tablet":0,"ocean_menu_typo_spacing_mobile":0,"ocean_menu_typo_spacing_unit":"","ocean_menu_link_color":"","ocean_menu_link_color_hover":"","ocean_menu_link_color_active":"","ocean_menu_link_background":"","ocean_menu_link_hover_background":"","ocean_menu_link_active_background":"","ocean_menu_social_links_bg":"","ocean_menu_social_hover_links_bg":"","ocean_menu_social_links_color":"","ocean_menu_social_hover_links_color":"","ocean_disable_title":"default","ocean_disable_heading":"default","ocean_post_title":"","ocean_post_subheading":"","ocean_post_title_style":"","ocean_post_title_background_color":"","ocean_post_title_background":0,"ocean_post_title_bg_image_position":"","ocean_post_title_bg_image_attachment":"","ocean_post_title_bg_image_repeat":"","ocean_post_title_bg_image_size":"","ocean_post_title_height":0,"ocean_post_title_bg_overlay":0.5,"ocean_post_title_bg_overlay_color":"","ocean_disable_breadcrumbs":"default","ocean_breadcrumbs_color":"","ocean_breadcrumbs_separator_color":"","ocean_breadcrumbs_links_color":"","ocean_breadcrumbs_links_hover_color":"","ocean_display_footer_widgets":"default","ocean_display_footer_bottom":"default","ocean_custom_footer_template":"0"},"product_brand":[],"product_cat":[133,17],"product_tag":[],"class_list":{"0":"post-1423","1":"product","2":"type-product","3":"status-publish","4":"has-post-thumbnail","6":"product_cat-accessoire-coffre-fort","7":"product_cat-ragwinn-hobby","8":"product_shipping_class-produit-leger-500g","10":"entry","11":"has-media","13":"first","14":"instock","15":"sale","16":"featured","17":"taxable","18":"shipping-taxable","19":"purchasable","20":"product-type-simple","21":"has-rating","22":"col","23":"span_1_of_4","24":"owp-content-center","25":"item-entry","26":"owp-thumbs-layout-horizontal","27":"owp-btn-big","28":"owp-tabs-layout-horizontal"},"_links":{"self":[{"href":"https:\/\/ragwinn.com\/de_ch\/wp-json\/wp\/v2\/product\/1423","targetHints":{"allow":["GET"]}}],"collection":[{"href":"https:\/\/ragwinn.com\/de_ch\/wp-json\/wp\/v2\/product"}],"about":[{"href":"https:\/\/ragwinn.com\/de_ch\/wp-json\/wp\/v2\/types\/product"}],"replies":[{"embeddable":true,"href":"https:\/\/ragwinn.com\/de_ch\/wp-json\/wp\/v2\/comments?post=1423"}],"version-history":[{"count":3,"href":"https:\/\/ragwinn.com\/de_ch\/wp-json\/wp\/v2\/product\/1423\/revisions"}],"predecessor-version":[{"id":3636,"href":"https:\/\/ragwinn.com\/de_ch\/wp-json\/wp\/v2\/product\/1423\/revisions\/3636"}],"wp:featuredmedia":[{"embeddable":true,"href":"https:\/\/ragwinn.com\/de_ch\/wp-json\/wp\/v2\/media\/4137"}],"wp:attachment":[{"href":"https:\/\/ragwinn.com\/de_ch\/wp-json\/wp\/v2\/media?parent=1423"}],"wp:term":[{"taxonomy":"product_brand","embeddable":true,"href":"https:\/\/ragwinn.com\/de_ch\/wp-json\/wp\/v2\/product_brand?post=1423"},{"taxonomy":"product_cat","embeddable":true,"href":"https:\/\/ragwinn.com\/de_ch\/wp-json\/wp\/v2\/product_cat?post=1423"},{"taxonomy":"product_tag","embeddable":true,"href":"https:\/\/ragwinn.com\/de_ch\/wp-json\/wp\/v2\/product_tag?post=1423"}],"curies":[{"name":"wp","href":"https:\/\/api.w.org\/{rel}","templated":true}]}}