{"id":3757,"date":"2025-12-07T18:15:48","date_gmt":"2025-12-07T17:15:48","guid":{"rendered":"https:\/\/ragwinn.com\/?post_type=product&#038;p=3757"},"modified":"2026-05-04T18:46:21","modified_gmt":"2026-05-04T16:46:21","slug":"absatz-5-hk-417","status":"publish","type":"product","link":"https:\/\/ragwinn.com\/de\/produit\/talon-5-hk-417","title":{"rendered":"Magazinbodenplatte +5 HK 417"},"content":{"rendered":"<h1 style=\"text-align: center;\"><strong>Magazinbodenplatte +5 <\/strong>HK 417<\/h1>\n<p>Wird anstelle des Original-Magazinwulstes Ihres HK 417-Magazins angebracht und erh\u00f6ht die Magazinkapazit\u00e4t um 5 Munitionen.<\/p>\n<h2 style=\"text-align: center;\"><strong>Hauptmerkmale der +5 Magazinbodenplatte HK417 :<\/strong><\/h2>\n<ul>\n<li><strong>Durchdachter Griff <\/strong>Die Form der Verl\u00e4ngerung verbessert die Griffigkeit des Ladeger\u00e4ts und hilft beim Herausziehen aus einer Tasche.<\/li>\n<li><strong>Numerierbar<\/strong> : Auf der Unterseite der Erweiterung sind Stellen vorgesehen, an denen Sie die Magazine nummerieren k\u00f6nnen. Dies kann mit einem Posca-Filzstift* oder einem Fettstift* erfolgen. Durch die Nummerierung Ihrer Magazine k\u00f6nnen diese in jeder Situation leichter identifiziert werden.<\/li>\n<li><strong>Qualitative Herstellung <\/strong>: Der in Frankreich aus kohlefaserverst\u00e4rktem Polycarbonat hergestellte +5 HK417 Magazinbodenplatte ist sto\u00dffest und h\u00e4lt extremen Temperaturen stand (-40\u00b0 +160\u00b0C).<\/li>\n<li><strong>Farben<\/strong> : Mattschwarz.<\/li>\n<\/ul>\n<p>&nbsp;<\/p>\n<h3 style=\"text-align: center;\"><strong>Auch verf\u00fcgbar :<\/strong><\/h3>\n<ul>\n<li><a href=\"https:\/\/ragwinn.com\/de\/produit\/magwell-hk416-f-mr223-f-zubehor\/\" target=\"_blank\" rel=\"noopener\"><strong>Magwell f\u00fcr <\/strong><strong>HK416 F<\/strong><\/a>\u00a0: Verbesserte Griffigkeit und Nachladegeschwindigkeit auf AR15 mit unserem <a href=\"https:\/\/crealib3d.com\/quest-ce-quun-magwell-et-pourquoi-en-utiliser\" target=\"_blank\" rel=\"noreferrer noopener\">magwell<\/a>.<\/li>\n<li><a href=\"https:\/\/ragwinn.com\/de\/produit\/magwellar15\/\" target=\"_blank\" rel=\"noopener\"><strong>Magwell f\u00fcr AR15<\/strong><\/a> Die gro\u00dfe Eintrittsfl\u00e4che des Magwell erm\u00f6glicht ein fl\u00fcssiges Nachladen.<\/li>\n<li><a href=\"https:\/\/ragwinn.com\/de\/produit\/ladegerat-erweiterung-2-magazin-glock-9x19\/\" target=\"_blank\" rel=\"noopener\"><strong>Magazinbodenplatte +2 Glock-Magazin<\/strong><\/a> : Entdecken Sie unseren +2 Magazinabsatz f\u00fcr die Glock 9\u00d719 Zweis\u00e4ulenwaffe.<\/li>\n<\/ul>\n<p>&nbsp;<\/p>\n<p><em>Hinweis: Im Lieferumfang sind nur die Ladeferse und die Schrauben enthalten.<br \/>\n<\/em><span style=\"text-decoration: underline;\">ACHTUNG<\/span> : Bitte beachten Sie die am Tag des Kaufs in Ihrem Land\/Ihrer Region geltenden Vorschriften.<br \/>\nIn Frankreich gilt im November 2024 die Regelung, dass die maximale Kapazit\u00e4t eines Magazins f\u00fcr eine Waffe der Kategorie B-4 30 Schuss nicht \u00fcberschreiten darf. <span data-olk-copy-source=\"MessageBody\"> Nur TSV-Sch\u00fctzen d\u00fcrfen Versorgungssysteme mit gr\u00f6\u00dferer Kapazit\u00e4t besitzen (<a href=\"https:\/\/www.legifrance.gouv.fr\/codes\/article_lc\/LEGIARTI000045148049\" target=\"_blank\" rel=\"noopener\">R312-45<\/a>).<\/span><\/p>","protected":false},"excerpt":{"rendered":"<p>Erh\u00f6hen Sie die Kapazit\u00e4t Ihrer HK 417-Magazine mit diesem +5 HK 417-Absatz um 5 Munitionen, wobei die Originalfeder erhalten bleibt.<br \/>\nInstallation in weniger als 20 Sekunden, einschlie\u00dflich Schrauben.<\/p>","protected":false},"featured_media":4099,"comment_status":"open","ping_status":"closed","template":"","meta":{"ocean_post_layout":"","ocean_both_sidebars_style":"","ocean_both_sidebars_content_width":0,"ocean_both_sidebars_sidebars_width":0,"ocean_sidebar":"0","ocean_second_sidebar":"0","ocean_disable_margins":"enable","ocean_add_body_class":"","ocean_shortcode_before_top_bar":"","ocean_shortcode_after_top_bar":"","ocean_shortcode_before_header":"","ocean_shortcode_after_header":"","ocean_has_shortcode":"","ocean_shortcode_after_title":"","ocean_shortcode_before_footer_widgets":"","ocean_shortcode_after_footer_widgets":"","ocean_shortcode_before_footer_bottom":"","ocean_shortcode_after_footer_bottom":"","ocean_display_top_bar":"default","ocean_display_header":"default","ocean_header_style":"","ocean_center_header_left_menu":"0","ocean_custom_header_template":"0","ocean_custom_logo":0,"ocean_custom_retina_logo":0,"ocean_custom_logo_max_width":0,"ocean_custom_logo_tablet_max_width":0,"ocean_custom_logo_mobile_max_width":0,"ocean_custom_logo_max_height":0,"ocean_custom_logo_tablet_max_height":0,"ocean_custom_logo_mobile_max_height":0,"ocean_header_custom_menu":"0","ocean_menu_typo_font_family":"0","ocean_menu_typo_font_subset":"","ocean_menu_typo_font_size":0,"ocean_menu_typo_font_size_tablet":0,"ocean_menu_typo_font_size_mobile":0,"ocean_menu_typo_font_size_unit":"px","ocean_menu_typo_font_weight":"","ocean_menu_typo_font_weight_tablet":"","ocean_menu_typo_font_weight_mobile":"","ocean_menu_typo_transform":"","ocean_menu_typo_transform_tablet":"","ocean_menu_typo_transform_mobile":"","ocean_menu_typo_line_height":0,"ocean_menu_typo_line_height_tablet":0,"ocean_menu_typo_line_height_mobile":0,"ocean_menu_typo_line_height_unit":"","ocean_menu_typo_spacing":0,"ocean_menu_typo_spacing_tablet":0,"ocean_menu_typo_spacing_mobile":0,"ocean_menu_typo_spacing_unit":"","ocean_menu_link_color":"","ocean_menu_link_color_hover":"","ocean_menu_link_color_active":"","ocean_menu_link_background":"","ocean_menu_link_hover_background":"","ocean_menu_link_active_background":"","ocean_menu_social_links_bg":"","ocean_menu_social_hover_links_bg":"","ocean_menu_social_links_color":"","ocean_menu_social_hover_links_color":"","ocean_disable_title":"default","ocean_disable_heading":"default","ocean_post_title":"","ocean_post_subheading":"","ocean_post_title_style":"","ocean_post_title_background_color":"","ocean_post_title_background":0,"ocean_post_title_bg_image_position":"","ocean_post_title_bg_image_attachment":"","ocean_post_title_bg_image_repeat":"","ocean_post_title_bg_image_size":"","ocean_post_title_height":0,"ocean_post_title_bg_overlay":0.5,"ocean_post_title_bg_overlay_color":"","ocean_disable_breadcrumbs":"default","ocean_breadcrumbs_color":"","ocean_breadcrumbs_separator_color":"","ocean_breadcrumbs_links_color":"","ocean_breadcrumbs_links_hover_color":"","ocean_display_footer_widgets":"default","ocean_display_footer_bottom":"default","ocean_custom_footer_template":"0"},"product_brand":[],"product_cat":[104,17,43],"product_tag":[24,23,119,120,121,118],"class_list":{"0":"post-3757","1":"product","2":"type-product","3":"status-publish","4":"has-post-thumbnail","6":"product_cat-extension-chargeur","7":"product_cat-ragwinn-hobby","8":"product_cat-ragwinn-tactics","9":"product_tag-chargeur","10":"product_tag-extension","11":"product_tag-hecklerkoch","12":"product_tag-thp","13":"product_tag-tireur-delite","14":"product_tag-upgrade","15":"product_shipping_class-produit-leger-500g","17":"entry","18":"has-media","20":"first","21":"instock","22":"taxable","23":"shipping-taxable","24":"purchasable","25":"product-type-simple","26":"col","27":"span_1_of_4","28":"owp-content-center","29":"item-entry","30":"owp-thumbs-layout-horizontal","31":"owp-btn-big","32":"owp-tabs-layout-horizontal"},"_links":{"self":[{"href":"https:\/\/ragwinn.com\/de\/wp-json\/wp\/v2\/product\/3757","targetHints":{"allow":["GET"]}}],"collection":[{"href":"https:\/\/ragwinn.com\/de\/wp-json\/wp\/v2\/product"}],"about":[{"href":"https:\/\/ragwinn.com\/de\/wp-json\/wp\/v2\/types\/product"}],"replies":[{"embeddable":true,"href":"https:\/\/ragwinn.com\/de\/wp-json\/wp\/v2\/comments?post=3757"}],"version-history":[{"count":7,"href":"https:\/\/ragwinn.com\/de\/wp-json\/wp\/v2\/product\/3757\/revisions"}],"predecessor-version":[{"id":4352,"href":"https:\/\/ragwinn.com\/de\/wp-json\/wp\/v2\/product\/3757\/revisions\/4352"}],"wp:featuredmedia":[{"embeddable":true,"href":"https:\/\/ragwinn.com\/de\/wp-json\/wp\/v2\/media\/4099"}],"wp:attachment":[{"href":"https:\/\/ragwinn.com\/de\/wp-json\/wp\/v2\/media?parent=3757"}],"wp:term":[{"taxonomy":"product_brand","embeddable":true,"href":"https:\/\/ragwinn.com\/de\/wp-json\/wp\/v2\/product_brand?post=3757"},{"taxonomy":"product_cat","embeddable":true,"href":"https:\/\/ragwinn.com\/de\/wp-json\/wp\/v2\/product_cat?post=3757"},{"taxonomy":"product_tag","embeddable":true,"href":"https:\/\/ragwinn.com\/de\/wp-json\/wp\/v2\/product_tag?post=3757"}],"curies":[{"name":"wp","href":"https:\/\/api.w.org\/{rel}","templated":true}]}}