{"id":3651,"date":"2025-12-18T16:32:11","date_gmt":"2025-12-18T15:32:11","guid":{"rendered":"https:\/\/ragwinn.com\/?post_type=product&#038;p=3651"},"modified":"2026-05-07T15:40:18","modified_gmt":"2026-05-07T13:40:18","slug":"magwell-hk417","status":"publish","type":"product","link":"https:\/\/ragwinn.com\/de\/produit\/magwell-hk417","title":{"rendered":"Magwell HK417"},"content":{"rendered":"<h1 style=\"text-align: center;\"><strong data-start=\"299\" data-end=\"322\">Magwell HK417<\/strong><\/h1>\n<h3 style=\"text-align: center;\"><strong>\" <\/strong><em data-start=\"329\" data-end=\"399\">Fl\u00fcssiges Nachladen, sowohl im St\u00fctz- als auch im Kontaktbereich <\/em><strong>\"<\/strong><\/h3>\n<p data-start=\"401\" data-end=\"702\">Das Magwell wurde speziell f\u00fcr die HK417-Plattform entwickelt und ist mit den Scharfsch\u00fctzengewehren HK 417, HK G28 und MR308 voll kompatibel.<br \/>\nDie Eintrittsfl\u00e4che und der Winkel des Magwell wurden so gestaltet, dass :<br \/>\n- Optimieren Sie das Nachladen der Waffe im Liegen - wo der Einsteckwinkel f\u00fcr Scharfsch\u00fctzen kritisch werden kann,<br \/>\n- Optimieren Sie das Nachladen der Waffe im Stehen, wo die Geschwindigkeit, mit der die Waffe wieder in die Schlachtordnung gebracht wird, den Unterschied ausmachen kann,<br \/>\n- Dem Sch\u00fctzen einen entscheidenden Vorteil gegen\u00fcber seinem Ziel zu verschaffen, der ihm Ruhe und Effizienz auf dem Schlachtfeld garantiert.<\/p>\n<p data-start=\"401\" data-end=\"702\">Dank seiner f\u00fcr 7,62-mm-Magazine HK417 entwickelten Architektur garantiert Ihnen dieses Magwell auch unter den anspruchsvollsten Bedingungen ein reibungsloses und sofortiges Einsetzen.<\/p>\n<h2 style=\"text-align: center;\" data-start=\"880\" data-end=\"931\"><strong data-start=\"883\" data-end=\"931\">Warum sollten Sie sich f\u00fcr unseren Magwell HK417 \/ G28 entscheiden?<\/strong><\/h2>\n<p data-start=\"933\" data-end=\"980\"><strong data-start=\"940\" data-end=\"978\">Wirklich schnelles Aufladen<\/strong> : Gr\u00e2ce \u00e0 une surface d&rsquo;entr\u00e9e de plus de 90 degr\u00e9s et un angle d\u2019insertion \u00e9largi (250% par rapport au puits de chargeur d&rsquo;origine), le magwell guide naturellement le chargeur dans le puits.<\/p>\n<p data-start=\"1231\" data-end=\"1270\"><strong data-start=\"1238\" data-end=\"1268\">Operative Zeitersparnis<\/strong> : Qui dit rechargement rapide dit retour en ordre de bataille rapide : un indispensable pour une arme destin\u00e9e autant \u00e0 la pr\u00e9cision qu\u2019au tir de combat rapproch\u00e9.<\/p>\n<p data-start=\"1442\" data-end=\"1476\"><strong data-start=\"1449\" data-end=\"1474\">Erweiterte Kompatibilit\u00e4t<\/strong> : HK 417, HK G28 ou HK MR308, ce magwell 417 prendra naturellement place sur votre fusil de pr\u00e9cision.<\/p>\n<p data-start=\"1608\" data-end=\"1640\"><strong data-start=\"1615\" data-end=\"1638\">Maximale Diskretion<\/strong> : Fabriqu\u00e9 dans un mat\u00e9riau sombre absorbant les rayons infrarouges (IR), il est discret, l\u00e9ger, ce qui le rend id\u00e9al pour les op\u00e9rations de nuit et dans les environnements o\u00f9 votre signature infrarouge doit \u00eatre dissimul\u00e9e.<\/p>\n<h2 style=\"text-align: center;\" data-start=\"1836\" data-end=\"1882\"><strong data-start=\"1839\" data-end=\"1882\">F\u00fcr die Ewigkeit gebaut, f\u00fcr den Einsatz gedacht<\/strong><\/h2>\n<p data-start=\"1884\" data-end=\"1929\"><strong data-start=\"1891\" data-end=\"1927\">Schnelle und sichere Installation<\/strong> : Montage fiable gr\u00e2ce \u00e0 deux vis (fournies), garantissant une parfaite tenue sans risque de perturbation du puits de chargeur.<\/p>\n<p data-start=\"2051\" data-end=\"2082\"><strong data-start=\"2058\" data-end=\"2080\">Untersuchte Robustheit<\/strong> : Fabriqu\u00e9 en France dans un nylon renforc\u00e9 en fibres de carbone, le magwell HK417 r\u00e9siste aux chocs violents et r\u00e9p\u00eat\u00e9s, aux temp\u00e9ratures extr\u00eames de -40\u00b0C \u00e0 +160\u00b0C, aux solvants et UV. Il est parfaitement adapt\u00e9 aux environnements vari\u00e9s.<\/p>\n<p data-start=\"2363\" data-end=\"2400\"><strong data-start=\"2370\" data-end=\"2398\">Ergonomisch &amp; beidh\u00e4ndig<\/strong> : Profil compact, poids ma\u00eetris\u00e9 et utilisation fluide pour droitiers comme gauchers. Id\u00e9al aussi bien pour un tireur en appui que pour un aller au contact direct. Augmentez \u00e9galement la capacit\u00e9 de votre chargeur gr\u00e2ce au <a href=\"https:\/\/ragwinn.com\/de\/produit\/absatz-5-hk-417\/\" target=\"_blank\" rel=\"noopener\">Absatz +5 HK417<\/a>.<\/p>\n<p data-start=\"2363\" data-end=\"2400\"><strong data-start=\"2370\" data-end=\"2398\">Individuell anpassbar<\/strong> : Le magwell HK417 peut parfaitement \u00eatre peint afin de l&rsquo;int\u00e9grer au camouflage de l&rsquo;armement et de l&rsquo;op\u00e9rateur.<\/p>\n<h2 style=\"text-align: center;\" data-start=\"2824\" data-end=\"2871\"><strong data-start=\"2827\" data-end=\"2871\">Von Fachleuten getestet und f\u00fcr gut befunden<\/strong><\/h2>\n<p data-start=\"2873\" data-end=\"3117\">Bewertet von Fern-, Aktiv- und Reservesch\u00fctzen, die die Plattform HK 417 verwenden.<br \/>\nEr ist Teil der Ragwinn Solutions Produktreihe, die entwickelt wurde, um den Anforderungen des modernen Einsatzgebiets gerecht zu werden.<\/p>\n<h2 style=\"text-align: center;\" data-start=\"3124\" data-end=\"3158\"><strong data-start=\"3127\" data-end=\"3158\">Technische Daten<\/strong><\/h2>\n<ul data-start=\"3160\" data-end=\"3343\">\n<li data-start=\"3160\" data-end=\"3182\">\n<p data-start=\"3162\" data-end=\"3182\"><strong data-start=\"3162\" data-end=\"3173\">Gewicht :<\/strong> <span class=\"NA6bn BxUVEf ILfuVd\" lang=\"en\"><span class=\"hgKElc pOOWX\">\u2264<\/span><\/span> 28 g<\/p>\n<\/li>\n<li data-start=\"3183\" data-end=\"3228\">\n<p data-start=\"3185\" data-end=\"3228\"><strong data-start=\"3185\" data-end=\"3211\">W\u00e4rmewiderstand :<\/strong> -40\u00b0C bis +160\u00b0C<\/p>\n<\/li>\n<li data-start=\"3229\" data-end=\"3291\">\n<p data-start=\"3231\" data-end=\"3291\"><strong data-start=\"3231\" data-end=\"3289\">Widerstand gegen Elemente : <\/strong>Best\u00e4ndig gegen L\u00f6sungsmittel, UV- und IR-Strahlung<\/p>\n<\/li>\n<li data-start=\"3292\" data-end=\"3343\">\n<p data-start=\"3294\" data-end=\"3343\"><strong data-start=\"3294\" data-end=\"3308\">Material :<\/strong> Nylon mit Kohlefaserverst\u00e4rkung<\/p>\n<\/li>\n<\/ul>\n<h4 style=\"text-align: center;\" data-start=\"3350\" data-end=\"3461\"><strong data-start=\"3350\" data-end=\"3461\">Machen Sie den Unterschied und optimieren Sie Ihre Bewaffnung: Bestellen Sie jetzt Ihre Magwell HK417.<\/strong><\/h4>\n<p data-start=\"3463\" data-end=\"3492\">Auch erh\u00e4ltlich f\u00fcr :<\/p>\n<ul data-start=\"3493\" data-end=\"3567\">\n<li data-start=\"3493\" data-end=\"3521\"><a href=\"https:\/\/ragwinn.com\/de\/produit\/magwell-hk416-f-mr223-f-zubehor\/\" target=\"_blank\" rel=\"noopener\">Magwell HK416 F<\/a><\/li>\n<li data-start=\"3493\" data-end=\"3521\"><a href=\"https:\/\/ragwinn.com\/de\/produit\/magwellar15\/\" target=\"_blank\" rel=\"noopener\">Magwell AR15<\/a><\/li>\n<\/ul>\n<p>Mehr \u00fcber Magwells erfahren <a href=\"https:\/\/crealib3d.com\/quest-ce-quun-magwell-et-pourquoi-en-utiliser\" target=\"_blank\" rel=\"noopener\">hier<\/a> (auf Franz\u00f6sisch) oder <a href=\"https:\/\/www.anrkydexholsters.com\/what-is-a-magwell-why-do-they-matter\/\" target=\"_blank\" rel=\"noopener\">hier<\/a> (auf Englisch).<\/p>","protected":false},"excerpt":{"rendered":"<p>Magwell HK417: Optimieren Sie Ihre Nachf\u00fcllungen durch Dr\u00fccken oder Ber\u00fchren.<br \/>\nKompatibel mit HK417, G28, MR308.<br \/>\nSchnell, robust, diskret: F\u00fcr den Einsatz im Feld konzipiert.<\/p>","protected":false},"featured_media":4142,"comment_status":"open","ping_status":"closed","template":"","meta":{"ocean_post_layout":"","ocean_both_sidebars_style":"","ocean_both_sidebars_content_width":0,"ocean_both_sidebars_sidebars_width":0,"ocean_sidebar":"0","ocean_second_sidebar":"0","ocean_disable_margins":"enable","ocean_add_body_class":"","ocean_shortcode_before_top_bar":"","ocean_shortcode_after_top_bar":"","ocean_shortcode_before_header":"","ocean_shortcode_after_header":"","ocean_has_shortcode":"","ocean_shortcode_after_title":"","ocean_shortcode_before_footer_widgets":"","ocean_shortcode_after_footer_widgets":"","ocean_shortcode_before_footer_bottom":"","ocean_shortcode_after_footer_bottom":"","ocean_display_top_bar":"default","ocean_display_header":"default","ocean_header_style":"","ocean_center_header_left_menu":"0","ocean_custom_header_template":"0","ocean_custom_logo":0,"ocean_custom_retina_logo":0,"ocean_custom_logo_max_width":0,"ocean_custom_logo_tablet_max_width":0,"ocean_custom_logo_mobile_max_width":0,"ocean_custom_logo_max_height":0,"ocean_custom_logo_tablet_max_height":0,"ocean_custom_logo_mobile_max_height":0,"ocean_header_custom_menu":"0","ocean_menu_typo_font_family":"0","ocean_menu_typo_font_subset":"","ocean_menu_typo_font_size":0,"ocean_menu_typo_font_size_tablet":0,"ocean_menu_typo_font_size_mobile":0,"ocean_menu_typo_font_size_unit":"px","ocean_menu_typo_font_weight":"","ocean_menu_typo_font_weight_tablet":"","ocean_menu_typo_font_weight_mobile":"","ocean_menu_typo_transform":"","ocean_menu_typo_transform_tablet":"","ocean_menu_typo_transform_mobile":"","ocean_menu_typo_line_height":0,"ocean_menu_typo_line_height_tablet":0,"ocean_menu_typo_line_height_mobile":0,"ocean_menu_typo_line_height_unit":"","ocean_menu_typo_spacing":0,"ocean_menu_typo_spacing_tablet":0,"ocean_menu_typo_spacing_mobile":0,"ocean_menu_typo_spacing_unit":"","ocean_menu_link_color":"","ocean_menu_link_color_hover":"","ocean_menu_link_color_active":"","ocean_menu_link_background":"","ocean_menu_link_hover_background":"","ocean_menu_link_active_background":"","ocean_menu_social_links_bg":"","ocean_menu_social_hover_links_bg":"","ocean_menu_social_links_color":"","ocean_menu_social_hover_links_color":"","ocean_disable_title":"default","ocean_disable_heading":"default","ocean_post_title":"","ocean_post_subheading":"","ocean_post_title_style":"","ocean_post_title_background_color":"","ocean_post_title_background":0,"ocean_post_title_bg_image_position":"","ocean_post_title_bg_image_attachment":"","ocean_post_title_bg_image_repeat":"","ocean_post_title_bg_image_size":"","ocean_post_title_height":0,"ocean_post_title_bg_overlay":0.5,"ocean_post_title_bg_overlay_color":"","ocean_disable_breadcrumbs":"default","ocean_breadcrumbs_color":"","ocean_breadcrumbs_separator_color":"","ocean_breadcrumbs_links_color":"","ocean_breadcrumbs_links_hover_color":"","ocean_display_footer_widgets":"default","ocean_display_footer_bottom":"default","ocean_custom_footer_template":"0"},"product_brand":[],"product_cat":[85,43],"product_tag":[],"class_list":{"0":"post-3651","1":"product","2":"type-product","3":"status-publish","4":"has-post-thumbnail","6":"product_cat-magwell","7":"product_cat-ragwinn-tactics","8":"product_shipping_class-produit-leger-500g","10":"entry","11":"has-media","13":"first","14":"instock","15":"taxable","16":"shipping-taxable","17":"purchasable","18":"product-type-simple","19":"col","20":"span_1_of_4","21":"owp-content-center","22":"item-entry","23":"owp-thumbs-layout-horizontal","24":"owp-btn-big","25":"owp-tabs-layout-horizontal"},"_links":{"self":[{"href":"https:\/\/ragwinn.com\/de\/wp-json\/wp\/v2\/product\/3651","targetHints":{"allow":["GET"]}}],"collection":[{"href":"https:\/\/ragwinn.com\/de\/wp-json\/wp\/v2\/product"}],"about":[{"href":"https:\/\/ragwinn.com\/de\/wp-json\/wp\/v2\/types\/product"}],"replies":[{"embeddable":true,"href":"https:\/\/ragwinn.com\/de\/wp-json\/wp\/v2\/comments?post=3651"}],"version-history":[{"count":13,"href":"https:\/\/ragwinn.com\/de\/wp-json\/wp\/v2\/product\/3651\/revisions"}],"predecessor-version":[{"id":4401,"href":"https:\/\/ragwinn.com\/de\/wp-json\/wp\/v2\/product\/3651\/revisions\/4401"}],"wp:featuredmedia":[{"embeddable":true,"href":"https:\/\/ragwinn.com\/de\/wp-json\/wp\/v2\/media\/4142"}],"wp:attachment":[{"href":"https:\/\/ragwinn.com\/de\/wp-json\/wp\/v2\/media?parent=3651"}],"wp:term":[{"taxonomy":"product_brand","embeddable":true,"href":"https:\/\/ragwinn.com\/de\/wp-json\/wp\/v2\/product_brand?post=3651"},{"taxonomy":"product_cat","embeddable":true,"href":"https:\/\/ragwinn.com\/de\/wp-json\/wp\/v2\/product_cat?post=3651"},{"taxonomy":"product_tag","embeddable":true,"href":"https:\/\/ragwinn.com\/de\/wp-json\/wp\/v2\/product_tag?post=3651"}],"curies":[{"name":"wp","href":"https:\/\/api.w.org\/{rel}","templated":true}]}}