{"id":357,"date":"2024-01-09T15:48:58","date_gmt":"2024-01-09T14:48:58","guid":{"rendered":"https:\/\/ragwinn.com\/?post_type=product&#038;p=357"},"modified":"2026-05-04T18:47:36","modified_gmt":"2026-05-04T16:47:36","slug":"holster-armedepoing-tresor","status":"publish","type":"product","link":"https:\/\/ragwinn.com\/de\/produit\/holster-armedepoing-coffre-fort","title":{"rendered":"Magnetisches Holster Handfeuerwaffe Tresor"},"content":{"rendered":"<h2>Ein magnetisches Holster f\u00fcr Handfeuerwaffen spart Platz in Ihrem Tresor.<\/h2>\n<p>Dieses Holster f\u00fcr Handfeuerwaffen ist ein wichtiges Zubeh\u00f6r f\u00fcr Sportsch\u00fctzen, die ihre Waffe sicher aufbewahren und den verf\u00fcgbaren Platz optimal nutzen m\u00f6chten! Entwickelt, um in Pistolen zu passen:<\/p>\n<ul>\n<li>Glock 9\u00d719 Doppels\u00e4ule (17, 19, 19X, 45 etc.),<\/li>\n<li>FNS-9,<\/li>\n<li>Sig P226,<\/li>\n<li>und andere Modelle von Handfeuerwaffen...<\/li>\n<\/ul>\n<p>Sie k\u00f6nnen das f\u00fcr Sie passende Modell aus drei Versionen ausw\u00e4hlen:<\/p>\n<p>- Gerade Seite mit Magnet, ideal f\u00fcr die Gegent\u00fcr,<\/p>\n<p>- Linke Seite mit Magnet, f\u00fcr eine gut organisierte Aufbewahrung,<\/p>\n<p>- Magnetisierte Oberseite, perfekt, um den Platz im Kofferraum optimal auszunutzen und Ihrer Waffe optimalen Schutz zu bieten.<\/p>\n<h2>Das perfekte Accessoire, um Ihren Kofferraum zu organisieren<\/h2>\n<p>Die Neodym-Magnete bieten eine perfekte Haftung auf einer Metalloberfl\u00e4che. Das hochwertige Material, aus dem das Tresorholster gefertigt ist, wurde so konzipiert, dass es Ihre Waffe sch\u00fctzt und gleichzeitig vor Schl\u00e4gen bewahrt: Ihre Waffe wird sorgf\u00e4ltig gelagert und gesch\u00fctzt.<\/p>\n<p>Dieses Zubeh\u00f6r bietet Ihnen eine erhebliche Platzersparnis in Ihrem Kofferraum.<\/p>","protected":false},"excerpt":{"rendered":"<p>Wenn die Anordnung von Tresoren nicht immer optimal ist, k\u00f6nnen Sie mit diesem Handfeuerwaffenholster Ihre Waffe sicher im Tresor aufbewahren.<\/p>\n<p>Erh\u00e4ltlich in verschiedenen Versionen :<\/p>\n<ul>\n<li>Rechte Seite mit Magnet, ideal f\u00fcr die Aufbewahrung an der Gegent\u00fcr Ihres Kofferraums,<\/li>\n<li>Linke Seite mit Magneten, f\u00fcr einen gut organisierten Kofferraum,<\/li>\n<li>Oberseite mit Magneten, damit Sie Ihre Waffe hochkant aufbewahren k\u00f6nnen.<\/li>\n<\/ul>","protected":false},"featured_media":1313,"comment_status":"open","ping_status":"closed","template":"","meta":{"ocean_post_layout":"","ocean_both_sidebars_style":"","ocean_both_sidebars_content_width":0,"ocean_both_sidebars_sidebars_width":0,"ocean_sidebar":"0","ocean_second_sidebar":"0","ocean_disable_margins":"enable","ocean_add_body_class":"","ocean_shortcode_before_top_bar":"","ocean_shortcode_after_top_bar":"","ocean_shortcode_before_header":"","ocean_shortcode_after_header":"","ocean_has_shortcode":"","ocean_shortcode_after_title":"","ocean_shortcode_before_footer_widgets":"","ocean_shortcode_after_footer_widgets":"","ocean_shortcode_before_footer_bottom":"","ocean_shortcode_after_footer_bottom":"","ocean_display_top_bar":"default","ocean_display_header":"default","ocean_header_style":"","ocean_center_header_left_menu":"0","ocean_custom_header_template":"0","ocean_custom_logo":0,"ocean_custom_retina_logo":0,"ocean_custom_logo_max_width":0,"ocean_custom_logo_tablet_max_width":0,"ocean_custom_logo_mobile_max_width":0,"ocean_custom_logo_max_height":0,"ocean_custom_logo_tablet_max_height":0,"ocean_custom_logo_mobile_max_height":0,"ocean_header_custom_menu":"0","ocean_menu_typo_font_family":"0","ocean_menu_typo_font_subset":"","ocean_menu_typo_font_size":0,"ocean_menu_typo_font_size_tablet":0,"ocean_menu_typo_font_size_mobile":0,"ocean_menu_typo_font_size_unit":"px","ocean_menu_typo_font_weight":"","ocean_menu_typo_font_weight_tablet":"","ocean_menu_typo_font_weight_mobile":"","ocean_menu_typo_transform":"","ocean_menu_typo_transform_tablet":"","ocean_menu_typo_transform_mobile":"","ocean_menu_typo_line_height":0,"ocean_menu_typo_line_height_tablet":0,"ocean_menu_typo_line_height_mobile":0,"ocean_menu_typo_line_height_unit":"","ocean_menu_typo_spacing":0,"ocean_menu_typo_spacing_tablet":0,"ocean_menu_typo_spacing_mobile":0,"ocean_menu_typo_spacing_unit":"","ocean_menu_link_color":"","ocean_menu_link_color_hover":"","ocean_menu_link_color_active":"","ocean_menu_link_background":"","ocean_menu_link_hover_background":"","ocean_menu_link_active_background":"","ocean_menu_social_links_bg":"","ocean_menu_social_hover_links_bg":"","ocean_menu_social_links_color":"","ocean_menu_social_hover_links_color":"","ocean_disable_title":"default","ocean_disable_heading":"default","ocean_post_title":"","ocean_post_subheading":"","ocean_post_title_style":"","ocean_post_title_background_color":"","ocean_post_title_background":0,"ocean_post_title_bg_image_position":"","ocean_post_title_bg_image_attachment":"","ocean_post_title_bg_image_repeat":"","ocean_post_title_bg_image_size":"","ocean_post_title_height":0,"ocean_post_title_bg_overlay":0.5,"ocean_post_title_bg_overlay_color":"","ocean_disable_breadcrumbs":"default","ocean_breadcrumbs_color":"","ocean_breadcrumbs_separator_color":"","ocean_breadcrumbs_links_color":"","ocean_breadcrumbs_links_hover_color":"","ocean_display_footer_widgets":"default","ocean_display_footer_bottom":"default","ocean_custom_footer_template":"0"},"product_brand":[],"product_cat":[17],"product_tag":[28,22,29,30],"class_list":{"0":"post-357","1":"product","2":"type-product","3":"status-publish","4":"has-post-thumbnail","6":"product_cat-ragwinn-hobby","7":"product_tag-coffre-fort","8":"product_tag-glock","9":"product_tag-rangement","10":"product_tag-stockage","11":"product_shipping_class-produit-leger-500g","13":"entry","14":"has-media","16":"first","17":"instock","18":"taxable","19":"shipping-taxable","20":"purchasable","21":"product-type-variable","22":"has-rating","23":"col","24":"span_1_of_4","25":"owp-content-center","26":"item-entry","27":"owp-thumbs-layout-horizontal","28":"owp-btn-big","29":"owp-tabs-layout-horizontal"},"_links":{"self":[{"href":"https:\/\/ragwinn.com\/de\/wp-json\/wp\/v2\/product\/357","targetHints":{"allow":["GET"]}}],"collection":[{"href":"https:\/\/ragwinn.com\/de\/wp-json\/wp\/v2\/product"}],"about":[{"href":"https:\/\/ragwinn.com\/de\/wp-json\/wp\/v2\/types\/product"}],"replies":[{"embeddable":true,"href":"https:\/\/ragwinn.com\/de\/wp-json\/wp\/v2\/comments?post=357"}],"version-history":[{"count":2,"href":"https:\/\/ragwinn.com\/de\/wp-json\/wp\/v2\/product\/357\/revisions"}],"predecessor-version":[{"id":3644,"href":"https:\/\/ragwinn.com\/de\/wp-json\/wp\/v2\/product\/357\/revisions\/3644"}],"wp:featuredmedia":[{"embeddable":true,"href":"https:\/\/ragwinn.com\/de\/wp-json\/wp\/v2\/media\/1313"}],"wp:attachment":[{"href":"https:\/\/ragwinn.com\/de\/wp-json\/wp\/v2\/media?parent=357"}],"wp:term":[{"taxonomy":"product_brand","embeddable":true,"href":"https:\/\/ragwinn.com\/de\/wp-json\/wp\/v2\/product_brand?post=357"},{"taxonomy":"product_cat","embeddable":true,"href":"https:\/\/ragwinn.com\/de\/wp-json\/wp\/v2\/product_cat?post=357"},{"taxonomy":"product_tag","embeddable":true,"href":"https:\/\/ragwinn.com\/de\/wp-json\/wp\/v2\/product_tag?post=357"}],"curies":[{"name":"wp","href":"https:\/\/api.w.org\/{rel}","templated":true}]}}