{"id":356,"date":"2024-01-09T15:28:31","date_gmt":"2024-01-09T14:28:31","guid":{"rendered":"https:\/\/ragwinn.com\/?post_type=product&#038;p=356"},"modified":"2026-05-04T18:45:50","modified_gmt":"2026-05-04T16:45:50","slug":"absatz-2-glock-17-19-45","status":"publish","type":"product","link":"https:\/\/ragwinn.com\/de\/produit\/talon-2-glock-17-19-45","title":{"rendered":"Magazinbodenplatte +2 Glock 17, 19, 45 - Gen 4, 5, 6"},"content":{"rendered":"<h1 style=\"text-align: center;\"><strong>Magazinbodenplatte +2 Glock Magazin 17, 19, 26, 45 - anpassbar<\/strong><\/h1>\r\nMit diesem Magazinbodenplatte k\u00f6nnen Sie zwei zus\u00e4tzliche Patronen in Ihr Glock-Magazin einlegen, wobei die Originalfeder erhalten bleibt.\nDie Form ist so konzipiert, dass sie bequem und ergonomisch in der Hand liegt.\nAuf der Unterseite der Erweiterung k\u00f6nnen Sie Ihre Magazine nummerieren, um sie beim Schie\u00dfen zu unterscheiden.\r\n<h2 style=\"text-align: center;\"><strong>Hauptmerkmale :<\/strong><\/h2>\r\n<ul>\r\n \t<li><strong>Verbesserter Griff<\/strong> : Der Griff auf der Vorderseite und die Aussparungen an den Seiten sorgen f\u00fcr einen ergonomischen Griff. So k\u00f6nnen Sie Ihre Waffe schnell und m\u00fchelos nachladen - mit oder ohne Handschuhe,<\/li>\r\n \t<li><strong>Erweiterte Kompatibilit\u00e4t<\/strong> Kompatibel mit Glock gen4, gen5 und gen6 Magazinen der Modelle 17, 19, 19X, 26, 34, 45 mit 9x19mm Kammern. Nicht kompatibel mit Slimline-Magazinen,<\/li>\r\n \t<li><strong>Einfache Installation<\/strong> Entfernen Sie einfach den urspr\u00fcnglichen Magazinbodenplatte, dr\u00fccken Sie die Feder zusammen und setzen Sie den neuen Magazinbodenplatte ein. Sie haben nun ein Magazin, das 2 zus\u00e4tzliche Munition aufnehmen kann,<\/li>\r\n \t<li><strong>Qualitativ hochwertige Herstellung <\/strong>: Entworfen und hergestellt in Frankreich aus einem verst\u00e4rkten Polymer. Seine Zusammensetzung macht ihn gleichzeitig leicht und widerstandsf\u00e4hig.<\/li>\r\n<\/ul>\r\n<h2 style=\"text-align: center;\"><strong>Personalisieren Sie Ihre Ferse +2 Glock :<\/strong><\/h2>\r\n<ul>\r\n \t<li><strong>Numerierbar<\/strong> : Die Erweiterung +2 bietet Ihnen die M\u00f6glichkeit, Ihre Magazine zu nummerieren. Verwenden Sie einen \"Posca\"-Filzstift oder einen Fettstift an den vorgesehenen Stellen, um jedes Magazin leicht zu identifizieren,<\/li>\r\n \t<li><strong>Individuelle Bemalung<\/strong> : Um Ihr Magazin noch individueller zu gestalten, k\u00f6nnen Sie es mit einem Pinsel oder einer Spr\u00fchdose bemalen. So k\u00f6nnen Sie den Absatz an die Farbe Ihrer Waffe anpassen.<\/li>\r\n<\/ul>\r\n&nbsp;\r\n<h3><strong>Auch verf\u00fcgbar :<\/strong><\/h3>\r\n<ul>\r\n \t<li><a href=\"https:\/\/ragwinn.com\/de\/produit\/magwell-glock-17-45-34-gen-5\/\" target=\"_blank\" rel=\"noopener\"><strong>Magwell Glock 17\/45 Gen 5<\/strong><\/a> Magwell f\u00fcr Glock 17, 34 und 45 (gen5) mit einem optimierten Einf\u00fchrwinkel f\u00fcr ein fl\u00fcssiges Nachladen.<\/li>\r\n \t<li><a href=\"https:\/\/ragwinn.com\/de\/produit\/magwell-pour-glock-43x\/\" target=\"_blank\" rel=\"noopener\"><strong>Magwell Glock 43X<\/strong><\/a> : Verbessern Sie die Handhabung und Ihre Geschwindigkeit beim Nachladen der Glock slimline mit unserem <a href=\"https:\/\/crealib3d.com\/quest-ce-quun-magwell-et-pourquoi-en-utiliser\" target=\"_blank\" rel=\"noopener\">magwell<\/a>.<\/li>\r\n \t<li><a href=\"https:\/\/ragwinn.com\/de\/produit\/talon-2-pmag-magpul-gl9-glock-17-19-19x-26-45\/\" target=\"_blank\" rel=\"noopener\"><strong>Magazinbodenplatte +2 Magpul<\/strong><\/a> Magpul: Die Ladeerweiterung +2, f\u00fcr Magpul-Lader.<\/li>\r\n<\/ul>\r\n&nbsp;\r\n\r\n<em>Hinweis: Im Lieferumfang sind nur die Magazinwulst und der Einsatz enthalten. Die Verwendung des Einsatzes ist optional, obwohl sie empfohlen wird.<\/em>\r\n\r\n&nbsp;\r\n\r\nBitte beachten:\r\nBitte informieren Sie sich vor der Bestellung \u00fcber die in Ihrem Land\/Ihrer Region geltenden Vorschriften.\r\nIn Frankreich darf das Magazin einer Handfeuerwaffe der Kategorie B-1 im November 2024 nicht mehr als 20 Schuss Munition enthalten. Bei mehr als 20 Schuss wird das Magazin in die Kategorie A1 8 eingestuft, die nur f\u00fcr TSV-Sch\u00fctzen gilt.<a href=\"https:\/\/www.legifrance.gouv.fr\/codes\/article_lc\/LEGIARTI000037144152\" target=\"_blank\" rel=\"noopener\">R312-45-1<\/a>).\r\n\r\n<!-- \/wp:post-content -->","protected":false},"excerpt":{"rendered":"<p>Dieser +2 Glock Magazinbodenplatte f\u00fcr das Originalmagazin erm\u00f6glicht das Hinzuf\u00fcgen von 2 zus\u00e4tzlichen Munitionen unter Beibehaltung der Originalfeder.<\/p>\n<p>Der Griff ist perfekt durchdacht und kann mit oder ohne Handschuhe verwendet werden.<\/p>\n<p>Die Unterseite erm\u00f6glicht mithilfe eines Filzstifts vom Typ \"Posca\" oder Fettstift* die Nummerierung der Magazine.<\/p>\n<p>Von Fachleuten bevorzugtes Modell.<\/p>","protected":false},"featured_media":4140,"comment_status":"open","ping_status":"closed","template":"","meta":{"ocean_post_layout":"","ocean_both_sidebars_style":"","ocean_both_sidebars_content_width":0,"ocean_both_sidebars_sidebars_width":0,"ocean_sidebar":"0","ocean_second_sidebar":"0","ocean_disable_margins":"enable","ocean_add_body_class":"","ocean_shortcode_before_top_bar":"","ocean_shortcode_after_top_bar":"","ocean_shortcode_before_header":"","ocean_shortcode_after_header":"","ocean_has_shortcode":"","ocean_shortcode_after_title":"","ocean_shortcode_before_footer_widgets":"","ocean_shortcode_after_footer_widgets":"","ocean_shortcode_before_footer_bottom":"","ocean_shortcode_after_footer_bottom":"","ocean_display_top_bar":"default","ocean_display_header":"default","ocean_header_style":"","ocean_center_header_left_menu":"0","ocean_custom_header_template":"0","ocean_custom_logo":0,"ocean_custom_retina_logo":0,"ocean_custom_logo_max_width":0,"ocean_custom_logo_tablet_max_width":0,"ocean_custom_logo_mobile_max_width":0,"ocean_custom_logo_max_height":0,"ocean_custom_logo_tablet_max_height":0,"ocean_custom_logo_mobile_max_height":0,"ocean_header_custom_menu":"0","ocean_menu_typo_font_family":"0","ocean_menu_typo_font_subset":"","ocean_menu_typo_font_size":0,"ocean_menu_typo_font_size_tablet":0,"ocean_menu_typo_font_size_mobile":0,"ocean_menu_typo_font_size_unit":"px","ocean_menu_typo_font_weight":"","ocean_menu_typo_font_weight_tablet":"","ocean_menu_typo_font_weight_mobile":"","ocean_menu_typo_transform":"","ocean_menu_typo_transform_tablet":"","ocean_menu_typo_transform_mobile":"","ocean_menu_typo_line_height":0,"ocean_menu_typo_line_height_tablet":0,"ocean_menu_typo_line_height_mobile":0,"ocean_menu_typo_line_height_unit":"","ocean_menu_typo_spacing":0,"ocean_menu_typo_spacing_tablet":0,"ocean_menu_typo_spacing_mobile":0,"ocean_menu_typo_spacing_unit":"","ocean_menu_link_color":"","ocean_menu_link_color_hover":"","ocean_menu_link_color_active":"","ocean_menu_link_background":"","ocean_menu_link_hover_background":"","ocean_menu_link_active_background":"","ocean_menu_social_links_bg":"","ocean_menu_social_hover_links_bg":"","ocean_menu_social_links_color":"","ocean_menu_social_hover_links_color":"","ocean_disable_title":"default","ocean_disable_heading":"default","ocean_post_title":"","ocean_post_subheading":"","ocean_post_title_style":"","ocean_post_title_background_color":"","ocean_post_title_background":0,"ocean_post_title_bg_image_position":"","ocean_post_title_bg_image_attachment":"","ocean_post_title_bg_image_repeat":"","ocean_post_title_bg_image_size":"","ocean_post_title_height":0,"ocean_post_title_bg_overlay":0.5,"ocean_post_title_bg_overlay_color":"","ocean_disable_breadcrumbs":"default","ocean_breadcrumbs_color":"","ocean_breadcrumbs_separator_color":"","ocean_breadcrumbs_links_color":"","ocean_breadcrumbs_links_hover_color":"","ocean_display_footer_widgets":"default","ocean_display_footer_bottom":"default","ocean_custom_footer_template":"0"},"product_brand":[],"product_cat":[104,17,43],"product_tag":[24,25,23,22],"class_list":{"0":"post-356","1":"product","2":"type-product","3":"status-publish","4":"has-post-thumbnail","6":"product_cat-extension-chargeur","7":"product_cat-ragwinn-hobby","8":"product_cat-ragwinn-tactics","9":"product_tag-chargeur","10":"product_tag-chargeur-2","11":"product_tag-extension","12":"product_tag-glock","13":"product_shipping_class-produit-leger-500g","15":"entry","16":"has-media","18":"first","19":"instock","20":"sale","21":"taxable","22":"shipping-taxable","23":"purchasable","24":"product-type-simple","25":"has-rating","26":"col","27":"span_1_of_4","28":"owp-content-center","29":"item-entry","30":"owp-thumbs-layout-horizontal","31":"owp-btn-big","32":"owp-tabs-layout-horizontal"},"_links":{"self":[{"href":"https:\/\/ragwinn.com\/de\/wp-json\/wp\/v2\/product\/356","targetHints":{"allow":["GET"]}}],"collection":[{"href":"https:\/\/ragwinn.com\/de\/wp-json\/wp\/v2\/product"}],"about":[{"href":"https:\/\/ragwinn.com\/de\/wp-json\/wp\/v2\/types\/product"}],"replies":[{"embeddable":true,"href":"https:\/\/ragwinn.com\/de\/wp-json\/wp\/v2\/comments?post=356"}],"version-history":[{"count":8,"href":"https:\/\/ragwinn.com\/de\/wp-json\/wp\/v2\/product\/356\/revisions"}],"predecessor-version":[{"id":4077,"href":"https:\/\/ragwinn.com\/de\/wp-json\/wp\/v2\/product\/356\/revisions\/4077"}],"wp:featuredmedia":[{"embeddable":true,"href":"https:\/\/ragwinn.com\/de\/wp-json\/wp\/v2\/media\/4140"}],"wp:attachment":[{"href":"https:\/\/ragwinn.com\/de\/wp-json\/wp\/v2\/media?parent=356"}],"wp:term":[{"taxonomy":"product_brand","embeddable":true,"href":"https:\/\/ragwinn.com\/de\/wp-json\/wp\/v2\/product_brand?post=356"},{"taxonomy":"product_cat","embeddable":true,"href":"https:\/\/ragwinn.com\/de\/wp-json\/wp\/v2\/product_cat?post=356"},{"taxonomy":"product_tag","embeddable":true,"href":"https:\/\/ragwinn.com\/de\/wp-json\/wp\/v2\/product_tag?post=356"}],"curies":[{"name":"wp","href":"https:\/\/api.w.org\/{rel}","templated":true}]}}