{"id":3518,"date":"2025-11-08T19:57:35","date_gmt":"2025-11-08T18:57:35","guid":{"rendered":"https:\/\/ragwinn.com\/?post_type=product&#038;p=3518"},"modified":"2026-05-04T18:48:34","modified_gmt":"2026-05-04T16:48:34","slug":"grip-glock-26-gen-5","status":"publish","type":"product","link":"https:\/\/ragwinn.com\/de\/produit\/grip-glock-26-gen-5","title":{"rendered":"Grip Glock 26 Gen 5"},"content":{"rendered":"<h1 style=\"text-align: center;\">Grip Glock 26 gen 5<\/h1>\n<p>Dieses Glock 26 gen 5-Griffst\u00fcck verbessert die Griffigkeit erheblich und sorgt f\u00fcr einen sicheren Halt der Waffe auch in feuchter Umgebung.<br \/>\nDer Griff wirkt der geringen Gr\u00f6\u00dfe der Waffe entgegen, indem er einen gleichm\u00e4\u00dfigen Druck auf die Waffe aus\u00fcbt und nach jedem Schuss schnell ins Ziel zur\u00fcckkehrt.<br \/>\nDie Verlegung ist schnell, intuitiv und erfordert nur wenige Werkzeuge.<\/p>\n<h3><strong>Anweisungen zur Installation<\/strong><strong> :<\/strong><\/h3>\n<p>1\u00b0 Die Waffe in Sicherheit bringen.<br \/>\n2\u00b0 Halten Sie den Griff vor, um die gew\u00fcnschte Position zu markieren.<br \/>\n3\u00b0 Reinigen Sie die Oberfl\u00e4che der Waffe mit 90\u00b0 Alkohol (Mikrofaser empfohlen) - verdampfen lassen.<br \/>\n4\u00b0 Bringen Sie die Griffb\u00e4nder an der Waffe an und beginnen Sie dabei mit der Vorderseite.<br \/>\n5\u00b0 Erhitze die von den Streifen bedeckten Bereiche mit einer Hei\u00dfluftpistole\/einem F\u00f6hn.<br \/>\n6\u00b0 \u00dcben Sie auf alle vom Grip bedeckten Bereiche festen Druck aus, damit sie haften bleiben.<br \/>\n7\u00b0 Sobald die Streifen abgek\u00fchlt sind, ist Ihre Waffe bereit.<\/p>\n<h4>Entdecken Sie auch :<\/h4>\n<ul>\n<li><a href=\"https:\/\/ragwinn.com\/de\/produit\/grip-glock-17-gen-5\/\" target=\"_blank\" rel=\"noopener\">Grip Glock 17 Gen 5<\/a><\/li>\n<li><a href=\"https:\/\/ragwinn.com\/de\/produit\/grip-glock-26-gen-5\/\" target=\"_blank\" rel=\"noopener\">Grip SP2022<\/a><\/li>\n<\/ul>\n<p>&nbsp;<\/p>","protected":false},"excerpt":{"rendered":"<p>Grip Glock 26 gen 5 Ce grip Glock 26 gen 5 am\u00e9liore significativement la pr\u00e9hension et apporte une bonne tenue de l&rsquo;arme y compris dans un environnement humide. Le grip permet de contrecarrer le petit gabarit de l&rsquo;arme en exer\u00e7ant une pression uniforme sur l&rsquo;arme et de retourner en cible rapidement apr\u00e8s chaque tir. La [&hellip;]<\/p>\n","protected":false},"featured_media":3547,"comment_status":"open","ping_status":"closed","template":"","meta":{"ocean_post_layout":"","ocean_both_sidebars_style":"","ocean_both_sidebars_content_width":0,"ocean_both_sidebars_sidebars_width":0,"ocean_sidebar":"0","ocean_second_sidebar":"0","ocean_disable_margins":"enable","ocean_add_body_class":"","ocean_shortcode_before_top_bar":"","ocean_shortcode_after_top_bar":"","ocean_shortcode_before_header":"","ocean_shortcode_after_header":"","ocean_has_shortcode":"","ocean_shortcode_after_title":"","ocean_shortcode_before_footer_widgets":"","ocean_shortcode_after_footer_widgets":"","ocean_shortcode_before_footer_bottom":"","ocean_shortcode_after_footer_bottom":"","ocean_display_top_bar":"default","ocean_display_header":"default","ocean_header_style":"","ocean_center_header_left_menu":"0","ocean_custom_header_template":"0","ocean_custom_logo":0,"ocean_custom_retina_logo":0,"ocean_custom_logo_max_width":0,"ocean_custom_logo_tablet_max_width":0,"ocean_custom_logo_mobile_max_width":0,"ocean_custom_logo_max_height":0,"ocean_custom_logo_tablet_max_height":0,"ocean_custom_logo_mobile_max_height":0,"ocean_header_custom_menu":"0","ocean_menu_typo_font_family":"0","ocean_menu_typo_font_subset":"","ocean_menu_typo_font_size":0,"ocean_menu_typo_font_size_tablet":0,"ocean_menu_typo_font_size_mobile":0,"ocean_menu_typo_font_size_unit":"px","ocean_menu_typo_font_weight":"","ocean_menu_typo_font_weight_tablet":"","ocean_menu_typo_font_weight_mobile":"","ocean_menu_typo_transform":"","ocean_menu_typo_transform_tablet":"","ocean_menu_typo_transform_mobile":"","ocean_menu_typo_line_height":0,"ocean_menu_typo_line_height_tablet":0,"ocean_menu_typo_line_height_mobile":0,"ocean_menu_typo_line_height_unit":"","ocean_menu_typo_spacing":0,"ocean_menu_typo_spacing_tablet":0,"ocean_menu_typo_spacing_mobile":0,"ocean_menu_typo_spacing_unit":"","ocean_menu_link_color":"","ocean_menu_link_color_hover":"","ocean_menu_link_color_active":"","ocean_menu_link_background":"","ocean_menu_link_hover_background":"","ocean_menu_link_active_background":"","ocean_menu_social_links_bg":"","ocean_menu_social_hover_links_bg":"","ocean_menu_social_links_color":"","ocean_menu_social_hover_links_color":"","ocean_disable_title":"default","ocean_disable_heading":"default","ocean_post_title":"","ocean_post_subheading":"","ocean_post_title_style":"","ocean_post_title_background_color":"","ocean_post_title_background":0,"ocean_post_title_bg_image_position":"","ocean_post_title_bg_image_attachment":"","ocean_post_title_bg_image_repeat":"","ocean_post_title_bg_image_size":"","ocean_post_title_height":0,"ocean_post_title_bg_overlay":0.5,"ocean_post_title_bg_overlay_color":"","ocean_disable_breadcrumbs":"default","ocean_breadcrumbs_color":"","ocean_breadcrumbs_separator_color":"","ocean_breadcrumbs_links_color":"","ocean_breadcrumbs_links_hover_color":"","ocean_display_footer_widgets":"default","ocean_display_footer_bottom":"default","ocean_custom_footer_template":"0"},"product_brand":[],"product_cat":[88,43],"product_tag":[99,95,22,97,98,86],"class_list":{"0":"post-3518","1":"product","2":"type-product","3":"status-publish","4":"has-post-thumbnail","6":"product_cat-grip","7":"product_cat-ragwinn-tactics","8":"product_tag-9mm","9":"product_tag-gendarmerie","10":"product_tag-glock","11":"product_tag-glock-26","12":"product_tag-pistolet","13":"product_tag-police","14":"product_shipping_class-produit-leger-500g","16":"entry","17":"has-media","19":"first","20":"outofstock","21":"taxable","22":"shipping-taxable","23":"purchasable","24":"product-type-simple","25":"col","26":"span_1_of_4","27":"owp-content-center","28":"item-entry","29":"owp-thumbs-layout-horizontal","30":"owp-btn-big","31":"owp-tabs-layout-horizontal"},"_links":{"self":[{"href":"https:\/\/ragwinn.com\/de\/wp-json\/wp\/v2\/product\/3518","targetHints":{"allow":["GET"]}}],"collection":[{"href":"https:\/\/ragwinn.com\/de\/wp-json\/wp\/v2\/product"}],"about":[{"href":"https:\/\/ragwinn.com\/de\/wp-json\/wp\/v2\/types\/product"}],"replies":[{"embeddable":true,"href":"https:\/\/ragwinn.com\/de\/wp-json\/wp\/v2\/comments?post=3518"}],"version-history":[{"count":14,"href":"https:\/\/ragwinn.com\/de\/wp-json\/wp\/v2\/product\/3518\/revisions"}],"predecessor-version":[{"id":4359,"href":"https:\/\/ragwinn.com\/de\/wp-json\/wp\/v2\/product\/3518\/revisions\/4359"}],"wp:featuredmedia":[{"embeddable":true,"href":"https:\/\/ragwinn.com\/de\/wp-json\/wp\/v2\/media\/3547"}],"wp:attachment":[{"href":"https:\/\/ragwinn.com\/de\/wp-json\/wp\/v2\/media?parent=3518"}],"wp:term":[{"taxonomy":"product_brand","embeddable":true,"href":"https:\/\/ragwinn.com\/de\/wp-json\/wp\/v2\/product_brand?post=3518"},{"taxonomy":"product_cat","embeddable":true,"href":"https:\/\/ragwinn.com\/de\/wp-json\/wp\/v2\/product_cat?post=3518"},{"taxonomy":"product_tag","embeddable":true,"href":"https:\/\/ragwinn.com\/de\/wp-json\/wp\/v2\/product_tag?post=3518"}],"curies":[{"name":"wp","href":"https:\/\/api.w.org\/{rel}","templated":true}]}}